{"id":59638,"date":"2022-01-20T10:59:16","date_gmt":"2022-01-20T15:59:16","guid":{"rendered":"https:\/\/www.cic-totalcare.com\/politicas-de-ielts\/"},"modified":"2024-03-21T13:48:29","modified_gmt":"2024-03-21T17:48:29","slug":"politicas-de-ielts","status":"publish","type":"page","link":"https:\/\/rewrite.cic-totalcare.com\/es\/ielts\/politicas-de-ielts\/","title":{"rendered":"Pol\u00edticas de IELTS"},"content":{"rendered":"<p>[vc_row type=&#8221;in_container&#8221; full_screen_row_position=&#8221;middle&#8221; column_margin=&#8221;default&#8221; column_direction=&#8221;default&#8221; column_direction_tablet=&#8221;default&#8221; column_direction_phone=&#8221;default&#8221; scene_position=&#8221;center&#8221; top_padding=&#8221;50&#8243; bottom_padding=&#8221;25&#8243; text_color=&#8221;dark&#8221; text_align=&#8221;left&#8221; row_border_radius=&#8221;none&#8221; row_border_radius_applies=&#8221;bg&#8221; overlay_strength=&#8221;0.3&#8243; gradient_direction=&#8221;left_to_right&#8221; shape_divider_position=&#8221;bottom&#8221; bg_image_animation=&#8221;none&#8221;][vc_column column_padding=&#8221;no-extra-padding&#8221; column_padding_tablet=&#8221;inherit&#8221; column_padding_phone=&#8221;inherit&#8221; column_padding_position=&#8221;all&#8221; column_element_spacing=&#8221;default&#8221; background_color_opacity=&#8221;1&#8243; background_hover_color_opacity=&#8221;1&#8243; column_shadow=&#8221;none&#8221; column_border_radius=&#8221;none&#8221; column_link_target=&#8221;_self&#8221; gradient_direction=&#8221;left_to_right&#8221; overlay_strength=&#8221;0.3&#8243; width=&#8221;1\/2&#8243; tablet_width_inherit=&#8221;default&#8221; tablet_text_alignment=&#8221;default&#8221; phone_text_alignment=&#8221;default&#8221; bg_image_animation=&#8221;none&#8221; enable_animation=&#8221;true&#8221; animation=&#8221;fade-in-from-left&#8221; border_type=&#8221;simple&#8221; column_border_width=&#8221;none&#8221; column_border_style=&#8221;solid&#8221; delay=&#8221;2s&#8221;][vc_column_text]<\/p>\n<h2>CAMBIAR LA FECHA DE SU EXAMEN<\/h2>\n<p>Para transferir a una fecha de examen diferente, debe completar una copia de nuestro formulario de transferencia y pagar una tasa administrativa de 80,00 d\u00f3lares. Puede enviar su documentaci\u00f3n por correo a Columbia International College &#8211; Ainsliewood Campus o enviarnos un correo electr\u00f3nico y le enviaremos los formularios que necesita. Su solicitud debe presentarse en un plazo de cinco semanas a partir de la fecha del examen.[\/vc_column_text][divider line_type=&#8221;No Line&#8221;][nectar_btn size=&#8221;medium&#8221; open_new_tab=&#8221;true&#8221; button_style=&#8221;regular&#8221; button_color_2=&#8221;Accent-Color&#8221; icon_family=&#8221;none&#8221; url=&#8221;https:\/\/www.cic-totalcare.com\/wp-content\/uploads\/2018\/10\/IELTS_Request_Refund_Test_Date_Transfer_Form_FINAL_A4_13-July-18.pdf&#8221; text=&#8221;Formulario de transferencia de fecha de prueba&#8221;][nectar_btn size=&#8221;medium&#8221; open_new_tab=&#8221;true&#8221; button_style=&#8221;regular&#8221; button_color_2=&#8221;Accent-Color&#8221; icon_family=&#8221;none&#8221; url=&#8221;https:\/\/www.cic-totalcare.com\/wp-content\/uploads\/2023\/11\/Requesting-a-Refund-or-Date-Change.pdf&#8221; text=&#8221;Solicitud de devoluci\u00f3n o cambio de fecha&#8221;][\/vc_column][\/vc_row][vc_row type=&#8221;full_width_background&#8221; full_screen_row_position=&#8221;middle&#8221; column_margin=&#8221;default&#8221; column_direction=&#8221;default&#8221; column_direction_tablet=&#8221;default&#8221; column_direction_phone=&#8221;default&#8221; scene_position=&#8221;center&#8221; top_padding=&#8221;50&#8243; bottom_padding=&#8221;50&#8243; text_color=&#8221;light&#8221; text_align=&#8221;left&#8221; row_border_radius=&#8221;none&#8221; row_border_radius_applies=&#8221;bg&#8221; class=&#8221;cbg&#8221; overlay_strength=&#8221;0.3&#8243; gradient_direction=&#8221;left_to_right&#8221; shape_divider_position=&#8221;bottom&#8221; bg_image_animation=&#8221;none&#8221;][vc_column column_padding=&#8221;padding-2-percent&#8221; column_padding_tablet=&#8221;inherit&#8221; column_padding_phone=&#8221;inherit&#8221; column_padding_position=&#8221;left&#8221; column_element_spacing=&#8221;default&#8221; background_color_opacity=&#8221;1&#8243; background_hover_color_opacity=&#8221;1&#8243; column_shadow=&#8221;none&#8221; column_border_radius=&#8221;none&#8221; column_link_target=&#8221;_self&#8221; gradient_direction=&#8221;left_to_right&#8221; overlay_strength=&#8221;0.3&#8243; width=&#8221;1\/2&#8243; tablet_width_inherit=&#8221;default&#8221; tablet_text_alignment=&#8221;default&#8221; phone_text_alignment=&#8221;default&#8221; bg_image_animation=&#8221;none&#8221; enable_animation=&#8221;true&#8221; animation=&#8221;fade-in-from-left&#8221; border_type=&#8221;simple&#8221; column_border_width=&#8221;none&#8221; column_border_style=&#8221;solid&#8221; delay=&#8221;2s&#8221;][vc_column_text]<\/p>\n<h2>APELANDO LOS RESULTADOS DE SU PRUEBA<\/h2>\n<p>Para solicitar una revisi\u00f3n de su puntuaci\u00f3n de banda individual y\/o de la puntuaci\u00f3n global que recibi\u00f3 en el formulario de informe de examen, debe rellenar nuestro formulario de apelaci\u00f3n y pagar una tasa de revisi\u00f3n de 225 d\u00f3lares. Puede presentar su documentaci\u00f3n en persona en el Campus Ainslewood de Columbia College y pagar la cuota de revisi\u00f3n en la Oficina de Pruebas Externas de Columbia. Tambi\u00e9n puede presentar su documentaci\u00f3n y un giro postal o cheque certificado por 225 d\u00f3lares canadienses (a nombre de Columbia International College) por correo. Su solicitud debe presentarse en un plazo de seis semanas antes de la fecha del examen.<\/p>\n<p>Toda la informaci\u00f3n relacionada con su solicitud de revisi\u00f3n se enviar\u00e1 desde el Centro de ex\u00e1menes de Columbia a IELTS Australia en el plazo de una semana. La revisi\u00f3n la lleva a cabo un examinador senior de IELTS. Si el examinador determina que su puntuaci\u00f3n debe permanecer igual, nos quedaremos con su tasa de revisi\u00f3n. Si la revisi\u00f3n da como resultado un aumento en su puntaje, se le reembolsar\u00e1 la tarifa de revisi\u00f3n y se le enviar\u00e1n formularios de informe de prueba revisados a usted y a todas las instituciones que recibieron copias originales de los resultados de su prueba.<\/p>\n<p>El proceso de revisi\u00f3n puede tardar de dos a tres semanas desde la recepci\u00f3n de su solicitud.<\/p>\n<p>[button color=&#8221;accent-color&#8221; hover_text_color_override=&#8221;#fff&#8221; size=&#8221;medium&#8221; url=&#8221;https:\/\/www.cic-totalcare.com\/wp-content\/uploads\/2018\/10\/EOR-Request-Form-2018-A4-050718.pdf&#8221; text=&#8221;Formulario de recurso&#8221; color_override=&#8221;&#8221;][\/vc_column_text][\/vc_column][vc_column column_padding=&#8221;padding-2-percent&#8221; column_padding_tablet=&#8221;inherit&#8221; column_padding_phone=&#8221;inherit&#8221; column_padding_position=&#8221;right&#8221; column_element_spacing=&#8221;default&#8221; background_color_opacity=&#8221;1&#8243; background_hover_color_opacity=&#8221;1&#8243; column_shadow=&#8221;none&#8221; column_border_radius=&#8221;none&#8221; column_link_target=&#8221;_self&#8221; gradient_direction=&#8221;left_to_right&#8221; overlay_strength=&#8221;0.3&#8243; width=&#8221;1\/2&#8243; tablet_width_inherit=&#8221;default&#8221; tablet_text_alignment=&#8221;default&#8221; phone_text_alignment=&#8221;default&#8221; bg_image_animation=&#8221;none&#8221; border_type=&#8221;simple&#8221; column_border_width=&#8221;none&#8221; column_border_style=&#8221;solid&#8221;][vc_column_text]<\/p>\n<h2>SOLICITUD DE COPIAS ADICIONALES DE LOS RESULTADOS DE SU PRUEBA<\/h2>\n<p>Puede recibir hasta cinco copias gratuitas de los resultados de su prueba, que se enviar\u00e1n a las instituciones canadienses e internacionales que indic\u00f3 en su formulario de solicitud. Se pueden pedir copias adicionales por $25.00 por copia. Puede enviar su solicitud por correo electr\u00f3nico ( <a href=\"mailto:ca058.administrator@cic-totalcare.com\">ca058.administrator@cic-totalcare.com<\/a> ) o correo postal. Si lo env\u00eda por correo, env\u00ede su formulario de pedido y certified cheque o money order (en d\u00f3lares canadienses) a nombre de Columbia International College. Las solicitudes de resultados de pruebas adicionales deben enviarse dentro de los dos a\u00f1os posteriores a la fecha de su prueba. No puede solicitar copias adicionales de los resultados de su prueba para uso personal.[\/vc_column_text][nectar_btn size=&#8221;medium&#8221; open_new_tab=&#8221;true&#8221; button_style=&#8221;regular&#8221; button_color_2=&#8221;Accent-Color&#8221; icon_family=&#8221;none&#8221; text=&#8221;Formulario de pedido de resultados de prueba&#8221; url=&#8221;https:\/\/www.cic-totalcare.com\/wp-content\/uploads\/2018\/06\/Application-for-the-Issue-of-Additional-TRFs.pdf&#8221;][divider line_type=&#8221;No Line&#8221;][vc_column_text]<strong>Si desea ponerse en contacto con nosotros por correo:<\/strong>[\/vc_column_text][vc_column_text]1003 Main Street West, Hamilton, Ontario L8S 4P3[\/vc_column_text][divider line_type=&#8221;No Line&#8221; custom_height=&#8221;25&#8243;][vc_column_text]<strong>Si desea ponerse en contacto con nosotros por correo electr\u00f3nico:<\/strong>[\/vc_column_text][vc_column_text]<a href=\"mailto:%20ca058.administrator@cic-totalcare.com\" rel=\"nofollow\">ca058.administrador@cic-totalcare.com<\/a>[\/vc_column_text][\/vc_column][\/vc_row][vc_row type=&#8221;full_width_background&#8221; full_screen_row_position=&#8221;middle&#8221; column_margin=&#8221;default&#8221; column_direction=&#8221;default&#8221; column_direction_tablet=&#8221;default&#8221; column_direction_phone=&#8221;default&#8221; scene_position=&#8221;center&#8221; top_padding=&#8221;50&#8243; bottom_padding=&#8221;50&#8243; text_color=&#8221;dark&#8221; text_align=&#8221;left&#8221; row_border_radius=&#8221;none&#8221; row_border_radius_applies=&#8221;bg&#8221; overlay_strength=&#8221;0.3&#8243; gradient_direction=&#8221;left_to_right&#8221; shape_divider_position=&#8221;bottom&#8221; bg_image_animation=&#8221;none&#8221;][vc_column column_padding=&#8221;no-extra-padding&#8221; column_padding_tablet=&#8221;inherit&#8221; column_padding_phone=&#8221;inherit&#8221; column_padding_position=&#8221;all&#8221; column_element_spacing=&#8221;default&#8221; background_color_opacity=&#8221;1&#8243; background_hover_color_opacity=&#8221;1&#8243; column_shadow=&#8221;none&#8221; column_border_radius=&#8221;none&#8221; column_link_target=&#8221;_self&#8221; gradient_direction=&#8221;left_to_right&#8221; overlay_strength=&#8221;0.3&#8243; width=&#8221;1\/1&#8243; tablet_width_inherit=&#8221;default&#8221; tablet_text_alignment=&#8221;default&#8221; phone_text_alignment=&#8221;default&#8221; bg_image_animation=&#8221;none&#8221; border_type=&#8221;simple&#8221; column_border_width=&#8221;none&#8221; column_border_style=&#8221;solid&#8221;][vc_column_text]<\/p>\n<h2 dir=\"auto\">POL\u00cdTICA DE DENUNCIA DE IELTS<\/h2>\n<p dir=\"auto\">La pol\u00edtica de denuncia de irregularidades de IELTS tiene como objetivo alentar y promover un comportamiento honesto y \u00e9tico al proporcionar un marco para que los examinados y otras partes interesadas eleven las preocupaciones sobre irregularidades (malas pr\u00e1cticas) reales, sospechadas o anticipadas dentro de los socios de prueba de IELTS (British Council, IDP: IELTS Australia, Cambridge Assessment English) y dentro de IELTS USA.<\/p>\n<p dir=\"auto\">Seg\u00fan la pol\u00edtica, las personas que rinden el examen y otras partes interesadas pueden denunciar instancias, o instancias sospechosas, de conducta poco \u00e9tica, impropia, ilegal o indeseable sin temor a intimidaci\u00f3n o represalia.<br \/>\nEsta pol\u00edtica se aplica a todos los examinados de IELTS y a otras partes interesadas. Actuamos en el mejor inter\u00e9s de cualquier persona que denuncie sospechas de irregularidades en virtud de esta pol\u00edtica para protegerlos de reacciones adversas y la divulgaci\u00f3n p\u00fablica de su identidad.<\/p>\n<p dir=\"auto\">Si tiene motivos razonables para creer que se ha producido, o es probable que se produzca, una irregularidad dentro de los IELTS Test Partners (British Council, IDP: IELTS Australia, Cambridge Assessment English) o dentro de IELTS USA, inf\u00f3rmelo utilizando el formulario de informe en l\u00ednea en <a href=\"https:\/\/www.ielts.org\/about-the-test\/whistle-blower-report-form\" target=\"_blank\" rel=\"noreferrer nofollow noopener\">https:\/\/www.ielts.org\/about-the-test\/whistle-blower-report-form<\/a><\/p>\n<p>[\/vc_column_text][\/vc_column][\/vc_row]<\/p>\n","protected":false},"excerpt":{"rendered":"<p>[vc_row type=&#8221;in_container&#8221; full_screen_row_position=&#8221;middle&#8221; column_margin=&#8221;default&#8221; column_direction=&#8221;default&#8221; column_direction_tablet=&#8221;default&#8221; column_direction_phone=&#8221;default&#8221; scene_position=&#8221;center&#8221; top_padding=&#8221;50&#8243; bottom_padding=&#8221;25&#8243; text_color=&#8221;dark&#8221; text_align=&#8221;left&#8221; row_border_radius=&#8221;none&#8221; row_border_radius_applies=&#8221;bg&#8221; overlay_strength=&#8221;0.3&#8243; gradient_direction=&#8221;left_to_right&#8221; shape_divider_position=&#8221;bottom&#8221; bg_image_animation=&#8221;none&#8221;][vc_column column_padding=&#8221;no-extra-padding&#8221; column_padding_tablet=&#8221;inherit&#8221; column_padding_phone=&#8221;inherit&#8221; column_padding_position=&#8221;all&#8221; column_element_spacing=&#8221;default&#8221; background_color_opacity=&#8221;1&#8243; background_hover_color_opacity=&#8221;1&#8243; column_shadow=&#8221;none&#8221; column_border_radius=&#8221;none&#8221; column_link_target=&#8221;_self&#8221; gradient_direction=&#8221;left_to_right&#8221; overlay_strength=&#8221;0.3&#8243; width=&#8221;1\/2&#8243; tablet_width_inherit=&#8221;default&#8221; tablet_text_alignment=&#8221;default&#8221; phone_text_alignment=&#8221;default&#8221; bg_image_animation=&#8221;none&#8221; enable_animation=&#8221;true&#8221; animation=&#8221;fade-in-from-left&#8221; border_type=&#8221;simple&#8221; column_border_width=&#8221;none&#8221; column_border_style=&#8221;solid&#8221; delay=&#8221;2s&#8221;][vc_column_text] CAMBIAR LA FECHA DE SU EXAMEN Para transferir a una fecha de examen diferente, [&hellip;]<\/p>\n","protected":false},"author":1,"featured_media":0,"parent":68144,"menu_order":30,"comment_status":"open","ping_status":"open","template":"","meta":{"footnotes":""},"_links":{"self":[{"href":"https:\/\/rewrite.cic-totalcare.com\/es\/wp-json\/wp\/v2\/pages\/59638"}],"collection":[{"href":"https:\/\/rewrite.cic-totalcare.com\/es\/wp-json\/wp\/v2\/pages"}],"about":[{"href":"https:\/\/rewrite.cic-totalcare.com\/es\/wp-json\/wp\/v2\/types\/page"}],"author":[{"embeddable":true,"href":"https:\/\/rewrite.cic-totalcare.com\/es\/wp-json\/wp\/v2\/users\/1"}],"replies":[{"embeddable":true,"href":"https:\/\/rewrite.cic-totalcare.com\/es\/wp-json\/wp\/v2\/comments?post=59638"}],"version-history":[{"count":42,"href":"https:\/\/rewrite.cic-totalcare.com\/es\/wp-json\/wp\/v2\/pages\/59638\/revisions"}],"predecessor-version":[{"id":128309,"href":"https:\/\/rewrite.cic-totalcare.com\/es\/wp-json\/wp\/v2\/pages\/59638\/revisions\/128309"}],"up":[{"embeddable":true,"href":"https:\/\/rewrite.cic-totalcare.com\/es\/wp-json\/wp\/v2\/pages\/68144"}],"wp:attachment":[{"href":"https:\/\/rewrite.cic-totalcare.com\/es\/wp-json\/wp\/v2\/media?parent=59638"}],"curies":[{"name":"wp","href":"https:\/\/api.w.org\/{rel}","templated":true}]}}