{"id":67772,"date":"2022-05-27T08:41:25","date_gmt":"2022-05-27T12:41:25","guid":{"rendered":"https:\/\/www.cic-totalcare.com\/solicitar-una-transcripcion\/"},"modified":"2026-01-02T15:21:16","modified_gmt":"2026-01-02T20:21:16","slug":"solicitar-una-transcripcion","status":"publish","type":"page","link":"https:\/\/rewrite.cic-totalcare.com\/es\/solicitar-una-transcripcion\/","title":{"rendered":"Solicitar una transcripci\u00f3n"},"content":{"rendered":"<p>[vc_row type=&#8221;in_container&#8221; full_screen_row_position=&#8221;middle&#8221; column_margin=&#8221;default&#8221; column_direction=&#8221;default&#8221; column_direction_tablet=&#8221;default&#8221; column_direction_phone=&#8221;default&#8221; scene_position=&#8221;center&#8221; text_color=&#8221;dark&#8221; text_align=&#8221;left&#8221; row_border_radius=&#8221;none&#8221; row_border_radius_applies=&#8221;bg&#8221; overflow=&#8221;visible&#8221; overlay_strength=&#8221;0.3&#8243; gradient_direction=&#8221;left_to_right&#8221; shape_divider_position=&#8221;bottom&#8221; bg_image_animation=&#8221;none&#8221;][vc_column column_padding=&#8221;no-extra-padding&#8221; column_padding_tablet=&#8221;inherit&#8221; column_padding_phone=&#8221;inherit&#8221; column_padding_position=&#8221;all&#8221; column_element_direction_desktop=&#8221;default&#8221; column_element_spacing=&#8221;default&#8221; desktop_text_alignment=&#8221;default&#8221; tablet_text_alignment=&#8221;default&#8221; phone_text_alignment=&#8221;default&#8221; background_color_opacity=&#8221;1&#8243; background_hover_color_opacity=&#8221;1&#8243; column_backdrop_filter=&#8221;none&#8221; column_shadow=&#8221;none&#8221; column_border_radius=&#8221;none&#8221; column_link_target=&#8221;_self&#8221; column_position=&#8221;default&#8221; gradient_direction=&#8221;left_to_right&#8221; overlay_strength=&#8221;0.3&#8243; width=&#8221;1\/1&#8243; tablet_width_inherit=&#8221;default&#8221; animation_type=&#8221;default&#8221; bg_image_animation=&#8221;none&#8221; border_type=&#8221;simple&#8221; column_border_width=&#8221;none&#8221; column_border_style=&#8221;solid&#8221;][divider line_type=&#8221;No Line&#8221; custom_height=&#8221;24&#8243;][\/vc_column][\/vc_row][vc_row type=&#8221;in_container&#8221; full_screen_row_position=&#8221;middle&#8221; column_margin=&#8221;default&#8221; column_direction=&#8221;default&#8221; column_direction_tablet=&#8221;default&#8221; column_direction_phone=&#8221;default&#8221; scene_position=&#8221;center&#8221; text_color=&#8221;dark&#8221; text_align=&#8221;left&#8221; row_border_radius=&#8221;none&#8221; row_border_radius_applies=&#8221;bg&#8221; overflow=&#8221;visible&#8221; overlay_strength=&#8221;0.3&#8243; gradient_direction=&#8221;left_to_right&#8221; shape_divider_position=&#8221;bottom&#8221; bg_image_animation=&#8221;none&#8221;][vc_column column_padding=&#8221;padding-4-percent&#8221; column_padding_tablet=&#8221;inherit&#8221; column_padding_phone=&#8221;inherit&#8221; column_padding_position=&#8221;all&#8221; column_element_direction_desktop=&#8221;default&#8221; column_element_spacing=&#8221;default&#8221; desktop_text_alignment=&#8221;default&#8221; tablet_text_alignment=&#8221;default&#8221; phone_text_alignment=&#8221;default&#8221; background_color_opacity=&#8221;1&#8243; background_hover_color_opacity=&#8221;1&#8243; column_backdrop_filter=&#8221;none&#8221; column_shadow=&#8221;none&#8221; column_border_radius=&#8221;none&#8221; column_link_target=&#8221;_self&#8221; column_position=&#8221;default&#8221; gradient_direction=&#8221;left_to_right&#8221; overlay_strength=&#8221;0.3&#8243; width=&#8221;2\/3&#8243; tablet_width_inherit=&#8221;default&#8221; animation_type=&#8221;default&#8221; bg_image_animation=&#8221;none&#8221; border_type=&#8221;simple&#8221; column_border_width=&#8221;none&#8221; column_border_style=&#8221;solid&#8221;][vc_column_text]<\/p>\n<h2><span style=\"color: #891a1c;\">Los estudiantes actuales<\/span><\/h2>\n<p>[\/vc_column_text][vc_column_text]<\/p>\n<ul>\n<li>\n<p class=\"p1\"><span class=\"s1\">Los estudiantes actuales de CIC deben completar los formularios de expediente acad\u00e9mico proporcionados por Campus Store, Ainsliewood Room N159. El pago se procesar\u00e1 cuando se env\u00ede el formulario.<\/span><\/p>\n<\/li>\n<\/ul>\n<div class=\"page\" title=\"Page 1\">\n<div class=\"layoutArea\">\n<div class=\"column\">\n<div class=\"page\" title=\"P\u00e1gina 1\">\n<div class=\"layoutArea\">\n<div class=\"column\">\n<h3>Aplicar a universidades en Ontario<\/h3>\n<p>Los estudiantes de CIC que solicitan ingreso a universidades en Ontario no est\u00e1n obligados a solicitar transcripciones. La Oficina de Colocaci\u00f3n Universitaria env\u00eda tu expediente acad\u00e9mico por ti cuando postulas a la universidad.<\/p><\/div>\n<\/div>\n<\/div>\n<\/div>\n<\/div>\n<\/div>\n<p>[\/vc_column_text][divider line_type=&#8221;Full Width Line&#8221; line_thickness=&#8221;1&#8243; divider_color=&#8221;default&#8221; custom_height=&#8221;60&#8243;][vc_column_text]<\/p>\n<h2><span style=\"color: #891a1c;\">Alumnos y Antiguos Alumnos<\/span><\/h2>\n<p>[\/vc_column_text][vc_column_text]<\/p>\n<ol>\n<li style=\"text-align: left;\">Descargue los formularios de solicitud de expedientes acad\u00e9micos de CIC Alumni.<\/li>\n<li style=\"text-align: left;\">Complete ambos formularios.<\/li>\n<li style=\"text-align: left;\">Escanee y env\u00ede por correo electr\u00f3nico los formularios completados a <a href=\"mailto:transcripts@cic-totalcare.com\">transcripts@cic-totalcare.com<\/a> para su procesamiento.<\/li>\n<\/ol>\n<p>[\/vc_column_text][divider line_type=&#8221;No Line&#8221; custom_height=&#8221;20&#8243;][vc_column_text text_direction=&#8221;default&#8221;]<span style=\"line-height: 1.5;\">[button color=&#8221;accent-color&#8221; hover_text_color_override=&#8221;#fff&#8221; size=&#8221;large&#8221; target=&#8221;_blank&#8221; url=&#8221;https:\/\/www.cic-totalcare.com\/wp-content\/uploads\/2026\/01\/Transcript-Request.zip&#8221; text=&#8221;CIC Alumni &#8211; Formularios de solicitud de expedientes acad\u00e9micos&#8221; color_override=&#8221;#2c9fac&#8221;]<\/span>[\/vc_column_text][divider line_type=&#8221;Full Width Line&#8221; line_thickness=&#8221;1&#8243; divider_color=&#8221;default&#8221; custom_height=&#8221;60&#8243;][vc_column_text]<\/p>\n<h2><span style=\"color: #891a1c;\">tenga en cuenta<\/span><\/h2>\n<ul>\n<li>Usted es responsable de cualquier informaci\u00f3n escrita en el formulario.<\/li>\n<li>Si selecciona &#8220;Solicitud de expediente acad\u00e9mico para el mismo d\u00eda&#8221;, traiga sus formularios y el recibo de pago a la Oficina Acad\u00e9mica antes de las 3:00 p. m.<\/li>\n<li>Si est\u00e1 solicitando una transcripci\u00f3n para una instituci\u00f3n que se encuentra fuera de Canad\u00e1, incluya la direcci\u00f3n de la escuela.<\/li>\n<li>Si tiene alguna pregunta o necesita ayuda con respecto a c\u00f3mo enviar su expediente acad\u00e9mico a otras escuelas, consulte a su Consejero de Colocaci\u00f3n Universitaria.<\/li>\n<li>Si tiene alguna pregunta sobre su <strong>diploma<\/strong> , comun\u00edquese con <a href=\"mailto:sthompson@cic-totalcare.com\">sthompson@cic-totalcare.com<\/a><a href=\"mailto:enagy@cic-totalcare.com\"> <\/a>.<\/li>\n<\/ul>\n<p>[\/vc_column_text][divider line_type=&#8221;Full Width Line&#8221; line_thickness=&#8221;1&#8243; divider_color=&#8221;default&#8221; custom_height=&#8221;60&#8243;][\/vc_column][vc_column column_padding=&#8221;padding-2-percent&#8221; column_padding_tablet=&#8221;inherit&#8221; column_padding_phone=&#8221;inherit&#8221; column_padding_position=&#8221;all&#8221; column_element_direction_desktop=&#8221;default&#8221; column_element_spacing=&#8221;default&#8221; desktop_text_alignment=&#8221;default&#8221; tablet_text_alignment=&#8221;default&#8221; phone_text_alignment=&#8221;default&#8221; background_color=&#8221;#f0f0f0&#8243; background_color_opacity=&#8221;1&#8243; background_hover_color_opacity=&#8221;1&#8243; column_backdrop_filter=&#8221;none&#8221; column_shadow=&#8221;none&#8221; column_border_radius=&#8221;none&#8221; column_link_target=&#8221;_self&#8221; column_position=&#8221;default&#8221; gradient_direction=&#8221;left_to_right&#8221; overlay_strength=&#8221;0.3&#8243; width=&#8221;1\/3&#8243; tablet_width_inherit=&#8221;default&#8221; animation_type=&#8221;default&#8221; bg_image_animation=&#8221;none&#8221; border_type=&#8221;simple&#8221; column_border_width=&#8221;none&#8221; column_border_style=&#8221;solid&#8221;][vc_column_text]<\/p>\n<h2><span style=\"color: #333333;\">Detalles<\/span><\/h2>\n<p>[\/vc_column_text][divider line_type=&#8221;No Line&#8221; custom_height=&#8221;20&#8243;][vc_column_text]<\/p>\n<h3>Tiempo de procesamiento<\/h3>\n<p>Las solicitudes completadas se procesan dentro de los cinco d\u00edas h\u00e1biles a partir de la fecha en que se reciben. Tenga en cuenta que este tiempo no incluye el tiempo de entrega.<\/p>\n<h3>Procesamiento prioritario<\/h3>\n<p><span class=\"s1\">Si necesita que su transcripci\u00f3n<\/span> <span class=\"s2\"><i>sea procesada para el mismo d\u00eda<\/i><\/span><span class=\"s1\">, elija &#8220;Tarifa de prioridad&#8221; en el formulario de Solicitud. El costo del procesamiento prioritario es<\/span> $ 25 m\u00e1s las tarifas aplicables de transcripci\u00f3n y entrega.<\/p>\n<h3>Opciones y costos de entrega<\/h3>\n<ul class=\"ul1\">\n<li class=\"li1\"><strong><span class=\"s2\">Servicio de correo<\/span> <span class=\"s1\">: $5 por transcripci\u00f3n.<\/span> <\/strong>\n<ul>\n<li class=\"li1\"><span class=\"s1\">Es posible que no se realice un seguimiento de las transcripciones enviadas de esta manera. La entrega puede demorar entre 10 y 15 d\u00edas h\u00e1biles.<\/span><\/li>\n<\/ul>\n<\/li>\n<li class=\"li1\"><strong><span class=\"s2\">Servicio de mensajer\u00eda (servicio de correo r\u00e1pido) $25-$60<\/span><\/strong>\n<ul>\n<li class=\"li1\"><span class=\"s1\">Este servicio est\u00e1 disponible para los estudiantes por $25 adicionales (direcci\u00f3n postal canadiense) y $60 (direcci\u00f3n postal internacional). <\/span><\/li>\n<li class=\"li1\"><span class=\"s1\">Puede solicitar n\u00fameros de seguimiento para sus paquetes comunic\u00e1ndose con <a href=\"mailto:farain@cic-totalcare.com\">farain@cic-totalcare.com<\/a> <span class=\"s3\">.<\/span><\/span><\/li>\n<li class=\"li1\">Debe incluir un n\u00famero de tel\u00e9fono que el servicio de mensajer\u00eda pueda usar para contactar al destinatario. No incluir un n\u00famero de tel\u00e9fono puede retrasar el procesamiento.<\/li>\n<li class=\"li1\">Los servicios de mensajer\u00eda no aceptan n\u00fameros de casillas postales.<\/li>\n<\/ul>\n<\/li>\n<\/ul>\n<h3>Informaci\u00f3n del pago<\/h3>\n<ul class=\"ul1\">\n<li class=\"li1\"><span class=\"s1\">Verifique que el costo total coincida en ambos formularios.<\/span><\/li>\n<li class=\"li1\"><span class=\"s1\">Incluya el n\u00famero de tel\u00e9fono y la direcci\u00f3n de correo electr\u00f3nico en el formulario.<\/span><\/li>\n<li class=\"li1\"><span class=\"s1\">El formulario debe estar firmado por el titular de la tarjeta.<\/span><\/li>\n<li class=\"li1\"><b><\/b><span class=\"s1\">Evite retrasos en los pagos asegur\u00e1ndose de que su tarjeta de cr\u00e9dito tenga suficientes fondos disponibles.<\/span><\/li>\n<\/ul>\n<p>[\/vc_column_text][\/vc_column][\/vc_row]<\/p>\n","protected":false},"excerpt":{"rendered":"<p>[vc_row type=&#8221;in_container&#8221; full_screen_row_position=&#8221;middle&#8221; column_margin=&#8221;default&#8221; column_direction=&#8221;default&#8221; column_direction_tablet=&#8221;default&#8221; column_direction_phone=&#8221;default&#8221; scene_position=&#8221;center&#8221; text_color=&#8221;dark&#8221; text_align=&#8221;left&#8221; row_border_radius=&#8221;none&#8221; row_border_radius_applies=&#8221;bg&#8221; overflow=&#8221;visible&#8221; overlay_strength=&#8221;0.3&#8243; gradient_direction=&#8221;left_to_right&#8221; shape_divider_position=&#8221;bottom&#8221; bg_image_animation=&#8221;none&#8221;][vc_column column_padding=&#8221;no-extra-padding&#8221; column_padding_tablet=&#8221;inherit&#8221; column_padding_phone=&#8221;inherit&#8221; column_padding_position=&#8221;all&#8221; column_element_direction_desktop=&#8221;default&#8221; column_element_spacing=&#8221;default&#8221; desktop_text_alignment=&#8221;default&#8221; tablet_text_alignment=&#8221;default&#8221; phone_text_alignment=&#8221;default&#8221; background_color_opacity=&#8221;1&#8243; background_hover_color_opacity=&#8221;1&#8243; column_backdrop_filter=&#8221;none&#8221; column_shadow=&#8221;none&#8221; column_border_radius=&#8221;none&#8221; column_link_target=&#8221;_self&#8221; column_position=&#8221;default&#8221; gradient_direction=&#8221;left_to_right&#8221; overlay_strength=&#8221;0.3&#8243; width=&#8221;1\/1&#8243; tablet_width_inherit=&#8221;default&#8221; animation_type=&#8221;default&#8221; bg_image_animation=&#8221;none&#8221; border_type=&#8221;simple&#8221; column_border_width=&#8221;none&#8221; column_border_style=&#8221;solid&#8221;][divider line_type=&#8221;No Line&#8221; custom_height=&#8221;24&#8243;][\/vc_column][\/vc_row][vc_row type=&#8221;in_container&#8221; full_screen_row_position=&#8221;middle&#8221; column_margin=&#8221;default&#8221; column_direction=&#8221;default&#8221; column_direction_tablet=&#8221;default&#8221; column_direction_phone=&#8221;default&#8221; scene_position=&#8221;center&#8221; text_color=&#8221;dark&#8221; text_align=&#8221;left&#8221; row_border_radius=&#8221;none&#8221; [&hellip;]<\/p>\n","protected":false},"author":13,"featured_media":0,"parent":0,"menu_order":0,"comment_status":"closed","ping_status":"closed","template":"","meta":{"footnotes":""},"_links":{"self":[{"href":"https:\/\/rewrite.cic-totalcare.com\/es\/wp-json\/wp\/v2\/pages\/67772"}],"collection":[{"href":"https:\/\/rewrite.cic-totalcare.com\/es\/wp-json\/wp\/v2\/pages"}],"about":[{"href":"https:\/\/rewrite.cic-totalcare.com\/es\/wp-json\/wp\/v2\/types\/page"}],"author":[{"embeddable":true,"href":"https:\/\/rewrite.cic-totalcare.com\/es\/wp-json\/wp\/v2\/users\/13"}],"replies":[{"embeddable":true,"href":"https:\/\/rewrite.cic-totalcare.com\/es\/wp-json\/wp\/v2\/comments?post=67772"}],"version-history":[{"count":12,"href":"https:\/\/rewrite.cic-totalcare.com\/es\/wp-json\/wp\/v2\/pages\/67772\/revisions"}],"predecessor-version":[{"id":156601,"href":"https:\/\/rewrite.cic-totalcare.com\/es\/wp-json\/wp\/v2\/pages\/67772\/revisions\/156601"}],"wp:attachment":[{"href":"https:\/\/rewrite.cic-totalcare.com\/es\/wp-json\/wp\/v2\/media?parent=67772"}],"curies":[{"name":"wp","href":"https:\/\/api.w.org\/{rel}","templated":true}]}}