{"id":67768,"date":"2022-05-27T08:41:23","date_gmt":"2022-05-27T12:41:23","guid":{"rendered":"https:\/\/www.cic-totalcare.com\/solicite-uma-transcricao\/"},"modified":"2026-01-02T15:22:15","modified_gmt":"2026-01-02T20:22:15","slug":"solicite-uma-transcricao","status":"publish","type":"page","link":"https:\/\/rewrite.cic-totalcare.com\/pt-br\/solicite-uma-transcricao\/","title":{"rendered":"Solicite uma transcri\u00e7\u00e3o"},"content":{"rendered":"<p>[vc_row type=&#8221;in_container&#8221; full_screen_row_position=&#8221;middle&#8221; column_margin=&#8221;default&#8221; column_direction=&#8221;default&#8221; column_direction_tablet=&#8221;default&#8221; column_direction_phone=&#8221;default&#8221; scene_position=&#8221;center&#8221; text_color=&#8221;dark&#8221; text_align=&#8221;left&#8221; row_border_radius=&#8221;none&#8221; row_border_radius_applies=&#8221;bg&#8221; overflow=&#8221;visible&#8221; overlay_strength=&#8221;0.3&#8243; gradient_direction=&#8221;left_to_right&#8221; shape_divider_position=&#8221;bottom&#8221; bg_image_animation=&#8221;none&#8221;][vc_column column_padding=&#8221;no-extra-padding&#8221; column_padding_tablet=&#8221;inherit&#8221; column_padding_phone=&#8221;inherit&#8221; column_padding_position=&#8221;all&#8221; column_element_direction_desktop=&#8221;default&#8221; column_element_spacing=&#8221;default&#8221; desktop_text_alignment=&#8221;default&#8221; tablet_text_alignment=&#8221;default&#8221; phone_text_alignment=&#8221;default&#8221; background_color_opacity=&#8221;1&#8243; background_hover_color_opacity=&#8221;1&#8243; column_backdrop_filter=&#8221;none&#8221; column_shadow=&#8221;none&#8221; column_border_radius=&#8221;none&#8221; column_link_target=&#8221;_self&#8221; column_position=&#8221;default&#8221; gradient_direction=&#8221;left_to_right&#8221; overlay_strength=&#8221;0.3&#8243; width=&#8221;1\/1&#8243; tablet_width_inherit=&#8221;default&#8221; animation_type=&#8221;default&#8221; bg_image_animation=&#8221;none&#8221; border_type=&#8221;simple&#8221; column_border_width=&#8221;none&#8221; column_border_style=&#8221;solid&#8221;][divider line_type=&#8221;No Line&#8221; custom_height=&#8221;24&#8243;][\/vc_column][\/vc_row][vc_row type=&#8221;in_container&#8221; full_screen_row_position=&#8221;middle&#8221; column_margin=&#8221;default&#8221; column_direction=&#8221;default&#8221; column_direction_tablet=&#8221;default&#8221; column_direction_phone=&#8221;default&#8221; scene_position=&#8221;center&#8221; text_color=&#8221;dark&#8221; text_align=&#8221;left&#8221; row_border_radius=&#8221;none&#8221; row_border_radius_applies=&#8221;bg&#8221; overflow=&#8221;visible&#8221; overlay_strength=&#8221;0.3&#8243; gradient_direction=&#8221;left_to_right&#8221; shape_divider_position=&#8221;bottom&#8221; bg_image_animation=&#8221;none&#8221;][vc_column column_padding=&#8221;padding-4-percent&#8221; column_padding_tablet=&#8221;inherit&#8221; column_padding_phone=&#8221;inherit&#8221; column_padding_position=&#8221;all&#8221; column_element_direction_desktop=&#8221;default&#8221; column_element_spacing=&#8221;default&#8221; desktop_text_alignment=&#8221;default&#8221; tablet_text_alignment=&#8221;default&#8221; phone_text_alignment=&#8221;default&#8221; background_color_opacity=&#8221;1&#8243; background_hover_color_opacity=&#8221;1&#8243; column_backdrop_filter=&#8221;none&#8221; column_shadow=&#8221;none&#8221; column_border_radius=&#8221;none&#8221; column_link_target=&#8221;_self&#8221; column_position=&#8221;default&#8221; gradient_direction=&#8221;left_to_right&#8221; overlay_strength=&#8221;0.3&#8243; width=&#8221;2\/3&#8243; tablet_width_inherit=&#8221;default&#8221; animation_type=&#8221;default&#8221; bg_image_animation=&#8221;none&#8221; border_type=&#8221;simple&#8221; column_border_width=&#8221;none&#8221; column_border_style=&#8221;solid&#8221;][vc_column_text]<\/p>\n<h2><span style=\"color: #891a1c;\">Estudantes atuais<\/span><\/h2>\n<p>[\/vc_column_text][vc_column_text]<\/p>\n<ul>\n<li>\n<p class=\"p1\"><span class=\"s1\">Os alunos atuais do CIC devem preencher os formul\u00e1rios de transcri\u00e7\u00e3o fornecidos pela Campus Store, Ainsliewood Room N159. O pagamento ser\u00e1 processado quando o formul\u00e1rio for enviado.<\/span><\/p>\n<\/li>\n<\/ul>\n<div class=\"page\" title=\"Page 1\">\n<div class=\"layoutArea\">\n<div class=\"column\">\n<div class=\"page\" title=\"P\u00e1gina 1\">\n<div class=\"layoutArea\">\n<div class=\"column\">\n<h3>Inscrevendo-se em universidades em Ont\u00e1rio<\/h3>\n<p>Os alunos do CIC que se candidatam a universidades em Ont\u00e1rio n\u00e3o precisam solicitar transcri\u00e7\u00f5es. O University Placement Office envia seu hist\u00f3rico acad\u00eamico para voc\u00ea quando voc\u00ea se inscreve na universidade.<\/p><\/div>\n<\/div>\n<\/div>\n<\/div>\n<\/div>\n<\/div>\n<p>[\/vc_column_text][divider line_type=&#8221;Full Width Line&#8221; line_thickness=&#8221;1&#8243; divider_color=&#8221;default&#8221; custom_height=&#8221;60&#8243;][vc_column_text]<\/p>\n<h2><span style=\"color: #891a1c;\">Ex-alunos e ex-alunos<\/span><\/h2>\n<p>[\/vc_column_text][vc_column_text]<\/p>\n<ol>\n<li style=\"text-align: left;\">Baixe os formul\u00e1rios de solicita\u00e7\u00e3o de transcri\u00e7\u00e3o de ex-alunos do CIC.<\/li>\n<li style=\"text-align: left;\">Preencha os dois formul\u00e1rios.<\/li>\n<li style=\"text-align: left;\">Digitalize e envie por e-mail os formul\u00e1rios preenchidos para <a href=\"mailto:transcripts@cic-totalcare.com\">transcripts@cic-totalcare.com<\/a> para processamento.<\/li>\n<\/ol>\n<p>[\/vc_column_text][divider line_type=&#8221;No Line&#8221; custom_height=&#8221;20&#8243;][vc_column_text text_direction=&#8221;default&#8221;]<span style=\"line-height: 1.5;\">[button color=&#8221;accent-color&#8221; hover_text_color_override=&#8221;#fff&#8221; size=&#8221;large&#8221; target=&#8221;_blank&#8221; url=&#8221;https:\/\/www.cic-totalcare.com\/wp-content\/uploads\/2026\/01\/Transcript-Request.zip&#8221; text=&#8221;CIC Alumni &#8211; Formul\u00e1rios de Solicita\u00e7\u00e3o de Transcri\u00e7\u00e3o&#8221; color_override=&#8221;#2c9fac&#8221;]<\/span>[\/vc_column_text][divider line_type=&#8221;Full Width Line&#8221; line_thickness=&#8221;1&#8243; divider_color=&#8221;default&#8221; custom_height=&#8221;60&#8243;][vc_column_text]<\/p>\n<h2><span style=\"color: #891a1c;\">Observe<\/span><\/h2>\n<ul>\n<li>Voc\u00ea \u00e9 respons\u00e1vel por qualquer informa\u00e7\u00e3o escrita no formul\u00e1rio.<\/li>\n<li>Se voc\u00ea selecionar &#8220;Solicita\u00e7\u00e3o de transcri\u00e7\u00e3o no mesmo dia&#8221;, traga seus formul\u00e1rios e comprovante de pagamento ao Escrit\u00f3rio Acad\u00eamico antes das 15h.<\/li>\n<li>Se voc\u00ea estiver solicitando um hist\u00f3rico escolar para uma institui\u00e7\u00e3o localizada fora do Canad\u00e1, inclua o endere\u00e7o da escola.<\/li>\n<li>Se voc\u00ea tiver alguma d\u00favida ou precisar de ajuda sobre como enviar sua transcri\u00e7\u00e3o para outras escolas, consulte seu orientador de coloca\u00e7\u00e3o na universidade.<\/li>\n<li>Se voc\u00ea tiver alguma d\u00favida sobre seu <strong>diploma<\/strong> , entre em contato com <a href=\"mailto:sthompson@cic-totalcare.com\">sthompson@cic-totalcare.com<\/a><a href=\"mailto:enagy@cic-totalcare.com\"> <\/a>.<\/li>\n<\/ul>\n<p>[\/vc_column_text][divider line_type=&#8221;Full Width Line&#8221; line_thickness=&#8221;1&#8243; divider_color=&#8221;default&#8221; custom_height=&#8221;60&#8243;][\/vc_column][vc_column column_padding=&#8221;padding-2-percent&#8221; column_padding_tablet=&#8221;inherit&#8221; column_padding_phone=&#8221;inherit&#8221; column_padding_position=&#8221;all&#8221; column_element_direction_desktop=&#8221;default&#8221; column_element_spacing=&#8221;default&#8221; desktop_text_alignment=&#8221;default&#8221; tablet_text_alignment=&#8221;default&#8221; phone_text_alignment=&#8221;default&#8221; background_color=&#8221;#f0f0f0&#8243; background_color_opacity=&#8221;1&#8243; background_hover_color_opacity=&#8221;1&#8243; column_backdrop_filter=&#8221;none&#8221; column_shadow=&#8221;none&#8221; column_border_radius=&#8221;none&#8221; column_link_target=&#8221;_self&#8221; column_position=&#8221;default&#8221; gradient_direction=&#8221;left_to_right&#8221; overlay_strength=&#8221;0.3&#8243; width=&#8221;1\/3&#8243; tablet_width_inherit=&#8221;default&#8221; animation_type=&#8221;default&#8221; bg_image_animation=&#8221;none&#8221; border_type=&#8221;simple&#8221; column_border_width=&#8221;none&#8221; column_border_style=&#8221;solid&#8221;][vc_column_text]<\/p>\n<h2><span style=\"color: #333333;\">Detalhes<\/span><\/h2>\n<p>[\/vc_column_text][divider line_type=&#8221;No Line&#8221; custom_height=&#8221;20&#8243;][vc_column_text]<\/p>\n<h3>Tempo de processamento<\/h3>\n<p>As solicita\u00e7\u00f5es conclu\u00eddas s\u00e3o processadas em at\u00e9 cinco dias \u00fateis a partir da data de recebimento. Observe que este tempo n\u00e3o inclui o tempo de entrega.<\/p>\n<h3>Processamento priorit\u00e1rio<\/h3>\n<p><span class=\"s1\">Se voc\u00ea exigir que sua transcri\u00e7\u00e3o<\/span> <span class=\"s2\"><i>seja processada para o mesmo dia<\/i><\/span><span class=\"s1\">, escolha &#8220;Taxa de prioridade&#8221; no formul\u00e1rio de solicita\u00e7\u00e3o. O custo do Processamento Priorit\u00e1rio \u00e9<\/span> $ 25 mais taxas de transcri\u00e7\u00e3o e entrega aplic\u00e1veis.<\/p>\n<h3>Op\u00e7\u00f5es de entrega e custos<\/h3>\n<ul class=\"ul1\">\n<li class=\"li1\"><strong><span class=\"s2\">Servi\u00e7o de correio<\/span> <span class=\"s1\">\u2013 $ 5 por transcri\u00e7\u00e3o.<\/span> <\/strong>\n<ul>\n<li class=\"li1\"><span class=\"s1\">As transcri\u00e7\u00f5es enviadas dessa maneira podem n\u00e3o ser rastreadas. A entrega pode levar de 10 a 15 dias \u00fateis.<\/span><\/li>\n<\/ul>\n<\/li>\n<li class=\"li1\"><strong><span class=\"s2\">Servi\u00e7o de correio (servi\u00e7o de correio r\u00e1pido) $ 25 &#8211; $ 60<\/span><\/strong>\n<ul>\n<li class=\"li1\"><span class=\"s1\">Este servi\u00e7o est\u00e1 dispon\u00edvel para estudantes por um adicional de $ 25 (endere\u00e7o de correspond\u00eancia canadense) e $ 60 (endere\u00e7o de correspond\u00eancia internacional). <\/span><\/li>\n<li class=\"li1\"><span class=\"s1\">Voc\u00ea pode solicitar n\u00fameros de rastreamento para seus pacotes entrando em contato com <a href=\"mailto:farain@cic-totalcare.com\">farain@cic-totalcare.com<\/a> <span class=\"s3\">.<\/span><\/span><\/li>\n<li class=\"li1\">Voc\u00ea deve incluir um n\u00famero de telefone que o servi\u00e7o de correio possa usar para entrar em contato com o destinat\u00e1rio. A n\u00e3o inclus\u00e3o de um n\u00famero de telefone pode atrasar o processamento.<\/li>\n<li class=\"li1\">Os servi\u00e7os de correio n\u00e3o aceitam n\u00fameros de caixa postal.<\/li>\n<\/ul>\n<\/li>\n<\/ul>\n<h3>Informa\u00e7\u00e3o de pagamento<\/h3>\n<ul class=\"ul1\">\n<li class=\"li1\"><span class=\"s1\">Verifique se o custo total corresponde em ambos os formul\u00e1rios.<\/span><\/li>\n<li class=\"li1\"><span class=\"s1\">Por favor, inclua n\u00famero de telefone e endere\u00e7o de e-mail no formul\u00e1rio.<\/span><\/li>\n<li class=\"li1\"><span class=\"s1\">O formul\u00e1rio deve ser assinado pelo titular do cart\u00e3o.<\/span><\/li>\n<li class=\"li1\"><b><\/b><span class=\"s1\">Evite atrasos no pagamento, certificando-se de que seu cart\u00e3o de cr\u00e9dito tenha fundos suficientes dispon\u00edveis.<\/span><\/li>\n<\/ul>\n<p>[\/vc_column_text][\/vc_column][\/vc_row]<\/p>\n","protected":false},"excerpt":{"rendered":"<p>[vc_row type=&#8221;in_container&#8221; full_screen_row_position=&#8221;middle&#8221; column_margin=&#8221;default&#8221; column_direction=&#8221;default&#8221; column_direction_tablet=&#8221;default&#8221; column_direction_phone=&#8221;default&#8221; scene_position=&#8221;center&#8221; text_color=&#8221;dark&#8221; text_align=&#8221;left&#8221; row_border_radius=&#8221;none&#8221; row_border_radius_applies=&#8221;bg&#8221; overflow=&#8221;visible&#8221; overlay_strength=&#8221;0.3&#8243; gradient_direction=&#8221;left_to_right&#8221; shape_divider_position=&#8221;bottom&#8221; bg_image_animation=&#8221;none&#8221;][vc_column column_padding=&#8221;no-extra-padding&#8221; column_padding_tablet=&#8221;inherit&#8221; column_padding_phone=&#8221;inherit&#8221; column_padding_position=&#8221;all&#8221; column_element_direction_desktop=&#8221;default&#8221; column_element_spacing=&#8221;default&#8221; desktop_text_alignment=&#8221;default&#8221; tablet_text_alignment=&#8221;default&#8221; phone_text_alignment=&#8221;default&#8221; background_color_opacity=&#8221;1&#8243; background_hover_color_opacity=&#8221;1&#8243; column_backdrop_filter=&#8221;none&#8221; column_shadow=&#8221;none&#8221; column_border_radius=&#8221;none&#8221; column_link_target=&#8221;_self&#8221; column_position=&#8221;default&#8221; gradient_direction=&#8221;left_to_right&#8221; overlay_strength=&#8221;0.3&#8243; width=&#8221;1\/1&#8243; tablet_width_inherit=&#8221;default&#8221; animation_type=&#8221;default&#8221; bg_image_animation=&#8221;none&#8221; border_type=&#8221;simple&#8221; column_border_width=&#8221;none&#8221; column_border_style=&#8221;solid&#8221;][divider line_type=&#8221;No Line&#8221; custom_height=&#8221;24&#8243;][\/vc_column][\/vc_row][vc_row type=&#8221;in_container&#8221; full_screen_row_position=&#8221;middle&#8221; column_margin=&#8221;default&#8221; column_direction=&#8221;default&#8221; column_direction_tablet=&#8221;default&#8221; column_direction_phone=&#8221;default&#8221; scene_position=&#8221;center&#8221; text_color=&#8221;dark&#8221; text_align=&#8221;left&#8221; row_border_radius=&#8221;none&#8221; [&hellip;]<\/p>\n","protected":false},"author":13,"featured_media":0,"parent":0,"menu_order":0,"comment_status":"closed","ping_status":"closed","template":"","meta":{"footnotes":""},"_links":{"self":[{"href":"https:\/\/rewrite.cic-totalcare.com\/pt-br\/wp-json\/wp\/v2\/pages\/67768"}],"collection":[{"href":"https:\/\/rewrite.cic-totalcare.com\/pt-br\/wp-json\/wp\/v2\/pages"}],"about":[{"href":"https:\/\/rewrite.cic-totalcare.com\/pt-br\/wp-json\/wp\/v2\/types\/page"}],"author":[{"embeddable":true,"href":"https:\/\/rewrite.cic-totalcare.com\/pt-br\/wp-json\/wp\/v2\/users\/13"}],"replies":[{"embeddable":true,"href":"https:\/\/rewrite.cic-totalcare.com\/pt-br\/wp-json\/wp\/v2\/comments?post=67768"}],"version-history":[{"count":14,"href":"https:\/\/rewrite.cic-totalcare.com\/pt-br\/wp-json\/wp\/v2\/pages\/67768\/revisions"}],"predecessor-version":[{"id":156603,"href":"https:\/\/rewrite.cic-totalcare.com\/pt-br\/wp-json\/wp\/v2\/pages\/67768\/revisions\/156603"}],"wp:attachment":[{"href":"https:\/\/rewrite.cic-totalcare.com\/pt-br\/wp-json\/wp\/v2\/media?parent=67768"}],"curies":[{"name":"wp","href":"https:\/\/api.w.org\/{rel}","templated":true}]}}