{"id":68112,"date":"2022-05-30T14:16:28","date_gmt":"2022-05-30T18:16:28","guid":{"rendered":"https:\/\/www.cic-totalcare.com\/visao-geral-do-ielts\/"},"modified":"2024-02-01T10:36:05","modified_gmt":"2024-02-01T15:36:05","slug":"visao-geral-do-ielts","status":"publish","type":"page","link":"https:\/\/rewrite.cic-totalcare.com\/pt-br\/ielts\/visao-geral-do-ielts\/","title":{"rendered":"Vis\u00e3o geral do IELTS"},"content":{"rendered":"<p>[vc_row type=&#8221;full_width_background&#8221; full_screen_row_position=&#8221;middle&#8221; column_margin=&#8221;default&#8221; column_direction=&#8221;default&#8221; column_direction_tablet=&#8221;default&#8221; column_direction_phone=&#8221;default&#8221; scene_position=&#8221;center&#8221; top_padding=&#8221;50&#8243; bottom_padding=&#8221;100&#8243; text_color=&#8221;dark&#8221; text_align=&#8221;left&#8221; row_border_radius=&#8221;none&#8221; row_border_radius_applies=&#8221;bg&#8221; overlay_strength=&#8221;0.3&#8243; gradient_direction=&#8221;left_to_right&#8221; shape_divider_position=&#8221;bottom&#8221; bg_image_animation=&#8221;none&#8221;][vc_column column_padding=&#8221;no-extra-padding&#8221; column_padding_tablet=&#8221;inherit&#8221; column_padding_phone=&#8221;inherit&#8221; column_padding_position=&#8221;all&#8221; column_element_spacing=&#8221;default&#8221; background_color_opacity=&#8221;1&#8243; background_hover_color_opacity=&#8221;1&#8243; column_shadow=&#8221;none&#8221; column_border_radius=&#8221;none&#8221; column_link_target=&#8221;_self&#8221; gradient_direction=&#8221;left_to_right&#8221; overlay_strength=&#8221;0.3&#8243; width=&#8221;1\/2&#8243; tablet_width_inherit=&#8221;default&#8221; tablet_text_alignment=&#8221;default&#8221; phone_text_alignment=&#8221;default&#8221; bg_image_animation=&#8221;none&#8221; enable_animation=&#8221;true&#8221; animation=&#8221;fade-in-from-left&#8221; border_type=&#8221;simple&#8221; column_border_width=&#8221;none&#8221; column_border_style=&#8221;solid&#8221; delay=&#8221;2s&#8221;][vc_column_text]<\/p>\n<h2>Sobre o teste<\/h2>\n<p>Existem dois n\u00edveis de teste: acad\u00eamico e geral. Os testes de n\u00edvel acad\u00eamico s\u00e3o feitos por aqueles que desejam frequentar uma universidade ou faculdade ou desejam registro de n\u00edvel profissional. Os testes de n\u00edvel geral s\u00e3o reservados para aqueles que est\u00e3o migrando para um pa\u00eds de l\u00edngua inglesa ou que n\u00e3o planejam fazer cursos de n\u00edvel p\u00f3s-secund\u00e1rio. Na maioria dos casos, os alunos da Columbia far\u00e3o o teste de n\u00edvel acad\u00eamico. Verifique com a escola se voc\u00ea tiver d\u00favidas.<\/p>\n<p><strong>Existem quatro componentes para cada teste:<\/strong>[\/vc_column_text][vc_column_text]<\/p>\n<table class=\"confluenceTable\">\n<caption>Componentes de teste<\/caption>\n<thead>\n<tr>\n<th class=\"confluenceTh\" scope=\"col\">Ouvindo<\/th>\n<th class=\"confluenceTh\" scope=\"col\">Leitura<\/th>\n<th class=\"confluenceTh\" scope=\"col\">Escrita<\/th>\n<th class=\"confluenceTh\" scope=\"col\">Falando<\/th>\n<\/tr>\n<\/thead>\n<tbody>\n<tr>\n<td class=\"confluenceTd\">4 se\u00e7\u00f5es,<br \/>\n40 itens<br \/>\n30 minutos<\/td>\n<td class=\"confluenceTd\">3 se\u00e7\u00f5es,<br \/>\n40 itens<br \/>\n60 minutos<\/td>\n<td class=\"confluenceTd\">2 tarefas<br \/>\n(150 e 250 palavras)<br \/>\n60 minutos<\/td>\n<td class=\"confluenceTd\">Uma entrevista pessoal de 11 a 14 minutos com o examinador.<\/td>\n<\/tr>\n<\/tbody>\n<\/table>\n<p>[\/vc_column_text][\/vc_column][vc_column column_padding=&#8221;no-extra-padding&#8221; column_padding_tablet=&#8221;inherit&#8221; column_padding_phone=&#8221;inherit&#8221; column_padding_position=&#8221;all&#8221; column_element_spacing=&#8221;default&#8221; background_color_opacity=&#8221;1&#8243; background_hover_color_opacity=&#8221;1&#8243; column_shadow=&#8221;none&#8221; column_border_radius=&#8221;none&#8221; column_link_target=&#8221;_self&#8221; gradient_direction=&#8221;left_to_right&#8221; overlay_strength=&#8221;0.3&#8243; width=&#8221;1\/2&#8243; tablet_width_inherit=&#8221;default&#8221; tablet_text_alignment=&#8221;default&#8221; phone_text_alignment=&#8221;default&#8221; bg_image_animation=&#8221;none&#8221; enable_animation=&#8221;true&#8221; animation=&#8221;fade-in-from-left&#8221; border_type=&#8221;simple&#8221; column_border_width=&#8221;none&#8221; column_border_style=&#8221;solid&#8221; delay=&#8221;2s&#8221;][vc_column_text]<\/p>\n<h2>Fatos r\u00e1pidos do IELTS<\/h2>\n<p>[\/vc_column_text][fancy-ul icon_type=&#8221;standard_dash&#8221; color=&#8221;Accent-Color&#8221; alignment=&#8221;left&#8221; spacing=&#8221;default&#8221; enable_animation=&#8221;true&#8221;]<\/p>\n<ul>\n<li>Aceito como prova de profici\u00eancia em ingl\u00eas por mais de 9.000 organiza\u00e7\u00f5es<\/li>\n<li>A taxa de teste \u00e9 de $ 359<\/li>\n<li>A dura\u00e7\u00e3o do teste \u00e9 de 3 horas<\/li>\n<li>A identifica\u00e7\u00e3o aceit\u00e1vel \u00e9 passaporte ou cart\u00e3o de residente permanente<\/li>\n<li>N\u00e3o h\u00e1 reembolso para n\u00e3o comparecimentos, cancelamentos e altera\u00e7\u00f5es de data dentro de cinco semanas da data do teste<\/li>\n<li>Fa\u00e7a seu cadastro online ou presencial<\/li>\n<li>Pagamento por Visa, Mastercard, American Express, dinheiro ou d\u00e9bito, dependendo de como voc\u00ea se registrar<\/li>\n<\/ul>\n<p>[\/fancy-ul][\/vc_column][\/vc_row][vc_row type=&#8221;full_width_background&#8221; full_screen_row_position=&#8221;middle&#8221; column_margin=&#8221;default&#8221; column_direction=&#8221;default&#8221; column_direction_tablet=&#8221;default&#8221; column_direction_phone=&#8221;default&#8221; bg_color=&#8221;#666666&#8243; scene_position=&#8221;center&#8221; top_padding=&#8221;100&#8243; bottom_padding=&#8221;0&#8243; text_color=&#8221;light&#8221; text_align=&#8221;center&#8221; row_border_radius=&#8221;none&#8221; row_border_radius_applies=&#8221;bg&#8221; class=&#8221;cbg&#8221; overlay_strength=&#8221;0.3&#8243; gradient_direction=&#8221;left_to_right&#8221; shape_divider_position=&#8221;bottom&#8221; bg_image_animation=&#8221;none&#8221;][vc_column column_padding=&#8221;no-extra-padding&#8221; column_padding_tablet=&#8221;inherit&#8221; column_padding_phone=&#8221;inherit&#8221; column_padding_position=&#8221;all&#8221; column_element_spacing=&#8221;default&#8221; centered_text=&#8221;true&#8221; background_color_opacity=&#8221;1&#8243; background_hover_color_opacity=&#8221;1&#8243; column_shadow=&#8221;none&#8221; column_border_radius=&#8221;none&#8221; column_link_target=&#8221;_self&#8221; gradient_direction=&#8221;left_to_right&#8221; overlay_strength=&#8221;0.3&#8243; width=&#8221;1\/1&#8243; tablet_width_inherit=&#8221;default&#8221; tablet_text_alignment=&#8221;default&#8221; phone_text_alignment=&#8221;default&#8221; bg_image_animation=&#8221;none&#8221; enable_animation=&#8221;true&#8221; animation=&#8221;grow-in&#8221; border_type=&#8221;simple&#8221; column_border_width=&#8221;none&#8221; column_border_style=&#8221;solid&#8221; delay=&#8221;300&#8243;][vc_column_text]<\/p>\n<h2 class=\"title-main\">Dia de teste<\/h2>\n<p>[\/vc_column_text][\/vc_column][\/vc_row][vc_row type=&#8221;full_width_background&#8221; full_screen_row_position=&#8221;middle&#8221; column_margin=&#8221;default&#8221; column_direction=&#8221;default&#8221; column_direction_tablet=&#8221;default&#8221; column_direction_phone=&#8221;default&#8221; bg_color=&#8221;#666666&#8243; scene_position=&#8221;center&#8221; top_padding=&#8221;50&#8243; bottom_padding=&#8221;100&#8243; text_color=&#8221;light&#8221; text_align=&#8221;left&#8221; row_border_radius=&#8221;none&#8221; row_border_radius_applies=&#8221;bg&#8221; class=&#8221;cbg&#8221; overlay_strength=&#8221;0.3&#8243; gradient_direction=&#8221;left_to_right&#8221; shape_divider_position=&#8221;bottom&#8221; bg_image_animation=&#8221;none&#8221;][vc_column column_padding=&#8221;no-extra-padding&#8221; column_padding_tablet=&#8221;inherit&#8221; column_padding_phone=&#8221;inherit&#8221; column_padding_position=&#8221;all&#8221; column_element_spacing=&#8221;default&#8221; background_color_opacity=&#8221;1&#8243; background_hover_color_opacity=&#8221;1&#8243; column_shadow=&#8221;none&#8221; column_border_radius=&#8221;none&#8221; column_link_target=&#8221;_self&#8221; gradient_direction=&#8221;left_to_right&#8221; overlay_strength=&#8221;0.3&#8243; width=&#8221;1\/2&#8243; tablet_width_inherit=&#8221;default&#8221; tablet_text_alignment=&#8221;default&#8221; phone_text_alignment=&#8221;default&#8221; bg_image_animation=&#8221;none&#8221; enable_animation=&#8221;true&#8221; animation=&#8221;fade-in-from-left&#8221; border_type=&#8221;simple&#8221; column_border_width=&#8221;none&#8221; column_border_style=&#8221;solid&#8221; delay=&#8221;2s&#8221;][vc_row_inner column_margin=&#8221;default&#8221; column_direction=&#8221;default&#8221; column_direction_tablet=&#8221;default&#8221; column_direction_phone=&#8221;default&#8221; text_align=&#8221;left&#8221;][vc_column_inner column_padding=&#8221;padding-1-percent&#8221; column_padding_tablet=&#8221;inherit&#8221; column_padding_phone=&#8221;inherit&#8221; column_padding_position=&#8221;all&#8221; column_element_spacing=&#8221;default&#8221; background_color_opacity=&#8221;1&#8243; background_hover_color_opacity=&#8221;1&#8243; column_shadow=&#8221;none&#8221; column_border_radius=&#8221;none&#8221; column_link_target=&#8221;_self&#8221; gradient_direction=&#8221;left_to_right&#8221; overlay_strength=&#8221;0.3&#8243; width=&#8221;1\/1&#8243; tablet_width_inherit=&#8221;default&#8221; bg_image_animation=&#8221;none&#8221; enable_animation=&#8221;true&#8221; animation=&#8221;fade-in-from-left&#8221; border_type=&#8221;simple&#8221; column_border_width=&#8221;none&#8221; column_border_style=&#8221;solid&#8221;][fancy-ul icon_type=&#8221;font_icon&#8221; icon=&#8221;icon-ok&#8221; color=&#8221;Accent-Color&#8221; alignment=&#8221;left&#8221; spacing=&#8221;default&#8221;]<\/p>\n<h3 style=\"text-align: left;\">O que trazer<\/h3>\n<ul>\n<li>Sua carta de confirma\u00e7\u00e3o, que conter\u00e1 informa\u00e7\u00f5es sobre o local e o hor\u00e1rio do teste.<\/li>\n<li>Seu passaporte ou cart\u00e3o de residente permanente, o que voc\u00ea usou para se registrar para o teste. Se voc\u00ea n\u00e3o trouxer a identifica\u00e7\u00e3o correta, n\u00e3o poder\u00e1 escrever o teste.<\/li>\n<li>L\u00e1pis n\u00e3o mec\u00e2nicos, uma borracha, um apontador de l\u00e1pis e uma garrafa de \u00e1gua transparente (se desejar).<\/li>\n<li>M\u00e1scara<\/li>\n<\/ul>\n<p>[\/fancy-ul][vc_column_text]<a title=\"Experimente o teste de amostra\" href=\"http:\/\/www.ielts.org\/test_takers_information\/test_sample.aspx\">Tente perguntas de teste de amostra<\/a>[\/vc_column_text][\/vc_column_inner][\/vc_row_inner][\/vc_column][vc_column column_padding=&#8221;no-extra-padding&#8221; column_padding_tablet=&#8221;inherit&#8221; column_padding_phone=&#8221;inherit&#8221; column_padding_position=&#8221;all&#8221; column_element_spacing=&#8221;default&#8221; background_color_opacity=&#8221;1&#8243; background_hover_color_opacity=&#8221;1&#8243; column_shadow=&#8221;none&#8221; column_border_radius=&#8221;none&#8221; column_link_target=&#8221;_self&#8221; gradient_direction=&#8221;left_to_right&#8221; overlay_strength=&#8221;0.3&#8243; width=&#8221;1\/2&#8243; tablet_width_inherit=&#8221;default&#8221; tablet_text_alignment=&#8221;default&#8221; phone_text_alignment=&#8221;default&#8221; bg_image_animation=&#8221;none&#8221; enable_animation=&#8221;true&#8221; animation=&#8221;fade-in-from-left&#8221; border_type=&#8221;simple&#8221; column_border_width=&#8221;none&#8221; column_border_style=&#8221;solid&#8221; delay=&#8221;2s&#8221;][vc_row_inner column_margin=&#8221;default&#8221; column_direction=&#8221;default&#8221; column_direction_tablet=&#8221;default&#8221; column_direction_phone=&#8221;default&#8221; text_align=&#8221;left&#8221;][vc_column_inner column_padding=&#8221;padding-1-percent&#8221; column_padding_tablet=&#8221;inherit&#8221; column_padding_phone=&#8221;inherit&#8221; column_padding_position=&#8221;all&#8221; column_element_spacing=&#8221;default&#8221; background_color_opacity=&#8221;1&#8243; background_hover_color_opacity=&#8221;1&#8243; column_shadow=&#8221;none&#8221; column_border_radius=&#8221;none&#8221; column_link_target=&#8221;_self&#8221; gradient_direction=&#8221;left_to_right&#8221; overlay_strength=&#8221;0.3&#8243; width=&#8221;1\/1&#8243; tablet_width_inherit=&#8221;default&#8221; bg_image_animation=&#8221;none&#8221; enable_animation=&#8221;true&#8221; animation=&#8221;fade-in-from-left&#8221; border_type=&#8221;simple&#8221; column_border_width=&#8221;none&#8221; column_border_style=&#8221;solid&#8221;][fancy-ul icon_type=&#8221;font_icon&#8221; icon=&#8221;icon-remove&#8221; color=&#8221;Accent-Color&#8221; alignment=&#8221;left&#8221; spacing=&#8221;default&#8221;]<\/p>\n<h3>N\u00e3o traga<\/h3>\n<ul>\n<li>Bolsas ou bolsas<\/li>\n<li>Carteiras ou dinheiro<\/li>\n<li>Telefones<\/li>\n<li>Aparelhos de grava\u00e7\u00e3o<\/li>\n<li>Comida<\/li>\n<li>Se voc\u00ea trouxer itens que n\u00e3o s\u00e3o permitidos, eles ser\u00e3o armazenados em uma \u00e1rea trancada. Itens pessoais s\u00e3o deixados por sua conta e risco.<\/li>\n<\/ul>\n<p>[\/fancy-ul][vc_column_text]Visite o site do <a title=\"IELTS\" href=\"http:\/\/www.ielts.org\">IELTS<\/a>[\/vc_column_text][\/vc_column_inner][\/vc_row_inner][\/vc_column][\/vc_row][vc_row type=&#8221;full_width_background&#8221; full_screen_row_position=&#8221;middle&#8221; column_margin=&#8221;default&#8221; column_direction=&#8221;default&#8221; column_direction_tablet=&#8221;default&#8221; column_direction_phone=&#8221;default&#8221; bg_color=&#8221;#ffffff&#8221; scene_position=&#8221;center&#8221; top_padding=&#8221;100&#8243; bottom_padding=&#8221;100&#8243; text_color=&#8221;dark&#8221; text_align=&#8221;left&#8221; row_border_radius=&#8221;none&#8221; row_border_radius_applies=&#8221;bg&#8221; overlay_strength=&#8221;0.3&#8243; gradient_direction=&#8221;left_to_right&#8221; shape_divider_position=&#8221;bottom&#8221; bg_image_animation=&#8221;none&#8221;][vc_column column_padding=&#8221;no-extra-padding&#8221; column_padding_tablet=&#8221;inherit&#8221; column_padding_phone=&#8221;inherit&#8221; column_padding_position=&#8221;all&#8221; column_element_spacing=&#8221;default&#8221; background_color_opacity=&#8221;1&#8243; background_hover_color_opacity=&#8221;1&#8243; column_shadow=&#8221;none&#8221; column_border_radius=&#8221;none&#8221; column_link_target=&#8221;_self&#8221; gradient_direction=&#8221;left_to_right&#8221; overlay_strength=&#8221;0.3&#8243; width=&#8221;1\/1&#8243; tablet_width_inherit=&#8221;default&#8221; tablet_text_alignment=&#8221;default&#8221; phone_text_alignment=&#8221;default&#8221; bg_image_animation=&#8221;none&#8221; enable_animation=&#8221;true&#8221; animation=&#8221;fade-in-from-left&#8221; border_type=&#8221;simple&#8221; column_border_width=&#8221;none&#8221; column_border_style=&#8221;solid&#8221; delay=&#8221;2s&#8221;][vc_column_text]<\/p>\n<h2 class=\"main-title\" style=\"text-align: center;\">Inscri\u00e7\u00e3o e hor\u00e1rio de in\u00edcio<\/h2>\n<p>[\/vc_column_text][vc_column_text]<\/p>\n<p class=\"jumptxt\" style=\"text-align: center;\">As inscri\u00e7\u00f5es abrem \u00e0s 7h45 e encerram \u00e0s 8h45 Chegadas tardias n\u00e3o ser\u00e3o admitidas. As provas come\u00e7am \u00e0s 9h<\/p>\n<p>[\/vc_column_text][divider line_type=&#8221;No Line&#8221; custom_height=&#8221;25&#8243;][vc_row_inner column_margin=&#8221;default&#8221; column_direction=&#8221;default&#8221; column_direction_tablet=&#8221;default&#8221; column_direction_phone=&#8221;default&#8221; text_align=&#8221;left&#8221;][vc_column_inner column_padding=&#8221;no-extra-padding&#8221; column_padding_tablet=&#8221;inherit&#8221; column_padding_phone=&#8221;inherit&#8221; column_padding_position=&#8221;all&#8221; column_element_spacing=&#8221;default&#8221; background_color_opacity=&#8221;1&#8243; background_hover_color_opacity=&#8221;1&#8243; column_shadow=&#8221;none&#8221; column_border_radius=&#8221;none&#8221; column_link_target=&#8221;_self&#8221; gradient_direction=&#8221;left_to_right&#8221; overlay_strength=&#8221;0.3&#8243; width=&#8221;1\/2&#8243; tablet_width_inherit=&#8221;default&#8221; bg_image_animation=&#8221;none&#8221; enable_animation=&#8221;true&#8221; animation=&#8221;fade-in-from-left&#8221; border_type=&#8221;simple&#8221; column_border_width=&#8221;none&#8221; column_border_style=&#8221;solid&#8221; delay=&#8221;300&#8243;][vc_column_text]<\/p>\n<h3>Cronograma<\/h3>\n<p>O teste tem 3 horas de dura\u00e7\u00e3o. Os componentes de escuta, leitura e escrita s\u00e3o realizados pela manh\u00e3 sem intervalo. Uma pausa para o almo\u00e7o \u00e9 fornecida ap\u00f3s o teste de reda\u00e7\u00e3o. As entrevistas de fala s\u00e3o normalmente agendadas na tarde da data do teste. Voc\u00ea pode confirmar seu hor\u00e1rio de entrevista de fala quando chegar no dia do seu teste &#8211; esteja preparado para ficar at\u00e9 as 17h30 Entraremos em contato com voc\u00ea antes do dia do teste somente se sua entrevista oral estiver agendada para outro dia.[\/vc_column_text][\/vc_column_inner][vc_column_inner column_padding=&#8221;no-extra-padding&#8221; column_padding_tablet=&#8221;inherit&#8221; column_padding_phone=&#8221;inherit&#8221; column_padding_position=&#8221;all&#8221; column_element_spacing=&#8221;default&#8221; background_color_opacity=&#8221;1&#8243; background_hover_color_opacity=&#8221;1&#8243; column_shadow=&#8221;none&#8221; column_border_radius=&#8221;none&#8221; column_link_target=&#8221;_self&#8221; gradient_direction=&#8221;left_to_right&#8221; overlay_strength=&#8221;0.3&#8243; width=&#8221;1\/2&#8243; tablet_width_inherit=&#8221;default&#8221; bg_image_animation=&#8221;none&#8221; enable_animation=&#8221;true&#8221; animation=&#8221;fade-in-from-right&#8221; border_type=&#8221;simple&#8221; column_border_width=&#8221;none&#8221; column_border_style=&#8221;solid&#8221; delay=&#8221;300&#8243;][vc_column_text]<\/p>\n<h3>Identifica\u00e7\u00e3o<\/h3>\n<p>Sua identidade \u00e9 confirmada no dia do teste usando seu passaporte ou cart\u00e3o de residente permanente. Como medida de seguran\u00e7a adicional, sua foto ser\u00e1 tirada e aparecer\u00e1 no formul\u00e1rio que voc\u00ea recebe com os resultados do seu teste IELTS. Seu dedo tamb\u00e9m pode ser escaneado no dia do teste.[\/vc_column_text][\/vc_column_inner][\/vc_row_inner][\/vc_column][\/vc_row][vc_row type=&#8221;full_width_background&#8221; full_screen_row_position=&#8221;middle&#8221; column_margin=&#8221;default&#8221; column_direction=&#8221;default&#8221; column_direction_tablet=&#8221;default&#8221; column_direction_phone=&#8221;default&#8221; bg_color=&#8221;#666666&#8243; scene_position=&#8221;center&#8221; top_padding=&#8221;50&#8243; bottom_padding=&#8221;100&#8243; text_color=&#8221;light&#8221; text_align=&#8221;left&#8221; row_border_radius=&#8221;none&#8221; row_border_radius_applies=&#8221;bg&#8221; class=&#8221;cbg&#8221; overlay_strength=&#8221;0.3&#8243; gradient_direction=&#8221;left_to_right&#8221; shape_divider_position=&#8221;bottom&#8221; bg_image_animation=&#8221;none&#8221;][vc_column column_padding=&#8221;no-extra-padding&#8221; column_padding_tablet=&#8221;inherit&#8221; column_padding_phone=&#8221;inherit&#8221; column_padding_position=&#8221;all&#8221; column_element_spacing=&#8221;default&#8221; background_color_opacity=&#8221;1&#8243; background_hover_color_opacity=&#8221;1&#8243; column_shadow=&#8221;none&#8221; column_border_radius=&#8221;none&#8221; column_link_target=&#8221;_self&#8221; gradient_direction=&#8221;left_to_right&#8221; overlay_strength=&#8221;0.3&#8243; width=&#8221;1\/1&#8243; tablet_width_inherit=&#8221;default&#8221; tablet_text_alignment=&#8221;default&#8221; phone_text_alignment=&#8221;default&#8221; bg_image_animation=&#8221;none&#8221; enable_animation=&#8221;true&#8221; animation=&#8221;fade-in-from-left&#8221; border_type=&#8221;simple&#8221; column_border_width=&#8221;none&#8221; column_border_style=&#8221;solid&#8221; delay=&#8221;2s&#8221;][vc_column_text]<\/p>\n<h2 class=\"title-main\" style=\"text-align: center;\">Resultado dos testes<\/h2>\n<p>[\/vc_column_text][divider line_type=&#8221;No Line&#8221; custom_height=&#8221;25&#8243;][vc_column_text]Os resultados do seu teste mostrar\u00e3o uma &#8220;pontua\u00e7\u00e3o da banda&#8221; para cada um dos componentes do teste (ouvir, ler, escrever e falar) e uma pontua\u00e7\u00e3o geral da banda (uma m\u00e9dia dos quatro componentes), em vez de aprova\u00e7\u00e3o ou reprova\u00e7\u00e3o. Uma pontua\u00e7\u00e3o de banda \u00e9 uma escala de 1 (&#8220;n\u00e3o usu\u00e1rio&#8221;) a 9 (&#8220;usu\u00e1rio especialista&#8221;).<\/p>\n<p>Os resultados do teste s\u00e3o enviados 13 dias corridos ap\u00f3s a data do teste por correio normal. Voc\u00ea tamb\u00e9m pode pegar seus resultados de teste pessoalmente. Somente voc\u00ea pode retirar os resultados do teste e deve trazer seu passaporte ou cart\u00e3o de residente permanente, o que voc\u00ea usou para se inscrever inicialmente para o teste.<\/p>\n<p>Apenas uma c\u00f3pia dos resultados do seu teste chegar\u00e1 a voc\u00ea. At\u00e9 cinco c\u00f3pias adicionais do formul\u00e1rio de resultado do teste ser\u00e3o enviadas diretamente para as institui\u00e7\u00f5es que voc\u00ea especificou em seu formul\u00e1rio de inscri\u00e7\u00e3o.<\/p>\n<p>Voc\u00ea pode solicitar mais c\u00f3pias dos resultados do seu teste dentro de dois anos a partir da data do seu teste. Visite a <a title=\"Pol\u00edticas de privacidade\" href=\"\/home\/privacy-policy\/\"><strong>p\u00e1gina de pol\u00edticas<\/strong><\/a> para obter mais informa\u00e7\u00f5es sobre o processo a seguir e um link para o formul\u00e1rio que voc\u00ea precisar\u00e1 preencher.<\/p>\n<p><strong>Os resultados do teste s\u00e3o v\u00e1lidos por dois anos a partir da data do seu teste.<\/strong><\/p>\n<p>O IELTS Test Center n\u00e3o pode dar conselhos sobre quais vers\u00f5es ou pontua\u00e7\u00f5es de teste s\u00e3o exigidas por diferentes institui\u00e7\u00f5es. Entre em contato direto com a institui\u00e7\u00e3o.[\/vc_column_text][\/vc_column][\/vc_row]<\/p>\n","protected":false},"excerpt":{"rendered":"<p>[vc_row type=&#8221;full_width_background&#8221; full_screen_row_position=&#8221;middle&#8221; column_margin=&#8221;default&#8221; column_direction=&#8221;default&#8221; column_direction_tablet=&#8221;default&#8221; column_direction_phone=&#8221;default&#8221; scene_position=&#8221;center&#8221; top_padding=&#8221;50&#8243; bottom_padding=&#8221;100&#8243; text_color=&#8221;dark&#8221; text_align=&#8221;left&#8221; row_border_radius=&#8221;none&#8221; row_border_radius_applies=&#8221;bg&#8221; overlay_strength=&#8221;0.3&#8243; gradient_direction=&#8221;left_to_right&#8221; shape_divider_position=&#8221;bottom&#8221; bg_image_animation=&#8221;none&#8221;][vc_column column_padding=&#8221;no-extra-padding&#8221; column_padding_tablet=&#8221;inherit&#8221; column_padding_phone=&#8221;inherit&#8221; column_padding_position=&#8221;all&#8221; column_element_spacing=&#8221;default&#8221; background_color_opacity=&#8221;1&#8243; background_hover_color_opacity=&#8221;1&#8243; column_shadow=&#8221;none&#8221; column_border_radius=&#8221;none&#8221; column_link_target=&#8221;_self&#8221; gradient_direction=&#8221;left_to_right&#8221; overlay_strength=&#8221;0.3&#8243; width=&#8221;1\/2&#8243; tablet_width_inherit=&#8221;default&#8221; tablet_text_alignment=&#8221;default&#8221; phone_text_alignment=&#8221;default&#8221; bg_image_animation=&#8221;none&#8221; enable_animation=&#8221;true&#8221; animation=&#8221;fade-in-from-left&#8221; border_type=&#8221;simple&#8221; column_border_width=&#8221;none&#8221; column_border_style=&#8221;solid&#8221; delay=&#8221;2s&#8221;][vc_column_text] Sobre o teste Existem dois n\u00edveis de teste: acad\u00eamico e geral. Os testes de [&hellip;]<\/p>\n","protected":false},"author":1,"featured_media":0,"parent":68143,"menu_order":29,"comment_status":"open","ping_status":"open","template":"","meta":{"footnotes":""},"_links":{"self":[{"href":"https:\/\/rewrite.cic-totalcare.com\/pt-br\/wp-json\/wp\/v2\/pages\/68112"}],"collection":[{"href":"https:\/\/rewrite.cic-totalcare.com\/pt-br\/wp-json\/wp\/v2\/pages"}],"about":[{"href":"https:\/\/rewrite.cic-totalcare.com\/pt-br\/wp-json\/wp\/v2\/types\/page"}],"author":[{"embeddable":true,"href":"https:\/\/rewrite.cic-totalcare.com\/pt-br\/wp-json\/wp\/v2\/users\/1"}],"replies":[{"embeddable":true,"href":"https:\/\/rewrite.cic-totalcare.com\/pt-br\/wp-json\/wp\/v2\/comments?post=68112"}],"version-history":[{"count":10,"href":"https:\/\/rewrite.cic-totalcare.com\/pt-br\/wp-json\/wp\/v2\/pages\/68112\/revisions"}],"predecessor-version":[{"id":124285,"href":"https:\/\/rewrite.cic-totalcare.com\/pt-br\/wp-json\/wp\/v2\/pages\/68112\/revisions\/124285"}],"up":[{"embeddable":true,"href":"https:\/\/rewrite.cic-totalcare.com\/pt-br\/wp-json\/wp\/v2\/pages\/68143"}],"wp:attachment":[{"href":"https:\/\/rewrite.cic-totalcare.com\/pt-br\/wp-json\/wp\/v2\/media?parent=68112"}],"curies":[{"name":"wp","href":"https:\/\/api.w.org\/{rel}","templated":true}]}}