{"id":121912,"date":"2023-11-10T12:24:41","date_gmt":"2023-11-10T17:24:41","guid":{"rendered":"https:\/\/www.cic-totalcare.com\/ielts\/cau-hoi-thuong-gap-ve-ielts\/"},"modified":"2024-06-18T16:43:32","modified_gmt":"2024-06-18T20:43:32","slug":"faq","status":"publish","type":"page","link":"https:\/\/rewrite.cic-totalcare.com\/vi\/ielts\/faq\/","title":{"rendered":"C\u00e1c c\u00e2u h\u1ecfi th\u01b0\u1eddng g\u1eb7p v\u1ec1 IELTS"},"content":{"rendered":"<p>[vc_row type=&#8221;full_width_background&#8221; full_screen_row_position=&#8221;middle&#8221; column_margin=&#8221;default&#8221; scene_position=&#8221;center&#8221; text_color=&#8221;dark&#8221; text_align=&#8221;left&#8221; top_padding=&#8221;50&#8243; bottom_padding=&#8221;50&#8243; overlay_strength=&#8221;0.3&#8243; shape_divider_position=&#8221;bottom&#8221; bg_image_animation=&#8221;none&#8221;][vc_column column_padding=&#8221;no-extra-padding&#8221; column_padding_position=&#8221;all&#8221; background_color_opacity=&#8221;1&#8243; background_hover_color_opacity=&#8221;1&#8243; column_link_target=&#8221;_self&#8221; column_shadow=&#8221;none&#8221; column_border_radius=&#8221;none&#8221; width=&#8221;1\/1&#8243; tablet_width_inherit=&#8221;default&#8221; tablet_text_alignment=&#8221;default&#8221; phone_text_alignment=&#8221;default&#8221; overlay_strength=&#8221;0.3&#8243; column_border_width=&#8221;none&#8221; column_border_style=&#8221;solid&#8221; bg_image_animation=&#8221;none&#8221; enable_animation=&#8221;true&#8221; animation=&#8221;fade-in-from-left&#8221; delay=&#8221;2s&#8221;][toggles style=&#8221;default&#8221; accordion=&#8221;true&#8221;][toggle color=&#8221;Accent-Color&#8221; title=&#8221;L\u00e0m sao \u0111\u1ec3 li\u00ean h\u1ec7 v\u1edbi trung t\u00e2m kh\u1ea3o th\u00ed v\u00e0 c\u00e1c b\u00e0i thi \u0111\u01b0\u1ee3c l\u00e0m \u1edf \u0111\u00e2u?&#8221;][vc_column_text]B\u1ea1n c\u00f3 th\u1ec3 li\u00ean h\u1ec7 v\u1edbi trung t\u00e2m kh\u1ea3o th\u00ed qua s\u1ed1 \u0111i\u1ec7n tho\u1ea1i 905-572-7883 x 2920 ho\u1eb7c qua email theo \u0111\u1ecba ch\u1ec9 <a href=\"ca058.administrator@cic-totalcare.com\" rel=\"nofollow\">ca058.administrator@cic-totalcare.com<\/a> . C\u00e1c b\u00e0i thi \u0111\u01b0\u1ee3c l\u00e0m t\u1ea1i c\u01a1 s\u1edf Ainsliewood c\u1ee7a Tr\u01b0\u1eddng Trung H\u1ecdc Qu\u1ed1c T\u1ebf Columbia.[\/vc_column_text][\/toggle][toggle color=&#8221;Default&#8221; title=&#8221;T\u1ea1i sao t\u00f4i c\u1ea7n n\u1ed9p b\u1ea3n sao h\u1ed9 chi\u1ebfu\/th\u1ebb th\u01b0\u1eddng tr\u00fa c\u1ee7a t\u00f4i? T\u1ea1i sao th\u1ebb c\u00f4ng d\u00e2n\/b\u1eb1ng l\u00e1i xe c\u1ee7a t\u00f4i kh\u00f4ng \u0111\u01b0\u1ee3c ch\u1ea5p nh\u1eadn?&#8221;][vc_column_text]<\/p>\n<p>Trong ch\u00ednh s\u00e1ch c\u1ee7a IELTS c\u00f3 n\u1ed9i dung sau: &#8220;Ch\u1ec9 ch\u1ea5p nh\u1eadn h\u1ed9 chi\u1ebfu ho\u1eb7c gi\u1ea5y t\u1edd t\u00f9y th\u00e2n h\u1ee3p l\u1ec7, c\u00f3 \u1ea3nh ch\u1ee5p, s\u1ed1 gi\u1ea5y t\u1edd v\u00e0 ch\u1eef k\u00fd. Gi\u1ea5y t\u1edd t\u00f9y th\u00e2n ph\u1ea3i c\u00f3 h\u1ecd t\u00ean \u0111\u1ea7y \u0111\u1ee7 b\u1eb1ng k\u00fd t\u1ef1 ti\u1ebfng Anh, c\u00f3 ng\u00e0y sinh v\u00e0 \u1ea3nh th\u1ebb. Th\u1ebb h\u1ecdc sinh\/sinh vi\u00ean, gi\u1ea5y ph\u00e9p l\u00e1i xe, gi\u1ea5y t\u1edd y t\u1ebf, v.v. KH\u00d4NG ph\u1ea3i l\u00e0 nh\u1eefng h\u00ecnh th\u1ee9c nh\u1eadn d\u1ea1ng \u0111\u01b0\u1ee3c ch\u1ea5p nh\u1eadn.&#8221;<\/p>\n<p>[\/vc_column_text][\/toggle][toggle color=&#8221;Default&#8221; title=&#8221;T\u00f4i c\u00f3 th\u1ec3 n\u1ed9p b\u1ea3n sao h\u1ed9 chi\u1ebfu c\u1ee7a t\u00f4i v\u00e0o m\u1ea5y ng\u00e0y sau \u0111\u01b0\u1ee3c kh\u00f4ng? V\u00ed d\u1ee5: t\u00f4i c\u00f3 th\u1ec3 n\u1ed9p t\u1ea1i C\u01a1 s\u1edf Ainslewood ho\u1eb7c g\u1eedi fax \u0111\u1ebfn Trung T\u00e2m Kh\u1ea3o Th\u00ed IELTS kh\u00f4ng?&#8221;][vc_column_text]<\/p>\n<p>Kh\u00f4ng \u0111\u01b0\u1ee3c. N\u1ebfu b\u1ea1n n\u1ed9p \u0111\u01a1n \u0111\u0103ng k\u00fd m\u00e0 kh\u00f4ng c\u00f3 b\u1ea3n sao h\u1ed9 chi\u1ebfu, ch\u00fang t\u00f4i s\u1ebd kh\u00f4ng th\u1ec3 ti\u1ebfp t\u1ee5c x\u1eed l\u00fd.<\/p>\n<p>[\/vc_column_text][\/toggle][toggle color=&#8221;Default&#8221; title=&#8221;C\u01a1 h\u1ed9i \u0111\u1ec3 t\u00f4i c\u00f3 \u0111\u01b0\u1ee3c ng\u00e0y thi nh\u01b0 mong mu\u1ed1n c\u00f3 cao kh\u00f4ng?&#8221;][vc_column_text]<\/p>\n<p>C\u00e1c th\u00ed sinh vi\u00ean ph\u1ea3i \u0111\u0103ng k\u00ed theo c\u01a1 s\u1edf ai \u0111\u1ebfn tr\u01b0\u1edbc \u0111\u01b0\u1ee3c \u0111\u0103ng k\u00ed tr\u01b0\u1edbc. Trung t\u00e2m kh\u1ea3o th\u00ed IELTS kh\u00f4ng \u0111\u1ea3m b\u1ea3o l\u1ecbch tr\u1ed1ng v\u00e0o b\u1ea5t k\u1ef3 ng\u00e0y thi c\u1ee5 th\u1ec3 n\u00e0o cho \u0111\u1ebfn khi \u0111\u01a1n \u0111\u0103ng k\u00fd c\u1ee7a b\u1ea1n \u0111\u01b0\u1ee3c x\u1eed l\u00fd. Trong m\u1ecdi tr\u01b0\u1eddng h\u1ee3p, ch\u00fang t\u00f4i kh\u00f4ng &#8220;gi\u1eef&#8221; l\u1ecbch thi cho c\u00e1c th\u00ed sinh. B\u1ea1n n\u1ed9p \u0111\u01a1n c\u00e0ng s\u1edbm th\u00ec b\u1ea1n c\u00e0ng c\u00f3 nhi\u1ec1u kh\u1ea3 n\u0103ng c\u00f3 \u0111\u01b0\u1ee3c ng\u00e0y thi nh\u01b0 mong mu\u1ed1n.<\/p>\n<p>[\/vc_column_text][\/toggle][toggle color=&#8221;Default&#8221; title=&#8221;Khi n\u00e0o t\u00f4i s\u1ebd nh\u1eadn \u0111\u01b0\u1ee3c x\u00e1c nh\u1eadn v\u1ec1 ng\u00e0y thi c\u1ee7a m\u00ecnh?&#8221;][vc_column_text]<\/p>\n<p>B\u1ea1n s\u1ebd nh\u1eadn \u0111\u01b0\u1ee3c th\u01b0 x\u00e1c nh\u1eadn qua email m\u1ed9t tu\u1ea7n tr\u01b0\u1edbc khi thi.<\/p>\n<p>[\/vc_column_text][\/toggle][toggle color=&#8221;Default&#8221; title=&#8221;T\u00f4i c\u00f3 \u0111\u01b0\u1ee3c ho\u00e0n ti\u1ec1n n\u1ebfu t\u00f4i h\u1ee7y thi kh\u00f4ng?&#8221;][vc_column_text]N\u1ebfu b\u1ea1n kh\u00f4ng kh\u1ecfe v\u00e0 kh\u00f4ng th\u1ec3 l\u00e0m b\u00e0i thi, th\u00ed sinh c\u00f3 th\u1ec3 \u0111\u01b0\u1ee3c d\u1eddi l\u1ecbch thi ho\u1eb7c \u0111\u01b0\u1ee3c ho\u00e0n l\u1ea1i ti\u1ec1n. Vui l\u00f2ng li\u00ean h\u1ec7 v\u1edbi ch\u00fang t\u00f4i qua email.[\/vc_column_text][\/toggle][toggle color=&#8221;Default&#8221; title=&#8221;B\u00e0i thi k\u00e9o d\u00e0i trong bao l\u00e2u?&#8221;][vc_column_text]<\/p>\n<p>Th\u00ed sinh \u0111\u01b0\u1ee3c y\u00eau c\u1ea7u ph\u1ea3i c\u00f3 m\u1eb7t t\u1ea1i \u0111\u1ecba \u0111i\u1ec3m thi l\u00fac 8:00 am C\u00e1c b\u00e0i ki\u1ec3m tra \u0111\u1ecdc, vi\u1ebft v\u00e0 nghe s\u1ebd \u0111\u01b0\u1ee3c ho\u00e0n t\u1ea5t v\u00e0o bu\u1ed5i tr\u01b0a. L\u1ecbch thi n\u00f3i th\u01b0\u1eddng \u0111\u01b0\u1ee3c l\u00ean l\u1ecbch v\u00e0o bu\u1ed5i chi\u1ec1u c\u1ee7a ng\u00e0y thi. L\u1ecbch thi n\u00f3i s\u1ebd \u0111\u01b0\u1ee3c th\u00f4ng b\u00e1o v\u00e0o ng\u00e0y thi. L\u1ecbch thi n\u00f3i s\u1ebb kh\u00f4ng \u0111\u01b0\u1ee3c \u0111\u1ea3m b\u1ea3o tr\u01b0\u1edbc n\u00ean h\u00e3y chu\u1ea9n b\u1ecb tinh th\u1ea7n \u1edf l\u1ea1i \u0111\u1ebfn 17h30.<\/p>\n<p>[\/vc_column_text][\/toggle][toggle color=&#8221;Default&#8221; title=&#8221;M\u1ea5t bao l\u00e2u \u0111\u1ec3 nh\u1eadn \u0111\u01b0\u1ee3c gi\u1ea5y b\u00e1o k\u1ebft qu\u1ea3 thi?&#8221;][vc_column_text]<\/p>\n<p>K\u1ebft qu\u1ea3 thi \u0111\u01b0\u1ee3c g\u1eedi \u0111i 13 ng\u00e0y sau ng\u00e0y thi b\u1eb1ng \u0111\u01b0\u1eddng b\u01b0u \u0111i\u1ec7n th\u00f4ng th\u01b0\u1eddng. B\u1ea1n c\u0169ng c\u00f3 th\u1ec3 <a href=\"http:\/\/ielts.idp.com\/results\/check-your-result\">ki\u1ec3m tra k\u1ebft qu\u1ea3 tr\u1ef1c tuy\u1ebfn<\/a>13 ng\u00e0y sau ng\u00e0y thi. Hi\u1ec7n t\u1ea1i ch\u00fang t\u00f4i c\u0169ng cung c\u1ea5p t\u00f9y ch\u1ecdn \u0111\u1ebfn nh\u1eadn k\u1ebft qu\u1ea3\u2014h\u00e3y h\u1ecfi th\u00eam th\u00f4ng tin v\u00e0o ng\u00e0y thi.<\/p>\n<p>[\/vc_column_text][\/toggle][toggle color=&#8221;Default&#8221; title=&#8221;T\u00f4i c\u00f3 th\u1ec3 \u0111\u0103ng k\u00fd thi tr\u1ef1c tuy\u1ebfn kh\u00f4ng?&#8221;][vc_column_text]<\/p>\n<p>\u0110\u01a1n \u0111\u0103ng k\u00fd c\u00f3 th\u1ec3 \u0111\u01b0\u1ee3c n\u1ed9p tr\u1ef1c ti\u1ebfp ho\u1eb7c tr\u1ef1c tuy\u1ebfn t\u1ea1i <a href=\"https:\/\/my.ieltsessentials.com\">https:\/\/my.ieltsessentials.com<\/a> .<\/p>\n<p>[\/vc_column_text][\/toggle][toggle color=&#8221;Default&#8221; title=&#8221;T\u00f4i c\u00f3 th\u1ec3 \u0111\u1ebfn l\u1ea5y k\u1ebft qu\u1ea3 thi c\u1ee7a m\u00ecnh \u0111\u01b0\u1ee3c kh\u00f4ng?&#8221;][vc_column_text]<\/p>\n<p>Ch\u00fang t\u00f4i s\u1ebd g\u1eedi b\u1ea3n sao k\u1ebft qu\u1ea3 thi c\u1ee7a b\u1ea1n \u0111\u1ebfn \u0111\u1ecba ch\u1ec9 ghi trong \u0111\u01a1n \u0111\u0103ng k\u00fd c\u1ee7a b\u1ea1n. B\u1ea1n c\u0169ng c\u00f3 th\u1ec3 \u0111\u1ebfn nh\u1eadn tr\u1ef1c ti\u1ebfp k\u1ebft qu\u1ea3 v\u00e0o ng\u00e0y th\u1ee9 13 sau ng\u00e0y thi. B\u1ea1n ph\u1ea3i xu\u1ea5t tr\u00ecnh h\u1ed9 chi\u1ebfu khi \u0111\u1ebfn nh\u1eadn k\u1ebft qu\u1ea3.<\/p>\n<p>[\/vc_column_text][\/toggle][toggle color=&#8221;Default&#8221; title=&#8221;T\u00f4i c\u00f3 th\u1ec3 l\u1ea5y b\u1ea3n sao th\u1ee9 hai c\u1ee7a k\u1ebft qu\u1ea3 thi \u0111\u1ec3 s\u1eed d\u1ee5ng cho m\u1ee5c \u0111\u00edch c\u00e1 nh\u00e2n kh\u00f4ng?&#8221;][vc_column_text]<\/p>\n<p>Kh\u00f4ng \u0111\u01b0\u1ee3c. Th\u00ed sinh ch\u1ec9 \u0111\u01b0\u1ee3c g\u1eedi m\u1ed9t b\u1ea3n sao k\u1ebft qu\u1ea3 b\u00e0i thi c\u1ee7a m\u00ecnh \u0111\u1ebfn \u0111\u1ecba ch\u1ec9 ghi trong \u0111\u01a1n \u0111\u0103ng k\u00fd. T\u1ea5t c\u1ea3 c\u00e1c b\u1ea3n sao kh\u00e1c ph\u1ea3i \u0111\u01b0\u1ee3c g\u1eedi \u0111\u1ebfn nh\u1eefng t\u1ed5 ch\u1ee9c c\u1ea7n thi\u1ebft.<\/p>\n<p>[\/vc_column_text][\/toggle][toggle color=&#8221;Default&#8221; title=&#8221;T\u00f4i c\u00f3 th\u1ec3 \u0111\u1eb7t bao nhi\u00eau b\u1ea3n sao k\u1ebft qu\u1ea3 c\u1ee7a m\u00ecnh?&#8221;][vc_column_text]Th\u00ed sinh nh\u1eadn \u0111\u01b0\u1ee3c t\u1ed1i \u0111a n\u0103m b\u1ea3n sao k\u1ebft qu\u1ea3 b\u00e0i ki\u1ec3m tra mi\u1ec5n ph\u00ed \u0111\u1ec3 g\u1eedi \u0111\u1ebfn c\u00e1c t\u1ed5 ch\u1ee9c gi\u00e1o d\u1ee5c \u1edf Canada v\u00e0 qu\u1ed1c t\u1ebf \u0111\u01b0\u1ee3c li\u1ec7t k\u00ea trong m\u1eabu \u0111\u01a1n \u0111\u0103ng k\u00fd c\u1ee7a h\u1ecd. C\u00e1c b\u1ea3n sao b\u1ed5 sung cho c\u00e1c t\u1ed5 ch\u1ee9c Canada v\u00e0 qu\u1ed1c t\u1ebf c\u00f3 th\u1ec3 \u0111\u01b0\u1ee3c \u0111\u1eb7t h\u00e0ng v\u1edbi gi\u00e1 $25,00 m\u1ed7i b\u1ea3n. \u0110\u1ec3 y\u00eau c\u1ea7u th\u00eam b\u1ea3n sao k\u1ebft qu\u1ea3 ki\u1ec3m tra, h\u00e3y ho\u00e0n th\u00e0nh <a href=\"https:\/\/rewrite.cic-totalcare.com\/wp-content\/uploads\/2020\/09\/Additional-TRF-Application-Form-Fillable.doc\">m\u1eabu y\u00eau c\u1ea7u k\u1ebft qu\u1ea3 ki\u1ec3m tra<\/a> n\u00e0y.[\/vc_column_text][\/toggle][toggle color=&#8221;Default&#8221; title=&#8221;N\u1ebfu t\u00f4i thi kh\u00f4ng t\u1ed1t, t\u00f4i c\u00f3 th\u1ec3 vi\u1ebft l\u1ea1i b\u00e0i ki\u1ec3m tra kh\u00f4ng?&#8221;][vc_column_text]<\/p>\n<p>N\u1ebfu b\u1ea1n mu\u1ed1n l\u00e0m l\u1ea1i b\u00e0i thi IELTS, b\u1ea1n s\u1ebd c\u1ea7n ph\u1ea3i n\u1ed9p l\u1ea1i \u0111\u01a1n \u0111\u0103ng k\u00fd m\u1edbi v\u00e0 n\u1ed9p l\u1ea1i l\u1ec7 ph\u00ed thi. B\u1ea1n c\u00f3 th\u1ec3 \u0111\u0103ng k\u00fd ng\u00e0y thi ti\u1ebfp theo c\u00f2n tr\u1ed1ng l\u1ecbch.<\/p>\n<p>[\/vc_column_text][\/toggle][toggle color=&#8221;Default&#8221; title=&#8221;K\u1ebft qu\u1ea3 thi c\u1ee7a t\u00f4i c\u00f3 hi\u1ec7u l\u1ef1c trong bao l\u00e2u?&#8221;][vc_column_text]<\/p>\n<p>K\u1ebft qu\u1ea3 ki\u1ec3m tra c\u1ee7a b\u1ea1n c\u00f3 gi\u00e1 tr\u1ecb trong hai n\u0103m.<\/p>\n<p>[\/vc_column_text][\/toggle][toggle color=&#8221;Default&#8221; title=&#8221;N\u1ebfu t\u00f4i \u0111\u00e3 g\u1eedi h\u1ed9 chi\u1ebfu \u0111\u1ebfn \u0111\u1ea1i s\u1ee9 qu\u00e1n ho\u1eb7c l\u00e3nh s\u1ef1 qu\u00e1n \u0111\u1ec3 gia h\u1ea1n visa th\u00ec sao?&#8221;][vc_column_text]<\/p>\n<p>B\u1ea1n c\u1ea7n mang theo h\u1ed9 chi\u1ebfu v\u00e0o ng\u00e0y thi.<strong>B\u1ea1n S\u1ebc KH\u00d4NG \u0111\u01b0\u1ee3c ph\u00e9p l\u00e0m b\u00e0i thi n\u1ebfu b\u1ea1n kh\u00f4ng mang theo h\u1ed9 chi\u1ebfu v\u00e0o ng\u00e0y thi. Kh\u00f4ng c\u00f3 ngo\u1ea1i l\u1ec7.<\/strong> N\u1ebfu b\u1ea1n \u0111\u00e3 g\u1eedi h\u1ed9 chi\u1ebfu c\u1ee7a m\u00ecnh \u0111\u1ebfn \u0111\u1ea1i s\u1ee9 qu\u00e1n ho\u1eb7c l\u00e3nh s\u1ef1 qu\u00e1n, b\u1ea1n s\u1ebd c\u1ea7n li\u00ean h\u1ec7 v\u1edbi h\u1ecd v\u00e0 l\u1ea5y l\u1ea1i tr\u01b0\u1edbc ng\u00e0y thi.<\/p>\n<p>[\/vc_column_text][\/toggle][toggle color=&#8221;Default&#8221; title=&#8221;N\u1ebfu h\u1ed9 chi\u1ebfu c\u1ee7a t\u00f4i kh\u00f4ng c\u00f3 trang ch\u1eef k\u00fd th\u00ec sao?&#8221;][vc_column_text]<\/p>\n<p>N\u1ebfu h\u1ed9 chi\u1ebfu c\u1ee7a b\u1ea1n kh\u00f4ng c\u00f3 trang ch\u1eef k\u00fd, b\u1ea1n ph\u1ea3i n\u1ed9p b\u1ea3n sao gi\u1ea5y t\u1edd t\u00f9y th\u00e2n h\u1ee3p l\u1ec7 do ch\u00ednh ph\u1ee7 c\u1ea5p c\u00f3 \u1ea3nh v\u00e0 ch\u1eef k\u00fd c\u1ee7a b\u1ea1n c\u0169ng nh\u01b0 b\u1ea3n sao h\u1ed9 chi\u1ebfu c\u1ee7a b\u1ea1n.<\/p>\n<p>[\/vc_column_text][\/toggle][toggle color=&#8221;Default&#8221; title=&#8221;L\u00e0m c\u00e1ch n\u00e0o \u0111\u1ec3 khi\u1ebfu n\u1ea1i ho\u1eb7c \u0111\u01b0a ra ph\u1ea3n h\u1ed3i?&#8221;][vc_column_text]Th\u00ed sinh c\u00f3 khi\u1ebfu n\u1ea1i v\u1ec1 ng\u00e0y thi n\u00ean th\u00f4ng b\u00e1o cho trung t\u00e2m kh\u1ea3o th\u00ed tr\u01b0\u1edbc khi r\u1eddi kh\u1ecfi \u0111\u1ecba \u0111i\u1ec3m thi, h\u1ecd s\u1ebd \u0111\u01b0\u1ee3c h\u01b0\u1edbng d\u1eabn \u0111i\u1ec1n v\u00e0o m\u1eabu \u0111\u01a1n khi\u1ebfu n\u1ea1i. C\u00e1c khi\u1ebfu n\u1ea1i sau \u0111\u00f3 s\u1ebd \u0111\u01b0\u1ee3c \u0111i\u1ec1u tra v\u00e0 gi\u1ea3i quy\u1ebft. Xin l\u01b0u \u00fd r\u1eb1ng ch\u00fang t\u00f4i s\u1ebd kh\u00f4ng x\u1eed l\u00fd khi\u1ebfu n\u1ea1i n\u00e0o sau khi trung t\u00e2m kh\u1ea3o th\u00ed c\u1ee7a b\u1ea1n c\u00f4ng b\u1ed1 k\u1ebft qu\u1ea3.[\/vc_column_text][\/toggle][\/toggles][\/vc_column][\/vc_row]<\/p>\n","protected":false},"excerpt":{"rendered":"<p>[vc_row type=&#8221;full_width_background&#8221; full_screen_row_position=&#8221;middle&#8221; column_margin=&#8221;default&#8221; scene_position=&#8221;center&#8221; text_color=&#8221;dark&#8221; text_align=&#8221;left&#8221; top_padding=&#8221;50&#8243; bottom_padding=&#8221;50&#8243; overlay_strength=&#8221;0.3&#8243; shape_divider_position=&#8221;bottom&#8221; bg_image_animation=&#8221;none&#8221;][vc_column column_padding=&#8221;no-extra-padding&#8221; column_padding_position=&#8221;all&#8221; background_color_opacity=&#8221;1&#8243; background_hover_color_opacity=&#8221;1&#8243; column_link_target=&#8221;_self&#8221; column_shadow=&#8221;none&#8221; column_border_radius=&#8221;none&#8221; width=&#8221;1\/1&#8243; tablet_width_inherit=&#8221;default&#8221; tablet_text_alignment=&#8221;default&#8221; phone_text_alignment=&#8221;default&#8221; overlay_strength=&#8221;0.3&#8243; column_border_width=&#8221;none&#8221; column_border_style=&#8221;solid&#8221; bg_image_animation=&#8221;none&#8221; enable_animation=&#8221;true&#8221; animation=&#8221;fade-in-from-left&#8221; delay=&#8221;2s&#8221;][toggles style=&#8221;default&#8221; accordion=&#8221;true&#8221;][toggle color=&#8221;Accent-Color&#8221; title=&#8221;L\u00e0m sao \u0111\u1ec3 li\u00ean h\u1ec7 v\u1edbi trung t\u00e2m kh\u1ea3o th\u00ed v\u00e0 c\u00e1c b\u00e0i thi \u0111\u01b0\u1ee3c l\u00e0m \u1edf \u0111\u00e2u?&#8221;][vc_column_text]B\u1ea1n c\u00f3 th\u1ec3 li\u00ean h\u1ec7 [&hellip;]<\/p>\n","protected":false},"author":1,"featured_media":0,"parent":68145,"menu_order":31,"comment_status":"open","ping_status":"open","template":"","meta":{"footnotes":""},"_links":{"self":[{"href":"https:\/\/rewrite.cic-totalcare.com\/vi\/wp-json\/wp\/v2\/pages\/121912"}],"collection":[{"href":"https:\/\/rewrite.cic-totalcare.com\/vi\/wp-json\/wp\/v2\/pages"}],"about":[{"href":"https:\/\/rewrite.cic-totalcare.com\/vi\/wp-json\/wp\/v2\/types\/page"}],"author":[{"embeddable":true,"href":"https:\/\/rewrite.cic-totalcare.com\/vi\/wp-json\/wp\/v2\/users\/1"}],"replies":[{"embeddable":true,"href":"https:\/\/rewrite.cic-totalcare.com\/vi\/wp-json\/wp\/v2\/comments?post=121912"}],"version-history":[{"count":12,"href":"https:\/\/rewrite.cic-totalcare.com\/vi\/wp-json\/wp\/v2\/pages\/121912\/revisions"}],"predecessor-version":[{"id":133390,"href":"https:\/\/rewrite.cic-totalcare.com\/vi\/wp-json\/wp\/v2\/pages\/121912\/revisions\/133390"}],"up":[{"embeddable":true,"href":"https:\/\/rewrite.cic-totalcare.com\/vi\/wp-json\/wp\/v2\/pages\/68145"}],"wp:attachment":[{"href":"https:\/\/rewrite.cic-totalcare.com\/vi\/wp-json\/wp\/v2\/media?parent=121912"}],"curies":[{"name":"wp","href":"https:\/\/api.w.org\/{rel}","templated":true}]}}