{"id":132945,"date":"2024-06-11T11:55:03","date_gmt":"2024-06-11T15:55:03","guid":{"rendered":"https:\/\/www.cic-totalcare.com\/loi-the-cua-ontario\/"},"modified":"2024-06-12T15:21:35","modified_gmt":"2024-06-12T19:21:35","slug":"the-ontario-advantage","status":"publish","type":"page","link":"https:\/\/rewrite.cic-totalcare.com\/vi\/the-ontario-advantage\/","title":{"rendered":"L\u1ee3i th\u1ebf c\u1ee7a Ontario"},"content":{"rendered":"<p>[vc_row type=&#8221;full_width_background&#8221; bg_position=&#8221;left top&#8221; bg_repeat=&#8221;no-repeat&#8221; scene_position=&#8221;center&#8221; text_color=&#8221;dark&#8221; text_align=&#8221;left&#8221; top_padding=&#8221;50&#8243; bottom_padding=&#8221;50&#8243;][vc_column width=&#8221;1\/1&#8243; enable_animation=&#8221;true&#8221; animation=&#8221;fade-in-from-left&#8221; delay=&#8221;2s&#8221; column_padding=&#8221;no-extra-padding&#8221; background_color_opacity=&#8221;1&#8243; centered_text=&#8221;true&#8221; el_class=&#8221;largerText&#8221;][vc_column_text]Ontario l\u00e0 m\u1ed9t n\u01a1i tuy\u1ec7t v\u1eddi \u0111\u1ec3 h\u1ecdc t\u1eadp, sinh s\u1ed1ng v\u00e0 l\u00e0m vi\u1ec7c. V\u1edbi g\u1ea7n 40% d\u00e2n s\u1ed1 c\u1ea3 n\u01b0\u1edbc s\u1ed1ng \u1edf t\u1ec9nh bang n\u00e0y, Ontario l\u00e0 c\u00e1i n\u00f4i c\u1ee7a m\u1ed9t s\u1ed1 tr\u01b0\u1eddng \u0111\u1ea1i h\u1ecdc v\u00e0 cao \u0111\u1eb3ng h\u00e0ng \u0111\u1ea7u Canada. H\u01a1n m\u1ed9t n\u1eeda s\u1ed1 ng\u01b0\u1eddi nh\u1eadp c\u01b0 m\u1edbi c\u1ee7a Canada ch\u1ecdn \u0111\u1ecbnh c\u01b0 t\u1ea1i t\u1ec9nh bang n\u00e0y, khi\u1ebfn c\u00e1c th\u00e0nh ph\u1ed1 t\u1ea1i \u0111\u00e2y tr\u1edf th\u00e0nh trung t\u00e2m v\u0103n h\u00f3a \u0111a d\u1ea1ng v\u00e0 th\u1ecbnh v\u01b0\u1ee3ng. C\u00e1c tr\u01b0\u1eddng h\u1ecdc t\u1ea1i \u0111\u00e2y mang \u0111\u1ebfn cho du h\u1ecdc sinh n\u1ec1n gi\u00e1o d\u1ee5c \u0111\u1eb3ng c\u1ea5p th\u1ebf gi\u1edbi v\u00e0 tr\u1ea3i nghi\u1ec7m h\u00f2a nh\u1eadp tuy\u1ec7t v\u1eddi nh\u1ea5t, \u0111\u00f3 c\u00f3 l\u1ebd l\u00e0 l\u00fd do t\u1ea1i sao 60% du h\u1ecdc sinh h\u1ecdc t\u1eadp t\u1ea1i Canada ch\u1ecdn h\u1ecdc t\u1ea1i Ontario.<\/p>\n<p>Nh\u1eefng tr\u1ea3i nghi\u1ec7m gi\u00e1o d\u1ee5c qu\u1ed1c t\u1ebf t\u1ed1t nh\u1ea5t l\u00e0 s\u1ef1 phong ph\u00fa v\u1ec1 m\u1eb7t h\u1ecdc thu\u1eadt, x\u00e3 h\u1ed9i v\u00e0 v\u0103n h\u00f3a. D\u01b0\u1edbi \u0111\u00e2y l\u00e0 nh\u1eefng l\u00fd do h\u00e0ng \u0111\u1ea7u khi\u1ebfn ch\u00fang t\u00f4i ch\u1ecdn Ontario \u0111\u1ec3 h\u1ecdc t\u1eadp.[\/vc_column_text][\/vc_column][\/vc_row][vc_row type=&#8221;in_container&#8221; bg_position=&#8221;left top&#8221; bg_repeat=&#8221;no-repeat&#8221; scene_position=&#8221;center&#8221; text_color=&#8221;dark&#8221; text_align=&#8221;left&#8221; bottom_padding=&#8221;100&#8243;][vc_column width=&#8221;1\/3&#8243; enable_animation=&#8221;true&#8221; animation=&#8221;fade-in-from-left&#8221; delay=&#8221;2s&#8221; column_padding=&#8221;no-extra-padding&#8221; background_color_opacity=&#8221;1&#8243;][fancy-ul icon_type=&#8221;standard_dash&#8221; icon=&#8221;icon-glass&#8221; color=&#8221;Accent-Color&#8221; enable_animation=&#8221;true&#8221;]<\/p>\n<ul>\n<li><strong>C\u00e1c tr\u01b0\u1eddng \u0111\u1ea1i h\u1ecdc n\u1ed5i ti\u1ebfng th\u1ebf gi\u1edbi. <\/strong>Ontario cung c\u1ea5p m\u1ed9t s\u1ed1 c\u01a1 h\u1ed9i h\u1ecdc t\u1eadp sau trung h\u1ecdc t\u1ed1t nh\u1ea5t tr\u00ean th\u1ebf gi\u1edbi, bao g\u1ed3m c\u00e1c tr\u01b0\u1eddng d\u1eabn \u0111\u1ea7u v\u1ec1 nghi\u00ean c\u1ee9u v\u00e0 \u0111\u1ed5i m\u1edbi nh\u01b0 \u0110\u1ea1i H\u1ecdc Toronto, \u0110\u1ea1i H\u1ecdc Queen, \u0110\u1ea1i H\u1ecdc Western, \u0110\u1ea1i H\u1ecdc McMaster\u00ae, \u0110\u1ea1i H\u1ecdc York\u00ae v\u00e0 \u0110\u1ea1i H\u1ecdc C\u00f4ng Ngh\u1ec7 Ontario.<\/li>\n<li><strong>R\u1ea5t nhi\u1ec1u l\u1ef1a ch\u1ecdn.<\/strong> Ontario c\u00f3 s\u1ed1 l\u01b0\u1ee3ng tr\u01b0\u1eddng \u0111\u1ea1i h\u1ecdc v\u00e0 cao \u0111\u1eb3ng sau trung h\u1ecdc l\u1edbn nh\u1ea5t so v\u1edbi b\u1ea5t k\u1ef3 t\u1ec9nh bang n\u00e0o t\u1ea1i Canada.<\/li>\n<li><strong>N\u1ec1n gi\u00e1o d\u1ee5c kh\u00f4ng bi\u00ean gi\u1edbi.<\/strong> H\u1ecdc sinh c\u00f3 \u0111\u01b0\u1ee3c l\u1ee3i th\u1ebf c\u1ea1nh tranh v\u00ec b\u1eb1ng c\u1ea5p, ch\u1ee9ng ch\u1ec9 v\u00e0 ch\u1ee9ng nh\u1eadn t\u1eeb c\u00e1c tr\u01b0\u1eddng \u0111\u1ea1i h\u1ecdc v\u00e0 cao \u0111\u1eb3ng c\u1ee7a Ontario \u0111\u01b0\u1ee3c c\u00f4ng nh\u1eadn tr\u00ean to\u00e0n th\u1ebf gi\u1edbi.<\/li>\n<\/ul>\n<p>[\/fancy-ul][\/vc_column][vc_column width=&#8221;1\/3&#8243; enable_animation=&#8221;true&#8221; animation=&#8221;fade-in-from-left&#8221; delay=&#8221;2s&#8221; column_padding=&#8221;no-extra-padding&#8221; background_color_opacity=&#8221;1&#8243;][fancy-ul icon_type=&#8221;standard_dash&#8221; icon=&#8221;icon-glass&#8221; color=&#8221;Accent-Color&#8221; enable_animation=&#8221;true&#8221;]<\/p>\n<ul>\n<li><strong>C\u01a1 h\u1ed9i b\u00ean ngo\u00e0i tr\u01b0\u1eddng h\u1ecdc<\/strong> Gi\u1ea5y ph\u00e9p l\u00e0m vi\u1ec7c ngo\u00e0i khu\u00f4n vi\u00ean tr\u01b0\u1eddng \u0111\u01b0\u1ee3c c\u1ea5p cho c\u00e1c sinh vi\u00ean \u0111\u1ea1i h\u1ecdc v\u00e0 cao \u0111\u1eb3ng to\u00e0n th\u1eddi gian, v\u00ec v\u1eady b\u1ea1n c\u00f3 th\u1ec3 t\u00edch l\u0169y kinh nghi\u1ec7m l\u00e0m vi\u1ec7c qu\u00fd gi\u00e1 \u1edf c\u00e1c t\u1eadp \u0111o\u00e0n trong t\u1ec9nh bang Ontario.<\/li>\n<li><strong>T\u1ef7 l\u1ec7 c\u00f3 vi\u1ec7c l\u00e0m cao nh\u1ea5t.<\/strong> Sinh vi\u00ean t\u1ed1t nghi\u1ec7p \u0111\u1ea1i h\u1ecdc \u1edf Ontario c\u00f3 t\u1ef7 l\u1ec7 c\u00f3 vi\u1ec7c l\u00e0m cao nh\u1ea5t \u1edf Canada v\u1edbi 92%.<\/li>\n<li><strong>C\u00f4ng vi\u1ec7c tuy\u1ec7t v\u1eddi.<\/strong> C\u00e1c th\u00e0nh ph\u1ed1 \u1edf Ontario mang l\u1ea1i c\u01a1 h\u1ed9i vi\u1ec7c l\u00e0m v\u00f4 t\u1eadn. Trung t\u00e2m t\u00e0i ch\u00ednh c\u1ee7a Canada n\u1eb1m \u1edf Toronto, th\u1ee7 \u0111\u00f4 l\u00e0 Ottawa v\u00e0 h\u00e0ng ng\u00e0n t\u1eadp \u0111o\u00e0n \u0111a qu\u1ed1c gia \u0111\u01b0\u1ee3c \u0111\u1eb7t t\u1ea1i t\u1ec9nh bang n\u00e0y.<\/li>\n<li><strong>G\u1ea7n v\u1edbi c\u00e1c c\u01a1 h\u1ed9i t\u1ea1i M\u1ef9.<\/strong> V\u1ecb tr\u00ed c\u1ee7a Ontario n\u1eb1m g\u1ea7n c\u00e1c th\u00e0nh ph\u1ed1 l\u1edbn c\u1ee7a M\u1ef9 nh\u01b0 l\u00e0 New York, Boston v\u00e0 Washington t\u1ea1o c\u01a1 h\u1ed9i ph\u00e1t tri\u1ec3n c\u00e1 nh\u00e2n v\u00e0 ngh\u1ec1 nghi\u1ec7p th\u00f4ng qua c\u00e1c k\u00ec th\u1ef1c t\u1eadp, trao \u0111\u1ed5i sinh vi\u00ean, nghi\u00ean c\u1ee9u sau \u0111\u1ea1i h\u1ecdc v\u00e0 c\u01a1 h\u1ed9i vi\u1ec7c l\u00e0m<\/li>\n<\/ul>\n<p>[\/fancy-ul][\/vc_column][vc_column width=&#8221;1\/3&#8243;][fancy-ul icon_type=&#8221;standard_dash&#8221; icon=&#8221;icon-glass&#8221; color=&#8221;Accent-Color&#8221; enable_animation=&#8221;true&#8221;]<\/p>\n<ul>\n<li><strong>An to\u00e0n v\u00e0 b\u1ea3o m\u1eadt.<\/strong> Ontario l\u00e0 t\u1ec9nh bang an to\u00e0n nh\u1ea5t \u1edf Canada, tr\u00ean c\u1ea3 British Columbia v\u00e0 Quebec.<\/li>\n<li><strong>Th\u00e2n thi\u1ec7n v\u1edbi nh\u1eefng ng\u01b0\u1eddi m\u1edbi \u0111\u1ebfn.<\/strong> Ontario t\u00f4n vinh s\u1ef1 \u0111a d\u1ea1ng. \u0110i\u1ec1u n\u00e0y khuy\u1ebfn kh\u00edch s\u1ef1 h\u00f2a nh\u1eadp v\u00e0 trao \u0111\u1ed5i v\u0103n h\u00f3a, \u0111\u00e0o t\u1ea1o sinh vi\u00ean qu\u1ed1c t\u1ebf tr\u1edf th\u00e0nh nh\u1eefng \u0111\u1ea1i s\u1ee9 to\u00e0n c\u1ea7u v\u1edbi s\u1ef1 hi\u1ec3u bi\u1ebft s\u00e2u s\u1eafc h\u01a1n v\u1ec1 th\u1ebf gi\u1edbi. Nh\u1eefng ng\u01b0\u1eddi m\u1edbi \u0111\u1ebfn c\u00f3 th\u1ec3 l\u00e0m vi\u1ec7c t\u1edbi ba n\u0103m \u1edf Canada v\u00e0 \u0111\u1ee7 \u0111i\u1ec1u ki\u1ec7n n\u1ed9p \u0111\u01a1n xin th\u01b0\u1eddng tr\u00fa nh\u00e2n sau m\u1ed9t n\u0103m l\u00e0m vi\u1ec7c.<\/li>\n<li><strong>Kh\u00f4ng c\u00f3 k\u1ef3 thi c\u00f4ng khai \u0111\u1ec3 v\u00e0o \u0111\u1ea1i h\u1ecdc.<\/strong> H\u1ecdc sinh c\u00f3 th\u1ec3 n\u1ed9p \u0111\u01a1n v\u00e0o \u0111\u1ea1i h\u1ecdc v\u1edbi b\u1eb1ng t\u1ed1t nghi\u1ec7p trung h\u1ecdc Ontario (OSSD). H\u1ecdc sinh t\u1ea1i Tr\u01b0\u1eddng Trung H\u1ecdc Qu\u1ed1c T\u1ebf Columbia c\u00f3 th\u1ec3 n\u1ed9p \u0111\u01a1n tr\u1ef1c ti\u1ebfp v\u00e0o c\u00e1c tr\u01b0\u1eddng \u0111\u1ea1i h\u1ecdc d\u1ef1a tr\u00ean \u0111i\u1ec3m trung b\u00ecnh cu\u1ed1i c\u00f9ng c\u1ee7a m\u00ecnh v\u1edbi s\u00e1u m\u00f4n h\u1ecdc d\u1ef1 b\u1ecb \u0111\u1ea1i h\u1ecdc.<\/li>\n<\/ul>\n<p>[\/fancy-ul][\/vc_column][\/vc_row]<\/p>\n","protected":false},"excerpt":{"rendered":"<p>[vc_row type=&#8221;full_width_background&#8221; bg_position=&#8221;left top&#8221; bg_repeat=&#8221;no-repeat&#8221; scene_position=&#8221;center&#8221; text_color=&#8221;dark&#8221; text_align=&#8221;left&#8221; top_padding=&#8221;50&#8243; bottom_padding=&#8221;50&#8243;][vc_column width=&#8221;1\/1&#8243; enable_animation=&#8221;true&#8221; animation=&#8221;fade-in-from-left&#8221; delay=&#8221;2s&#8221; column_padding=&#8221;no-extra-padding&#8221; background_color_opacity=&#8221;1&#8243; centered_text=&#8221;true&#8221; el_class=&#8221;largerText&#8221;][vc_column_text]Ontario l\u00e0 m\u1ed9t n\u01a1i tuy\u1ec7t v\u1eddi \u0111\u1ec3 h\u1ecdc t\u1eadp, sinh s\u1ed1ng v\u00e0 l\u00e0m vi\u1ec7c. V\u1edbi g\u1ea7n 40% d\u00e2n s\u1ed1 c\u1ea3 n\u01b0\u1edbc s\u1ed1ng \u1edf t\u1ec9nh bang n\u00e0y, Ontario l\u00e0 c\u00e1i n\u00f4i c\u1ee7a m\u1ed9t s\u1ed1 tr\u01b0\u1eddng \u0111\u1ea1i h\u1ecdc v\u00e0 cao [&hellip;]<\/p>\n","protected":false},"author":1,"featured_media":0,"parent":0,"menu_order":14,"comment_status":"open","ping_status":"open","template":"","meta":{"footnotes":""},"_links":{"self":[{"href":"https:\/\/rewrite.cic-totalcare.com\/vi\/wp-json\/wp\/v2\/pages\/132945"}],"collection":[{"href":"https:\/\/rewrite.cic-totalcare.com\/vi\/wp-json\/wp\/v2\/pages"}],"about":[{"href":"https:\/\/rewrite.cic-totalcare.com\/vi\/wp-json\/wp\/v2\/types\/page"}],"author":[{"embeddable":true,"href":"https:\/\/rewrite.cic-totalcare.com\/vi\/wp-json\/wp\/v2\/users\/1"}],"replies":[{"embeddable":true,"href":"https:\/\/rewrite.cic-totalcare.com\/vi\/wp-json\/wp\/v2\/comments?post=132945"}],"version-history":[{"count":12,"href":"https:\/\/rewrite.cic-totalcare.com\/vi\/wp-json\/wp\/v2\/pages\/132945\/revisions"}],"predecessor-version":[{"id":133093,"href":"https:\/\/rewrite.cic-totalcare.com\/vi\/wp-json\/wp\/v2\/pages\/132945\/revisions\/133093"}],"wp:attachment":[{"href":"https:\/\/rewrite.cic-totalcare.com\/vi\/wp-json\/wp\/v2\/media?parent=132945"}],"curies":[{"name":"wp","href":"https:\/\/api.w.org\/{rel}","templated":true}]}}