{"id":133186,"date":"2024-06-14T07:00:29","date_gmt":"2024-06-14T11:00:29","guid":{"rendered":"https:\/\/www.cic-totalcare.com\/tam-nhin-su-menh\/"},"modified":"2024-06-14T13:56:05","modified_gmt":"2024-06-14T17:56:05","slug":"vision-and-mission","status":"publish","type":"page","link":"https:\/\/rewrite.cic-totalcare.com\/vi\/vision-and-mission\/","title":{"rendered":"T\u1ea7m Nh\u00ecn &amp; S\u1ee9 M\u1ec7nh"},"content":{"rendered":"<p>[vc_row type=&#8221;full_width_background&#8221; full_screen_row_position=&#8221;middle&#8221; bg_color=&#8221;#ffffff&#8221; scene_position=&#8221;center&#8221; text_color=&#8221;dark&#8221; text_align=&#8221;center&#8221; top_padding=&#8221;15&#8243; bottom_padding=&#8221;50&#8243; class=&#8221;cbg&#8221; overlay_strength=&#8221;0.3&#8243;][vc_column enable_animation=&#8221;true&#8221; animation=&#8221;fade-in-from-left&#8221; column_padding=&#8221;no-extra-padding&#8221; column_padding_position=&#8221;all&#8221; background_color_opacity=&#8221;1&#8243; background_hover_color_opacity=&#8221;1&#8243; column_shadow=&#8221;none&#8221; width=&#8221;1\/1&#8243; tablet_text_alignment=&#8221;default&#8221; phone_text_alignment=&#8221;default&#8221; column_border_width=&#8221;none&#8221; column_border_style=&#8221;solid&#8221; delay=&#8221;2s&#8221;][vc_column_text]<\/p>\n<h2 class=\"title-main\">T\u1ea7m nh\u00ecn c\u1ee7a nh\u00e0 tr\u01b0\u1eddng<\/h2>\n<p>[\/vc_column_text][vc_column_text]<\/p>\n<p class=\"jumptxt\">Tr\u1edf th\u00e0nh ng\u00f4i tr\u01b0\u1eddng quan t\u00e2m chu \u0111\u00e1o nh\u1ea5t th\u1ebf gi\u1edbi.<\/p>\n<p>[\/vc_column_text][\/vc_column][\/vc_row][vc_row type=&#8221;full_width_background&#8221; full_screen_row_position=&#8221;middle&#8221; bg_color=&#8221;#676767&#8243; scene_position=&#8221;center&#8221; text_color=&#8221;light&#8221; text_align=&#8221;center&#8221; top_padding=&#8221;100&#8243; bottom_padding=&#8221;100&#8243; overlay_strength=&#8221;0.3&#8243;][vc_column enable_animation=&#8221;true&#8221; animation=&#8221;fade-in-from-left&#8221; column_padding=&#8221;no-extra-padding&#8221; column_padding_position=&#8221;all&#8221; background_color_opacity=&#8221;1&#8243; background_hover_color_opacity=&#8221;1&#8243; column_shadow=&#8221;none&#8221; width=&#8221;1\/1&#8243; tablet_text_alignment=&#8221;default&#8221; phone_text_alignment=&#8221;default&#8221; column_border_width=&#8221;none&#8221; column_border_style=&#8221;solid&#8221; delay=&#8221;2s&#8221;][vc_column_text]<\/p>\n<h2 class=\"title-main\">S\u1ee9 m\u1ec7nh c\u1ee7a nh\u00e0 tr\u01b0\u1eddng<\/h2>\n<p>[\/vc_column_text][vc_column_text]<\/p>\n<p class=\"jumptxt\">Mang l\u1ea1i s\u1ef1 an t\u00e2m cho ph\u1ee5 huynh v\u00e0 th\u00fac \u0111\u1ea9y s\u1ef1 th\u00e0nh c\u00f4ng c\u1ee7a h\u1ecdc sinh.<\/p>\n<p>[\/vc_column_text][divider line_type=&#8221;No Line&#8221; custom_height=&#8221;15px&#8221;][\/vc_column][\/vc_row][vc_row type=&#8221;full_width_background&#8221; full_screen_row_position=&#8221;middle&#8221; bg_color=&#8221;#676767&#8243; scene_position=&#8221;center&#8221; text_color=&#8221;light&#8221; text_align=&#8221;left&#8221; bottom_padding=&#8221;100&#8243; disable_element=&#8221;yes&#8221; overlay_strength=&#8221;0.3&#8243;][vc_column enable_animation=&#8221;true&#8221; animation=&#8221;fade-in-from-left&#8221; column_padding=&#8221;no-extra-padding&#8221; column_padding_position=&#8221;all&#8221; background_color_opacity=&#8221;1&#8243; background_hover_color_opacity=&#8221;1&#8243; column_shadow=&#8221;none&#8221; width=&#8221;1\/2&#8243; tablet_text_alignment=&#8221;default&#8221; phone_text_alignment=&#8221;default&#8221; column_border_width=&#8221;none&#8221; column_border_style=&#8221;solid&#8221; delay=&#8221;2s&#8221;][fancy-ul icon_type=&#8221;none&#8221; alignment=&#8221;left&#8221;]<\/p>\n<ul>\n<li>\u2022 \u0110\u1ed1i x\u1eed v\u1edbi h\u1ecdc sinh, ph\u1ee5 huynh v\u00e0 v\u1edbi nhau m\u1ed9t c\u00e1ch t\u00f4n tr\u1ecdng v\u00e0 b\u00ecnh \u0111\u1eb3ng<\/li>\n<\/ul>\n<p>[\/fancy-ul][fancy-ul icon_type=&#8221;none&#8221; alignment=&#8221;left&#8221;]<\/p>\n<ul>\n<li>\u2022 Giao ti\u1ebfp c\u1edfi m\u1edf v\u00e0 trung th\u1ef1c<\/li>\n<\/ul>\n<p>[\/fancy-ul][\/vc_column][vc_column column_padding=&#8221;no-extra-padding&#8221; column_padding_position=&#8221;all&#8221; background_color_opacity=&#8221;1&#8243; background_hover_color_opacity=&#8221;1&#8243; column_shadow=&#8221;none&#8221; width=&#8221;1\/2&#8243; tablet_text_alignment=&#8221;default&#8221; phone_text_alignment=&#8221;default&#8221; column_border_width=&#8221;none&#8221; column_border_style=&#8221;solid&#8221;][fancy-ul icon_type=&#8221;none&#8221; alignment=&#8221;left&#8221;]<\/p>\n<ul>\n<li>\u2022 T\u00f4n vinh s\u1ef1 \u0111a d\u1ea1ng gi\u1eefa c\u00e1c n\u1ec1n v\u0103n h\u00f3a<\/li>\n<\/ul>\n<p>[\/fancy-ul][fancy-ul icon_type=&#8221;none&#8221; alignment=&#8221;left&#8221;]<\/p>\n<ul>\n<li>\u2022 Tri\u1ec3n khai nh\u1eefng c\u00e1ch th\u1ee9c m\u1edbi \u0111\u1ec3 c\u1ea3i thi\u1ec7n H\u1ec7 Th\u1ed1ng Gi\u00e1o D\u1ee5c Ch\u0103m S\u00f3c To\u00e0n di\u1ec7n\u00ae, c\u00e1c d\u1ecbch v\u1ee5 v\u00e0 m\u00f4i tr\u01b0\u1eddng n\u1ed9i b\u1ed9 c\u1ee7a nh\u00e0 tr\u01b0\u1eddng<\/li>\n<\/ul>\n<p>[\/fancy-ul][\/vc_column][\/vc_row][vc_row type=&#8221;full_width_background&#8221; full_screen_row_position=&#8221;middle&#8221; bg_color=&#8221;#ffffff&#8221; scene_position=&#8221;center&#8221; text_color=&#8221;dark&#8221; text_align=&#8221;left&#8221; top_padding=&#8221;100&#8243; bottom_padding=&#8221;100&#8243; overlay_strength=&#8221;0.3&#8243;][vc_column enable_animation=&#8221;true&#8221; animation=&#8221;fade-in-from-left&#8221; centered_text=&#8221;true&#8221; column_padding=&#8221;no-extra-padding&#8221; column_padding_position=&#8221;all&#8221; background_color_opacity=&#8221;1&#8243; background_hover_color_opacity=&#8221;1&#8243; column_shadow=&#8221;none&#8221; el_class=&#8221;largerText&#8221; width=&#8221;1\/1&#8243; tablet_text_alignment=&#8221;default&#8221; phone_text_alignment=&#8221;default&#8221; column_border_width=&#8221;none&#8221; column_border_style=&#8221;solid&#8221; delay=&#8221;2s&#8221;][vc_column_text]<\/p>\n<p>Tr\u01b0\u1eddng Trung H\u1ecdc Columbia l\u00e0 ng\u00f4i tr\u01b0\u1eddng t\u01b0 th\u1ee5c n\u1ed9i tr\u00fa v\u00e0 tr\u01b0\u1eddng d\u1ef1 b\u1ecb \u0111\u1ea1i h\u1ecdc h\u00e0ng \u0111\u1ea7u c\u1ee7a Canada.<\/p>\n<p>[\/vc_column_text][vc_column_text]M\u1ed9t l\u00ed do \u0111\u01a1n gi\u1ea3n ch\u00ednh l\u00e0 \u0111\u1ed9i ng\u0169 nh\u00e2n vi\u00ean v\u00e0 gi\u00e1o vi\u00ean c\u1ee7a tr\u01b0\u1eddng Columbia lu\u00f4n l\u00e0m vi\u1ec7c h\u1ebft m\u00ecnh \u0111\u1ec3 \u0111em l\u1ea1i n\u1ec1n gi\u00e1o d\u1ee5c \u0111\u1eb3ng c\u1ea5p th\u1ebf gi\u1edbi<br \/>\nv\u00e0 truy\u1ec1n \u0111\u1ea1t kinh nghi\u1ec7m s\u1ed1ng cho h\u1ecdc sinh.[\/vc_column_text][\/vc_column][\/vc_row][vc_row type=&#8221;full_width_background&#8221; full_screen_row_position=&#8221;middle&#8221; bg_color=&#8221;#676767&#8243; scene_position=&#8221;center&#8221; text_color=&#8221;light&#8221; text_align=&#8221;center&#8221; top_padding=&#8221;100&#8243; class=&#8221;cbg&#8221; overlay_strength=&#8221;0.3&#8243;][vc_column enable_animation=&#8221;true&#8221; animation=&#8221;fade-in-from-left&#8221; column_padding=&#8221;no-extra-padding&#8221; column_padding_position=&#8221;all&#8221; background_color_opacity=&#8221;1&#8243; background_hover_color_opacity=&#8221;1&#8243; column_shadow=&#8221;none&#8221; width=&#8221;1\/1&#8243; tablet_text_alignment=&#8221;default&#8221; phone_text_alignment=&#8221;default&#8221; column_border_width=&#8221;none&#8221; column_border_style=&#8221;solid&#8221; delay=&#8221;2s&#8221;][vc_column_text]<\/p>\n<h2 class=\"title-main\">S\u1ef1 cam k\u1ebft c\u1ee7a nh\u00e0 tr\u01b0\u1eddng v\u1ec1 t\u00ednh h\u00f2a nh\u1eadp<\/h2>\n<p>[\/vc_column_text][\/vc_column][\/vc_row][vc_row type=&#8221;full_width_background&#8221; full_screen_row_position=&#8221;middle&#8221; bg_color=&#8221;#676767&#8243; scene_position=&#8221;center&#8221; text_color=&#8221;light&#8221; text_align=&#8221;left&#8221; top_padding=&#8221;25&#8243; bottom_padding=&#8221;100&#8243; class=&#8221;cbg&#8221; overlay_strength=&#8221;0.3&#8243;][vc_column enable_animation=&#8221;true&#8221; animation=&#8221;fade-in-from-left&#8221; column_padding=&#8221;no-extra-padding&#8221; column_padding_position=&#8221;all&#8221; background_color_opacity=&#8221;1&#8243; background_hover_color_opacity=&#8221;1&#8243; column_shadow=&#8221;none&#8221; width=&#8221;1\/3&#8243; tablet_text_alignment=&#8221;default&#8221; phone_text_alignment=&#8221;default&#8221; column_border_width=&#8221;none&#8221; column_border_style=&#8221;solid&#8221; delay=&#8221;2s&#8221;][vc_column_text]<\/p>\n<p>Tr\u01b0\u1eddng Trung H\u1ecdc Qu\u1ed1c T\u1ebf Columbia cam k\u1ebft \u0111em l\u1ea1i m\u00f4i tr\u01b0\u1eddng h\u1ecdc t\u1eadp l\u1ea5y h\u1ecdc sinh l\u00e0m tr\u1ecdng t\u00e2m. Nh\u00e0 tr\u01b0\u1eddng hi\u1ec3u r\u1eb1ng s\u1ef1 t\u1eadp trung v\u00e0o vi\u1ec7c \u0111\u00e1p \u1ee9ng nhu c\u1ea7u c\u1ee7a t\u1ea5t c\u1ea3 h\u1ecdc sinh s\u1ebd gi\u00fap tr\u01b0\u1eddng x\u00e2y d\u1ef1ng s\u1ef1 tin t\u01b0\u1edfng v\u00e0 t\u1ef1 tin trong c\u1ed9ng \u0111\u1ed3ng h\u1ecdc sinh.<\/p>\n<p>[\/vc_column_text][\/vc_column][vc_column enable_animation=&#8221;true&#8221; animation=&#8221;fade-in-from-left&#8221; column_padding=&#8221;no-extra-padding&#8221; column_padding_position=&#8221;all&#8221; background_color_opacity=&#8221;1&#8243; background_hover_color_opacity=&#8221;1&#8243; column_shadow=&#8221;none&#8221; width=&#8221;1\/3&#8243; tablet_text_alignment=&#8221;default&#8221; phone_text_alignment=&#8221;default&#8221; column_border_width=&#8221;none&#8221; column_border_style=&#8221;solid&#8221; delay=&#8221;2s&#8221;][vc_column_text]<\/p>\n<p>Nh\u00e0 tr\u01b0\u1eddng \u0111\u1ec1 cao t\u00ednh t\u01b0\u01a1ng th\u00edch v\u1edbi Quy\u1ec1n Tr\u1ee3 N\u0103ng cho ng\u01b0\u1eddi d\u00e2n Ontario v\u00e0 \u0111\u1ea1o lu\u1eadt Ng\u01b0\u1eddi Khuy\u1ebft T\u1eadt. Nh\u00e0 tr\u01b0\u1eddng cam k\u1ebft tu\u00e2n th\u1ee7 c\u00e1c ti\u00eau chu\u1ea9n c\u1ee7a Ontario \u0111\u1ec3 cung c\u1ea5p d\u1ecbch v\u1ee5 ph\u00f9 h\u1ee3p cho t\u1ea5t c\u1ea3 h\u1ecdc sinh, ph\u1ee5 huynh v\u00e0 kh\u00e1ch gh\u00e9 th\u0103m v\u00e0 k\u1ec3 c\u1ea3 nh\u1eefng ng\u01b0\u1eddi khuy\u1ebft t\u1eadt.<\/p>\n<p>[\/vc_column_text][\/vc_column][vc_column enable_animation=&#8221;true&#8221; animation=&#8221;fade-in-from-left&#8221; column_padding=&#8221;no-extra-padding&#8221; column_padding_position=&#8221;all&#8221; background_color_opacity=&#8221;1&#8243; background_hover_color_opacity=&#8221;1&#8243; column_shadow=&#8221;none&#8221; width=&#8221;1\/3&#8243; tablet_text_alignment=&#8221;default&#8221; phone_text_alignment=&#8221;default&#8221; column_border_width=&#8221;none&#8221; column_border_style=&#8221;solid&#8221; delay=&#8221;2s&#8221;][vc_column_text]B\u1ea1n c\u00f3 th\u1ec3 xem <strong><a title=\"ch\u00ednh s\u00e1ch c\u1ee7a Columbia v\u1ec1 Quy\u1ec1n Tr\u1ee3 N\u0103ng cho ng\u01b0\u1eddi d\u00e2n Ontario v\u1edbi \u0111\u1ea1o lu\u1eadt Ng\u01b0\u1eddi Khuy\u1ebft T\u1eadt\" href=\"http:\/\/www.cic-totalcare.com\/home\/accessibility\/\" target=\"_blank\" rel=\"noopener\">c\u00e1c ch\u00ednh s\u00e1ch c\u1ee7a Columbia v\u1ec1 Quy\u1ec1n Tr\u1ee3 N\u0103ng cho ng\u01b0\u1eddi d\u00e2n Ontario v\u1edbi \u0111\u1ea1o lu\u1eadt Ng\u01b0\u1eddi Khuy\u1ebft T\u1eadt c\u00f9ng v\u1edbi k\u1ebf ho\u1ea1ch l\u00e2u d\u00e0i nhi\u1ec1u n\u0103m c\u1ee7a Columbia<\/a><\/strong>. N\u1ebfu b\u1ea1n c\u00f3 b\u1ea5t k\u1ef3 c\u00e2u h\u1ecfi n\u00e0o v\u1ec1 ch\u00ednh s\u00e1ch n\u00e0y ho\u1eb7c mu\u1ed1n cung c\u1ea5p cho ch\u00fang t\u00f4i ph\u1ea3n h\u1ed3i v\u1ec1 c\u00e1ch ch\u00fang t\u00f4i \u0111ang th\u1ef1c hi\u1ec7n, <a href=\"mailto:hr.assistant@cic-totalcare.com\" rel=\"nofollow\"><strong>h\u00e3y g\u1eedi email cho ch\u00fang t\u00f4i<\/strong><\/a> \u0111\u1ec3 l\u1ea5y m\u1eabu ph\u1ea3n h\u1ed3i ho\u1eb7c g\u1ecdi cho B\u1ed9 ph\u1eadn Nh\u00e2n s\u1ef1 theo s\u1ed1 (905) 572-7883.[\/vc_column_text][\/vc_column][\/vc_row]<\/p>\n","protected":false},"excerpt":{"rendered":"<p>[vc_row type=&#8221;full_width_background&#8221; full_screen_row_position=&#8221;middle&#8221; bg_color=&#8221;#ffffff&#8221; scene_position=&#8221;center&#8221; text_color=&#8221;dark&#8221; text_align=&#8221;center&#8221; top_padding=&#8221;15&#8243; bottom_padding=&#8221;50&#8243; class=&#8221;cbg&#8221; overlay_strength=&#8221;0.3&#8243;][vc_column enable_animation=&#8221;true&#8221; animation=&#8221;fade-in-from-left&#8221; column_padding=&#8221;no-extra-padding&#8221; column_padding_position=&#8221;all&#8221; background_color_opacity=&#8221;1&#8243; background_hover_color_opacity=&#8221;1&#8243; column_shadow=&#8221;none&#8221; width=&#8221;1\/1&#8243; tablet_text_alignment=&#8221;default&#8221; phone_text_alignment=&#8221;default&#8221; column_border_width=&#8221;none&#8221; column_border_style=&#8221;solid&#8221; delay=&#8221;2s&#8221;][vc_column_text] T\u1ea7m nh\u00ecn c\u1ee7a nh\u00e0 tr\u01b0\u1eddng [\/vc_column_text][vc_column_text] Tr\u1edf th\u00e0nh ng\u00f4i tr\u01b0\u1eddng quan t\u00e2m chu \u0111\u00e1o nh\u1ea5t th\u1ebf gi\u1edbi. [\/vc_column_text][\/vc_column][\/vc_row][vc_row type=&#8221;full_width_background&#8221; full_screen_row_position=&#8221;middle&#8221; bg_color=&#8221;#676767&#8243; scene_position=&#8221;center&#8221; text_color=&#8221;light&#8221; text_align=&#8221;center&#8221; top_padding=&#8221;100&#8243; bottom_padding=&#8221;100&#8243; overlay_strength=&#8221;0.3&#8243;][vc_column enable_animation=&#8221;true&#8221; animation=&#8221;fade-in-from-left&#8221; column_padding=&#8221;no-extra-padding&#8221; column_padding_position=&#8221;all&#8221; [&hellip;]<\/p>\n","protected":false},"author":1,"featured_media":0,"parent":0,"menu_order":11,"comment_status":"open","ping_status":"open","template":"","meta":{"footnotes":""},"_links":{"self":[{"href":"https:\/\/rewrite.cic-totalcare.com\/vi\/wp-json\/wp\/v2\/pages\/133186"}],"collection":[{"href":"https:\/\/rewrite.cic-totalcare.com\/vi\/wp-json\/wp\/v2\/pages"}],"about":[{"href":"https:\/\/rewrite.cic-totalcare.com\/vi\/wp-json\/wp\/v2\/types\/page"}],"author":[{"embeddable":true,"href":"https:\/\/rewrite.cic-totalcare.com\/vi\/wp-json\/wp\/v2\/users\/1"}],"replies":[{"embeddable":true,"href":"https:\/\/rewrite.cic-totalcare.com\/vi\/wp-json\/wp\/v2\/comments?post=133186"}],"version-history":[{"count":6,"href":"https:\/\/rewrite.cic-totalcare.com\/vi\/wp-json\/wp\/v2\/pages\/133186\/revisions"}],"predecessor-version":[{"id":133206,"href":"https:\/\/rewrite.cic-totalcare.com\/vi\/wp-json\/wp\/v2\/pages\/133186\/revisions\/133206"}],"wp:attachment":[{"href":"https:\/\/rewrite.cic-totalcare.com\/vi\/wp-json\/wp\/v2\/media?parent=133186"}],"curies":[{"name":"wp","href":"https:\/\/api.w.org\/{rel}","templated":true}]}}