{"id":14518,"date":"2019-09-18T21:25:35","date_gmt":"2019-09-18T21:25:35","guid":{"rendered":"https:\/\/www.cic-totalcare.com\/he-thong-giao-duc-ontario\/"},"modified":"2019-11-18T15:30:29","modified_gmt":"2019-11-18T15:30:29","slug":"ontario-education-system","status":"publish","type":"page","link":"https:\/\/rewrite.cic-totalcare.com\/vi\/total-care-education\/total-care-learning\/ontario-education-system\/","title":{"rendered":"H\u1ec6 TH\u1ed0NG GI\u00c1O D\u1ee4C ONTARIO"},"content":{"rendered":"<p>[vc_row type=&#8221;in_container&#8221; full_screen_row_position=&#8221;middle&#8221; scene_position=&#8221;center&#8221; text_color=&#8221;dark&#8221; text_align=&#8221;left&#8221; top_padding=&#8221;50&#8243; bottom_padding=&#8221;25&#8243; overlay_strength=&#8221;0.3&#8243;][vc_column enable_animation=&#8221;true&#8221; animation=&#8221;fade-in-from-left&#8221; column_padding=&#8221;no-extra-padding&#8221; column_padding_position=&#8221;all&#8221; background_color_opacity=&#8221;1&#8243; background_hover_color_opacity=&#8221;1&#8243; column_shadow=&#8221;none&#8221; width=&#8221;1\/2&#8243; tablet_text_alignment=&#8221;default&#8221; phone_text_alignment=&#8221;default&#8221; column_border_width=&#8221;none&#8221; column_border_style=&#8221;solid&#8221; delay=&#8221;2s&#8221;][vc_column_text]<\/p>\n<p>Ch\u00fang t\u00f4i t\u1eadn d\u1ee5ng h\u1ec7 th\u1ed1ng gi\u00e1o d\u1ee5c ph\u1ed5 th\u00f4ng Ontario \u0111\u1ec3 m\u1edf ra nhi\u1ec1u m\u00f4n h\u1ecdc d\u1ef1a tr\u00ean k\u00ec h\u1ecdc v\u00e0 t\u00edn ch\u1ec9. H\u1ecdc sinh c\u1ea7n \u00edt nh\u1ea5t 30 t\u00edn ch\u1ec9 \u0111\u1ec3 ho\u00e0n th\u00e0nh b\u1eadc trung h\u1ecdc ph\u1ed5 th\u00f4ng v\u00e0 \u0111\u1ea1t <a href=\"http:\/\/www.cic-totalcare.com\/total-care-education\/total-care-learning\/ontario-education-system\/#OSSD\"><strong>B\u1eb1ng T\u00fa T\u00e0i Ontario (OSSD)<\/strong><\/a>. Columbia ghi nh\u1eadn v\u00e0 trao t\u00edn ch\u1ec9 cho nh\u1eefng h\u1ecdc sinh \u0111\u00e3 ho\u00e0n thanh nh\u1eefng m\u00f4n h\u1ecdc t\u1ea1i tr\u01b0\u1eddng Trung h\u1ecdc Ph\u1ed5 th\u00f4ng t\u1ea1i n\u01b0\u1edbc nh\u00e0.<\/p>\n<p>[\/vc_column_text][\/vc_column][vc_column column_padding=&#8221;no-extra-padding&#8221; column_padding_position=&#8221;all&#8221; background_color_opacity=&#8221;1&#8243; background_hover_color_opacity=&#8221;1&#8243; column_shadow=&#8221;none&#8221; width=&#8221;1\/2&#8243; tablet_text_alignment=&#8221;default&#8221; phone_text_alignment=&#8221;default&#8221; column_border_width=&#8221;none&#8221; column_border_style=&#8221;solid&#8221;][vc_column_text]<\/p>\n<p>V\u00ec v\u1eady, h\u1ecdc sinh ch\u1ec9 c\u1ea7n ho\u00e0n th\u00e0nh nh\u1eefng m\u00f4n h\u1ecdc c\u00f2n l\u1ea1i \u0111\u1ec3 \u0111\u1ee7 t\u00edn ch\u1ec9 t\u1ed1t nghi\u1ec7p. H\u1ecdc sinh c\u00f3 th\u1ec3 l\u1ef1a ch\u1ecdn m\u00f4n h\u1ecdc \u0111\u1ec3 l\u1ea5y t\u00edn ch\u1ec9 theo h\u1ecdc k\u00ec d\u1ef1a tr\u00ean kh\u1ea3 n\u0103ng h\u1ecdc t\u1eadp v\u00e0 s\u1ef1 h\u1ee9ng th\u00fa c\u1ee7a b\u1ea3n th\u00e2n.<\/p>\n<p>[\/vc_column_text][\/vc_column][\/vc_row][vc_row type=&#8221;full_width_background&#8221; full_screen_row_position=&#8221;middle&#8221; bg_color=&#8221;#666666&#8243; scene_position=&#8221;center&#8221; text_color=&#8221;light&#8221; text_align=&#8221;center&#8221; top_padding=&#8221;100&#8243; bottom_padding=&#8221;0&#8243; class=&#8221;cbg&#8221; overlay_strength=&#8221;0.3&#8243;][vc_column enable_animation=&#8221;true&#8221; animation=&#8221;fade-in-from-left&#8221; column_padding=&#8221;no-extra-padding&#8221; column_padding_position=&#8221;all&#8221; background_color_opacity=&#8221;1&#8243; background_hover_color_opacity=&#8221;1&#8243; column_shadow=&#8221;none&#8221; width=&#8221;1\/1&#8243; tablet_text_alignment=&#8221;default&#8221; phone_text_alignment=&#8221;default&#8221; column_border_width=&#8221;none&#8221; column_border_style=&#8221;solid&#8221; delay=&#8221;2s&#8221;][vc_column_text]<br \/>\n<strong>L\u1ed8 tr\u00ecnh t\u1ed1i \u01b0u t\u1edbi tr\u01b0\u1eddng \u0111\u1ea1i h\u1ecdc danh gi\u00e1.<\/strong><br \/>\n[\/vc_column_text][\/vc_column][\/vc_row][vc_row type=&#8221;full_width_background&#8221; full_screen_row_position=&#8221;middle&#8221; bg_color=&#8221;#666666&#8243; scene_position=&#8221;center&#8221; text_color=&#8221;light&#8221; text_align=&#8221;left&#8221; top_padding=&#8221;25&#8243; bottom_padding=&#8221;100&#8243; class=&#8221;cbg dark-bg&#8221; overlay_strength=&#8221;0.3&#8243;][vc_column enable_animation=&#8221;true&#8221; animation=&#8221;fade-in-from-left&#8221; column_padding=&#8221;no-extra-padding&#8221; column_padding_position=&#8221;all&#8221; background_color_opacity=&#8221;1&#8243; background_hover_color_opacity=&#8221;1&#8243; column_shadow=&#8221;none&#8221; width=&#8221;1\/2&#8243; tablet_text_alignment=&#8221;default&#8221; phone_text_alignment=&#8221;default&#8221; column_border_width=&#8221;none&#8221; column_border_style=&#8221;solid&#8221; delay=&#8221;2s&#8221;][vc_column_text]<br \/>\n<strong>3 ho\u1eb7c 4 n\u0103m h\u1ecdc \u0110\u1ea1i h\u1ecdc<\/strong><\/p>\n<p>D\u1ef1a tr\u00ean \u0111i\u1ec3m s\u1ed1 cu\u1ed1i c\u00f9ng c\u1ee7a 6 m\u00f4n h\u1ecdc d\u1ef1 b\u1ecb \u0110\u1ea1i h\u1ecdc t\u1ea1i Columbia, sinh vi\u00ean t\u1ed1t nghi\u1ec7p s\u1ebd c\u00f3 \u0111\u1ee7 \u0111i\u1ec1u ki\u1ec7n \u0111\u1ec3 \u0111\u01b0\u1ee3c nh\u1eadn tr\u1ef1c ti\u1ebfp v\u00e0o n\u0103m nh\u1ea5t \u0110\u1ea1i h\u1ecdc c\u1ee7a c\u00e1c tr\u01b0\u1eddng \u0110\u1ea1i h\u1ecdc \u1edf Canada, M\u1ef9, Anh, \u00dac v\u00e0 New Zealand.[\/vc_column_text][vc_row_inner column_margin=&#8221;default&#8221; text_align=&#8221;left&#8221;][vc_column_inner column_padding=&#8221;no-extra-padding&#8221; column_padding_position=&#8221;all&#8221; background_color_opacity=&#8221;1&#8243; width=&#8221;1\/1&#8243; column_border_width=&#8221;none&#8221; column_border_style=&#8221;solid&#8221;][divider line_type=&#8221;No Line&#8221; custom_height=&#8221;25&#8243;][fancy-ul icon_type=&#8221;standard_dash&#8221; color=&#8221;Accent-Color&#8221; alignment=&#8221;left&#8221;]<br \/>\n<strong>N\u0102M H\u1eccC<\/strong><\/p>\n<p>N\u0103m h\u1ecdc \u0111\u01b0\u1ee3c t\u1ed5 ch\u1ee9c b\u1edfi c\u00e1c h\u1ecdc k\u1ef3.<\/p>\n<ul>\n<li>H\u1ecdc k\u1ef3 m\u00f9a thu (th\u00e1ng 8 \u0111\u1ebfn th\u00e1ng 12)<\/li>\n<li>H\u1ecdc k\u1ef3 m\u00f9a \u0111\u00f4ng (th\u00e1ng 1 \u0111\u1ebfn th\u00e1ng 5)<\/li>\n<li>H\u1ecdc k\u1ef3 m\u00f9a h\u00e8 (th\u00e1ng 6 \u0111\u1ebfn th\u00e1ng 7)<\/li>\n<\/ul>\n<p><strong>C\u00e1c m\u00f4n h\u1ecdc \u0111\u01b0\u1ee3c ho\u00e0n th\u00e0nh trong m\u1ed7i h\u1ecdc k\u1ef3<\/strong><\/p>\n<ul>\n<li>H\u1ecdc sinh c\u00f3 th\u1ec3 h\u1ecdc t\u1ed1i \u0111a 3 ho\u1eb7c 4 m\u00f4n h\u1ecdc trong c\u00e1c h\u1ecdc k\u1ef3 m\u00f9a thu v\u00e0 m\u00f9a \u0111\u00f4ng<\/li>\n<li>H\u1ecdc sinh c\u00f3 th\u1ec3 h\u1ecdc t\u1ed1i \u0111a 2 m\u00f4n h\u1ecdc trong h\u1ecdc k\u1ef3 m\u00f9a h\u00e8<\/li>\n<\/ul>\n<p><strong>Sinh vi\u00ean nh\u1eadn \u0111\u01b0\u1ee3c t\u00edn ch\u1ec9 m\u00f4n h\u1ecdc m\u1ed7i m\u00f4n h\u1ecdc ho\u00e0n th\u00e0nh th\u00e0nh c\u00f4ng.<\/strong>[\/fancy-ul][\/vc_column_inner][\/vc_row_inner][\/vc_column][vc_column enable_animation=&#8221;true&#8221; animation=&#8221;fade-in-from-left&#8221; column_padding=&#8221;no-extra-padding&#8221; column_padding_position=&#8221;all&#8221; background_color_opacity=&#8221;1&#8243; background_hover_color_opacity=&#8221;1&#8243; column_shadow=&#8221;none&#8221; width=&#8221;1\/2&#8243; tablet_text_alignment=&#8221;default&#8221; phone_text_alignment=&#8221;default&#8221; column_border_width=&#8221;none&#8221; column_border_style=&#8221;solid&#8221; delay=&#8221;2s&#8221;][vc_column_text]<br \/>\n<strong>KH\u00d4NG C\u1ea6N THI T\u1ed0T NGHI\u1ec6P QU\u1ed0C GIA<\/strong><\/p>\n<p>Sau khi ho\u00e0n th\u00e0nh 30 t\u00edn ch\u1ec9, bao g\u1ed3m c\u1ea3 t\u00edn ch\u1ec9 \u0111\u00e3 \u0111\u01b0\u1ee3c ho\u00e0n th\u00e0nh t\u1ea1i tr\u01b0\u1eddng h\u1ecdc c\u0169, h\u1ecdc sinh s\u1ebd nh\u1eadn \u0111\u01b0\u1ee3c b\u1eb1ng T\u00fa T\u00e0i Ontario (OSSD).[\/vc_column_text][vc_row_inner column_margin=&#8221;default&#8221; text_align=&#8221;left&#8221;][vc_column_inner column_padding=&#8221;no-extra-padding&#8221; column_padding_position=&#8221;all&#8221; background_color_opacity=&#8221;1&#8243; width=&#8221;1\/1&#8243; column_border_width=&#8221;none&#8221; column_border_style=&#8221;solid&#8221;][divider line_type=&#8221;No Line&#8221; custom_height=&#8221;25&#8243;][fancy-ul icon_type=&#8221;standard_dash&#8221; color=&#8221;Accent-Color&#8221; alignment=&#8221;left&#8221;]<br \/>\n<strong>T\u1ed0T NGHI\u1ec6P<\/strong><\/p>\n<ul>\n<li>H\u1ecdc sinh c\u1ea7n ph\u1ea3i ho\u00e0n th\u00e0nh \u0111\u1ee7 30 t\u00edn ch\u1ec9 \u0111\u1ec3 t\u1ed1t nghi\u1ec7p Trung h\u1ecdc Ph\u1ed5 th\u00f4ng<\/li>\n<li>M\u1ed7i t\u00edn ch\u1ec9 t\u01b0\u01a1ng \u0111\u01b0\u01a1ng v\u1edbi 110 gi\u1edd h\u1ecdc<\/li>\n<li>H\u1ecdc sinh t\u1ed1t nghi\u1ec7p c\u00f3 th\u1ec3 h\u1ecdc 330 gi\u1edd (110 gi\u1edd x 3) \u1edf To\u00e1n h\u1ecdc bao g\u1ed3m H\u00e0m s\u1ed1 N\u00e2ng cao, Gi\u1ea3i t\u00edch v\u00e0 H\u01b0\u1edbng L\u01b0\u1ee3ng, v\u00e0 Qu\u1ea3n L\u00ed D\u1eef li\u1ec7u<\/li>\n<li>B\u1eb1ng T\u00fa t\u00e0i Ontario \u0111\u01b0\u1ee3c trao cho nh\u1eefng h\u1ecdc sinh h\u1ecdc l\u1edbp 12 (ch\u01b0\u01a1ng tr\u00ecnh d\u1ef1 b\u1ecb \u0111\u1ea1i h\u1ecdc)<\/li>\n<\/ul>\n<p>[\/fancy-ul][divider line_type=&#8221;No Line&#8221; custom_height=&#8221;25&#8243;][vc_column_text]<br \/>\n<strong>TR\u01af\u1edcNG COLUMBIA \u0110\u00e1p \u1ee8ng<\/strong><\/p>\n<p>D\u1ef1 b\u1ecb \u0110\u1ea1i h\u1ecdc (L\u1edbp 12), Ch\u01b0\u01a1ng tr\u00ecnh Trung h\u1ecdc Ph\u1ed5 th\u00f4ng (L\u1edbp 9-11), Ch\u01b0\u01a1ng tr\u00ecnh Trung h\u1ecdc C\u01a1 s\u1edf (L\u1edbp 7-8)[\/vc_column_text][\/vc_column_inner][\/vc_row_inner][\/vc_column][\/vc_row][vc_row type=&#8221;full_width_background&#8221; full_screen_row_position=&#8221;middle&#8221; bg_color=&#8221;#ffffff&#8221; scene_position=&#8221;center&#8221; text_color=&#8221;dark&#8221; text_align=&#8221;left&#8221; top_padding=&#8221;100&#8243; bottom_padding=&#8221;100&#8243; overlay_strength=&#8221;0.3&#8243;][vc_column enable_animation=&#8221;true&#8221; animation=&#8221;fade-in-from-left&#8221; column_padding=&#8221;no-extra-padding&#8221; column_padding_position=&#8221;all&#8221; background_color_opacity=&#8221;1&#8243; background_hover_color_opacity=&#8221;1&#8243; column_shadow=&#8221;none&#8221; width=&#8221;1\/1&#8243; tablet_text_alignment=&#8221;default&#8221; phone_text_alignment=&#8221;default&#8221; column_border_width=&#8221;none&#8221; column_border_style=&#8221;solid&#8221; delay=&#8221;2s&#8221;][vc_row_inner column_margin=&#8221;default&#8221; text_align=&#8221;left&#8221;][vc_column_inner enable_animation=&#8221;true&#8221; animation=&#8221;grow-in&#8221; column_padding=&#8221;no-extra-padding&#8221; column_padding_position=&#8221;all&#8221; centered_text=&#8221;true&#8221; background_color_opacity=&#8221;1&#8243; width=&#8221;1\/1&#8243; column_border_width=&#8221;none&#8221; column_border_style=&#8221;solid&#8221;][vc_column_text]<br \/>\n<strong>\u0110I\u1ec0U KI\u1ec6N \u0110\u1ec2 NH\u1eacN B\u1eb0NG T\u1ed0T NGHI\u1ec6P T\u00da T\u00c0I ONTARIO (OSSD)<\/strong><br \/>\n[\/vc_column_text][\/vc_column_inner][\/vc_row_inner][vc_column_text]<\/p>\n<p>H\u1ecdc sinh c\u1ea7n \u0111\u00e1p \u1ee9ng OSSD \u0111\u1ec3 v\u00e0o \u0111\u1ea1i h\u1ecdc v\u00e0 cao \u0111\u1eb3ng t\u1ea1i B\u1eafc M\u0129. OSSD s\u1ebd \u0111\u01b0\u1ee3c trao cho nh\u1eefng h\u1ecdc sinh ho\u00e0n th\u00e0nh t\u1ed1i thi\u1ec3u 30 t\u00edn ch\u1ec9. T\u00edn ch\u1ec9 \u0111\u01b0\u1ee3c t\u00ednh cho nh\u1eefng \u00a0<a href=\"\/?page_id=92\">m\u00f4n \u0111\u00e3 ho\u00e0n t\u1ea5t<\/a>\u00a0t\u1ea1i tr\u01b0\u1eddng c\u0169. V\u00ec v\u1eady, h\u1ecdc sinh s\u1ebd ch\u1ec9 h\u1ecdc nh\u1eefng t\u00edn ch\u1ec9 c\u00f2n thi\u1ebfu \u0111\u1ec3 \u0111\u1ee7 \u0111i\u1ec1u ki\u1ec7n t\u1ed1t nghi\u1ec7p.<\/p>\n<p>[\/vc_column_text][divider line_type=&#8221;No Line&#8221; custom_height=&#8221;25&#8243;][vc_row_inner column_margin=&#8221;default&#8221; text_align=&#8221;left&#8221;][vc_column_inner column_padding=&#8221;no-extra-padding&#8221; column_padding_position=&#8221;all&#8221; background_color_opacity=&#8221;1&#8243; width=&#8221;1\/3&#8243; column_border_width=&#8221;none&#8221; column_border_style=&#8221;solid&#8221;][fancy-ul icon_type=&#8221;standard_dash&#8221; color=&#8221;Accent-Color&#8221; alignment=&#8221;left&#8221;]<br \/>\n<strong>\u0110\u1ec2 NH\u1eacN \u0110\u01af\u1ee2C B\u1eb0NG T\u00da T\u00c0I ONTARIO (OSSD), h\u1ecdc sinh c\u1ea7n:<\/strong><\/p>\n<ul>\n<li>Ho\u00e0n th\u00e0nh 18 t\u00edn ch\u1ec9 b\u1eaft bu\u1ed9c v\u00e0 12 t\u00edn ch\u1ec9 t\u00f9y ch\u1ecdn.<\/li>\n<li>Ho\u00e0n th\u00e0nh 40 gi\u1edd lao \u0111\u1ed9ng t\u00ecnh nguy\u1ec7n.<\/li>\n<li>Ho\u00e0n th\u00e0nh b\u00e0i thi \u0111\u1ecdc vi\u1ebft c\u1ee7a Ontario sau khi ho\u00e0n th\u00e0nh L\u1edbp 9.<\/li>\n<\/ul>\n<p>[\/fancy-ul][\/vc_column_inner][vc_column_inner column_padding=&#8221;no-extra-padding&#8221; column_padding_position=&#8221;all&#8221; background_color_opacity=&#8221;1&#8243; width=&#8221;1\/3&#8243; column_border_width=&#8221;none&#8221; column_border_style=&#8221;solid&#8221;][fancy-ul icon_type=&#8221;standard_dash&#8221; color=&#8221;Accent-Color&#8221; alignment=&#8221;left&#8221;]<br \/>\n<strong>NH\u1eeeNG T\u00cdN CH\u1ec8 M\u00d4N B\u1eaeT BU\u1ed8C<\/strong><\/p>\n<ul>\n<li>4 t\u00edn ch\u1ec9 Trung h\u1ecdc Ph\u1ed5 th\u00f4ng (L\u1edbp 9 \u2013 12) Ti\u1ebfng Anh (1 t\u00edn ch\u1ec9 1 l\u1edbp)<\/li>\n<li>3 t\u00edn ch\u1ec9 m\u00f4n To\u00e1n (\u00edt nh\u1ea5t 1 t\u00edn ch\u1ec9 l\u1edbp 11 ho\u1eb7c 12)<\/li>\n<li>1 t\u00edn ch\u1ec9 m\u00f4n L\u1ecbch s\u1eed Canada<\/li>\n<li>1 t\u00edn ch\u1ec9 m\u00f4n M\u0129 thu\u1eadt<\/li>\n<li>1 t\u00edn ch\u1ec9 m\u00f4n Ti\u1ebfng Ph\u00e1p<\/li>\n<li>2 t\u00edn ch\u1ec9 m\u00f4n Khoa h\u1ecdc<\/li>\n<li>1 t\u00edn ch\u1ec9 m\u00f4n \u0110\u1ecba l\u00fd Canada<\/li>\n<li>1 t\u00edn ch\u1ec9 m\u00f4n S\u1ee9c kh\u1ecfe v\u00e0 Th\u1ec3 d\u1ee5c<\/li>\n<li>0.5 t\u00edn ch\u1ec9 m\u00f4n Gi\u00e1o d\u1ee5c c\u00f4ng d\u00e2n<\/li>\n<li>0.5 t\u00edn ch\u1ec9 m\u00f4n \u0110\u1ecbnh h\u01b0\u1edbng ngh\u1ec1 nghi\u1ec7p<\/li>\n<\/ul>\n<p>[\/fancy-ul][\/vc_column_inner][vc_column_inner column_padding=&#8221;no-extra-padding&#8221; column_padding_position=&#8221;all&#8221; background_color_opacity=&#8221;1&#8243; width=&#8221;1\/3&#8243; column_border_width=&#8221;none&#8221; column_border_style=&#8221;solid&#8221;][fancy-ul icon_type=&#8221;standard_dash&#8221; color=&#8221;Accent-Color&#8221; alignment=&#8221;left&#8221;]<\/p>\n<h3>TH\u00caM:<\/h3>\n<ul>\n<li>1 t\u00edn ch\u1ec9 m\u00f4n V\u0103n, ho\u1eb7c m\u1ed9t ng\u00f4n ng\u1eef th\u1ee9 ba, ho\u1eb7c m\u00f4n h\u1ecdc ng\u00e0nh khoa h\u1ecdc x\u00e3 h\u1ed9i, khoa h\u1ecdc nh\u00e2n v\u0103n, ho\u1eb7c m\u00f4n h\u1ecdc v\u1ec1 Canada v\u00e0 th\u1ebf gi\u1edbi.<\/li>\n<li>1 t\u00edn ch\u1ec9 m\u00f4n h\u1ecdc th\u00eam v\u1ec1S\u1ee9c kh\u1ecfe v\u00e0 Th\u1ec3 D\u1ee5c, ho\u1eb7c v\u1ec1 Qu\u1ea3n tr\u1ecb kinh doanh<\/li>\n<li>1 t\u00edn ch\u1ec9 m\u00f4n h\u1ecdc v\u1ec1 Khoa H\u1ecdc (L\u1edbp 11 ho\u1eb7c 12) ho\u1eb7c Gi\u00e1o d\u1ee5c v\u1ec1 C\u00f4ng ngh\u1ec7 th\u00f4ng tin<\/li>\n<\/ul>\n<p>[\/fancy-ul][\/vc_column_inner][\/vc_row_inner][\/vc_column][\/vc_row][vc_row type=&#8221;in_container&#8221; full_screen_row_position=&#8221;middle&#8221; scene_position=&#8221;center&#8221; text_color=&#8221;dark&#8221; text_align=&#8221;center&#8221; class=&#8221;temp temp-learn&#8221; overlay_strength=&#8221;0.3&#8243;][vc_column column_padding=&#8221;no-extra-padding&#8221; column_padding_position=&#8221;all&#8221; background_color_opacity=&#8221;1&#8243; background_hover_color_opacity=&#8221;1&#8243; column_shadow=&#8221;none&#8221; width=&#8221;1\/1&#8243; tablet_text_alignment=&#8221;default&#8221; phone_text_alignment=&#8221;default&#8221; column_border_width=&#8221;none&#8221; column_border_style=&#8221;solid&#8221;][vc_column_text css_animation=&#8221;fadeIn&#8221; el_class=&#8221;use-links&#8221; css=&#8221;.vc_custom_1518637795396{margin-bottom: 30px !important;}&#8221;]<br \/>\n<strong>CH\u0102M S\u00d3C TO\u00c0N DI\u1ec6N H\u1eccC T\u1eacP\u00a0<\/strong><br \/>\n[\/vc_column_text][fancy-ul icon_type=&#8221;none&#8221; alignment=&#8221;left&#8221;]<\/p>\n<ul>\n<li><a href=\"http:\/\/www.cic-totalcare.com\/total-care-education\/total-care-learning\/overview\/\">T\u1ed5ng qu\u00e1t<\/a><\/li>\n<li><a href=\"http:\/\/www.cic-totalcare.com\/total-care-education\/total-care-learning\/courses\/\">C\u00e1c m\u00f4n h\u1ecdc\u00a0<\/a><\/li>\n<li><a href=\"http:\/\/www.cic-totalcare.com\/total-care-education\/total-care-learning\/programs\/\">Ch\u01b0\u01a1ng tr\u00ecnh h\u1ecdc<\/a><\/li>\n<li><a href=\"http:\/\/www.cic-totalcare.com\/total-care-education\/total-care-learning\/programs\/junior-middle-school\">Trung h\u1ecdc c\u01a1 s\u1edf<\/a><\/li>\n<li><a href=\"http:\/\/www.cic-totalcare.com\/total-care-education\/total-care-learning\/programs\/high-school\">Trung H\u1ecdc ph\u1ed5 th\u00f4ng<\/a><\/li>\n<li><a class=\"sf-with-ul\" href=\"http:\/\/www.cic-totalcare.com\/total-care-education\/total-care-learning\/university-preparatory\/\">D\u1ef1 b\u1ecb \u0110\u1ea1i h\u1ecdc<\/a><\/li>\n<li><a class=\"sf-with-ul\" href=\"\/?page_id=10558\">Ch\u01b0\u01a1ng Tr\u00ecnh \u01afu t\u00fa<\/a><\/li>\n<li><a class=\"sf-with-ul\" href=\"http:\/\/www.cic-totalcare.com\/ielts\/\">IELTS<\/a><\/li>\n<li><a class=\"sf-with-ul\" href=\"http:\/\/www.cic-totalcare.com\/total-care-education\/total-care-learning\/esl\/\">Ch\u01b0\u01a1ng tr\u00ecnh Ti\u1ebfng Anh ESL<\/a><\/li>\n<li><a class=\"nectar-button large regular accent-color has-icon regular-button\" href=\"https:\/\/cic-totalcare.com\" target=\"_blank\" rel=\"noopener\">Quay l\u1ea1i Trang Ch\u1ee7<\/a><\/li>\n<\/ul>\n<p>[\/fancy-ul][\/vc_column][\/vc_row]<\/p>\n","protected":false},"excerpt":{"rendered":"<p>[vc_row type=&#8221;in_container&#8221; full_screen_row_position=&#8221;middle&#8221; scene_position=&#8221;center&#8221; text_color=&#8221;dark&#8221; text_align=&#8221;left&#8221; top_padding=&#8221;50&#8243; bottom_padding=&#8221;25&#8243; overlay_strength=&#8221;0.3&#8243;][vc_column enable_animation=&#8221;true&#8221; animation=&#8221;fade-in-from-left&#8221; column_padding=&#8221;no-extra-padding&#8221; column_padding_position=&#8221;all&#8221; background_color_opacity=&#8221;1&#8243; background_hover_color_opacity=&#8221;1&#8243; column_shadow=&#8221;none&#8221; width=&#8221;1\/2&#8243; tablet_text_alignment=&#8221;default&#8221; phone_text_alignment=&#8221;default&#8221; column_border_width=&#8221;none&#8221; column_border_style=&#8221;solid&#8221; delay=&#8221;2s&#8221;][vc_column_text] Ch\u00fang t\u00f4i t\u1eadn d\u1ee5ng h\u1ec7 th\u1ed1ng gi\u00e1o d\u1ee5c ph\u1ed5 th\u00f4ng Ontario \u0111\u1ec3 m\u1edf ra nhi\u1ec1u m\u00f4n h\u1ecdc d\u1ef1a tr\u00ean k\u00ec h\u1ecdc v\u00e0 t\u00edn ch\u1ec9. H\u1ecdc sinh c\u1ea7n \u00edt nh\u1ea5t 30 t\u00edn ch\u1ec9 \u0111\u1ec3 [&hellip;]<\/p>\n","protected":false},"author":1,"featured_media":0,"parent":15550,"menu_order":20,"comment_status":"open","ping_status":"open","template":"","meta":{"footnotes":""},"_links":{"self":[{"href":"https:\/\/rewrite.cic-totalcare.com\/vi\/wp-json\/wp\/v2\/pages\/14518"}],"collection":[{"href":"https:\/\/rewrite.cic-totalcare.com\/vi\/wp-json\/wp\/v2\/pages"}],"about":[{"href":"https:\/\/rewrite.cic-totalcare.com\/vi\/wp-json\/wp\/v2\/types\/page"}],"author":[{"embeddable":true,"href":"https:\/\/rewrite.cic-totalcare.com\/vi\/wp-json\/wp\/v2\/users\/1"}],"replies":[{"embeddable":true,"href":"https:\/\/rewrite.cic-totalcare.com\/vi\/wp-json\/wp\/v2\/comments?post=14518"}],"version-history":[{"count":25,"href":"https:\/\/rewrite.cic-totalcare.com\/vi\/wp-json\/wp\/v2\/pages\/14518\/revisions"}],"predecessor-version":[{"id":14995,"href":"https:\/\/rewrite.cic-totalcare.com\/vi\/wp-json\/wp\/v2\/pages\/14518\/revisions\/14995"}],"up":[{"embeddable":true,"href":"https:\/\/rewrite.cic-totalcare.com\/vi\/wp-json\/wp\/v2\/pages\/15550"}],"wp:attachment":[{"href":"https:\/\/rewrite.cic-totalcare.com\/vi\/wp-json\/wp\/v2\/media?parent=14518"}],"curies":[{"name":"wp","href":"https:\/\/api.w.org\/{rel}","templated":true}]}}