{"id":15029,"date":"2019-11-18T16:21:11","date_gmt":"2019-11-18T16:21:11","guid":{"rendered":"https:\/\/www.cic-totalcare.com\/doi-ngu-phat-trien-hoc-sinh\/"},"modified":"2019-11-18T16:21:14","modified_gmt":"2019-11-18T16:21:14","slug":"student-development-office","status":"publish","type":"page","link":"https:\/\/rewrite.cic-totalcare.com\/vi\/total-care-education\/total-care-development\/student-development-office\/","title":{"rendered":"\u0110\u1ed9i Ng\u0169 Ph\u00e1t tri\u1ec3n h\u1ecdc sinh"},"content":{"rendered":"<p>[vc_row type=&#8221;full_width_background&#8221; full_screen_row_position=&#8221;middle&#8221; scene_position=&#8221;center&#8221; text_color=&#8221;dark&#8221; text_align=&#8221;left&#8221; top_padding=&#8221;50&#8243; overlay_strength=&#8221;0.3&#8243;][vc_column enable_animation=&#8221;true&#8221; animation=&#8221;fade-in-from-left&#8221; column_padding=&#8221;no-extra-padding&#8221; column_padding_position=&#8221;all&#8221; background_color_opacity=&#8221;1&#8243; background_hover_color_opacity=&#8221;1&#8243; column_shadow=&#8221;none&#8221; width=&#8221;2\/3&#8243; tablet_text_alignment=&#8221;default&#8221; phone_text_alignment=&#8221;default&#8221; column_border_width=&#8221;none&#8221; column_border_style=&#8221;solid&#8221; delay=&#8221;2s&#8221;][vc_column_text]<\/p>\n<h1>\u0110\u1ed9i ng\u0169 v\u1edbi nh\u1eefng c\u00f4ng c\u1ee5<\/h1>\n<h3 class=\"alt-sub\">\u0110\u1ed9i ng\u0169 ph\u00e1t tri\u1ec3n h\u1ecdc sinh c\u1ee7a ch\u00fang t\u00f4i nh\u1eadn th\u1ee9c r\u00f5 ti\u1ec1m n\u0103ng trong m\u1ed7i h\u1ecdc sinh<\/h3>\n<p>T\u1ea1i Columbia International College, ch\u00fang t\u00f4i tin r\u1eb1ng m\u1ed9t s\u1ef1 gi\u00e1o d\u1ee5c ch\u00e2n th\u1eadt, \u0111\u00fang \u0111\u1eafn v\u01b0\u1ee3t tr\u00ean nh\u1eefng l\u00fd t\u01b0\u1edfng l\u1edbp h\u1ecdc v\u00e0 \u0111i\u1ec3m s\u1ed1 th\u00f4ng th\u01b0\u1eddng. Gi\u00e1o d\u1ee5c ph\u1ea3i x\u00e2y d\u1ef1ng nh\u00e2n c\u00e1ch v\u00e0 chu\u1ea9n b\u1ecb cho h\u1ecdc sinh nh\u1eefng g\u00ec s\u1eafp ti\u1ebfp di\u1ec5n \u0111\u1ed1i v\u1edbi vi\u1ec7c h\u1ecdc h\u00e0nh, s\u1ef1 nghi\u1ec7p v\u00e0 cu\u1ed9c s\u1ed1ng sau n\u00e0y. M\u1ed9t m\u1ee5c ti\u00eau \u0111\u1ea7y kh\u00e1t v\u1ecdng kh\u00f4ng th\u1ec3 ho\u00e0n thi\u1ec7n \u0111\u01b0\u1ee3c n\u1ebfu thi\u1ebfu m\u1ed9t ch\u01b0\u01a1ng tr\u00ecnh c\u00f3 h\u1ec7 th\u1ed1ng, nh\u1eefng ngu\u1ed3n t\u00e0i nguy\u00ean ri\u00eang bi\u1ec7t v\u00e0 \u0111\u1ed9i ng\u0169 nh\u00e2n vi\u00ean t\u1eadn t\u00e2m. \u0110\u00f3 l\u00e0 l\u00fd do v\u00ec sao Columbia \u0111\u00e3 th\u00e0nh l\u1eadp \u0110\u1ed9i ng\u0169 ph\u00e1t tri\u1ec3n h\u1ecdc sinh (Student Development Office), m\u1ed9t \u0111i\u1ec1u ch\u1ec9 c\u00f3 m\u1ed9t v\u00e0 duy nh\u1ea5t trong s\u1ed1 c\u00e1c tr\u01b0\u1eddng ph\u1ed5 th\u00f4ng t\u01b0 th\u1ee5c t\u1ea1i Canada, nh\u1eb1m cung c\u1ea5p cho h\u1ecdc sinh nh\u1eefng ho\u1ea1t \u0111\u1ed9ng v\u00e0 tr\u1ea3i nghi\u1ec7m \u00fd ngh\u0129a s\u1ebd gi\u00fap ch\u00fang c\u00f3 nh\u1eefng ki\u1ebfn th\u1ee9c, k\u1ef9 n\u0103ng v\u00e0 gi\u00e1 tr\u1ecb c\u1ea7n thi\u1ebft cho m\u1ed9t t\u01b0\u01a1ng lai s\u00e1ng l\u1ea1n. Nh\u00e2n vi\u00ean Ph\u00e1t tri\u1ec3n h\u1ecdc sinh t\u1ed5 ch\u1ee9c nh\u1eefng bu\u1ed5i li\u00ean hoan v\u00e0 s\u1ef1 ki\u1ec7n gi\u00fap qu\u1ea3ng b\u00e1 tinh th\u1ea7n tr\u01b0\u1eddng h\u1ecdc, k\u1ebft n\u1ed1i c\u00e1c ho\u1ea1t \u0111\u1ed9ng th\u1ec3 thao c\u00f3 t\u1ed5 ch\u1ee9c, \u0111\u01a1n gi\u1ea3n h\u00f3a c\u00e1c c\u00e2u l\u1ea1c b\u1ed9 tr\u01b0\u1eddng h\u1ecdc, t\u1ed5 ch\u1ee9c h\u1ed9i th\u1ea3o v\u00e0 gi\u00fap h\u1ecdc sinh t\u00ecm ki\u1ebfm c\u01a1 h\u1ed9i t\u00ecnh nguy\u1ec7n. C\u00e1c nh\u00e2n vi\u00ean c\u00f2n qu\u1ea3n l\u00fd vi\u1ec7c r\u00e8n luy\u1ec7n kh\u1ea3 n\u0103ng l\u00e3nh \u0111\u1ea1o v\u00e0 ch\u1eafc ch\u1eafn r\u1eb1ng s\u1ebd c\u00f3 c\u01a1 h\u1ed9i cho c\u00e1c h\u1ecdc sinh r\u00e8n luy\u1ec7n nh\u1eefng g\u00ec \u0111\u00e3 h\u1ecdc \u0111\u01b0\u1ee3c th\u00f4ng qua c\u00e1c v\u1ecb tr\u00ed l\u00e3nh \u0111\u1ea1o b\u00ean trong tr\u01b0\u1eddng h\u1ecdc. Ch\u01b0\u01a1ng tr\u00ecnh ph\u00e1t tri\u1ec3n h\u1ecdc sinh c\u00f3 m\u1eb7t t\u1ea1i tr\u01b0\u1eddng h\u1ecdc, t\u1ea1i k\u00fd t\u00fac x\u00e1 v\u00e0 c\u1ed9ng \u0111\u1ed3ng.[\/vc_column_text][\/vc_column][vc_column enable_animation=&#8221;true&#8221; animation=&#8221;fade-in-from-left&#8221; column_padding=&#8221;no-extra-padding&#8221; column_padding_position=&#8221;all&#8221; background_color_opacity=&#8221;1&#8243; background_hover_color_opacity=&#8221;1&#8243; column_shadow=&#8221;none&#8221; width=&#8221;1\/3&#8243; tablet_text_alignment=&#8221;default&#8221; phone_text_alignment=&#8221;default&#8221; column_border_width=&#8221;none&#8221; column_border_style=&#8221;solid&#8221; delay=&#8221;2s&#8221;][vc_gallery type=&#8221;flexslider_style&#8221; images=&#8221;2284,2285,2286,2287&#8243; onclick=&#8221;link_image&#8221; img_size=&#8221;600&#215;400&#8243; el_class=&#8221;dev-slides&#8221;][\/vc_column][\/vc_row][vc_row type=&#8221;full_width_background&#8221; full_screen_row_position=&#8221;middle&#8221; scene_position=&#8221;center&#8221; text_color=&#8221;dark&#8221; text_align=&#8221;left&#8221; top_padding=&#8221;100&#8243; bottom_padding=&#8221;50&#8243; class=&#8221;temp-dev&#8221; overlay_strength=&#8221;0.3&#8243;][vc_column enable_animation=&#8221;true&#8221; animation=&#8221;fade-in-from-left&#8221; column_padding=&#8221;no-extra-padding&#8221; column_padding_position=&#8221;all&#8221; background_color_opacity=&#8221;1&#8243; background_hover_color_opacity=&#8221;1&#8243; column_shadow=&#8221;none&#8221; width=&#8221;1\/3&#8243; tablet_text_alignment=&#8221;default&#8221; phone_text_alignment=&#8221;default&#8221; column_border_width=&#8221;none&#8221; column_border_style=&#8221;solid&#8221; delay=&#8221;2s&#8221;][vc_column_text]<\/p>\n<p style=\"text-align: center\">[icon color=&#8221;dev-button&#8221; size=&#8221;large&#8221; image=&#8221;fa fa-trophy&#8221;]<\/p>\n<p>[\/vc_column_text][vc_column_text]<\/p>\n<h2 style=\"text-align: center\">Th\u1ec3 d\u1ee5c th\u1ec3 thao<\/h2>\n<p style=\"text-align: justify\">Ho\u1ea1t \u0111\u1ed9ng th\u1ec3 ch\u1ea5t l\u00e0 m\u1ed9t ph\u1ea7n quan tr\u1ecdng c\u1ea5u t\u1ea1o n\u00ean m\u1ed9t cu\u1ed9c s\u1ed1ng kh\u1ecfe m\u1ea1nh v\u00e0 c\u00e2n b\u1eb1ng. \u0110\u1ed9i ng\u0169 ph\u00e1t tri\u1ec3n h\u1ecdc sinh t\u1ed5 ch\u1ee9c c\u00e1c ho\u1ea1t \u0111\u1ed9ng th\u1ec3 thao v\u00e0 th\u1ec3 ch\u1ea5t, \u0111\u00fang v\u1edbi nhu c\u1ea7u c\u1ee7a t\u1ea5t c\u1ea3 c\u00e1c b\u1ea1n h\u1ecdc sinh v\u1edbi \u0111\u1ee7 m\u1ecdi lo\u1ea1i s\u1edf th\u00edch v\u00e0 kh\u1ea3 n\u0103ng, t\u1eeb \u0111\u1ed9i th\u1ec3 thao \u0111\u1ea1i di\u1ec7n c\u1ee7a tr\u01b0\u1eddng (varsity) cho t\u1edbi c\u00e1c ho\u1ea1t \u0111\u1ed9ng th\u1ec3 thao vui kh\u00e1c. H\u1ecdc sinh c\u00f3 th\u1ec3 tham gia \u0110o\u00e0n Columbia (Columbia Crew), t\u1ea1i \u0111\u00f3 c\u00e1c h\u1ecdc sinh s\u1ebd h\u1ecdc \u0111\u01b0\u1ee3c c\u00e1ch t\u1ef1 t\u1ed5 ch\u1ee9c ho\u1ea1t \u0111\u1ed9ng th\u1ec3 thao trong tr\u01b0\u1eddng.<\/p>\n<p>[\/vc_column_text][\/vc_column][vc_column enable_animation=&#8221;true&#8221; animation=&#8221;fade-in-from-left&#8221; column_padding=&#8221;no-extra-padding&#8221; column_padding_position=&#8221;all&#8221; background_color_opacity=&#8221;1&#8243; background_hover_color_opacity=&#8221;1&#8243; column_shadow=&#8221;none&#8221; width=&#8221;1\/3&#8243; tablet_text_alignment=&#8221;default&#8221; phone_text_alignment=&#8221;default&#8221; column_border_width=&#8221;none&#8221; column_border_style=&#8221;solid&#8221; delay=&#8221;2s&#8221;][vc_column_text]<\/p>\n<p style=\"text-align: center\">[icon color=&#8221;dev-button&#8221; size=&#8221;large&#8221; image=&#8221;fa fa-rocket&#8221;]<\/p>\n<p>[\/vc_column_text][vc_column_text]<\/p>\n<h2 style=\"text-align: center\">L\u00e3nh \u0111\u1ea1o<\/h2>\n<p style=\"text-align: justify\">Ch\u01b0\u01a1ng tr\u00ecnh l\u00e0m gi\u00e0u v\u00e0 ph\u00e1t tri\u1ec3n kh\u1ea3 n\u0103ng l\u00e3nh \u0111\u1ea1o c\u1ee7a Columbia (Columbia\u2019s Leadship Enrichment and Development &#8211; hay c\u00f2n g\u1ecdi l\u00e0 LEAD) trao c\u01a1 h\u1ed9i cho h\u1ecdc sinh ph\u00e1t tri\u1ec3n kh\u1ea3 n\u0103ng l\u00e3nh \u0111\u1ea1o, ho\u1ea1t \u0111\u1ed9ng nh\u00f3m, \u0111\u1eb7t m\u1ee5c ti\u00eau v\u00e0 k\u1ef9 n\u0103ng qu\u1ea3n l\u00fd th\u1eddi gian. C\u00e1c em h\u1ecdc sinh c\u00f3 th\u1ec3 th\u1eed s\u1ee9c nh\u1eefng \u0111i\u1ec1u h\u1ecdc m\u00ecnh h\u1ecdc t\u1eadp \u0111\u01b0\u1ee3c th\u00f4ng qua c\u00e1c v\u1ecb tr\u00ed l\u00e3nh \u0111\u1ea1o t\u1ea1i nh\u00f3m Prefects, Columbia Crew, H\u1ed9i h\u1ecdc sinh, H\u1ed9i \u0111\u1ed3ng qu\u1ed1c t\u1ebf, H\u1ed9i \u0111\u1ed3ng c\u01b0 tr\u00fa v\u00e0 Ch\u01b0\u01a1ng tr\u00ecnh c\u1ed1 v\u1ea5n sinh vi\u00ean.<\/p>\n<p>[\/vc_column_text][\/vc_column][vc_column enable_animation=&#8221;true&#8221; animation=&#8221;fade-in-from-left&#8221; column_padding=&#8221;no-extra-padding&#8221; column_padding_position=&#8221;all&#8221; background_color_opacity=&#8221;1&#8243; background_hover_color_opacity=&#8221;1&#8243; column_shadow=&#8221;none&#8221; width=&#8221;1\/3&#8243; tablet_text_alignment=&#8221;default&#8221; phone_text_alignment=&#8221;default&#8221; column_border_width=&#8221;none&#8221; column_border_style=&#8221;solid&#8221; delay=&#8221;2s&#8221;][vc_column_text]<\/p>\n<p style=\"text-align: center\">[icon color=&#8221;dev-button&#8221; size=&#8221;large&#8221; image=&#8221;fa fa-building&#8221;]<\/p>\n<p>[\/vc_column_text][vc_column_text]<\/p>\n<h2 style=\"text-align: center\">C\u00e1c ch\u01b0\u01a1ng tr\u00ecnh t\u1ea1i k\u00fd t\u00fac x\u00e1<\/h2>\n<p style=\"text-align: justify\">H\u1ecdc sinh c\u1ee7a Columbia c\u00f3 th\u1ec3 tham gia c\u00e1c ho\u1ea1t \u0111\u1ed9ng v\u1eeba vui v\u00e0 v\u1eeba mang t\u00ednh c\u1ed9ng \u0111\u1ed3ng \u1edf t\u1ea1i khu k\u00fd t\u00fac x\u00e1 n\u01a1i c\u00e1c em sinh s\u1ed1ng, bao g\u1ed3m c\u00e1c ho\u1ea1t \u0111\u1ed9ng\u00a0 nh\u01b0 c\u00e1c bu\u1ed5i chi\u1ebfu phim (movie nights). H\u1ecdc sinh tu\u1ed5i 15 v\u00e0 nh\u1ecf h\u01a1n nh\u1eadn \u0111\u01b0\u1ee3c s\u1ef1 gi\u00e1m s\u00e1t h\u1ecdc t\u1eadp ri\u00eang bi\u1ec7t v\u00e0 h\u1ed7 tr\u1ee3, nh\u1eb1m b\u1ea3o \u0111\u1ea3m b\u00e0i t\u1eadp v\u00e0 c\u00e1c nhi\u1ec7m v\u1ee5 \u0111\u01b0\u1ee3c giao s\u1ebd \u0111\u01b0\u1ee3c ho\u00e0n th\u00e0nh \u0111\u00fang th\u1eddi h\u1ea1n.<\/p>\n<p>[\/vc_column_text][\/vc_column][\/vc_row][vc_row type=&#8221;full_width_background&#8221; full_screen_row_position=&#8221;middle&#8221; scene_position=&#8221;center&#8221; text_color=&#8221;dark&#8221; text_align=&#8221;left&#8221; bottom_padding=&#8221;100&#8243; overlay_strength=&#8221;0.3&#8243;][vc_column enable_animation=&#8221;true&#8221; animation=&#8221;fade-in-from-left&#8221; column_padding=&#8221;no-extra-padding&#8221; column_padding_position=&#8221;all&#8221; background_color_opacity=&#8221;1&#8243; background_hover_color_opacity=&#8221;1&#8243; column_shadow=&#8221;none&#8221; width=&#8221;1\/3&#8243; tablet_text_alignment=&#8221;default&#8221; phone_text_alignment=&#8221;default&#8221; column_border_width=&#8221;none&#8221; column_border_style=&#8221;solid&#8221; delay=&#8221;2s&#8221;][vc_column_text]<\/p>\n<p style=\"text-align: center\">[icon color=&#8221;dev-button&#8221; size=&#8221;large&#8221; image=&#8221;fa fa-flask&#8221;]<\/p>\n<p>[\/vc_column_text][vc_column_text]<\/p>\n<h2 style=\"text-align: center\">Ch\u01b0\u01a1ng tr\u00ecnh tr\u01b0\u1eddng h\u1ecdc<\/h2>\n<p style=\"text-align: justify\">\u0110\u1ed9i ng\u0169 ph\u00e1t tri\u1ec3n h\u1ecdc sinh t\u1ed5 ch\u1ee9c c\u00e1c s\u1ef1 ki\u1ec7n \u0111\u1eb7c bi\u1ec7t ph\u00f9 h\u1ee3p v\u1edbi c\u00e1c l\u1ee9a tu\u1ed5i v\u00e0 ho\u1ea1t \u0111\u1ed9ng trong gi\u1edd h\u1ecdc v\u00e0 sau gi\u1edd h\u1ecdc, nh\u1eb1m m\u1edf mang vi\u1ec7c h\u1ecdc ngo\u00e0i khu\u00f4n kh\u1ed5 l\u1edbp h\u1ecdc. C\u00e1c nh\u00e2n vi\u00ean qu\u1ea3ng b\u00e1 s\u1ef1 nh\u1eadn th\u1ee9c v\u1ea5n \u0111\u1ec1 nh\u01b0 b\u1ea1o l\u1ef1c h\u1ecdc \u0111\u01b0\u1eddng v\u00e0 s\u1ef1 qu\u1ea5y r\u1ed1i th\u00f4 b\u1ea1o; s\u1ed1ng kh\u1ecfe m\u1ea1nh, bao g\u1ed3m t\u00e1c h\u1ea1i c\u1ee7a h\u00fat thu\u1ed1c, ch\u1ea5t k\u00edch th\u00edch v\u00e0 \u0111\u1ed3 u\u1ed1ng c\u00f3 c\u1ed3n; v\u00e0 \u0111\u1ea1o \u0111\u1ee9c qu\u1ed1c t\u1ebf (global ethics) trong nh\u1eefng tu\u1ea7n l\u1ec5 ch\u1ee7 \u0111\u1ec1 v\u1ec1 nh\u1eadn th\u1ee9c.<\/p>\n<p>[\/vc_column_text][\/vc_column][vc_column enable_animation=&#8221;true&#8221; animation=&#8221;fade-in-from-left&#8221; column_padding=&#8221;no-extra-padding&#8221; column_padding_position=&#8221;all&#8221; background_color_opacity=&#8221;1&#8243; background_hover_color_opacity=&#8221;1&#8243; column_shadow=&#8221;none&#8221; width=&#8221;1\/3&#8243; tablet_text_alignment=&#8221;default&#8221; phone_text_alignment=&#8221;default&#8221; column_border_width=&#8221;none&#8221; column_border_style=&#8221;solid&#8221; delay=&#8221;2s&#8221;][vc_column_text]<\/p>\n<p style=\"text-align: center\">[icon color=&#8221;dev-button&#8221; size=&#8221;large&#8221; image=&#8221;fa fa-group&#8221;]<\/p>\n<p>[\/vc_column_text][vc_column_text]<\/p>\n<h2 style=\"text-align: center\">D\u1ecbch v\u1ee5 c\u1ed9ng \u0111\u1ed3ng<\/h2>\n<p style=\"text-align: justify\">Ch\u01b0\u01a1ng tr\u00ecnh d\u1ecbch v\u1ee5 c\u1ed9ng \u0111\u1ed3ng c\u1ee7a Columbia qu\u1ea3ng b\u00e1 s\u1ef1 t\u00ecnh nguy\u1ec7n v\u00e0 gi\u00fap h\u1ecdc sinh t\u00ecm hi\u1ec3u c\u1ed9ng \u0111\u1ed3ng v\u00e0 kh\u00e1m ph\u00e1 s\u1ee9c m\u1ea1nh c\u1ee7a vi\u1ec7c l\u00e0m n\u00ean kh\u00e1c bi\u1ec7t. H\u1ecdc sinh s\u1ebd \u0111\u01b0\u1ee3c nh\u1eadn gi\u1edd c\u00f4ng \u00edch, m\u1ed9t y\u00eau c\u1ea7u ti\u1ec1n \u0111\u1ec1 cho vi\u1ec7c t\u1ed1t nghi\u1ec7p t\u1ea1i bang Ontario c\u0169ng nh\u01b0 n\u00e2ng cao tr\u1ea3i nghi\u1ec7m l\u00e0m vi\u1ec7c qu\u00fd gi\u00e1, k\u1ef9 n\u0103ng l\u00e3nh \u0111\u1ea1o, nh\u1eadn th\u1ee9c x\u00e3 h\u1ed9i v\u00e0 s\u01a1 y\u1ebfu l\u00fd l\u1ecbch v\u1ec1 c\u00e1c d\u1ecbch v\u1ee5 t\u00ecnh nguy\u1ec7n.<\/p>\n<p>[\/vc_column_text][\/vc_column][vc_column enable_animation=&#8221;true&#8221; animation=&#8221;fade-in-from-left&#8221; column_padding=&#8221;no-extra-padding&#8221; column_padding_position=&#8221;all&#8221; background_color_opacity=&#8221;1&#8243; background_hover_color_opacity=&#8221;1&#8243; column_shadow=&#8221;none&#8221; width=&#8221;1\/3&#8243; tablet_text_alignment=&#8221;default&#8221; phone_text_alignment=&#8221;default&#8221; column_border_width=&#8221;none&#8221; column_border_style=&#8221;solid&#8221; delay=&#8221;2s&#8221;][vc_column_text]<\/p>\n<p style=\"text-align: center\">[icon color=&#8221;dev-button&#8221; size=&#8221;large&#8221; image=&#8221;fa fa-arrow-circle-up&#8221;]<\/p>\n<p>[\/vc_column_text][vc_column_text]<\/p>\n<h2 style=\"text-align: center\">X\u00e2y d\u1ef1ng nh\u00e2n c\u00e1ch<\/h2>\n<p style=\"text-align: justify\">T\u1ea5t c\u1ea3 h\u1ecdc sinh t\u1ea1i Columbia tuy\u00ean th\u1ec1 r\u1eb1ng c\u00e1c em s\u1ebd c\u01b0 x\u1eed \u0111\u1ea1o \u0111\u1ee9c theo nh\u01b0 10 t\u00ednh c\u00e1ch \u0111\u01b0\u1ee3c t\u00ecm th\u1ea5y trong m\u1ed9t nh\u00e2n c\u00e1ch kh\u1ecfe m\u1ea1nh v\u00e0 c\u00f3 \u0111\u1ea1o \u0111\u1ee9c, t\u1eeb quan t\u00e2m, l\u1ea1c quan cho \u0111\u1ebfn gi\u1ea3i quy\u1ebft m\u00e2u thu\u1eabn trong h\u00f2a b\u00ecnh. \u0110\u1ed9i ng\u0169 ph\u00e1t tri\u1ec3n h\u1ecdc sinh h\u1ed7 tr\u1ee3 h\u1ecdc sinh trong vi\u1ec7c ho\u00e0n thi\u1ec7n l\u1eddi cam k\u1ebft, th\u00f4ng qua vi\u1ec7c t\u1ed5 ch\u1ee9c kh\u00e1m ph\u00e1 m\u1ed9t trong nh\u1eefng nh\u00e2n c\u00e1ch m\u1ed7i th\u00e1ng.<\/p>\n<p>[\/vc_column_text][\/vc_column][\/vc_row][vc_row type=&#8221;full_width_background&#8221; full_screen_row_position=&#8221;middle&#8221; scene_position=&#8221;center&#8221; text_color=&#8221;light&#8221; text_align=&#8221;left&#8221; top_padding=&#8221;100&#8243; bottom_padding=&#8221;100&#8243; class=&#8221;cbg largerText&#8221; overlay_strength=&#8221;0.3&#8243;][vc_column enable_animation=&#8221;true&#8221; animation=&#8221;fade-in-from-left&#8221; column_padding=&#8221;no-extra-padding&#8221; column_padding_position=&#8221;all&#8221; background_color_opacity=&#8221;1&#8243; background_hover_color_opacity=&#8221;1&#8243; column_shadow=&#8221;none&#8221; width=&#8221;1\/1&#8243; tablet_text_alignment=&#8221;default&#8221; phone_text_alignment=&#8221;default&#8221; column_border_width=&#8221;none&#8221; column_border_style=&#8221;solid&#8221; delay=&#8221;2s&#8221;][testimonial_slider style=&#8221;default&#8221; star_rating_color=&#8221;accent-color&#8221;][testimonial star_rating=&#8221;none&#8221; title=&#8221;Testimonial&#8221; id=&#8221;1406215846-1-18&#8243; name=&#8221;Cathy Cheeranjie, Tr\u01b0\u1edfng \u0111\u1ed9i ng\u0169 ph\u00e1t tri\u1ec3n h\u1ecdc sinh&#8221; quote=&#8221;C\u00e1c ho\u1ea1t \u0111\u1ed9ng ngo\u1ea1i tr\u00fa v\u00e0 ngo\u1ea1i kh\u00f3a c\u1ee7a ch\u00fang t\u00f4i \u0111\u00f3ng vai tr\u00f2 tr\u1ef1c ti\u1ebfp trong vi\u1ec7c h\u00ecnh th\u00e0nh ki\u1ebfn th\u1ee9c, k\u1ef9 n\u0103ng v\u00e0 gi\u00e1 tr\u1ecb c\u1ee7a h\u1ecdc sinh trong h\u00e0nh tr\u00ecnh tr\u1edf th\u00e0nh c\u00f4ng d\u00e2n to\u00e0n c\u1ea7u c\u00f3 tr\u00e1ch nhi\u1ec7m.&#8221; tab_id=&#8221;1515424060134-3&#8243;] Click the edit button to add your testimonial. [\/testimonial][\/testimonial_slider][\/vc_column][\/vc_row][vc_row type=&#8221;in_container&#8221; full_screen_row_position=&#8221;middle&#8221; scene_position=&#8221;center&#8221; text_color=&#8221;dark&#8221; text_align=&#8221;left&#8221; top_padding=&#8221;50&#8243; bottom_padding=&#8221;50&#8243; class=&#8221;temp temp-dev&#8221; overlay_strength=&#8221;0.3&#8243;][vc_column column_padding=&#8221;no-extra-padding&#8221; column_padding_position=&#8221;all&#8221; background_color_opacity=&#8221;1&#8243; background_hover_color_opacity=&#8221;1&#8243; column_shadow=&#8221;none&#8221; width=&#8221;1\/1&#8243; tablet_text_alignment=&#8221;default&#8221; phone_text_alignment=&#8221;default&#8221; column_border_width=&#8221;none&#8221; column_border_style=&#8221;solid&#8221;][vc_column_text css_animation=&#8221;fadeIn&#8221; el_class=&#8221;use-links&#8221; css=&#8221;.vc_custom_1518790876866{margin-bottom: 50px !important;}&#8221;]<\/p>\n<h2 class=\"pinline\"><b>\u0110\u01b0\u1eddng link v\u1ec1\u00a0<\/b><b>Ch\u0103m s\u00f3c to\u00e0n di\u1ec7n Ph\u00e1t tri\u1ec3n<sup>\u00ae<\/sup>\u00a0<\/b><\/h2>\n<p>[\/vc_column_text][fancy-ul icon_type=&#8221;none&#8221; alignment=&#8221;left&#8221;]<\/p>\n<ul>\n<li><a href=\"https:\/\/www.cic-totalcare.com\/vi\/total-care-education\/total-care-development\/programming\/\">C\u00e1c ch\u01b0\u01a1ng tr\u00ecnh<\/a><\/li>\n<li><a href=\"https:\/\/www.cic-totalcare.com\/vi\/total-care-education\/total-care-development\/leadership-training\/\">Hu\u1ea5n luy\u1ec7n l\u00e3nh \u0111\u1ea1o\u00a0<\/a><\/li>\n<li><a href=\"http:\/\/www.cic-totalcare.com\/total-care-education\/total-care-development\/junior-students\/\">H\u1ecdc sinh nh\u1ecf tu\u1ed5i<\/a><\/li>\n<li><a class=\"nectar-button large regular accent-color has-icon regular-button\" href=\"https:\/\/cic-totalcare.com\" target=\"_blank\" rel=\"noopener\">Quay l\u1ea1i trang ch\u1ee7<\/a><\/li>\n<\/ul>\n<p>[\/fancy-ul][\/vc_column][\/vc_row]<\/p>\n","protected":false},"excerpt":{"rendered":"<p>[vc_row type=&#8221;full_width_background&#8221; full_screen_row_position=&#8221;middle&#8221; scene_position=&#8221;center&#8221; text_color=&#8221;dark&#8221; text_align=&#8221;left&#8221; top_padding=&#8221;50&#8243; overlay_strength=&#8221;0.3&#8243;][vc_column enable_animation=&#8221;true&#8221; animation=&#8221;fade-in-from-left&#8221; column_padding=&#8221;no-extra-padding&#8221; column_padding_position=&#8221;all&#8221; background_color_opacity=&#8221;1&#8243; background_hover_color_opacity=&#8221;1&#8243; column_shadow=&#8221;none&#8221; width=&#8221;2\/3&#8243; tablet_text_alignment=&#8221;default&#8221; phone_text_alignment=&#8221;default&#8221; column_border_width=&#8221;none&#8221; column_border_style=&#8221;solid&#8221; delay=&#8221;2s&#8221;][vc_column_text] \u0110\u1ed9i ng\u0169 v\u1edbi nh\u1eefng c\u00f4ng c\u1ee5 \u0110\u1ed9i ng\u0169 ph\u00e1t tri\u1ec3n h\u1ecdc sinh c\u1ee7a ch\u00fang t\u00f4i nh\u1eadn th\u1ee9c r\u00f5 ti\u1ec1m n\u0103ng trong m\u1ed7i h\u1ecdc sinh T\u1ea1i Columbia International College, ch\u00fang t\u00f4i tin r\u1eb1ng m\u1ed9t s\u1ef1 [&hellip;]<\/p>\n","protected":false},"author":1,"featured_media":0,"parent":15508,"menu_order":40,"comment_status":"open","ping_status":"open","template":"","meta":{"footnotes":""},"_links":{"self":[{"href":"https:\/\/rewrite.cic-totalcare.com\/vi\/wp-json\/wp\/v2\/pages\/15029"}],"collection":[{"href":"https:\/\/rewrite.cic-totalcare.com\/vi\/wp-json\/wp\/v2\/pages"}],"about":[{"href":"https:\/\/rewrite.cic-totalcare.com\/vi\/wp-json\/wp\/v2\/types\/page"}],"author":[{"embeddable":true,"href":"https:\/\/rewrite.cic-totalcare.com\/vi\/wp-json\/wp\/v2\/users\/1"}],"replies":[{"embeddable":true,"href":"https:\/\/rewrite.cic-totalcare.com\/vi\/wp-json\/wp\/v2\/comments?post=15029"}],"version-history":[{"count":11,"href":"https:\/\/rewrite.cic-totalcare.com\/vi\/wp-json\/wp\/v2\/pages\/15029\/revisions"}],"predecessor-version":[{"id":15040,"href":"https:\/\/rewrite.cic-totalcare.com\/vi\/wp-json\/wp\/v2\/pages\/15029\/revisions\/15040"}],"up":[{"embeddable":true,"href":"https:\/\/rewrite.cic-totalcare.com\/vi\/wp-json\/wp\/v2\/pages\/15508"}],"wp:attachment":[{"href":"https:\/\/rewrite.cic-totalcare.com\/vi\/wp-json\/wp\/v2\/media?parent=15029"}],"curies":[{"name":"wp","href":"https:\/\/api.w.org\/{rel}","templated":true}]}}