{"id":15082,"date":"2019-11-18T19:55:05","date_gmt":"2019-11-18T19:55:05","guid":{"rendered":"https:\/\/www.cic-totalcare.com\/huan-luyen-ki-nang-lanh-dao\/"},"modified":"2019-12-03T21:15:53","modified_gmt":"2019-12-03T21:15:53","slug":"leadership-training","status":"publish","type":"page","link":"https:\/\/rewrite.cic-totalcare.com\/vi\/total-care-education\/total-care-development\/leadership-training\/","title":{"rendered":"Hu\u1ea5n luy\u1ec7n k\u0129 n\u0103ng l\u00e3nh \u0111\u1ea1o"},"content":{"rendered":"<p>[vc_row type=&#8221;in_container&#8221; full_screen_row_position=&#8221;middle&#8221; scene_position=&#8221;center&#8221; text_color=&#8221;dark&#8221; text_align=&#8221;left&#8221; overlay_strength=&#8221;0.3&#8243;][vc_column column_padding=&#8221;no-extra-padding&#8221; column_padding_position=&#8221;all&#8221; background_color_opacity=&#8221;1&#8243; background_hover_color_opacity=&#8221;1&#8243; column_shadow=&#8221;none&#8221; width=&#8221;1\/1&#8243; tablet_text_alignment=&#8221;default&#8221; phone_text_alignment=&#8221;default&#8221; column_border_width=&#8221;none&#8221; column_border_style=&#8221;solid&#8221;][nectar_slider location=&#8221;Leadership Training&#8221; full_width=&#8221;true&#8221; arrow_navigation=&#8221;true&#8221; overall_style=&#8221;classic&#8221; bullet_navigation=&#8221;true&#8221; loop=&#8221;true&#8221; slider_transition=&#8221;slide&#8221; button_sizing=&#8221;regular&#8221; slider_height=&#8221;450&#8243; autorotate=&#8221;5000&#8243;][vc_column_text]<\/p>\n<h1 class=\"sr-only\">Hu\u1ea5n luy\u1ec7n k\u0129 n\u0103ng l\u00e3nh \u0111\u1ea1o<\/h1>\n<p>[\/vc_column_text][\/vc_column][\/vc_row][vc_row type=&#8221;full_width_background&#8221; full_screen_row_position=&#8221;middle&#8221; scene_position=&#8221;center&#8221; text_color=&#8221;dark&#8221; text_align=&#8221;left&#8221; top_padding=&#8221;50&#8243; bottom_padding=&#8221;50&#8243; overlay_strength=&#8221;0.3&#8243;][vc_column enable_animation=&#8221;true&#8221; animation=&#8221;fade-in-from-left&#8221; column_padding=&#8221;no-extra-padding&#8221; column_padding_position=&#8221;all&#8221; background_color_opacity=&#8221;1&#8243; background_hover_color_opacity=&#8221;1&#8243; column_shadow=&#8221;none&#8221; width=&#8221;1\/2&#8243; tablet_text_alignment=&#8221;default&#8221; phone_text_alignment=&#8221;default&#8221; column_border_width=&#8221;none&#8221; column_border_style=&#8221;solid&#8221; delay=&#8221;2s&#8221;][vc_column_text]<\/p>\n<h2>K\u0129 n\u0103ng l\u00e3nh \u0111\u1ea1o cho h\u1ecdc sinh<\/h2>\n<p>\u0110\u1ed9i ng\u0169 nh\u00e2n vi\u00ean gi\u00e0u kinh nghi\u1ec7m cung c\u1ea5p \u0111\u00e0o t\u1ea1o k\u0129 n\u0103ng trong c\u00e1c s\u1ef1 ki\u1ec7n, ho\u1ea1t \u0111\u1ed9ng, c\u00e2u l\u1ea1c b\u1ed9, th\u1ec3 thao v\u00e0 \u0111\u1ed9i ng\u0169 l\u00e3nh \u0111\u1ea1o. S\u1ef1 tu luy\u1ec7n k\u0129 n\u0103ng \u0111\u01b0\u1ee3c d\u1ea1y qua c\u00e1c ho\u1ea1t \u0111\u1ed9ng vui ch\u01a1i. C\u00e1c ch\u1ee7 \u0111\u1ec1 \u0111\u00e0o t\u1ea1o bao g\u1ed3m, nh\u01b0ng kh\u00f4ng gi\u1edbi h\u1ea1n:[\/vc_column_text][vc_row_inner column_margin=&#8221;default&#8221; text_align=&#8221;left&#8221;][vc_column_inner enable_animation=&#8221;true&#8221; animation=&#8221;fade-in-from-left&#8221; column_padding=&#8221;padding-1-percent&#8221; column_padding_position=&#8221;all&#8221; background_color_opacity=&#8221;1&#8243; width=&#8221;1\/2&#8243; column_border_width=&#8221;none&#8221; column_border_style=&#8221;solid&#8221;][fancy-ul icon_type=&#8221;standard_dash&#8221; color=&#8221;Accent-Color&#8221; alignment=&#8221;left&#8221; enable_animation=&#8221;true&#8221;]<\/p>\n<ul>\n<li>Qu\u1ea3n l\u00fd b\u1ea3n th\u00e2n<\/li>\n<li>\u0110a ch\u1ee7ng t\u1ed9c<\/li>\n<li>Gi\u1ea3i quy\u1ebft xung \u0111\u1ed9t<\/li>\n<li>X\u00e2y d\u1ef1ng nh\u00f3m<\/li>\n<\/ul>\n<p>[\/fancy-ul][\/vc_column_inner][vc_column_inner column_padding=&#8221;no-extra-padding&#8221; column_padding_position=&#8221;all&#8221; background_color_opacity=&#8221;1&#8243; width=&#8221;1\/2&#8243; column_border_width=&#8221;none&#8221; column_border_style=&#8221;solid&#8221;][fancy-ul icon_type=&#8221;standard_dash&#8221; color=&#8221;Accent-Color&#8221; alignment=&#8221;left&#8221; enable_animation=&#8221;true&#8221;]<\/p>\n<ul>\n<li>Giao ti\u1ebfp<\/li>\n<li>L\u1eadp m\u1ee5c ti\u00eau<\/li>\n<li>Phong c\u00e1ch l\u00e3ng \u0111\u1ea1o v\u00e0 giao ti\u1ebfp<\/li>\n<li>T\u1ed5 ch\u1ee9c v\u00e0 thi h\u00e0nh s\u1ef1 ki\u1ec7n<\/li>\n<\/ul>\n<p>[\/fancy-ul][\/vc_column_inner][\/vc_row_inner][\/vc_column][vc_column column_padding=&#8221;no-extra-padding&#8221; column_padding_position=&#8221;all&#8221; background_color_opacity=&#8221;1&#8243; background_hover_color_opacity=&#8221;1&#8243; column_shadow=&#8221;none&#8221; width=&#8221;1\/2&#8243; tablet_text_alignment=&#8221;default&#8221; phone_text_alignment=&#8221;default&#8221; column_border_width=&#8221;none&#8221; column_border_style=&#8221;solid&#8221;][vc_column_text]<\/p>\n<h2>Ch\u01b0\u01a1ng tr\u00ecnh ng\u01b0\u1eddi l\u00e3nh \u0111\u00e3o t\u1eadp d\u01b0\u1ee3t v\u00e0o m\u00f9a h\u00e8 (LIT)<\/h2>\n<p>Ch\u01b0\u01a1ng tr\u00ecnh LIT ph\u00e1t tri\u1ec3n c\u00e1c nh\u00e0 l\u00e3nh \u0111\u1ea1o c\u00f3 t\u00ednh c\u00e1ch t\u1ed1t th\u00f4ng qua \u0111\u00e0o t\u1ea1o v\u00e0 kinh nghi\u1ec7m th\u1ef1c t\u1ebf. C\u00e1c h\u1ecdc sinh s\u1ebd tham gia t\u00ecnh nguy\u1ec7n v\u1edbi Tr\u1ea1i h\u00e8 c\u1ee7a Columbia v\u00e0 ph\u00e1t tri\u1ec3n c\u00e1c k\u1ef9 n\u0103ng v\u1ec1:[\/vc_column_text][vc_row_inner column_margin=&#8221;default&#8221; text_align=&#8221;left&#8221;][vc_column_inner enable_animation=&#8221;true&#8221; animation=&#8221;fade-in-from-left&#8221; column_padding=&#8221;padding-1-percent&#8221; column_padding_position=&#8221;all&#8221; background_color_opacity=&#8221;1&#8243; width=&#8221;1\/2&#8243; column_border_width=&#8221;none&#8221; column_border_style=&#8221;solid&#8221;][fancy-ul icon_type=&#8221;standard_dash&#8221; color=&#8221;Accent-Color&#8221; alignment=&#8221;left&#8221; enable_animation=&#8221;true&#8221;]<\/p>\n<ul>\n<li>L\u00e3nh \u0111\u1ea1o<\/li>\n<li>Ph\u00e1t tri\u1ec3n c\u00e1 nh\u00e2n v\u00e0 s\u1ef1 nghi\u1ec7p<\/li>\n<\/ul>\n<p>[\/fancy-ul][\/vc_column_inner][vc_column_inner column_padding=&#8221;no-extra-padding&#8221; column_padding_position=&#8221;all&#8221; background_color_opacity=&#8221;1&#8243; width=&#8221;1\/2&#8243; column_border_width=&#8221;none&#8221; column_border_style=&#8221;solid&#8221;][fancy-ul icon_type=&#8221;standard_dash&#8221; color=&#8221;Accent-Color&#8221; alignment=&#8221;left&#8221; enable_animation=&#8221;true&#8221;]<\/p>\n<ul>\n<li>C\u00e1ch s\u1eafp x\u1ebfp<\/li>\n<li>L\u00e0m vi\u1ec7c v\u1edbi tr\u1ebb nh\u1ecf<\/li>\n<\/ul>\n<p>[\/fancy-ul][\/vc_column_inner][\/vc_row_inner][\/vc_column][\/vc_row][vc_row type=&#8221;full_width_background&#8221; full_screen_row_position=&#8221;middle&#8221; scene_position=&#8221;center&#8221; text_color=&#8221;light&#8221; text_align=&#8221;center&#8221; top_padding=&#8221;100&#8243; bottom_padding=&#8221;25&#8243; class=&#8221;cbg&#8221; overlay_strength=&#8221;0.3&#8243;][vc_column enable_animation=&#8221;true&#8221; animation=&#8221;fade-in-from-left&#8221; column_padding=&#8221;no-extra-padding&#8221; column_padding_position=&#8221;all&#8221; background_color_opacity=&#8221;1&#8243; background_hover_color_opacity=&#8221;1&#8243; column_shadow=&#8221;none&#8221; width=&#8221;1\/1&#8243; tablet_text_alignment=&#8221;default&#8221; phone_text_alignment=&#8221;default&#8221; column_border_width=&#8221;none&#8221; column_border_style=&#8221;solid&#8221; delay=&#8221;2s&#8221;][vc_column_text]<\/p>\n<h2 class=\"title-main\">C\u00e1c v\u1ecb tr\u00ed l\u00e3nh \u0111\u1ea1o<\/h2>\n<p>[\/vc_column_text][vc_column_text]<br \/>\nCh\u01b0\u01a1ng tr\u00ecnh l\u00e3nh \u0111\u1ea1o c\u1ee7a Columbia \u0111\u01b0\u1ee3c tri\u1ec3n khai trong v\u00e0 ngo\u00e0i l\u1edbp h\u1ecdc. V\u1ecb tr\u00ed l\u00e3nh \u0111\u1ea1o cung c\u1ea5p c\u01a1 h\u1ed9i h\u1ecdc t\u1eadp phong ph\u00fa cho sinh vi\u00ean \u1edf t\u1ea5t c\u1ea3 c\u00e1c c\u1ea5p.<br \/>\n[\/vc_column_text][\/vc_column][\/vc_row][vc_row type=&#8221;full_width_background&#8221; full_screen_row_position=&#8221;middle&#8221; scene_position=&#8221;center&#8221; text_color=&#8221;light&#8221; text_align=&#8221;left&#8221; top_padding=&#8221;25&#8243; bottom_padding=&#8221;100&#8243; class=&#8221;cbg&#8221; overlay_strength=&#8221;0.3&#8243;][vc_column enable_animation=&#8221;true&#8221; animation=&#8221;fade-in-from-left&#8221; column_padding=&#8221;no-extra-padding&#8221; column_padding_position=&#8221;all&#8221; background_color_opacity=&#8221;1&#8243; background_hover_color_opacity=&#8221;1&#8243; column_shadow=&#8221;none&#8221; width=&#8221;1\/4&#8243; tablet_text_alignment=&#8221;default&#8221; phone_text_alignment=&#8221;default&#8221; column_border_width=&#8221;none&#8221; column_border_style=&#8221;solid&#8221; delay=&#8221;2s&#8221;][vc_column_text]<\/p>\n<h3>Ch\u01b0\u01a1ng tr\u00ecnh l\u00e3nh \u0111\u1ea1o c\u1ee7a Columbia \u0111\u01b0\u1ee3c ph\u00e1t tri\u1ec3n th\u00f4ng qua:<\/h3>\n<p>[\/vc_column_text][fancy-ul icon_type=&#8221;standard_dash&#8221; color=&#8221;Accent-Color&#8221; alignment=&#8221;left&#8221; enable_animation=&#8221;true&#8221;]<\/p>\n<ul>\n<li>L\u1edbp h\u1ecdc<\/li>\n<li>C\u00e1c v\u1ecb tr\u00ed l\u00e3nh \u0111\u1ea1o<\/li>\n<li>Ho\u1ea1t \u0111\u1ed9ng t\u1ea1i Bark Lake<\/li>\n<li>C\u01a1 h\u1ed9i l\u00e0m vi\u1ec7c c\u00f4ng \u00edch<\/li>\n<li>Tham gia v\u00e0o c\u00e2u l\u1ea1c b\u1ed9<\/li>\n<li>Tham gia v\u00e0o ho\u1ea1t \u0111\u1ed9ng th\u1ec3 thao<\/li>\n<li>T\u1ed5 ch\u1ee9c s\u1ef1 ki\u1ec7n \u0111\u1eb7c bi\u1ec7t<\/li>\n<li>C\u00e1c ho\u1ea1t \u0111\u1ed9ng t\u1ed5 ch\u1ee9c t\u1ea1i k\u00ed t\u00fac x\u00e1<\/li>\n<\/ul>\n<p>[\/fancy-ul][\/vc_column][vc_column column_padding=&#8221;no-extra-padding&#8221; column_padding_position=&#8221;all&#8221; background_color_opacity=&#8221;1&#8243; background_hover_color_opacity=&#8221;1&#8243; column_shadow=&#8221;none&#8221; width=&#8221;1\/4&#8243; tablet_text_alignment=&#8221;default&#8221; phone_text_alignment=&#8221;default&#8221; column_border_width=&#8221;none&#8221; column_border_style=&#8221;solid&#8221;][vc_column_text]<\/p>\n<h3>C\u00e1c l\u00e3nh \u0111\u1ea1o trung c\u1ea5p<\/h3>\n<p>[\/vc_column_text][fancy-ul icon_type=&#8221;standard_dash&#8221; color=&#8221;Accent-Color&#8221; alignment=&#8221;left&#8221; enable_animation=&#8221;true&#8221;]<\/p>\n<ul>\n<li>B\u1ea1n h\u01b0\u1edbng d\u1eabn<\/li>\n<li>Th\u00e0nh vi\u00ean c\u1ee7a H\u1ed9i h\u1ecdc sinh<\/li>\n<li>C\u00e1c c\u00e2u l\u1ea1c b\u1ed9 t\u00ecnh nguy\u1ec7n c\u00f4ng \u00edch<\/li>\n<li>L\u00e3nh \u0111\u1ea1o trong \u0111\u1ee3t h\u01b0\u1edbng d\u1eabn h\u1ecdc sinh m\u1edbi<\/li>\n<li>Nh\u00f3m t\u1ed5 ch\u1ee9c c\u00e1c b\u1eefa \u0103n tuy\u1ec1n th\u1ed1ng qu\u1ed1c t\u1ebf<\/li>\n<li>\u0110\u1ed9i tr\u01b0\u1edfng \u0111\u1ed9i Varsity<\/li>\n<li>Nh\u00f3m t\u1ed5 ch\u1ee9c s\u1ef1 ki\u1ec7n \u0111\u1eb7c bi\u1ec7t (Bi\u1ec3u di\u1ec5n th\u1eddi trang, c\u00e1c shows v\u00e0 Ho\u1ea1t \u0111\u1ed9ng quy\u00ean g\u00f3p t\u1eeb thi\u1ec7n)<\/li>\n<li>B\u1ea1n h\u1ecdc d\u1ea1y k\u00e8m<\/li>\n<\/ul>\n<p>[\/fancy-ul][\/vc_column][vc_column column_padding=&#8221;no-extra-padding&#8221; column_padding_position=&#8221;all&#8221; background_color_opacity=&#8221;1&#8243; background_hover_color_opacity=&#8221;1&#8243; column_shadow=&#8221;none&#8221; width=&#8221;1\/4&#8243; tablet_text_alignment=&#8221;default&#8221; phone_text_alignment=&#8221;default&#8221; column_border_width=&#8221;none&#8221; column_border_style=&#8221;solid&#8221;][vc_column_text]<\/p>\n<h3>C\u00e1c v\u1ecb tr\u00ed l\u00e3nh \u0111\u1ea1o c\u01a1 b\u1ea3n<\/h3>\n<p>[\/vc_column_text][fancy-ul icon_type=&#8221;standard_dash&#8221; color=&#8221;Accent-Color&#8221; alignment=&#8221;left&#8221; enable_animation=&#8221;true&#8221;]<\/p>\n<ul>\n<li>C\u00e2u l\u1ea1c b\u1ed9 Leadership<\/li>\n<li>Chuy\u1ebfn \u0111i t\u00ecnh nguy\u1ec7n c\u00f4ng \u00edch<\/li>\n<li>C\u00e2u l\u1ea1c b\u1ed9 Th\u1ec3 thao<\/li>\n<li>C\u00e2u l\u1ea1c b\u1ed9 M\u1ef9 thu\u1eadt<\/li>\n<li>C\u00e2u l\u1ea1c b\u1ed9 Khoa h\u1ecdc v\u00e0 Truy\u1ec1n th\u00f4ng<\/li>\n<li>C\u00e2u l\u1ea1c b\u1ed9 n\u1ea5u \u0103n<\/li>\n<\/ul>\n<p>[\/fancy-ul][\/vc_column][vc_column column_padding=&#8221;no-extra-padding&#8221; column_padding_position=&#8221;all&#8221; background_color_opacity=&#8221;1&#8243; background_hover_color_opacity=&#8221;1&#8243; column_shadow=&#8221;none&#8221; width=&#8221;1\/4&#8243; tablet_text_alignment=&#8221;default&#8221; phone_text_alignment=&#8221;default&#8221; column_border_width=&#8221;none&#8221; column_border_style=&#8221;solid&#8221;][vc_column_text]<\/p>\n<h3>C\u00e1c v\u1ecb tr\u00ed l\u00e3nh \u0111\u1ea1o \u0111i\u1ec1u h\u00e0nh<\/h3>\n<p>[\/vc_column_text][fancy-ul icon_type=&#8221;standard_dash&#8221; color=&#8221;Accent-Color&#8221; alignment=&#8221;left&#8221; enable_animation=&#8221;true&#8221;]<\/p>\n<ul>\n<li>H\u1ed9i sinh vi\u00ean<\/li>\n<li>H\u1ed9i sinh vi\u00ean t\u1ed5 ch\u1ee9c \u1edf k\u00ed t\u00fac x\u00e1<\/li>\n<li>H\u1ed9i sinh vi\u00ean t\u1ed5 ch\u1ee9c th\u1ec3 thao<\/li>\n<li>Tr\u01b0\u1edfng h\u01b0\u1edbng d\u1eabn<\/li>\n<\/ul>\n<p>[\/fancy-ul][vc_column_text]<\/p>\n<h3>C\u00e1c v\u1ecb tr\u00ed l\u00e3nh \u0111\u1ea1o n\u00e2ng cao<\/h3>\n<p>[\/vc_column_text][fancy-ul icon_type=&#8221;standard_dash&#8221; color=&#8221;Accent-Color&#8221; alignment=&#8221;left&#8221; enable_animation=&#8221;true&#8221;]<\/p>\n<ul>\n<li>Ch\u1ee7 t\u1ecbch v\u00e0 Ph\u00f3 ch\u1ee7 t\u1ecbch H\u1ed9i h\u1ecdc sinh<\/li>\n<li>Tr\u01b0\u1edfng h\u1ed9i h\u1ecdc sinh thi h\u00e0nh s\u1ef1 ki\u1ec7n<\/li>\n<\/ul>\n<p>[\/fancy-ul][\/vc_column][\/vc_row][vc_row type=&#8221;in_container&#8221; full_screen_row_position=&#8221;middle&#8221; scene_position=&#8221;center&#8221; text_color=&#8221;dark&#8221; text_align=&#8221;left&#8221; overlay_strength=&#8221;0.3&#8243;][vc_column column_padding=&#8221;no-extra-padding&#8221; column_padding_position=&#8221;all&#8221; background_color_opacity=&#8221;1&#8243; background_hover_color_opacity=&#8221;1&#8243; column_shadow=&#8221;none&#8221; width=&#8221;1\/1&#8243; tablet_text_alignment=&#8221;default&#8221; phone_text_alignment=&#8221;default&#8221; column_border_width=&#8221;none&#8221; column_border_style=&#8221;solid&#8221;][vc_column_text css_animation=&#8221;fadeIn&#8221; el_class=&#8221;use-links&#8221;]<\/p>\n<h2>C\u00e1c \u0111\u01b0\u1eddng link v\u1ec1 Ch\u0103m S\u00f3c To\u00e0n Di\u1ec7n Ph\u00e1t Tri\u1ec3n<sup>\u00ae<\/sup><\/h2>\n<p>&nbsp;<\/p>\n<p>[\/vc_column_text][fancy-ul icon_type=&#8221;font_icon&#8221; icon=&#8221;icon-glass&#8221; color=&#8221;Accent-Color&#8221; alignment=&#8221;left&#8221;]<\/p>\n<ul>\n<li><a href=\"http:\/\/www.cic-totalcare.com\/total-care-education\/total-care-development\/student-development-office\/\">\u0110\u1ed9i ng\u0169 ph\u00e1t tri\u1ec3n sinh vi\u00ean<\/a><\/li>\n<li><a href=\"http:\/\/www.cic-totalcare.com\/total-care-education\/total-care-development\/programming\/\">C\u00e1c ch\u01b0\u01a1ng tr\u00ecnh<\/a><\/li>\n<li><a href=\"http:\/\/www.cic-totalcare.com\/total-care-education\/total-care-development\/junior-students\/\">H\u1ecdc sinh nh\u1ecf tu\u1ed5i<\/a><\/li>\n<\/ul>\n<p>[\/fancy-ul][nectar_btn size=&#8221;large&#8221; open_new_tab=&#8221;true&#8221; button_style=&#8221;regular&#8221; button_color_2=&#8221;Accent-Color&#8221; icon_family=&#8221;fontawesome&#8221; url=&#8221;http:\/\/cic-totalcare.com&#8221; text=&#8221;Tr\u1edf l\u1ea1i trang ch\u1ee7&#8221; icon_fontawesome=&#8221;fa fa-home&#8221; margin_top=&#8221;30&#8243;][\/vc_column][\/vc_row]<\/p>\n","protected":false},"excerpt":{"rendered":"<p>[vc_row type=&#8221;in_container&#8221; full_screen_row_position=&#8221;middle&#8221; scene_position=&#8221;center&#8221; text_color=&#8221;dark&#8221; text_align=&#8221;left&#8221; overlay_strength=&#8221;0.3&#8243;][vc_column column_padding=&#8221;no-extra-padding&#8221; column_padding_position=&#8221;all&#8221; background_color_opacity=&#8221;1&#8243; background_hover_color_opacity=&#8221;1&#8243; column_shadow=&#8221;none&#8221; width=&#8221;1\/1&#8243; tablet_text_alignment=&#8221;default&#8221; phone_text_alignment=&#8221;default&#8221; column_border_width=&#8221;none&#8221; column_border_style=&#8221;solid&#8221;][nectar_slider location=&#8221;Leadership Training&#8221; full_width=&#8221;true&#8221; arrow_navigation=&#8221;true&#8221; overall_style=&#8221;classic&#8221; bullet_navigation=&#8221;true&#8221; loop=&#8221;true&#8221; slider_transition=&#8221;slide&#8221; button_sizing=&#8221;regular&#8221; slider_height=&#8221;450&#8243; autorotate=&#8221;5000&#8243;][vc_column_text] Hu\u1ea5n luy\u1ec7n k\u0129 n\u0103ng l\u00e3nh \u0111\u1ea1o [\/vc_column_text][\/vc_column][\/vc_row][vc_row type=&#8221;full_width_background&#8221; full_screen_row_position=&#8221;middle&#8221; scene_position=&#8221;center&#8221; text_color=&#8221;dark&#8221; text_align=&#8221;left&#8221; top_padding=&#8221;50&#8243; bottom_padding=&#8221;50&#8243; overlay_strength=&#8221;0.3&#8243;][vc_column enable_animation=&#8221;true&#8221; animation=&#8221;fade-in-from-left&#8221; column_padding=&#8221;no-extra-padding&#8221; column_padding_position=&#8221;all&#8221; background_color_opacity=&#8221;1&#8243; background_hover_color_opacity=&#8221;1&#8243; column_shadow=&#8221;none&#8221; width=&#8221;1\/2&#8243; tablet_text_alignment=&#8221;default&#8221; phone_text_alignment=&#8221;default&#8221; column_border_width=&#8221;none&#8221; column_border_style=&#8221;solid&#8221; [&hellip;]<\/p>\n","protected":false},"author":1,"featured_media":0,"parent":15508,"menu_order":42,"comment_status":"open","ping_status":"open","template":"","meta":{"footnotes":""},"_links":{"self":[{"href":"https:\/\/rewrite.cic-totalcare.com\/vi\/wp-json\/wp\/v2\/pages\/15082"}],"collection":[{"href":"https:\/\/rewrite.cic-totalcare.com\/vi\/wp-json\/wp\/v2\/pages"}],"about":[{"href":"https:\/\/rewrite.cic-totalcare.com\/vi\/wp-json\/wp\/v2\/types\/page"}],"author":[{"embeddable":true,"href":"https:\/\/rewrite.cic-totalcare.com\/vi\/wp-json\/wp\/v2\/users\/1"}],"replies":[{"embeddable":true,"href":"https:\/\/rewrite.cic-totalcare.com\/vi\/wp-json\/wp\/v2\/comments?post=15082"}],"version-history":[{"count":32,"href":"https:\/\/rewrite.cic-totalcare.com\/vi\/wp-json\/wp\/v2\/pages\/15082\/revisions"}],"predecessor-version":[{"id":16308,"href":"https:\/\/rewrite.cic-totalcare.com\/vi\/wp-json\/wp\/v2\/pages\/15082\/revisions\/16308"}],"up":[{"embeddable":true,"href":"https:\/\/rewrite.cic-totalcare.com\/vi\/wp-json\/wp\/v2\/pages\/15508"}],"wp:attachment":[{"href":"https:\/\/rewrite.cic-totalcare.com\/vi\/wp-json\/wp\/v2\/media?parent=15082"}],"curies":[{"name":"wp","href":"https:\/\/api.w.org\/{rel}","templated":true}]}}