{"id":15108,"date":"2019-11-18T20:57:30","date_gmt":"2019-11-18T20:57:30","guid":{"rendered":"https:\/\/www.cic-totalcare.com\/hoc-sinh-nho-tuoi\/"},"modified":"2024-06-18T13:35:45","modified_gmt":"2024-06-18T17:35:45","slug":"junior-students","status":"publish","type":"page","link":"https:\/\/rewrite.cic-totalcare.com\/vi\/total-care-education\/total-care-development\/junior-students\/","title":{"rendered":"H\u1ecdc Sinh Trung H\u1ecdc"},"content":{"rendered":"<p>[vc_row type=&#8221;in_container&#8221; full_screen_row_position=&#8221;middle&#8221; column_margin=&#8221;default&#8221; column_direction=&#8221;default&#8221; column_direction_tablet=&#8221;default&#8221; column_direction_phone=&#8221;default&#8221; scene_position=&#8221;center&#8221; text_color=&#8221;dark&#8221; text_align=&#8221;left&#8221; row_border_radius=&#8221;none&#8221; row_border_radius_applies=&#8221;bg&#8221; class=&#8221;row-no-margin&#8221; overlay_strength=&#8221;0.3&#8243; gradient_direction=&#8221;left_to_right&#8221; shape_divider_position=&#8221;bottom&#8221; bg_image_animation=&#8221;none&#8221;][vc_column column_padding=&#8221;no-extra-padding&#8221; column_padding_tablet=&#8221;inherit&#8221; column_padding_phone=&#8221;inherit&#8221; column_padding_position=&#8221;all&#8221; column_element_spacing=&#8221;default&#8221; background_color_opacity=&#8221;1&#8243; background_hover_color_opacity=&#8221;1&#8243; column_shadow=&#8221;none&#8221; column_border_radius=&#8221;none&#8221; column_link_target=&#8221;_self&#8221; gradient_direction=&#8221;left_to_right&#8221; overlay_strength=&#8221;0.3&#8243; width=&#8221;1\/1&#8243; tablet_width_inherit=&#8221;default&#8221; tablet_text_alignment=&#8221;default&#8221; phone_text_alignment=&#8221;default&#8221; bg_image_animation=&#8221;none&#8221; border_type=&#8221;simple&#8221; column_border_width=&#8221;none&#8221; column_border_style=&#8221;solid&#8221;][divider line_type=&#8221;No Line&#8221; custom_height=&#8221;25&#8243;][vc_row_inner column_margin=&#8221;default&#8221; column_direction=&#8221;default&#8221; column_direction_tablet=&#8221;default&#8221; column_direction_phone=&#8221;default&#8221; text_align=&#8221;left&#8221;][vc_column_inner column_padding=&#8221;no-extra-padding&#8221; column_padding_tablet=&#8221;inherit&#8221; column_padding_phone=&#8221;inherit&#8221; column_padding_position=&#8221;all&#8221; column_element_spacing=&#8221;default&#8221; background_color_opacity=&#8221;1&#8243; background_hover_color_opacity=&#8221;1&#8243; column_shadow=&#8221;none&#8221; column_border_radius=&#8221;none&#8221; column_link_target=&#8221;_self&#8221; gradient_direction=&#8221;left_to_right&#8221; overlay_strength=&#8221;0.3&#8243; width=&#8221;1\/2&#8243; tablet_width_inherit=&#8221;default&#8221; bg_image_animation=&#8221;none&#8221; border_type=&#8221;simple&#8221; column_border_width=&#8221;none&#8221; column_border_style=&#8221;solid&#8221;][vc_column_text]\u0110\u1ed1i v\u1edbi c\u00e1c h\u1ecdc sinh nh\u1ecf tu\u1ed5i nh\u1ea5t , vi\u1ec7c s\u1ed1ng xa nh\u00e0 \u1edf m\u1ed9t qu\u1ed1c gia kh\u00e1c s\u1ebd c\u00f3 nh\u1eefng c\u01a1 h\u1ed9i v\u00e0 th\u00e1ch th\u1ee9c ri\u00eang, \u0111\u00f3 ch\u00ednh l\u00e0 l\u00fd do v\u00ec sao Columbia \u0111\u00e3 t\u1ea1o ra ch\u01b0\u01a1ng tr\u00ecnh &#8220;Ng\u01b0\u1eddi th\u00e0nh \u0111\u1ea1t ASEP tr\u1ebb&#8221; d\u00e0nh cho nh\u1eefng h\u1ecdc sinh d\u01b0\u1edbi 16 tu\u1ed5i k\u1ec3 t\u1eeb ng\u00e0y 1 th\u00e1ng 7 h\u00e0ng n\u0103m. Ch\u01b0\u01a1ng tr\u00ecnh &#8220;Ng\u01b0\u1eddi th\u00e0nh \u0111\u1ea1t ASEP tr\u1ebb&#8221; \u0111em \u0111\u1ebfn nh\u1eefng h\u01b0\u1edbng d\u1eabn v\u00e0 ch\u0103m s\u00f3c ph\u00f9 h\u1ee3p v\u1edbi l\u1ee9a tu\u1ed5i cho h\u1ecdc sinh khi c\u00e1c em chuy\u1ec3n sang s\u1ed1ng \u0111\u1ed9c l\u1eadp, mang l\u1ea1i nh\u1eefng tr\u1ea3i nghi\u1ec7m b\u1ed5 \u00edch v\u1ec1 vi\u1ec7c ph\u00e1t tri\u1ec3n c\u00e1c th\u00f3i quen v\u00e0 k\u1ef9 n\u0103ng \u0111\u1ec3 th\u00e0nh c\u00f4ng \u1edf tr\u01b0\u1eddng \u0111\u1ea1i h\u1ecdc v\u00e0 trong cu\u1ed9c s\u1ed1ng sau n\u00e0y.[\/vc_column_text][\/vc_column_inner][vc_column_inner column_padding=&#8221;no-extra-padding&#8221; column_padding_tablet=&#8221;inherit&#8221; column_padding_phone=&#8221;inherit&#8221; column_padding_position=&#8221;all&#8221; column_element_spacing=&#8221;default&#8221; background_color_opacity=&#8221;1&#8243; background_hover_color_opacity=&#8221;1&#8243; column_shadow=&#8221;none&#8221; column_border_radius=&#8221;none&#8221; column_link_target=&#8221;_self&#8221; gradient_direction=&#8221;left_to_right&#8221; overlay_strength=&#8221;0.3&#8243; width=&#8221;1\/2&#8243; tablet_width_inherit=&#8221;default&#8221; bg_image_animation=&#8221;none&#8221; border_type=&#8221;simple&#8221; column_border_width=&#8221;none&#8221; column_border_style=&#8221;solid&#8221;][vc_column_text]Ch\u01b0\u01a1ng tr\u00ecnh \u0111\u01b0\u1ee3c thi\u1ebft k\u1ebf nh\u1eb1m khuy\u1ebfn kh\u00edch h\u1ecdc sinh kh\u00e1m ph\u00e1 c\u00e1c \u0111i\u1ec3m m\u1ea1nh, nh\u1eefng t\u00e0i n\u0103ng ti\u1ec1m \u1ea9n, v\u00e0 m\u1edf r\u1ed9ng t\u1ea7m nh\u00ecn c\u1ee7a m\u00ecnh th\u00f4ng qua c\u00e1c ho\u1ea1t \u0111\u1ed9ng th\u1ef1c ti\u1ec5n v\u00e0 t\u1eeb \u0111\u00f3 ph\u00e1t tri\u1ec3n m\u1ed9t t\u00ednh c\u00e1ch m\u1eabu m\u1ef1c. M\u1ed7i ng\u01b0\u1eddi th\u00e0nh \u0111\u1ea1t ASEP tr\u1ebb \u0111\u1ec1u \u0111\u01b0\u1ee3c c\u00e1c qu\u1ea3n gia quan t\u00e2m ch\u0103m s\u00f3c su\u1ed1t ng\u00e0y \u0111\u00eam, v\u00e0 \u0111\u00f3 ch\u00ednh l\u00e0 s\u1ef1 quan t\u00e2m \u0111\u1eb7c bi\u1ec7t \u0111\u1ebfn m\u1ed7i h\u1ecdc sinh gi\u1ed1ng nh\u01b0 c\u00e1c em \u0111\u01b0\u1ee3c ch\u0103m \u1edf nh\u00e0 v\u1edbi ph\u1ee5 huynh c\u1ee7a m\u00ecnh.[\/vc_column_text][\/vc_column_inner][\/vc_row_inner][\/vc_column][\/vc_row][vc_row type=&#8221;full_width_background&#8221; full_screen_row_position=&#8221;middle&#8221; column_margin=&#8221;default&#8221; column_direction=&#8221;default&#8221; column_direction_tablet=&#8221;default&#8221; column_direction_phone=&#8221;default&#8221; scene_position=&#8221;center&#8221; top_padding=&#8221;100&#8243; bottom_padding=&#8221;100&#8243; text_color=&#8221;dark&#8221; text_align=&#8221;left&#8221; row_border_radius=&#8221;none&#8221; row_border_radius_applies=&#8221;bg&#8221; overlay_strength=&#8221;0.3&#8243; gradient_direction=&#8221;left_to_right&#8221; shape_divider_position=&#8221;bottom&#8221; bg_image_animation=&#8221;none&#8221;][vc_column column_padding=&#8221;no-extra-padding&#8221; column_padding_tablet=&#8221;inherit&#8221; column_padding_phone=&#8221;inherit&#8221; column_padding_position=&#8221;all&#8221; column_element_spacing=&#8221;default&#8221; background_color_opacity=&#8221;1&#8243; background_hover_color_opacity=&#8221;1&#8243; column_shadow=&#8221;none&#8221; column_border_radius=&#8221;none&#8221; column_link_target=&#8221;_self&#8221; gradient_direction=&#8221;left_to_right&#8221; overlay_strength=&#8221;0.3&#8243; width=&#8221;1\/1&#8243; tablet_width_inherit=&#8221;default&#8221; tablet_text_alignment=&#8221;default&#8221; phone_text_alignment=&#8221;default&#8221; bg_image_animation=&#8221;none&#8221; enable_animation=&#8221;true&#8221; animation=&#8221;fade-in-from-left&#8221; border_type=&#8221;simple&#8221; column_border_width=&#8221;none&#8221; column_border_style=&#8221;solid&#8221; delay=&#8221;2s&#8221;][vc_column_text]<\/p>\n<h2 class=\"title-main\" style=\"text-align: center;\">CH\u01af\u01a0NG TR\u00ccNH \u0110\u1eb6C BI\u1ec6T D\u00c0NH CHO H\u1eccC SINH TRUNG H\u1eccC C\u01a0 S\u1ede<\/h2>\n<p>[\/vc_column_text][divider line_type=&#8221;No Line&#8221; custom_height=&#8221;50&#8243;][vc_row_inner column_margin=&#8221;default&#8221; column_direction=&#8221;default&#8221; column_direction_tablet=&#8221;default&#8221; column_direction_phone=&#8221;default&#8221; text_align=&#8221;left&#8221;][vc_column_inner column_padding=&#8221;no-extra-padding&#8221; column_padding_tablet=&#8221;inherit&#8221; column_padding_phone=&#8221;inherit&#8221; column_padding_position=&#8221;all&#8221; column_element_spacing=&#8221;default&#8221; background_color_opacity=&#8221;1&#8243; background_hover_color_opacity=&#8221;1&#8243; column_shadow=&#8221;none&#8221; column_border_radius=&#8221;none&#8221; column_link_target=&#8221;_self&#8221; gradient_direction=&#8221;left_to_right&#8221; overlay_strength=&#8221;0.3&#8243; width=&#8221;1\/4&#8243; tablet_width_inherit=&#8221;default&#8221; bg_image_animation=&#8221;none&#8221; enable_animation=&#8221;true&#8221; animation=&#8221;fade-in-from-left&#8221; border_type=&#8221;simple&#8221; column_border_width=&#8221;none&#8221; column_border_style=&#8221;solid&#8221; delay=&#8221;2s&#8221;][vc_column_text]<\/p>\n<p style=\"text-align: center;\">[icon color=&#8221;dev-button&#8221; size=&#8221;large&#8221; image=&#8221;fa fa-upload&#8221;]<\/p>\n<p>[\/vc_column_text][vc_column_text]<\/p>\n<h3 style=\"text-align: center;\">X\u00e2y d\u1ef1ng t\u00ednh c\u00e1ch<\/h3>\n<p style=\"text-align: justify;\">Ch\u01b0\u01a1ng tr\u00ecnh x\u00e2y d\u1ef1ng t\u00ednh c\u00e1ch \u0111\u1eb7c bi\u1ec7t c\u1ee7a Columbia ph\u00f9 h\u1ee3p v\u1edbi t\u1eebng l\u1ee9a tu\u1ed5i cho ph\u00e9p h\u1ecdc sinh ph\u00e1t tri\u1ec3n c\u00e1c h\u00e0nh vi x\u00e3 h\u1ed9i v\u00e0 c\u1ea3m x\u00fac t\u00edch c\u1ef1c. Nh\u1eefng ph\u1ea9m ch\u1ea5t n\u00e0y \u0111\u01b0\u1ee3c \u0111\u00e1nh gi\u00e1 cao b\u1edfi c\u00e1c tr\u01b0\u1eddng \u0111\u1ea1i h\u1ecdc h\u00e0ng \u0111\u1ea7u \u1edf Canada v\u00e0 tr\u00ean th\u1ebf gi\u1edbi, nh\u1eefng tr\u01b0\u1eddng c\u00f3 mong mu\u1ed1n tuy\u1ec3n nh\u1eefng sinh vi\u00ean to\u00e0n di\u1ec7n v\u1edbi th\u00e0nh t\u00edch h\u1ecdc t\u1eadp t\u1ed1t, h\u00e0nh \u0111\u1ed9ng ch\u00edn ch\u1eafn v\u00e0 t\u00ednh c\u00e1ch v\u01b0\u1ee3t tr\u1ed9i. Gi\u00e1o d\u1ee5c t\u00ednh c\u00e1ch \u0111\u01b0\u1ee3c \u0111\u01b0a v\u00e0o t\u1ea5t c\u1ea3 c\u00e1c m\u00f4n h\u1ecdc v\u00e0 \u0111\u01b0\u1ee3c truy\u1ec1n \u0111\u1ea1t theo c\u00e1ch thu h\u00fat t\u1ea5t c\u1ea3 h\u1ecdc sinh, d\u00f9 c\u00e1c em theo tr\u01b0\u1eddng ph\u00e1i h\u1ecdc b\u1eb1ng th\u1ecb gi\u00e1c, v\u1eadn \u0111\u1ed9ng ho\u1eb7c th\u00ednh gi\u00e1c.<\/p>\n<p>[\/vc_column_text][\/vc_column_inner][vc_column_inner column_padding=&#8221;no-extra-padding&#8221; column_padding_tablet=&#8221;inherit&#8221; column_padding_phone=&#8221;inherit&#8221; column_padding_position=&#8221;all&#8221; column_element_spacing=&#8221;default&#8221; background_color_opacity=&#8221;1&#8243; background_hover_color_opacity=&#8221;1&#8243; column_shadow=&#8221;none&#8221; column_border_radius=&#8221;none&#8221; column_link_target=&#8221;_self&#8221; gradient_direction=&#8221;left_to_right&#8221; overlay_strength=&#8221;0.3&#8243; width=&#8221;1\/4&#8243; tablet_width_inherit=&#8221;default&#8221; bg_image_animation=&#8221;none&#8221; enable_animation=&#8221;true&#8221; animation=&#8221;fade-in-from-left&#8221; border_type=&#8221;simple&#8221; column_border_width=&#8221;none&#8221; column_border_style=&#8221;solid&#8221; delay=&#8221;2s&#8221;][vc_column_text]<\/p>\n<p style=\"text-align: center;\">[icon color=&#8221;dev-button&#8221; size=&#8221;large&#8221; image=&#8221;fa fa-heart-o&#8221;]<\/p>\n<p>[\/vc_column_text][vc_column_text]<\/p>\n<h3 style=\"text-align: center;\">D\u1ef1 \u00e1n ti\u1ebfp c\u1eadn x\u00e3 h\u1ed9i<\/h3>\n<p style=\"text-align: justify;\">C\u00e1c em h\u1ecdc sinh trung h\u1ecdc c\u01a1 s\u1edf tham gia theo nh\u00f3m v\u00e0o m\u1ed9t d\u1ef1 \u00e1n nghi\u00ean c\u1ee9u ti\u1ebfp c\u1eadn x\u00e3 h\u1ed9i, t\u1eadp trung v\u00e0o c\u00e1c v\u1ea5n \u0111\u1ec1 tr\u00ean th\u1ebf gi\u1edbi nh\u01b0 n\u01b0\u1edbc s\u1ea1ch, an ninh l\u01b0\u01a1ng th\u1ef1c, x\u00e2y d\u1ef1ng tr\u01b0\u1eddng h\u1ecdc v\u00e0 ch\u0103m s\u00f3c s\u1ee9c kh\u1ecfe. H\u1ecdc sinh ph\u00e1t tri\u1ec3n c\u00e1c \u0111\u1eb7c \u0111i\u1ec3m t\u00ednh c\u00e1ch nh\u01b0 quan t\u00e2m, t\u1ef1 th\u00e2n v\u1eadn \u0111\u1ed9ng, tr\u00e1ch nhi\u1ec7m v\u00e0 ki\u00ean tr\u00ec khi t\u1ed5 ch\u1ee9c c\u00e1c bu\u1ed5i h\u1ed9i th\u1ea3o v\u00e0 s\u1ef1 ki\u1ec7n g\u00e2y qu\u1ef9 \u0111\u1ec3 n\u00e2ng cao nh\u1eadn th\u1ee9c v\u1ec1 c\u00e1c v\u1ea5n \u0111\u1ec1 kh\u00e1c nhau. Sau khi ho\u00e0n th\u00e0nh d\u1ef1 \u00e1n, h\u1ecdc sinh s\u1ebd c\u00f3 \u0111\u01b0\u1ee3c s\u1ef1 t\u1ef1 tin r\u1eb1ng c\u00e1c em c\u00f3 th\u1ec3 l\u00e0m vi\u1ec7c c\u00f9ng nhau nh\u01b0 m\u1ed9t t\u1eadp th\u1ec3 v\u00e0 t\u1ea1o n\u00ean s\u1ef1 kh\u00e1c bi\u1ec7t th\u1ef1c s\u1ef1 tr\u00ean th\u1ebf gi\u1edbi.<\/p>\n<p>[\/vc_column_text][\/vc_column_inner][vc_column_inner column_padding=&#8221;no-extra-padding&#8221; column_padding_tablet=&#8221;inherit&#8221; column_padding_phone=&#8221;inherit&#8221; column_padding_position=&#8221;all&#8221; column_element_spacing=&#8221;default&#8221; background_color_opacity=&#8221;1&#8243; background_hover_color_opacity=&#8221;1&#8243; column_shadow=&#8221;none&#8221; column_border_radius=&#8221;none&#8221; column_link_target=&#8221;_self&#8221; gradient_direction=&#8221;left_to_right&#8221; overlay_strength=&#8221;0.3&#8243; width=&#8221;1\/4&#8243; tablet_width_inherit=&#8221;default&#8221; bg_image_animation=&#8221;none&#8221; enable_animation=&#8221;true&#8221; animation=&#8221;fade-in-from-left&#8221; border_type=&#8221;simple&#8221; column_border_width=&#8221;none&#8221; column_border_style=&#8221;solid&#8221; delay=&#8221;2s&#8221;][vc_column_text]<\/p>\n<p style=\"text-align: center;\">[icon color=&#8221;dev-button&#8221; size=&#8221;large&#8221; image=&#8221;fa fa-globe&#8221;]<\/p>\n<p>[\/vc_column_text][vc_column_text]<\/p>\n<h3 style=\"text-align: center;\">Ch\u01b0\u01a1ng tr\u00ecnh C\u00f4ng D\u00e2n To\u00e0n C\u1ea7u Tr\u1ebb<\/h3>\n<p style=\"text-align: justify;\">Ch\u01b0\u01a1ng tr\u00ecnh n\u00e0y truy\u1ec1n c\u1ea3m h\u1ee9ng cho h\u1ecdc sinh b\u1eaft tay h\u00e0nh \u0111\u1ed9ng v\u1edbi nh\u1eefng v\u1ea5n \u0111\u1ec1 thi\u1ebft y\u1ebfu c\u1ee7a \u0111\u1ecba ph\u01b0\u01a1ng v\u00e0 to\u00e0n c\u1ea7u. H\u1ecdc sinh h\u1ecdc c\u00e1ch \u0111\u00f3ng g\u00f3p cho c\u1ed9ng \u0111\u1ed3ng \u0111\u1ecba ph\u01b0\u01a1ng v\u00e0 to\u00e0n c\u1ea7u; coi Tr\u00e1i \u0111\u1ea5t l\u00e0 n\u01a1i qu\u00fd gi\u00e1 \u0111\u1ec3 sinh s\u1ed1ng v\u00e0 b\u1ea3o v\u1ec7 t\u01b0\u01a1ng lai c\u1ee7a n\u00f3; t\u00f4n tr\u1ecdng v\u00e0 t\u00f4n vinh s\u1ef1 \u0111a d\u1ea1ng c\u1ee7a c\u00e1c n\u1ec1n v\u0103n h\u00f3a tr\u00ean th\u1ebf gi\u1edbi. H\u1ecdc sinh hi\u1ec3u \u0111\u01b0\u1ee3c t\u00e1c \u0111\u1ed9ng c\u1ee7a v\u0103n h\u00f3a, kinh t\u1ebf, c\u00f4ng ngh\u1ec7 v\u00e0 m\u00f4i tr\u01b0\u1eddng \u0111\u1ebfn c\u00e1c s\u1ef1 ki\u1ec7n tr\u00ean th\u1ebf gi\u1edbi. C\u00e1c em t\u00ecm ki\u1ebfm gi\u1ea3i ph\u00e1p cho nh\u1eefng b\u1ea5t c\u00f4ng. V\u00e0 h\u1ecdc c\u00e1ch ch\u1ecbu tr\u00e1ch nhi\u1ec7m v\u1ec1 h\u00e0nh \u0111\u1ed9ng c\u1ee7a m\u00ecnh.<\/p>\n<p>[\/vc_column_text][\/vc_column_inner][vc_column_inner column_padding=&#8221;no-extra-padding&#8221; column_padding_tablet=&#8221;inherit&#8221; column_padding_phone=&#8221;inherit&#8221; column_padding_position=&#8221;all&#8221; column_element_spacing=&#8221;default&#8221; background_color_opacity=&#8221;1&#8243; background_hover_color_opacity=&#8221;1&#8243; column_shadow=&#8221;none&#8221; column_border_radius=&#8221;none&#8221; column_link_target=&#8221;_self&#8221; gradient_direction=&#8221;left_to_right&#8221; overlay_strength=&#8221;0.3&#8243; width=&#8221;1\/4&#8243; tablet_width_inherit=&#8221;default&#8221; bg_image_animation=&#8221;none&#8221; enable_animation=&#8221;true&#8221; animation=&#8221;fade-in-from-left&#8221; border_type=&#8221;simple&#8221; column_border_width=&#8221;none&#8221; column_border_style=&#8221;solid&#8221; delay=&#8221;2s&#8221;][vc_column_text]<\/p>\n<p style=\"text-align: center;\">[icon color=&#8221;dev-button&#8221; size=&#8221;large&#8221; image=&#8221;fa fa-file-text&#8221;]<\/p>\n<p>[\/vc_column_text][vc_column_text]<\/p>\n<h3 style=\"text-align: center;\">Ch\u1ee9ng ch\u1ec9 x\u00e2y d\u1ef1ng t\u00ednh c\u00e1ch<\/h3>\n<p style=\"text-align: justify;\">\u0110\u1ec3 \u0111\u1ea1t \u0111i\u1ec1u ki\u1ec7n nh\u1eadn ch\u1ee9ng ch\u1ec9, h\u1ecdc sinh c\u1ea7n ph\u1ea3i tham gia c\u00e2u l\u1ea1c b\u1ed9 ng\u00f4n ng\u1eef v\u00e0 ho\u1ea1t \u0111\u1ed9ng th\u00fac \u0111\u1ea9y vi\u1ec7c h\u1ecdc t\u1eadp li\u00ean v\u0103n h\u00f3a; ho\u00e0n th\u00e0nh d\u1ef1 \u00e1n ti\u1ebfp c\u1eadn x\u00e3 h\u1ed9i to\u00e0n c\u1ea7u; th\u1ef1c hi\u1ec7n d\u1ecbch v\u1ee5 c\u1ed9ng \u0111\u1ed3ng trong tr\u01b0\u1eddng h\u1ecdc v\u00e0 ngo\u00e0i c\u1ed9ng \u0111\u1ed3ng; ho\u00e0n th\u00e0nh ch\u01b0\u01a1ng tr\u00ecnh K\u1ef9 n\u0103ng ph\u00e1t tri\u1ec3n c\u00e1 nh\u00e2n v\u00e0 cu\u1ed9c s\u1ed1ng t\u1ea1i Trung t\u00e2m gi\u00e1o d\u1ee5c ngo\u00e0i tr\u1eddi Bark Lake; v\u00e0 ho\u00e0n th\u00e0nh &#8220;K\u1ebf ho\u1ea1ch h\u00e0nh \u0111\u1ed9ng thay \u0111\u1ed5i&#8221;, \u0111\u00e2y l\u00e0 m\u1ed9t b\u00e0i lu\u1eadn n\u00eau ra c\u00e1c b\u01b0\u1edbc c\u1ea7n c\u00f3 \u0111\u1ec3 hi\u1ec7n th\u1ef1c h\u00f3a c\u1ea3i c\u00e1ch to\u00e0n c\u1ea7u, d\u1ef1a tr\u00ean nh\u1eefng g\u00ec h\u1ecdc sinh \u0111\u00e3 h\u1ecdc \u0111\u01b0\u1ee3c \u1edf Columbia.<\/p>\n<p>[\/vc_column_text][\/vc_column_inner][\/vc_row_inner][\/vc_column][\/vc_row][vc_row type=&#8221;in_container&#8221; full_screen_row_position=&#8221;middle&#8221; column_margin=&#8221;default&#8221; column_direction=&#8221;default&#8221; column_direction_tablet=&#8221;default&#8221; column_direction_phone=&#8221;default&#8221; scene_position=&#8221;center&#8221; text_color=&#8221;dark&#8221; text_align=&#8221;left&#8221; row_border_radius=&#8221;none&#8221; row_border_radius_applies=&#8221;bg&#8221; class=&#8221;temp temp-dev&#8221; overlay_strength=&#8221;0.3&#8243; gradient_direction=&#8221;left_to_right&#8221; shape_divider_position=&#8221;bottom&#8221; bg_image_animation=&#8221;none&#8221;][vc_column column_padding=&#8221;no-extra-padding&#8221; column_padding_tablet=&#8221;inherit&#8221; column_padding_phone=&#8221;inherit&#8221; column_padding_position=&#8221;all&#8221; column_element_spacing=&#8221;default&#8221; background_color_opacity=&#8221;1&#8243; background_hover_color_opacity=&#8221;1&#8243; column_shadow=&#8221;none&#8221; column_border_radius=&#8221;none&#8221; column_link_target=&#8221;_self&#8221; gradient_direction=&#8221;left_to_right&#8221; overlay_strength=&#8221;0.3&#8243; width=&#8221;1\/1&#8243; tablet_width_inherit=&#8221;default&#8221; tablet_text_alignment=&#8221;default&#8221; phone_text_alignment=&#8221;default&#8221; bg_image_animation=&#8221;none&#8221; border_type=&#8221;simple&#8221; column_border_width=&#8221;none&#8221; column_border_style=&#8221;solid&#8221;][vc_column_text css_animation=&#8221;fadeIn&#8221; el_class=&#8221;use-links&#8221; css=&#8221;.vc_custom_1518792928356{margin-bottom: 50px !important;}&#8221;]<\/p>\n<h2 class=\"pinline\"><b><sup>Ch\u0103m S\u00f3c To\u00e0n Di\u1ec7n Ph\u00e1t Tri\u1ec3n\u00ae<\/sup> Links<\/b><\/h2>\n<p>[\/vc_column_text][fancy-ul icon_type=&#8221;none&#8221; alignment=&#8221;left&#8221; spacing=&#8221;default&#8221;]<\/p>\n<ul>\n<li><a href=\"http:\/\/www.cic-totalcare.com\/total-care-education\/total-care-development\/student-development-office\/\">V\u0103n ph\u00f2ng ph\u00e1t tri\u1ec3n k\u1ef9 n\u0103ng l\u00e3nh \u0111\u1ea1o h\u1ecdc sinh<\/a><\/li>\n<li><a href=\"http:\/\/www.cic-totalcare.com\/total-care-education\/total-care-development\/programming\/\">Ch\u01b0\u01a1ng tr\u00ecnh h\u1ecdc<\/a><\/li>\n<li><a href=\"http:\/\/www.cic-totalcare.com\/total-care-education\/total-care-development\/leadership-training\/\">\u0110\u00e0o t\u1ea1o l\u00e3nh \u0111\u1ea1o<\/a><\/li>\n<li><a class=\"nectar-button large regular accent-color has-icon regular-button\" href=\"https:\/\/www.cic-totalcare.com\/vi\/\" target=\"_blank\" rel=\"noopener noreferrer\">Tr\u1edf v\u1ec1 trang ch\u1ee7<\/a><\/li>\n<\/ul>\n<p>[\/fancy-ul][\/vc_column][\/vc_row]<\/p>\n","protected":false},"excerpt":{"rendered":"<p>[vc_row type=&#8221;in_container&#8221; full_screen_row_position=&#8221;middle&#8221; column_margin=&#8221;default&#8221; column_direction=&#8221;default&#8221; column_direction_tablet=&#8221;default&#8221; column_direction_phone=&#8221;default&#8221; scene_position=&#8221;center&#8221; text_color=&#8221;dark&#8221; text_align=&#8221;left&#8221; row_border_radius=&#8221;none&#8221; row_border_radius_applies=&#8221;bg&#8221; class=&#8221;row-no-margin&#8221; overlay_strength=&#8221;0.3&#8243; gradient_direction=&#8221;left_to_right&#8221; shape_divider_position=&#8221;bottom&#8221; bg_image_animation=&#8221;none&#8221;][vc_column column_padding=&#8221;no-extra-padding&#8221; column_padding_tablet=&#8221;inherit&#8221; column_padding_phone=&#8221;inherit&#8221; column_padding_position=&#8221;all&#8221; column_element_spacing=&#8221;default&#8221; background_color_opacity=&#8221;1&#8243; background_hover_color_opacity=&#8221;1&#8243; column_shadow=&#8221;none&#8221; column_border_radius=&#8221;none&#8221; column_link_target=&#8221;_self&#8221; gradient_direction=&#8221;left_to_right&#8221; overlay_strength=&#8221;0.3&#8243; width=&#8221;1\/1&#8243; tablet_width_inherit=&#8221;default&#8221; tablet_text_alignment=&#8221;default&#8221; phone_text_alignment=&#8221;default&#8221; bg_image_animation=&#8221;none&#8221; border_type=&#8221;simple&#8221; column_border_width=&#8221;none&#8221; column_border_style=&#8221;solid&#8221;][divider line_type=&#8221;No Line&#8221; custom_height=&#8221;25&#8243;][vc_row_inner column_margin=&#8221;default&#8221; column_direction=&#8221;default&#8221; column_direction_tablet=&#8221;default&#8221; column_direction_phone=&#8221;default&#8221; text_align=&#8221;left&#8221;][vc_column_inner column_padding=&#8221;no-extra-padding&#8221; column_padding_tablet=&#8221;inherit&#8221; column_padding_phone=&#8221;inherit&#8221; column_padding_position=&#8221;all&#8221; column_element_spacing=&#8221;default&#8221; background_color_opacity=&#8221;1&#8243; background_hover_color_opacity=&#8221;1&#8243; column_shadow=&#8221;none&#8221; column_border_radius=&#8221;none&#8221; column_link_target=&#8221;_self&#8221; [&hellip;]<\/p>\n","protected":false},"author":1,"featured_media":0,"parent":15508,"menu_order":43,"comment_status":"open","ping_status":"open","template":"","meta":{"footnotes":""},"_links":{"self":[{"href":"https:\/\/rewrite.cic-totalcare.com\/vi\/wp-json\/wp\/v2\/pages\/15108"}],"collection":[{"href":"https:\/\/rewrite.cic-totalcare.com\/vi\/wp-json\/wp\/v2\/pages"}],"about":[{"href":"https:\/\/rewrite.cic-totalcare.com\/vi\/wp-json\/wp\/v2\/types\/page"}],"author":[{"embeddable":true,"href":"https:\/\/rewrite.cic-totalcare.com\/vi\/wp-json\/wp\/v2\/users\/1"}],"replies":[{"embeddable":true,"href":"https:\/\/rewrite.cic-totalcare.com\/vi\/wp-json\/wp\/v2\/comments?post=15108"}],"version-history":[{"count":22,"href":"https:\/\/rewrite.cic-totalcare.com\/vi\/wp-json\/wp\/v2\/pages\/15108\/revisions"}],"predecessor-version":[{"id":133375,"href":"https:\/\/rewrite.cic-totalcare.com\/vi\/wp-json\/wp\/v2\/pages\/15108\/revisions\/133375"}],"up":[{"embeddable":true,"href":"https:\/\/rewrite.cic-totalcare.com\/vi\/wp-json\/wp\/v2\/pages\/15508"}],"wp:attachment":[{"href":"https:\/\/rewrite.cic-totalcare.com\/vi\/wp-json\/wp\/v2\/media?parent=15108"}],"curies":[{"name":"wp","href":"https:\/\/api.w.org\/{rel}","templated":true}]}}