{"id":15118,"date":"2019-11-18T21:19:05","date_gmt":"2019-11-18T21:19:05","guid":{"rendered":"https:\/\/www.cic-totalcare.com\/chuong-trinh-trai-he\/"},"modified":"2019-12-03T21:41:16","modified_gmt":"2019-12-03T21:41:16","slug":"apply","status":"publish","type":"page","link":"https:\/\/rewrite.cic-totalcare.com\/vi\/summer-camp\/apply\/","title":{"rendered":"Ch\u01b0\u01a1ng tr\u00ecnh Tr\u1ea1i h\u00e8"},"content":{"rendered":"<p>[vc_row type=&#8221;full_width_background&#8221; full_screen_row_position=&#8221;middle&#8221; scene_position=&#8221;center&#8221; text_color=&#8221;dark&#8221; text_align=&#8221;left&#8221; top_padding=&#8221;100&#8243; bottom_padding=&#8221;100&#8243; overlay_strength=&#8221;0.3&#8243;][vc_column enable_animation=&#8221;true&#8221; animation=&#8221;fade-in-from-left&#8221; column_padding=&#8221;no-extra-padding&#8221; column_padding_position=&#8221;all&#8221; background_color_opacity=&#8221;1&#8243; background_hover_color_opacity=&#8221;1&#8243; top_margin=&#8221;-80&#8243; column_shadow=&#8221;none&#8221; width=&#8221;1\/2&#8243; tablet_text_alignment=&#8221;default&#8221; phone_text_alignment=&#8221;default&#8221; column_border_width=&#8221;none&#8221; column_border_style=&#8221;solid&#8221; delay=&#8221;300&#8243;][vc_gallery type=&#8221;flickity_style&#8221; images=&#8221;11563,11564,11556,11630,11548,11555,11554,11565,11553,11627,11628,11629&#8243; flickity_controls=&#8221;none&#8221; flickity_desktop_columns=&#8221;3&#8243; flickity_small_desktop_columns=&#8221;1&#8243; flickity_tablet_columns=&#8221;1&#8243; flickity_free_scroll=&#8221;true&#8221; flickity_autoplay=&#8221;true&#8221; flickity_box_shadow=&#8221;none&#8221; onclick=&#8221;link_no&#8221; css=&#8221;.vc_custom_1525716951800{margin-bottom: -80px !important;}&#8221;][vc_custom_heading text=&#8221;Ch\u01b0\u01a1ng tr\u00ecnh tr\u1ea3i nghi\u1ec7m \u0111\u1eb7c bi\u1ec7t \u0111\u1ec3 chu\u1ea9n b\u1ecb cho vi\u1ec7c du h\u1ecdc d\u00e0i h\u1ecdc trong c\u00e1c n\u0103m sau.&#8221; font_container=&#8221;tag:h2|font_size:32|text_align:left|color:%2384b448|line_height:32px&#8221; use_theme_fonts=&#8221;yes&#8221; el_class=&#8221;custom-h2&#8243; css=&#8221;.vc_custom_1525717334611{margin-top: -40px !important;}&#8221;][vc_column_text css=&#8221;.vc_custom_1525717389906{margin-top: 20px !important;}&#8221;]<strong>4 s\u1ef1 l\u1ef1a ch\u1ecdn cho Ch\u01b0\u01a1ng tr\u00ecnh Tr\u1ea1i H\u00e8:<br \/>\n1. H\u1ecdc Ti\u1ebfng Anh &amp; Kh\u00e1m ph\u00e1 Canada<br \/>\n2. Tr\u1ea1i h\u00e8 IELTS<br \/>\n3. Tr\u1ea1i h\u00e8 phi\u00eau l\u01b0u<br \/>\n4. Tr\u00e0i h\u00e8 \u01afu t\u00fa &amp; L\u00e3nh \u0111\u1ea1o<\/strong><\/p>\n<p>\u0110\u01b0\u1ee3c thi\u1ebft k\u1ebf cho h\u1ecdc sinh t\u1eeb ch\u00edn tu\u1ed5i tr\u1edf l\u00ean, h\u1ecdc sinh s\u1ebd c\u00f3 \u0111\u01b0\u1ee3c tr\u1ea3i nghi\u1ec7m s\u1edbm khi s\u1ed1ng xa nh\u00e0 trong v\u00e0i tu\u1ea7n, trong s\u1ef1 an to\u00e0n v\u00e0 b\u1ea3o m\u1eadt c\u1ee7a m\u00f4i tr\u01b0\u1eddng n\u1ed9i tr\u00fa Total Care Education\u00ae.<\/p>\n<p>Tr\u1ea1i h\u00e8 \u0111\u01b0\u1ee3c cung c\u1ea5p cho sinh vi\u00ean qu\u1ed1c t\u1ebf tr\u1ea3i nghi\u1ec7m t\u01b0\u01a1ng \u0111\u01b0\u01a1ng v\u1edbi thanh thi\u1ebfu ni\u00ean Canada \u0111i\u1ec3n h\u00ecnh trong k\u1ef3 ngh\u1ec9 h\u00e8, mang \u0111\u1ebfn cho c\u00e1c h\u1ecdc sinh m\u1ed9t g\u00f3c nh\u00ecn kh\u00e1c c\u1ee7a cu\u1ed9c s\u1ed1ng Canada \u0111\u1ec3 t\u1eadn h\u01b0\u1edfng.<\/p>\n<ul>\n<li>H\u1ecdc sinh h\u1ecdc ti\u1ebfng Anh, tham gia c\u00e1c ho\u1ea1t \u0111\u1ed9ng gi\u1ea3i tr\u00ed v\u00e0 v\u0103n h\u00f3a, tham quan c\u00e1c \u0111\u1ecba danh n\u1ed5i ti\u1ebfng c\u1ee7a Canada \u1edf Ontario v\u00e0 Quebec.<\/li>\n<li>Ph\u00e1t tri\u1ec3n k\u1ef9 n\u0103ng l\u00e3nh \u0111\u1ea1o v\u00e0 nh\u00e2n c\u00e1ch trong su\u1ed1t m\u00f9a h\u00e8, trong b\u1ea7u kh\u00f4ng kh\u00ed an to\u00e0n v\u00e0 vui v\u1ebb<\/li>\n<li>M\u1ed7i h\u1ecdc sinh \u0111\u01b0\u1ee3c ch\u00e0o \u0111\u00f3n \u0111\u1ec3 \u0111\u0103ng k\u00ed. M\u1ed9t s\u1ed1 h\u1ecdc sinh \u0111\u0103n gki1 theo nh\u00f3m c\u00f3 th\u1ec3 tham gi\u00e0 b\u00e0o Th\u00e1ng 7 v\u00e0 8.<\/li>\n<\/ul>\n<p>[\/vc_column_text][nectar_btn size=&#8221;jumbo&#8221; open_new_tab=&#8221;true&#8221; button_style=&#8221;regular&#8221; button_color_2=&#8221;Extra-Color-2&#8243; icon_family=&#8221;none&#8221; url=&#8221;https:\/\/www.cic-totalcare.com\/wp-content\/uploads\/2017\/10\/summer-camp-brochure-2018.pdf&#8221; text=&#8221;T\u1ea3i t\u00e0i li\u1ec7u&#8221; css_animation=&#8221;flash&#8221; margin_top=&#8221;40&#8243;][vc_column_text css=&#8221;.vc_custom_1525717139129{margin-top: 50px !important;}&#8221;][sc name=&#8221;summer camp intro&#8221;][\/vc_column_text][divider line_type=&#8221;No Line&#8221; custom_height=&#8221;30&#8243;][\/vc_column][vc_column column_padding=&#8221;no-extra-padding&#8221; column_padding_position=&#8221;all&#8221; background_color_opacity=&#8221;1&#8243; background_hover_color_opacity=&#8221;1&#8243; column_shadow=&#8221;none&#8221; width=&#8221;1\/2&#8243; tablet_text_alignment=&#8221;default&#8221; phone_text_alignment=&#8221;default&#8221; column_border_width=&#8221;none&#8221; column_border_style=&#8221;solid&#8221;][vc_raw_html]PHNjcmlwdCBzcmM9Imh0dHBzOi8vc3RhdGljLmFpcnRhYmxlLmNvbS9qcy9lbWJlZC9lbWJlZF9zbmlwcGV0X3YxLmpzIj48L3NjcmlwdD4NCjxkaXYgaWQ9ImZiLXBpeGVsLW91dGVyIj48aWZyYW1lIGlkPSJhaXJ0YWJsZS1lbWJlZCIgY2xhc3M9ImFpcnRhYmxlLWVtYmVkIGFpcnRhYmxlLWR5bmFtaWMtaGVpZ2h0IiBzdHlsZT0iYmFja2dyb3VuZDogI2ZmZjsgYm9yZGVyOiAxcHggc29saWQgI2NjYzsiIHNyYz0iaHR0cHM6Ly9haXJ0YWJsZS5jb20vZW1iZWQvc2hyZ3RRMjN5WHdESkJTNGYiIHdpZHRoPSIxMDAlIiBoZWlnaHQ9IjE5ODMiIGZyYW1lYm9yZGVyPSIwIj48L2lmcmFtZT48L2Rpdj4=[\/vc_raw_html][divider line_type=&#8221;No Line&#8221; custom_height=&#8221;20&#8243;][\/vc_column][\/vc_row][vc_row type=&#8221;full_width_background&#8221; full_screen_row_position=&#8221;middle&#8221; bg_image=&#8221;1824&#8243; bg_position=&#8221;center center&#8221; bg_repeat=&#8221;no-repeat&#8221; scene_position=&#8221;center&#8221; text_color=&#8221;light&#8221; text_align=&#8221;center&#8221; top_padding=&#8221;80&#8243; bottom_padding=&#8221;80&#8243; class=&#8221;grassy-bg&#8221; overlay_strength=&#8221;0.3&#8243;][vc_column column_padding=&#8221;no-extra-padding&#8221; column_padding_position=&#8221;all&#8221; background_color_opacity=&#8221;1&#8243; background_hover_color_opacity=&#8221;1&#8243; column_shadow=&#8221;none&#8221; width=&#8221;1\/1&#8243; tablet_text_alignment=&#8221;default&#8221; phone_text_alignment=&#8221;default&#8221; column_border_width=&#8221;none&#8221; column_border_style=&#8221;solid&#8221;][\/vc_column][\/vc_row]<\/p>\n","protected":false},"excerpt":{"rendered":"<p>[vc_row type=&#8221;full_width_background&#8221; full_screen_row_position=&#8221;middle&#8221; scene_position=&#8221;center&#8221; text_color=&#8221;dark&#8221; text_align=&#8221;left&#8221; top_padding=&#8221;100&#8243; bottom_padding=&#8221;100&#8243; overlay_strength=&#8221;0.3&#8243;][vc_column enable_animation=&#8221;true&#8221; animation=&#8221;fade-in-from-left&#8221; column_padding=&#8221;no-extra-padding&#8221; column_padding_position=&#8221;all&#8221; background_color_opacity=&#8221;1&#8243; background_hover_color_opacity=&#8221;1&#8243; top_margin=&#8221;-80&#8243; column_shadow=&#8221;none&#8221; width=&#8221;1\/2&#8243; tablet_text_alignment=&#8221;default&#8221; phone_text_alignment=&#8221;default&#8221; column_border_width=&#8221;none&#8221; column_border_style=&#8221;solid&#8221; delay=&#8221;300&#8243;][vc_gallery type=&#8221;flickity_style&#8221; images=&#8221;11563,11564,11556,11630,11548,11555,11554,11565,11553,11627,11628,11629&#8243; flickity_controls=&#8221;none&#8221; flickity_desktop_columns=&#8221;3&#8243; flickity_small_desktop_columns=&#8221;1&#8243; flickity_tablet_columns=&#8221;1&#8243; flickity_free_scroll=&#8221;true&#8221; flickity_autoplay=&#8221;true&#8221; flickity_box_shadow=&#8221;none&#8221; onclick=&#8221;link_no&#8221; css=&#8221;.vc_custom_1525716951800{margin-bottom: -80px !important;}&#8221;][vc_custom_heading text=&#8221;Ch\u01b0\u01a1ng tr\u00ecnh tr\u1ea3i nghi\u1ec7m \u0111\u1eb7c bi\u1ec7t \u0111\u1ec3 chu\u1ea9n b\u1ecb cho vi\u1ec7c du h\u1ecdc d\u00e0i h\u1ecdc trong c\u00e1c n\u0103m sau.&#8221; [&hellip;]<\/p>\n","protected":false},"author":22,"featured_media":0,"parent":85528,"menu_order":9,"comment_status":"open","ping_status":"open","template":"","meta":{"footnotes":""},"_links":{"self":[{"href":"https:\/\/rewrite.cic-totalcare.com\/vi\/wp-json\/wp\/v2\/pages\/15118"}],"collection":[{"href":"https:\/\/rewrite.cic-totalcare.com\/vi\/wp-json\/wp\/v2\/pages"}],"about":[{"href":"https:\/\/rewrite.cic-totalcare.com\/vi\/wp-json\/wp\/v2\/types\/page"}],"author":[{"embeddable":true,"href":"https:\/\/rewrite.cic-totalcare.com\/vi\/wp-json\/wp\/v2\/users\/22"}],"replies":[{"embeddable":true,"href":"https:\/\/rewrite.cic-totalcare.com\/vi\/wp-json\/wp\/v2\/comments?post=15118"}],"version-history":[{"count":7,"href":"https:\/\/rewrite.cic-totalcare.com\/vi\/wp-json\/wp\/v2\/pages\/15118\/revisions"}],"predecessor-version":[{"id":16342,"href":"https:\/\/rewrite.cic-totalcare.com\/vi\/wp-json\/wp\/v2\/pages\/15118\/revisions\/16342"}],"up":[{"embeddable":true,"href":"https:\/\/rewrite.cic-totalcare.com\/vi\/wp-json\/wp\/v2\/pages\/85528"}],"wp:attachment":[{"href":"https:\/\/rewrite.cic-totalcare.com\/vi\/wp-json\/wp\/v2\/media?parent=15118"}],"curies":[{"name":"wp","href":"https:\/\/api.w.org\/{rel}","templated":true}]}}