{"id":15208,"date":"2019-11-20T15:48:45","date_gmt":"2019-11-20T15:48:45","guid":{"rendered":"https:\/\/www.cic-totalcare.com\/phieu-bao-cao-ez-report-truc-tuyen\/"},"modified":"2019-11-20T15:48:48","modified_gmt":"2019-11-20T15:48:48","slug":"ez-report-cards","status":"publish","type":"page","link":"https:\/\/rewrite.cic-totalcare.com\/vi\/total-care-education\/total-care-communication\/ez-report-cards\/","title":{"rendered":"Phi\u1ebfu b\u00e1o c\u00e1o EZ report tr\u1ef1c tuy\u1ebfn"},"content":{"rendered":"<p>[vc_row type=&#8221;full_width_background&#8221; full_screen_row_position=&#8221;middle&#8221; scene_position=&#8221;center&#8221; text_color=&#8221;dark&#8221; text_align=&#8221;center&#8221; top_padding=&#8221;50&#8243; bottom_padding=&#8221;100&#8243; overlay_strength=&#8221;0.3&#8243;][vc_column enable_animation=&#8221;true&#8221; animation=&#8221;fade-in-from-left&#8221; column_padding=&#8221;no-extra-padding&#8221; column_padding_position=&#8221;all&#8221; background_color_opacity=&#8221;1&#8243; background_hover_color_opacity=&#8221;1&#8243; column_shadow=&#8221;none&#8221; width=&#8221;1\/1&#8243; tablet_text_alignment=&#8221;default&#8221; phone_text_alignment=&#8221;default&#8221; column_border_width=&#8221;none&#8221; column_border_style=&#8221;solid&#8221; delay=&#8221;2s&#8221;][vc_column_text]Phi\u1ebfu EZReport b\u00e1o c\u00e1o tr\u1ef1c tuy\u1ebfn c\u1ee7a tr\u01b0\u1eddng Columbia International College l\u00e0 duy nh\u1ea5t trong s\u1ed1 c\u00e1c tr\u01b0\u1eddng t\u01b0 th\u1ee5c \u1edf Canada. N\u00f3 cung c\u1ea5p cho ph\u1ee5 huynh th\u00f4ng tin c\u1eadp nh\u1eadt v\u1ec1 h\u00e0nh vi v\u00e0 ti\u1ebfn b\u1ed9 c\u1ee7a con c\u00e1i \u1edf tr\u01b0\u1eddng v\u00e0 trong khu n\u1ed9i tr\u00fa. Ph\u1ee5 huynh c\u00f3 th\u1ec3 thu\u1eadn ti\u1ec7n truy c\u1eadp Phi\u1ebfu b\u00e1o c\u00e1o EZReport tr\u1ef1c tuy\u1ebfn ngay c\u1ea3 khi \u0111i du l\u1ecbch, cho ph\u00e9p h\u1ecd \u0111\u01b0\u1ee3c th\u00f4ng b\u00e1o v\u1ec1 c\u00e1c ti\u1ebfn tri\u1ec3n c\u1ee7a con c\u00e1i h\u1ecd.[\/vc_column_text][divider line_type=&#8221;No Line&#8221; custom_height=&#8221;50&#8243;][nectar_btn size=&#8221;large&#8221; button_style=&#8221;regular&#8221; button_color_2=&#8221;Accent-Color&#8221; color_override=&#8221;#5c7aab&#8221; icon_family=&#8221;none&#8221; url=&#8221;http:\/\/www.cic-totalcare.com\/Parents\/ezReportCard\/login.php&#8221; text=&#8221;\u0110\u0103ng nh\u1eadp v\u00e0o EzReport&#8221; margin_top=&#8221;20&#8243;][\/vc_column][\/vc_row][vc_row type=&#8221;full_width_background&#8221; full_screen_row_position=&#8221;middle&#8221; bg_color=&#8221;#666666&#8243; scene_position=&#8221;center&#8221; text_color=&#8221;light&#8221; text_align=&#8221;center&#8221; top_padding=&#8221;100&#8243; bottom_padding=&#8221;25&#8243; overlay_strength=&#8221;0.3&#8243;][vc_column enable_animation=&#8221;true&#8221; animation=&#8221;fade-in-from-left&#8221; column_padding=&#8221;no-extra-padding&#8221; column_padding_position=&#8221;all&#8221; background_color_opacity=&#8221;1&#8243; background_hover_color_opacity=&#8221;1&#8243; column_shadow=&#8221;none&#8221; width=&#8221;1\/1&#8243; tablet_text_alignment=&#8221;default&#8221; phone_text_alignment=&#8221;default&#8221; column_border_width=&#8221;none&#8221; column_border_style=&#8221;solid&#8221; delay=&#8221;2s&#8221;][vc_column_text]<\/p>\n<h2 class=\"title-main\">Trong phi\u1ebfu b\u00e1o c\u00e1o ezReport, ph\u1ee5 huynh c\u00f3 th\u1ec3 xem:<\/h2>\n<p>[\/vc_column_text][\/vc_column][\/vc_row][vc_row type=&#8221;full_width_background&#8221; full_screen_row_position=&#8221;middle&#8221; bg_color=&#8221;#666666&#8243; scene_position=&#8221;center&#8221; text_color=&#8221;light&#8221; text_align=&#8221;left&#8221; bottom_padding=&#8221;100&#8243; class=&#8221;dark-bg&#8221; overlay_strength=&#8221;0.3&#8243;][vc_column enable_animation=&#8221;true&#8221; animation=&#8221;fade-in-from-left&#8221; column_padding=&#8221;no-extra-padding&#8221; column_padding_position=&#8221;all&#8221; background_color_opacity=&#8221;1&#8243; background_hover_color_opacity=&#8221;1&#8243; column_shadow=&#8221;none&#8221; width=&#8221;1\/3&#8243; tablet_text_alignment=&#8221;default&#8221; phone_text_alignment=&#8221;default&#8221; column_border_width=&#8221;none&#8221; column_border_style=&#8221;solid&#8221; delay=&#8221;2s&#8221;][vc_column_text]<\/p>\n<h3>K\u1ebf ho\u1ea1c th\u00e0nh c\u00f4ng c\u00e1 nh\u00e2n<\/h3>\n<p>[\/vc_column_text][fancy-ul icon_type=&#8221;standard_dash&#8221; color=&#8221;Accent-Color&#8221; alignment=&#8221;left&#8221; enable_animation=&#8221;true&#8221;]<\/p>\n<ul>\n<li>C\u00e1c kh\u00f3a h\u1ecdc con c\u1ee7a \u0111\u01b0\u1ee3c \u0111\u0103ng k\u00fd cho c\u00e1c h\u1ecdc k\u1ef3 hi\u1ec7n t\u1ea1i v\u00e0 t\u01b0\u01a1ng lai<\/li>\n<li>L\u1ecbch h\u1ecdc v\u00e0 th\u1eddi gian c\u1ee7a m\u1ed7i ti\u1ebft h\u1ecdc<\/li>\n<li>Th\u1eddi gian h\u1ecdc t\u1eadp c\u1ee7a con t\u1ea1i Columbia<\/li>\n<li>H\u1ea1nh ki\u1ec3m c\u1ee7a con trong tr\u01b0\u1eddng v\u00e0 khu n\u1ed9i tr\u00fa\n<ul>\n<li>B\u00e1o c\u00e1o \u0111i\u1ec3m danh \u1edf tr\u01b0\u1eddng h\u1ecdc h\u00e0ng ng\u00e0y<\/li>\n<li>B\u00e1o c\u00e1o v\u1ec1 h\u00e0nh vi c\u1ee7a con \u1edf tr\u01b0\u1eddng v\u00e0 n\u01a1i c\u01b0 tr\u00fa<\/li>\n<li>Truy c\u1eadp v\u00e0o h\u1ed3 s\u01a1 k\u1ef7 lu\u1eadt c\u1ee7a con<\/li>\n<\/ul>\n<\/li>\n<\/ul>\n<p>[\/fancy-ul][\/vc_column][vc_column enable_animation=&#8221;true&#8221; animation=&#8221;fade-in-from-left&#8221; column_padding=&#8221;no-extra-padding&#8221; column_padding_position=&#8221;all&#8221; background_color_opacity=&#8221;1&#8243; background_hover_color_opacity=&#8221;1&#8243; column_shadow=&#8221;none&#8221; width=&#8221;1\/3&#8243; tablet_text_alignment=&#8221;default&#8221; phone_text_alignment=&#8221;default&#8221; column_border_width=&#8221;none&#8221; column_border_style=&#8221;solid&#8221; delay=&#8221;2s&#8221;][vc_column_text]<\/p>\n<h3>C\u00e1c ho\u1ea1t \u0111\u1ed9ng ngo\u1ea1i kh\u00f3a<\/h3>\n<p>[\/vc_column_text][fancy-ul icon_type=&#8221;standard_dash&#8221; color=&#8221;Accent-Color&#8221; alignment=&#8221;left&#8221; enable_animation=&#8221;true&#8221;]<\/p>\n<ul>\n<li>C\u00e1c ho\u1ea1t \u0111\u1ed9ng ngo\u1ea1i kh\u00f3a con \u0111ang tham gia<\/li>\n<li>L\u1ecbch h\u1ecdc v\u00e0 s\u1ef1 ki\u1ec7n \u1edf k\u00ed t\u00fac x\u00e1<\/li>\n<\/ul>\n<p>[\/fancy-ul][\/vc_column][vc_column enable_animation=&#8221;true&#8221; animation=&#8221;fade-in-from-left&#8221; column_padding=&#8221;no-extra-padding&#8221; column_padding_position=&#8221;all&#8221; background_color_opacity=&#8221;1&#8243; background_hover_color_opacity=&#8221;1&#8243; column_shadow=&#8221;none&#8221; width=&#8221;1\/3&#8243; tablet_text_alignment=&#8221;default&#8221; phone_text_alignment=&#8221;default&#8221; column_border_width=&#8221;none&#8221; column_border_style=&#8221;solid&#8221; delay=&#8221;2s&#8221;][vc_column_text]<\/p>\n<h3>K\u1ebft qu\u1ea3 h\u1ecdc t\u1eadp<\/h3>\n<p>[\/vc_column_text][fancy-ul icon_type=&#8221;standard_dash&#8221; color=&#8221;Accent-Color&#8221; alignment=&#8221;left&#8221; enable_animation=&#8221;true&#8221;]<\/p>\n<ul>\n<li>Ti\u1ebfn \u0111\u1ed9 h\u1ecdc<\/li>\n<li>\u0110i\u1ec3m Gi\u1eefa k\u00ec<\/li>\n<li>\u0110i\u1ec3m c\u1ee7a c\u00e1c b\u00e0i ki\u1ec3m tra<\/li>\n<li>\u0110i\u1ec3m Cu\u1ed1i k\u00ec<\/li>\n<\/ul>\n<p>[\/fancy-ul][\/vc_column][\/vc_row][vc_row type=&#8221;full_width_background&#8221; full_screen_row_position=&#8221;middle&#8221; scene_position=&#8221;center&#8221; text_color=&#8221;dark&#8221; text_align=&#8221;left&#8221; top_padding=&#8221;50&#8243; bottom_padding=&#8221;100&#8243; class=&#8221;tc-table&#8221; overlay_strength=&#8221;0.3&#8243;][vc_column enable_animation=&#8221;true&#8221; animation=&#8221;fade-in-from-left&#8221; column_padding=&#8221;no-extra-padding&#8221; column_padding_position=&#8221;all&#8221; background_color_opacity=&#8221;1&#8243; background_hover_color_opacity=&#8221;1&#8243; column_shadow=&#8221;none&#8221; width=&#8221;1\/1&#8243; tablet_text_alignment=&#8221;default&#8221; phone_text_alignment=&#8221;default&#8221; column_border_width=&#8221;none&#8221; column_border_style=&#8221;solid&#8221; delay=&#8221;2s&#8221;][vc_column_text]<\/p>\n<div class=\"table-wrap\">\n<table class=\"confluenceTable\">\n<caption>Phi\u1ebfu b\u00e1o c\u00e1o EZReport (Thu \/ \u0110\u00f4ng)<\/caption>\n<thead>\n<tr>\n<th class=\"confluenceTh\" scope=\"col\">\n<p align=\"center\">H\u1ecdc K\u00ec<\/p>\n<\/th>\n<th class=\"confluenceTh\" colspan=\"6\" scope=\"col\">\n<p align=\"center\">Thu (Th\u00e1ng 8 &#8211; 12) ho\u1eb7c \u0110\u00f4ng (Th\u00e1ng 1 &#8211; 5)<\/p>\n<\/th>\n<\/tr>\n<\/thead>\n<tbody>\n<tr>\n<th class=\"confluenceTh\" scope=\"row\">\n<p align=\"center\">6 B\u00e0i ki\u1ec3m tra<\/p>\n<\/th>\n<td class=\"confluenceTd\">\n<p align=\"center\">1<\/p>\n<\/td>\n<td class=\"confluenceTd\">\n<p align=\"center\">2<\/p>\n<\/td>\n<td class=\"confluenceTd\">\n<p align=\"center\">3<\/p>\n<\/td>\n<td class=\"confluenceTd\">\n<p align=\"center\">4<\/p>\n<\/td>\n<td class=\"confluenceTd\">\n<p align=\"center\">5<\/p>\n<\/td>\n<td class=\"confluenceTd\">\n<p align=\"center\">6<\/p>\n<\/td>\n<\/tr>\n<tr>\n<th class=\"confluenceTh\" scope=\"row\">\n<p align=\"center\">Th\u00e1ng<\/p>\n<\/th>\n<td class=\"confluenceTd\" colspan=\"2\">\n<p align=\"center\">th\u00e1ng th\u1ee9 nh\u1ea5t<\/p>\n<\/td>\n<td class=\"confluenceTd\">\n<p align=\"center\">th\u00e1ng th\u1ee9 nh\u00ec<\/p>\n<\/td>\n<td class=\"confluenceTd\">\n<p align=\"center\">th\u00e1ng th\u1ee9 ba<\/p>\n<\/td>\n<td class=\"confluenceTd\">\n<p align=\"center\">th\u00e1ng th\u1ee9 t\u01b0<\/p>\n<\/td>\n<td class=\"confluenceTd\">\n<p align=\"center\">th\u00e1ng th\u1ee9 n\u0103m<\/p>\n<\/td>\n<\/tr>\n<tr>\n<th class=\"confluenceTh\" scope=\"row\">\n<p align=\"center\">3 b\u1ea3n b\u00e1o c\u00e1o<\/p>\n<\/th>\n<td class=\"confluenceTd\" colspan=\"2\">\n<p align=\"center\">B\u00e1o c\u00e1o ti\u1ebfn \u0111\u1ed9<\/p>\n<\/td>\n<td class=\"confluenceTd\" colspan=\"2\">\n<p align=\"center\">B\u00e1o c\u00e1o gi\u1eefa k\u00ec<\/p>\n<\/td>\n<td class=\"confluenceTd\" colspan=\"2\">\n<p align=\"center\">B\u00e1o c\u00e1o cu\u1ed1i k\u00ec<\/p>\n<\/td>\n<\/tr>\n<\/tbody>\n<\/table>\n<p>&nbsp;<\/p>\n<\/div>\n<div class=\"table-wrap\">\n<table class=\"confluenceTable\">\n<caption>Phi\u1ebfu b\u00e1o c\u00e1o EZReport M\u00f9a H\u00e8<\/caption>\n<thead>\n<tr>\n<th class=\"confluenceTh\" style=\"text-align: center\" scope=\"col\">H\u1ecdc k\u00ec<\/th>\n<th class=\"confluenceTh\" colspan=\"6\" scope=\"col\">\n<p align=\"center\">H\u00e8 (th\u00e1ng 6 &#8211; 7)<\/p>\n<\/th>\n<\/tr>\n<\/thead>\n<tbody>\n<tr>\n<th class=\"confluenceTh\" scope=\"row\">\n<p align=\"center\">6 b\u00e0i ki\u1ec3m tra<\/p>\n<\/th>\n<td class=\"confluenceTd\">\n<p align=\"center\">1<\/p>\n<\/td>\n<td class=\"confluenceTd\">\n<p align=\"center\">2<\/p>\n<\/td>\n<td class=\"confluenceTd\">\n<p align=\"center\">3<\/p>\n<\/td>\n<td class=\"confluenceTd\">\n<p align=\"center\">4<\/p>\n<\/td>\n<td class=\"confluenceTd\">\n<p align=\"center\">5<\/p>\n<\/td>\n<td class=\"confluenceTd\">\n<p align=\"center\">6<\/p>\n<\/td>\n<\/tr>\n<tr>\n<th class=\"confluenceTh\" scope=\"row\">\n<p align=\"center\">Th\u00e1ng<\/p>\n<\/th>\n<td class=\"confluenceTd\" colspan=\"3\">\n<p align=\"center\">th\u00e1ng th\u1ee9 nh\u1ea5t<\/p>\n<\/td>\n<td class=\"confluenceTd\" colspan=\"3\">\n<p align=\"center\">th\u00e1ng th\u1ee9 nh\u00ec<\/p>\n<\/td>\n<\/tr>\n<tr>\n<th class=\"confluenceTh\" scope=\"row\">\n<p align=\"center\">2 B\u1ea3n b\u00e1o c\u00e1o<\/p>\n<\/th>\n<td class=\"confluenceTd\" colspan=\"3\">\n<p align=\"center\">B\u00e1o c\u00e1o gi\u1eefa k\u00ec<\/p>\n<\/td>\n<td class=\"confluenceTd\" colspan=\"3\">\n<p align=\"center\">B\u00e1o c\u00e1o cu\u1ed1i k\u00ec<\/p>\n<\/td>\n<\/tr>\n<\/tbody>\n<\/table>\n<\/div>\n<p>[\/vc_column_text][\/vc_column][\/vc_row]<\/p>\n","protected":false},"excerpt":{"rendered":"<p>[vc_row type=&#8221;full_width_background&#8221; full_screen_row_position=&#8221;middle&#8221; scene_position=&#8221;center&#8221; text_color=&#8221;dark&#8221; text_align=&#8221;center&#8221; top_padding=&#8221;50&#8243; bottom_padding=&#8221;100&#8243; overlay_strength=&#8221;0.3&#8243;][vc_column enable_animation=&#8221;true&#8221; animation=&#8221;fade-in-from-left&#8221; column_padding=&#8221;no-extra-padding&#8221; column_padding_position=&#8221;all&#8221; background_color_opacity=&#8221;1&#8243; background_hover_color_opacity=&#8221;1&#8243; column_shadow=&#8221;none&#8221; width=&#8221;1\/1&#8243; tablet_text_alignment=&#8221;default&#8221; phone_text_alignment=&#8221;default&#8221; column_border_width=&#8221;none&#8221; column_border_style=&#8221;solid&#8221; delay=&#8221;2s&#8221;][vc_column_text]Phi\u1ebfu EZReport b\u00e1o c\u00e1o tr\u1ef1c tuy\u1ebfn c\u1ee7a tr\u01b0\u1eddng Columbia International College l\u00e0 duy nh\u1ea5t trong s\u1ed1 c\u00e1c tr\u01b0\u1eddng t\u01b0 th\u1ee5c \u1edf Canada. N\u00f3 cung c\u1ea5p cho ph\u1ee5 huynh th\u00f4ng tin c\u1eadp nh\u1eadt v\u1ec1 h\u00e0nh [&hellip;]<\/p>\n","protected":false},"author":1,"featured_media":0,"parent":15582,"menu_order":47,"comment_status":"open","ping_status":"open","template":"","meta":{"footnotes":""},"_links":{"self":[{"href":"https:\/\/rewrite.cic-totalcare.com\/vi\/wp-json\/wp\/v2\/pages\/15208"}],"collection":[{"href":"https:\/\/rewrite.cic-totalcare.com\/vi\/wp-json\/wp\/v2\/pages"}],"about":[{"href":"https:\/\/rewrite.cic-totalcare.com\/vi\/wp-json\/wp\/v2\/types\/page"}],"author":[{"embeddable":true,"href":"https:\/\/rewrite.cic-totalcare.com\/vi\/wp-json\/wp\/v2\/users\/1"}],"replies":[{"embeddable":true,"href":"https:\/\/rewrite.cic-totalcare.com\/vi\/wp-json\/wp\/v2\/comments?post=15208"}],"version-history":[{"count":10,"href":"https:\/\/rewrite.cic-totalcare.com\/vi\/wp-json\/wp\/v2\/pages\/15208\/revisions"}],"predecessor-version":[{"id":15218,"href":"https:\/\/rewrite.cic-totalcare.com\/vi\/wp-json\/wp\/v2\/pages\/15208\/revisions\/15218"}],"up":[{"embeddable":true,"href":"https:\/\/rewrite.cic-totalcare.com\/vi\/wp-json\/wp\/v2\/pages\/15582"}],"wp:attachment":[{"href":"https:\/\/rewrite.cic-totalcare.com\/vi\/wp-json\/wp\/v2\/media?parent=15208"}],"curies":[{"name":"wp","href":"https:\/\/api.w.org\/{rel}","templated":true}]}}