{"id":15275,"date":"2019-11-20T20:28:12","date_gmt":"2019-11-20T20:28:12","guid":{"rendered":"https:\/\/www.cic-totalcare.com\/cac-chuong-trinh-hoc\/"},"modified":"2024-06-14T11:26:59","modified_gmt":"2024-06-14T15:26:59","slug":"programs-2","status":"publish","type":"page","link":"https:\/\/rewrite.cic-totalcare.com\/vi\/programs-2\/","title":{"rendered":"Ch\u01b0\u01a1ng Tr\u00ecnh H\u1ecdc"},"content":{"rendered":"<p>[vc_row type=&#8221;in_container&#8221; full_screen_row_position=&#8221;middle&#8221; column_margin=&#8221;default&#8221; scene_position=&#8221;center&#8221; text_color=&#8221;dark&#8221; text_align=&#8221;left&#8221; overlay_strength=&#8221;0.3&#8243; shape_divider_position=&#8221;bottom&#8221; bg_image_animation=&#8221;none&#8221;][vc_column column_padding=&#8221;no-extra-padding&#8221; column_padding_position=&#8221;all&#8221; background_color_opacity=&#8221;1&#8243; background_hover_color_opacity=&#8221;1&#8243; column_link_target=&#8221;_self&#8221; column_shadow=&#8221;none&#8221; column_border_radius=&#8221;none&#8221; width=&#8221;1\/1&#8243; tablet_width_inherit=&#8221;default&#8221; tablet_text_alignment=&#8221;default&#8221; phone_text_alignment=&#8221;default&#8221; overlay_strength=&#8221;0.3&#8243; column_border_width=&#8221;none&#8221; column_border_style=&#8221;solid&#8221; bg_image_animation=&#8221;none&#8221;][vc_column_text]<strong>C\u00e1c ch\u01b0\u01a1ng tr\u00ecnh h\u1ecdc t\u1ea1i Tr\u01b0\u1eddng Trung H\u1ecdc Qu\u1ed1c T\u1ebf Columbia \u0111\u1ec1u \u0111\u01b0\u1ee3c thi\u1ebft k\u1ebf nh\u1eb1m m\u1ed9t m\u1ee5c \u0111\u00edch: gi\u00fap con b\u1ea1n ph\u00e1t huy h\u1ebft ti\u1ec1m n\u0103ng c\u1ee7a m\u00ecnh, trong m\u1ed9t m\u00f4i tr\u01b0\u1eddng an to\u00e0n, chu \u0111\u00e1o v\u00e0 \u0111\u1ea7y h\u1ee9ng kh\u1edfi<\/strong>. T\u1eeb l\u1edbp 7 cho \u0111\u1ebfn khi c\u00e1c em t\u1ed1t nghi\u1ec7p v\u1edbi b\u1eb1ng T\u1ed1t Nghi\u1ec7p Trung H\u1ecdc Ph\u1ed5 Th\u00f4ng Ontario, <span class=\"tces\">H\u1ec7 Th\u1ed1ng Gi\u00e1o D\u1ee5c Ch\u0103m S\u00f3c To\u00e0n Di\u1ec7n<sup>\u00ae<\/sup><\/span> \u0111\u1ea3m b\u1ea3o r\u1eb1ng c\u00e1c nhu c\u1ea7u v\u1ec1 m\u1eb7t H\u1ecdc T\u1eadp, X\u00e3 H\u1ed9i, C\u1ea3m X\u00fac v\u00e0 Th\u1ec3 Ch\u1ea5t \u0111\u01b0\u1ee3c \u0111\u00e1p \u1ee9ng \u0111\u1ea7y \u0111\u1ee7 \u0111\u1ec3 c\u00e1c em b\u1eaft \u0111\u1ea7u h\u1ecdc \u0111\u1ea1i h\u1ecdc v\u1edbi s\u1ef1 chu\u1ea9n b\u1ecb t\u1ed1t, c\u00e2n b\u1eb1ng v\u00e0 s\u1eb5n s\u00e0ng cho th\u00e0nh c\u00f4ng.[\/vc_column_text][\/vc_column][\/vc_row][vc_row type=&#8221;in_container&#8221; full_screen_row_position=&#8221;middle&#8221; column_margin=&#8221;default&#8221; bg_color=&#8221;#f2f2f2&#8243; scene_position=&#8221;center&#8221; text_color=&#8221;dark&#8221; text_align=&#8221;left&#8221; overlay_strength=&#8221;0.3&#8243; shape_divider_position=&#8221;bottom&#8221; bg_image_animation=&#8221;none&#8221;][vc_column column_padding=&#8221;no-extra-padding&#8221; column_padding_position=&#8221;all&#8221; background_color_opacity=&#8221;1&#8243; background_hover_color_opacity=&#8221;1&#8243; column_link_target=&#8221;_self&#8221; column_shadow=&#8221;none&#8221; column_border_radius=&#8221;none&#8221; width=&#8221;1\/1&#8243; tablet_width_inherit=&#8221;default&#8221; tablet_text_alignment=&#8221;default&#8221; phone_text_alignment=&#8221;default&#8221; overlay_strength=&#8221;0.3&#8243; column_border_width=&#8221;none&#8221; column_border_style=&#8221;solid&#8221; bg_image_animation=&#8221;none&#8221;][vc_custom_heading text=&#8221;CH\u01af\u01a0NG TR\u00ccNH H\u1eccC D\u00c0NH CHO T\u1ea4T C\u1ea2 M\u1eccI TR\u00ccNH \u0110\u1ed8&#8221; font_container=&#8221;tag:h2|text_align:center|color:%230a0a0a&#8221; use_theme_fonts=&#8221;yes&#8221; el_class=&#8221;table-caption&#8221; css=&#8221;.vc_custom_1524597448714{border-top-width: 3px !important;border-top-color: #000000 !important;border-top-style: solid !important;}&#8221;][\/vc_column][\/vc_row][vc_row type=&#8221;in_container&#8221; full_screen_row_position=&#8221;middle&#8221; column_margin=&#8221;default&#8221; bg_color=&#8221;#f2f2f2&#8243; scene_position=&#8221;center&#8221; text_color=&#8221;dark&#8221; text_align=&#8221;left&#8221; bottom_padding=&#8221;500&#8243; overlay_strength=&#8221;0.3&#8243; shape_divider_position=&#8221;bottom&#8221; bg_image_animation=&#8221;none&#8221; shape_type=&#8221;&#8221;][vc_column column_padding=&#8221;no-extra-padding&#8221; column_padding_position=&#8221;all&#8221; background_color_opacity=&#8221;1&#8243; background_hover_color_opacity=&#8221;1&#8243; column_link_target=&#8221;_self&#8221; column_shadow=&#8221;none&#8221; column_border_radius=&#8221;none&#8221; width=&#8221;2\/3&#8243; tablet_width_inherit=&#8221;default&#8221; tablet_text_alignment=&#8221;default&#8221; phone_text_alignment=&#8221;default&#8221; overlay_strength=&#8221;0.3&#8243; column_border_width=&#8221;none&#8221; column_border_style=&#8221;solid&#8221; bg_image_animation=&#8221;none&#8221;][vc_row_inner column_margin=&#8221;default&#8221; text_align=&#8221;left&#8221; class=&#8221;prog-row&#8221;][vc_column_inner column_padding=&#8221;no-extra-padding&#8221; column_padding_position=&#8221;all&#8221; background_color_opacity=&#8221;1&#8243; background_hover_color_opacity=&#8221;1&#8243; column_shadow=&#8221;none&#8221; column_border_radius=&#8221;none&#8221; column_link_target=&#8221;_self&#8221; width=&#8221;1\/4&#8243; tablet_width_inherit=&#8221;default&#8221; overlay_strength=&#8221;0.3&#8243; column_border_width=&#8221;none&#8221; column_border_style=&#8221;solid&#8221; bg_image_animation=&#8221;none&#8221;][vc_custom_heading text=&#8221;L\u1edbp&#8221; font_container=&#8221;tag:h2|font_size:32|text_align:left|color:%230a0a0a&#8221; use_theme_fonts=&#8221;yes&#8221; css=&#8221;.vc_custom_1608326479268{padding-top: 10px !important;padding-bottom: 10px !important;background-color: #d1d3d4 !important;}&#8221; el_id=&#8221;grade-heading&#8221;][\/vc_column_inner][vc_column_inner column_padding=&#8221;no-extra-padding&#8221; column_padding_position=&#8221;all&#8221; background_color_opacity=&#8221;1&#8243; background_hover_color_opacity=&#8221;1&#8243; column_shadow=&#8221;none&#8221; column_border_radius=&#8221;none&#8221; column_link_target=&#8221;_self&#8221; width=&#8221;3\/4&#8243; tablet_width_inherit=&#8221;default&#8221; overlay_strength=&#8221;0.3&#8243; column_border_width=&#8221;none&#8221; column_border_style=&#8221;solid&#8221; bg_image_animation=&#8221;none&#8221;][vc_column_text]<\/p>\n<div id=\"myTable\"><span style=\"font-size: 32px; color: #ffffff; text-align: center; background: #a7a9ac; padding-top: 2% !important;\">7<\/span> <span style=\"font-size: 32px; color: #ffffff; text-align: center; background: #939598; padding-top: 2% !important; padding-bottom: 2% !important;\">8<\/span> <span style=\"font-size: 32px; color: #ffffff; text-align: center; background: #808285; padding-top: 2% !important; padding-bottom: 2% !important;\">9<\/span> <span style=\"font-size: 32px; color: #ffffff; text-align: center; background: #6d6e71; padding-top: 2% !important; padding-bottom: 2% !important;\">10<\/span> <span style=\"font-size: 32px; color: #ffffff; text-align: center; background: #414042; padding-top: 2% !important; padding-bottom: 2% !important;\">11<\/span> <span style=\"font-size: 32px; color: #ffffff; text-align: center; background: #000; padding-top: 2% !important; padding-bottom: 2% !important;\">12<\/span><\/div>\n<p>[\/vc_column_text][\/vc_column_inner][\/vc_row_inner][vc_row_inner column_margin=&#8221;default&#8221; text_align=&#8221;left&#8221; class=&#8221;prog-row&#8221;][vc_column_inner column_padding=&#8221;no-extra-padding&#8221; column_padding_position=&#8221;all&#8221; background_color_opacity=&#8221;1&#8243; background_hover_color_opacity=&#8221;1&#8243; column_shadow=&#8221;none&#8221; column_border_radius=&#8221;none&#8221; column_link_target=&#8221;_self&#8221; width=&#8221;1\/4&#8243; tablet_width_inherit=&#8221;default&#8221; overlay_strength=&#8221;0.3&#8243; column_border_width=&#8221;none&#8221; column_border_style=&#8221;solid&#8221; bg_image_animation=&#8221;none&#8221;][vc_custom_heading text=&#8221;CH\u01af\u01a0NG TR\u00ccNH<br \/>\nH\u1eccC&#8221; font_container=&#8221;tag:h2|font_size:32|text_align:left|color:%230a0a0a&#8221; use_theme_fonts=&#8221;yes&#8221; css=&#8221;.vc_custom_1524594625525{padding-top: 10px !important;padding-bottom: 10px !important;background-color: #f1f1f2 !important;}&#8221; el_id=&#8221;program-heading&#8221;][\/vc_column_inner][vc_column_inner column_padding=&#8221;no-extra-padding&#8221; column_padding_position=&#8221;all&#8221; background_color_opacity=&#8221;1&#8243; background_hover_color_opacity=&#8221;1&#8243; column_shadow=&#8221;none&#8221; column_border_radius=&#8221;none&#8221; column_link_target=&#8221;_self&#8221; width=&#8221;3\/4&#8243; tablet_width_inherit=&#8221;default&#8221; overlay_strength=&#8221;0.3&#8243; column_border_width=&#8221;none&#8221; column_border_style=&#8221;solid&#8221; bg_image_animation=&#8221;none&#8221;][vc_column_text el_class=&#8221;tester1&#8243;]<\/p>\n<div id=\"myTable2\"><span style=\"font-size: 12px; color: #ffffff; text-align: center; background: #0428ca; margin-top: 2%; padding-top: 1% !important; padding-bottom: 1% !important; float: right !important; margin-bottom: 0 !important;\"><strong><a href=\"https:\/\/www.cic-totalcare.com\/vi\/?page_id=103491\">Ch\u1eafc Ch\u1eafn V\u00e0o \u0110\u1ea1i H\u1ecdc<\/a><\/strong><\/span><\/div>\n<p>[\/vc_column_text][vc_column_text]<\/p>\n<div id=\"myTable3\"><\/div>\n<p><span class=\"elite-pathway\" style=\"color: #ffffff; text-align: center; margin-left: 66.7% !important;\"><a href=\"https:\/\/www.cic-totalcare.com\/vi\/programs-2\/elite-pathway\/\">L\u1ed9 Tr\u00ecnh Tinh Hoa<\/a><\/span>[\/vc_column_text][vc_column_text]<\/p>\n<div id=\"hs-scale\"><a href=\"https:\/\/www.cic-totalcare.com\/vi\/programs-2\/high-school\/\"><strong>Trung H\u1ecdc Ph\u1ed5 Th\u00f4ng<\/strong><br \/>\nL\u1edbp 9 &#8211; 12<\/a><\/div>\n<p>[\/vc_column_text][vc_column_text]<\/p>\n<div id=\"jm-scale\"><a href=\"https:\/\/www.cic-totalcare.com\/vi\/programs-2\/junior-middle-school\/\"><strong><span class=\"jms-1\">Trung H\u1ecdc C\u01a1 S\u1edf<\/span> <span class=\"jms2\">THCS <\/span><\/strong><br \/>\nL\u1edbp 7-8<\/a><\/div>\n<p>[\/vc_column_text][vc_column_text]<\/p>\n<div id=\"myTable3\"><\/div>\n<p><span class=\"elite-pathway\" style=\"color: #ffffff; text-align: center; background: #ffffff; margin-left: 66.7% !important;\"><a href=\"https:\/\/www.cic-totalcare.com\/total-care-education\/total-care-learning\/esl\/\">ESL<\/a><\/span>[\/vc_column_text][vc_custom_heading text=&#8221;ESL H\u00e0ng Th\u00e1ng&#8221; font_container=&#8221;tag:h2|text_align:center&#8221; use_theme_fonts=&#8221;yes&#8221; el_class=&#8221;supp-bar&#8221; link=&#8221;url:https%3A%2F%2Fwww.cic-totalcare.com%2Ftotal-care-education%2Ftotal-care-learning%2Fesl%2F|&#8221;][\/vc_column_inner][\/vc_row_inner][\/vc_column][vc_column column_padding=&#8221;no-extra-padding&#8221; column_padding_position=&#8221;all&#8221; background_color_opacity=&#8221;1&#8243; background_hover_color_opacity=&#8221;1&#8243; column_link_target=&#8221;_self&#8221; column_shadow=&#8221;none&#8221; column_border_radius=&#8221;none&#8221; width=&#8221;1\/3&#8243; tablet_width_inherit=&#8221;default&#8221; tablet_text_alignment=&#8221;default&#8221; phone_text_alignment=&#8221;default&#8221; overlay_strength=&#8221;0.3&#8243; column_border_width=&#8221;none&#8221; column_border_style=&#8221;solid&#8221; bg_image_animation=&#8221;none&#8221;][vc_column_text]<strong style=\"background: #f7982d; color: white; padding: 0px 5px;\"> Trung H\u1ecdc C\u01a1 S\u1edf<\/strong><br \/>\nC\u00f3 th\u1ec3 b\u1eaft \u0111\u1ea7u \u1edf m\u1ecdi c\u1ea5p l\u1edbp. H\u1ecdc sinh c\u00f3 kh\u1edfi \u0111\u1ea7u thu\u1eadn l\u1ee3i cho th\u00e0nh c\u00f4ng tr\u1ecdn \u0111\u1eddi \u2192 <a href=\"https:\/\/www.cic-totalcare.com\/vi\/programs-2\/junior-middle-school\/\">T\u00ecm hi\u1ec3u th\u00eam<\/a><\/p>\n<p><strong style=\"background: linear-gradient(116deg, #ED1D29 0%,#89191D 100%); color: white; padding: 0px 5px;\">Trung H\u1ecdc Ph\u1ed5 Th\u00f4ng<\/strong><br \/>\nC\u00f3 th\u1ec3 b\u1eaft \u0111\u1ea7u \u1edf m\u1ecdi c\u1ea5p l\u1edbp. H\u1ecdc sinh v\u01b0\u01a1n cao h\u01a1n v\u00e0 \u0111\u1ea1t \u0111\u01b0\u1ee3c ti\u1ec1m n\u0103ng t\u1ed1i \u0111a \u2192 <a href=\"https:\/\/www.cic-totalcare.com\/vi\/programs-2\/high-school\/\">T\u00ecm hi\u1ec3u th\u00eam<\/a><\/p>\n<p><strong>Ch\u01b0\u01a1ng tr\u00ecnh n\u1ec1n t\u1ea3ng m\u1ed9t n\u0103m s\u1eb5n s\u00e0ng<\/strong><\/p>\n<p><strong style=\"background: #002A5C; color: white; padding: 0px 5px;\">Ch\u01b0\u01a1ng tr\u00ecnh \u0110\u1ed1i T\u00e1c L\u1ed9 Tr\u00ecnh Tinh Hoa<\/strong><br \/>\nPh\u1ea3i b\u1eaft \u0111\u1ea7u t\u1eeb l\u1edbp 11. Mang l\u1ea1i cho c\u00e1c h\u1ecdc sinh \u01b0u t\u00fa nh\u1eefng l\u1ee3i th\u1ebf c\u1ea1nh tranh t\u1ed1t nh\u1ea5t \u0111\u1ec3 \u0111\u01b0\u1ee3c nh\u1eadn h\u1ecdc b\u1ed5ng v\u00e0 tr\u00fang tuy\u1ec3n v\u00e0o c\u00e1c tr\u01b0\u1eddng \u0111\u1ea1i h\u1ecdc h\u00e0ng \u0111\u1ea7u th\u1ebf gi\u1edbi \u2192<a href=\"https:\/\/www.cic-totalcare.com\/vi\/programs-2\/elite-pathway\/\">T\u00ecm hi\u1ec3u th\u00eam<\/a><\/p>\n<p><strong style=\"background: #89191c; color: white; padding: 0px 5px;\">C\u00e1c kh\u00f3a h\u1ecdc ESL h\u00e0ng th\u00e1ng<\/strong><br \/>\n\u0110\u1ec3 chu\u1ea9n b\u1ecb cho c\u00e1c h\u1ecdc sinh l\u1edbp 9-12 s\u1eb5n s\u00e0ng b\u1eaft \u0111\u1ea7u v\u1edbi c\u00e1c kh\u00f3a h\u1ecdc t\u1ea1i CIC, nh\u00e0 tr\u01b0\u1eddng c\u00f3 ch\u01b0\u01a1ng tr\u00ecnh \u0111\u00e0o t\u1ea1o ESL \u2192 <a href=\"https:\/\/www.cic-totalcare.com\/total-care-education\/total-care-learning\/esl\/\">T\u00ecm hi\u1ec3u th\u00eam<\/a><\/p>\n<p><strong style=\"background: #0533ff; color: white; padding: 0px 5px;\">Ch\u01b0\u01a1ng tr\u00ecnh Ch\u1eafc Ch\u1eafn V\u00e0o \u0110\u1ea1i H\u1ecdc<\/strong><br \/>\nM\u1ed9t ch\u01b0\u01a1ng tr\u00ecnh d\u1ef1 b\u1ecb \u0111\u1ea1i h\u1ecdc c\u1ea5p t\u1ed1c (6 th\u00e1ng). H\u1ecdc sinh ph\u1ea3i b\u1eaft \u0111\u1ea7u nh\u1eadp h\u1ecdc v\u00e0o th\u00e1ng 1 v\u00e0 t\u1ed1t nghi\u1ec7p v\u00e0o th\u00e1ng 6. \u0110em \u0111\u1ebfn cho h\u1ecdc sinh m\u1ed9t l\u1ed9 tr\u00ecnh \u0111\u1ed9c quy\u1ec1n \u0111\u1ec3 nh\u1eadp h\u1ecdc c\u00e1c tr\u01b0\u1eddng \u0111\u1ea1i h\u1ecdc h\u00e0ng \u0111\u1ea7u t\u1ea1i Canada. \u2192 <a href=\"https:\/\/www.cic-totalcare.com\/vi\/?page_id=103491\">T\u00ecm hi\u1ec3u th\u00eam<\/a>[\/vc_column_text][\/vc_column][\/vc_row]<\/p>\n","protected":false},"excerpt":{"rendered":"<p>[vc_row type=&#8221;in_container&#8221; full_screen_row_position=&#8221;middle&#8221; column_margin=&#8221;default&#8221; scene_position=&#8221;center&#8221; text_color=&#8221;dark&#8221; text_align=&#8221;left&#8221; overlay_strength=&#8221;0.3&#8243; shape_divider_position=&#8221;bottom&#8221; bg_image_animation=&#8221;none&#8221;][vc_column column_padding=&#8221;no-extra-padding&#8221; column_padding_position=&#8221;all&#8221; background_color_opacity=&#8221;1&#8243; background_hover_color_opacity=&#8221;1&#8243; column_link_target=&#8221;_self&#8221; column_shadow=&#8221;none&#8221; column_border_radius=&#8221;none&#8221; width=&#8221;1\/1&#8243; tablet_width_inherit=&#8221;default&#8221; tablet_text_alignment=&#8221;default&#8221; phone_text_alignment=&#8221;default&#8221; overlay_strength=&#8221;0.3&#8243; column_border_width=&#8221;none&#8221; column_border_style=&#8221;solid&#8221; bg_image_animation=&#8221;none&#8221;][vc_column_text]C\u00e1c ch\u01b0\u01a1ng tr\u00ecnh h\u1ecdc t\u1ea1i Tr\u01b0\u1eddng Trung H\u1ecdc Qu\u1ed1c T\u1ebf Columbia \u0111\u1ec1u \u0111\u01b0\u1ee3c thi\u1ebft k\u1ebf nh\u1eb1m m\u1ed9t m\u1ee5c \u0111\u00edch: gi\u00fap con b\u1ea1n ph\u00e1t huy h\u1ebft ti\u1ec1m n\u0103ng c\u1ee7a m\u00ecnh, trong m\u1ed9t [&hellip;]<\/p>\n","protected":false},"author":22,"featured_media":0,"parent":0,"menu_order":0,"comment_status":"closed","ping_status":"closed","template":"","meta":{"footnotes":""},"_links":{"self":[{"href":"https:\/\/rewrite.cic-totalcare.com\/vi\/wp-json\/wp\/v2\/pages\/15275"}],"collection":[{"href":"https:\/\/rewrite.cic-totalcare.com\/vi\/wp-json\/wp\/v2\/pages"}],"about":[{"href":"https:\/\/rewrite.cic-totalcare.com\/vi\/wp-json\/wp\/v2\/types\/page"}],"author":[{"embeddable":true,"href":"https:\/\/rewrite.cic-totalcare.com\/vi\/wp-json\/wp\/v2\/users\/22"}],"replies":[{"embeddable":true,"href":"https:\/\/rewrite.cic-totalcare.com\/vi\/wp-json\/wp\/v2\/comments?post=15275"}],"version-history":[{"count":35,"href":"https:\/\/rewrite.cic-totalcare.com\/vi\/wp-json\/wp\/v2\/pages\/15275\/revisions"}],"predecessor-version":[{"id":133203,"href":"https:\/\/rewrite.cic-totalcare.com\/vi\/wp-json\/wp\/v2\/pages\/15275\/revisions\/133203"}],"wp:attachment":[{"href":"https:\/\/rewrite.cic-totalcare.com\/vi\/wp-json\/wp\/v2\/media?parent=15275"}],"curies":[{"name":"wp","href":"https:\/\/api.w.org\/{rel}","templated":true}]}}