{"id":15314,"date":"2019-11-20T22:01:42","date_gmt":"2019-11-20T22:01:42","guid":{"rendered":"https:\/\/www.cic-totalcare.com\/programs\/trung-hoc-co-so\/"},"modified":"2019-11-20T22:01:45","modified_gmt":"2019-11-20T22:01:45","slug":"junior-middle-school","status":"publish","type":"page","link":"https:\/\/rewrite.cic-totalcare.com\/vi\/programs-2\/junior-middle-school\/","title":{"rendered":"TRUNG H\u1eccC C\u01a0 S\u1ede"},"content":{"rendered":"<p>[vc_row type=&#8221;in_container&#8221; full_screen_row_position=&#8221;middle&#8221; scene_position=&#8221;center&#8221; text_color=&#8221;dark&#8221; text_align=&#8221;left&#8221; bottom_padding=&#8221;50&#8243; overlay_strength=&#8221;0.3&#8243;][vc_column column_padding=&#8221;no-extra-padding&#8221; column_padding_position=&#8221;all&#8221; background_color_opacity=&#8221;1&#8243; background_hover_color_opacity=&#8221;1&#8243; column_shadow=&#8221;none&#8221; width=&#8221;1\/1&#8243; tablet_text_alignment=&#8221;default&#8221; phone_text_alignment=&#8221;default&#8221; column_border_width=&#8221;none&#8221; column_border_style=&#8221;solid&#8221;][vc_row_inner column_margin=&#8221;default&#8221; top_padding=&#8221;0&#8243; text_align=&#8221;left&#8221;][vc_column_inner column_padding=&#8221;no-extra-padding&#8221; column_padding_position=&#8221;all&#8221; background_color_opacity=&#8221;1&#8243; width=&#8221;2\/6&#8243; column_border_width=&#8221;none&#8221; column_border_style=&#8221;solid&#8221;][vc_custom_heading text=&#8221;M\u1ed9t n\u0103m c\u00f3 2 k\u1ef3 nh\u1eadp h\u1ecdc (Xem K\u1ef3 nh\u1eadp h\u1ecdc J1 &amp; J2)&#8221; font_container=&#8221;tag:h2|font_size:20|text_align:left|color:%23f26522|line_height:23px&#8221; use_theme_fonts=&#8221;yes&#8221; el_class=&#8221;custom-h2&#8243;][vc_column_text]<br \/>\nH\u1ecdc sinh d\u01b0\u1edbi 16 tu\u1ed5i t\u00ednh \u0111\u1ebfn 31\/ 07 h\u00e0ng n\u0103m s\u1ebd \u0111\u01b0\u1ee3c x\u1ebfp v\u00e0o ch\u01b0\u01a1ng tr\u00ecnh YAA \u0111\u1ec3 \u0111\u1ea3m b\u1ea3o h\u1ecdc<br \/>\nsinh nh\u1eadn \u0111\u01b0\u1ee3c ch\u0103m s\u00f3c \u01b0u ti\u00ean gi\u00fap cho h\u1ecdc sinh ph\u00e1t tri\u1ec3n v\u00e0 tr\u1edf th\u00e0nh nh\u1eefng ng\u01b0\u1eddi tr\u01b0\u1edfng th\u00e0nh.<br \/>\n[\/vc_column_text][\/vc_column_inner][vc_column_inner column_padding=&#8221;no-extra-padding&#8221; column_padding_position=&#8221;all&#8221; background_color_opacity=&#8221;1&#8243; width=&#8221;4\/6&#8243; column_border_width=&#8221;none&#8221; column_border_style=&#8221;solid&#8221;][vc_column_text el_class=&#8221;jms-intakes&#8221;]<\/p>\n<ul class=\"intakes\">\n<li><b class=\"month-intake\">Th\u00e1ng 7<\/b><\/li>\n<li><b>Th\u00e1ng 8<\/b><\/li>\n<li><span class=\"orange-intake\">J1 Th\u00e1ng 9<\/span><\/li>\n<li><b class=\"month-intake\">Th\u00e1ng 10<\/b><\/li>\n<li><b class=\"month-intake\">Th\u00e1ng 11<\/b><\/li>\n<li><b class=\"month-intake\">Th\u00e1ng 12<\/b><\/li>\n<li><span class=\"orange-intake\">J2 <b class=\"month-intake\">Th\u00e1ng 1<\/b><\/span><\/li>\n<li><b class=\"month-intake\">Th\u00e1ng 2<\/b><\/li>\n<li><b class=\"month-intake\">Th\u00e1ng 3<\/b><\/li>\n<li><b class=\"month-intake\">Th\u00e1ng 4<\/b><\/li>\n<li><b class=\"month-intake\">Th\u00e1ng 5<\/b><\/li>\n<li><b class=\"month-intake\">Th\u00e1ng 6<\/b><\/li>\n<\/ul>\n<p>[\/vc_column_text][vc_column_text el_class=&#8221;jms-intakes&#8221;]<\/p>\n<div class=\"half-desc\">\n<div class=\"half-lines half-width\">Ch\u01b0\u01a1ng tr\u00ecnh Ti\u00ean phong<br \/>\nT\u00edn ch\u1ec9 Ti\u1ebfng Anh<\/div>\n<div class=\"half-lines\">H\u1ecdc k\u00ec Thu<\/div>\n<div class=\"half-lines\">H\u1ecdc k\u00ec \u0110\u00f4ng<\/div>\n<\/div>\n<p>[\/vc_column_text][vc_raw_html el_class=&#8221;intakes intakes-under&#8221;]PGI+Q2jDrGEga2jDszo8L2I+DQoNCk5o4bqtcCBo4buNYyBLw6wgVGh1LyBLw6wgxJDDtG5n[\/vc_raw_html][\/vc_column_inner][\/vc_row_inner][\/vc_column][\/vc_row][vc_row type=&#8221;full_width_background&#8221; full_screen_row_position=&#8221;middle&#8221; bg_color=&#8221;#333333&#8243; scene_position=&#8221;center&#8221; text_color=&#8221;light&#8221; text_align=&#8221;center&#8221; top_padding=&#8221;50&#8243; bottom_padding=&#8221;50&#8243; overlay_strength=&#8221;0.3&#8243;][vc_column column_padding=&#8221;no-extra-padding&#8221; column_padding_position=&#8221;all&#8221; background_color_opacity=&#8221;1&#8243; background_hover_color_opacity=&#8221;1&#8243; column_shadow=&#8221;none&#8221; width=&#8221;1\/1&#8243; tablet_text_alignment=&#8221;default&#8221; phone_text_alignment=&#8221;default&#8221; column_border_width=&#8221;none&#8221; column_border_style=&#8221;solid&#8221;][vc_custom_heading text=&#8221;Ch\u01b0\u01a1ng tr\u00ecnh \u0111\u00e0o t\u1ea1o Ti\u00ean phong c\u1ee7a CIC \u0111\u01b0\u1ee3c thi\u1ebft k\u1ebf sao cho \u0111\u1ea3m b\u1ea3o m\u1ed7i h\u1ecdc sinh ph\u00e1t tri\u1ec3n to\u00e0n di\u1ec7n n\u0103ng l\u1ef1c trong h\u1ecdc t\u1eadp, ph\u00e1t tri\u1ec3n k\u1ef9 n\u0103ng s\u1ed1ng v\u00e0 N\u0103ng khi\u1ebfu ti\u1ebfng Anh- \u0111\u01b0\u1ee3c g\u1ecdi l\u00e0 H\u1ec7 th\u1ed1ng Gi\u00e1o d\u1ee5c to\u00e0n di\u1ec7n.&#8221; font_container=&#8221;tag:p|font_size:20|text_align:center|line_height:35px&#8221; use_theme_fonts=&#8221;yes&#8221; el_class=&#8221;custom-h2&#8243;][vc_gallery type=&#8221;flickity_style&#8221; images=&#8221;11115,11117,11116,11128&#8243; flickity_controls=&#8221;pagination&#8221; flickity_desktop_columns=&#8221;2&#8243; flickity_small_desktop_columns=&#8221;1&#8243; flickity_tablet_columns=&#8221;1&#8243; flickity_autoplay=&#8221;true&#8221; flickity_box_shadow=&#8221;none&#8221; onclick=&#8221;link_no&#8221; img_size=&#8221;600&#215;370&#8243; flickity_autoplay_dur=&#8221;10000&#8243;][\/vc_column][\/vc_row][vc_row type=&#8221;in_container&#8221; full_screen_row_position=&#8221;middle&#8221; scene_position=&#8221;center&#8221; text_color=&#8221;light&#8221; text_align=&#8221;left&#8221; top_padding=&#8221;50&#8243; bottom_padding=&#8221;50&#8243; class=&#8221;row-no-margin&#8221; overlay_strength=&#8221;0.3&#8243;][vc_column column_padding=&#8221;no-extra-padding&#8221; column_padding_position=&#8221;all&#8221; background_color_opacity=&#8221;1&#8243; background_hover_color_opacity=&#8221;1&#8243; column_shadow=&#8221;none&#8221; width=&#8221;4\/6&#8243; tablet_text_alignment=&#8221;default&#8221; phone_text_alignment=&#8221;default&#8221; column_border_width=&#8221;none&#8221; column_border_style=&#8221;solid&#8221;][vc_custom_heading text=&#8221;Ch\u01b0\u01a1ng tr\u00ecnh \u0111\u00e0o t\u1ea1o Ti\u00ean phong c\u1ee7a CIC \u0111\u01b0\u1ee3c thi\u1ebft k\u1ebf sao cho \u0111\u1ea3m b\u1ea3o m\u1ed7i h\u1ecdc sinh ph\u00e1t tri\u1ec3n to\u00e0n di\u1ec7n  n\u0103ng l\u1ef1c trong h\u1ecdc t\u1eadp, ph\u00e1t tri\u1ec3n k\u1ef9 n\u0103ng s\u1ed1ng v\u00e0 N\u0103ng khi\u1ebfu ti\u1ebfng Anh &#8211; \u0111\u01b0\u1ee3c g\u1ecdi l\u00e0 H\u1ec7 th\u1ed1ng Gi\u00e1o d\u1ee5c to\u00e0n di\u1ec7n.&#8221; font_container=&#8221;tag:h2|text_align:left|color:%23333333&#8243; use_theme_fonts=&#8221;yes&#8221; el_class=&#8221;custom-h2&#8243; css=&#8221;.vc_custom_1518628202690{margin-top: 30px !important;margin-bottom: 30px !important;}&#8221;][fancy-ul icon_type=&#8221;standard_dash&#8221; color=&#8221;Extra-Color-1&#8243; alignment=&#8221;left&#8221; enable_animation=&#8221;true&#8221;]<\/p>\n<h2 class=\"custom-h2\"><span style=\"color: #f26522\">Kh\u1edfi \u0111\u1ea7u s\u1edbm v\u1ec1&#8230; h\u1ecdc thu\u1eadt n\u00e2ng cao<\/span><\/h2>\n<ul>\n<li>M\u1ed9t m\u00f4i tr\u01b0\u1eddng tho\u00e0i m\u00e1i v\u00e0 thu\u1eadn l\u1ee3i nh\u1ea5t cho h\u1ecdc t\u1eadp<\/li>\n<li>Ch\u01b0\u01a1ng tr\u00ecnh Gi\u00e1o d\u1ee5c t\u1eadp trung v\u00e0o t\u01b0 duy t\u00edch c\u1ef1c v\u00e0 s\u00e1ng t\u1ea1o<\/li>\n<li>\u0110\u1eb7t ra m\u1ee5c ti\u00eau c\u00e1 nh\u00e2n v\u00e0 nu\u00f4i d\u01b0\u1ee1ng \u0111\u1ea1o \u0111\u1ee9c<\/li>\n<li>Ch\u01b0\u01a1ng tr\u00ecnh Gi\u00e1o d\u1ee5c t\u00edch h\u1ee3p t\u1ea1i Trung t\u00e2m \u0111\u00e0o t\u1ea1o ngo\u1ea1i kh\u00f3a L\u00e3nh \u0111\u1ea1o Bark Lake r\u1ed9ng 700 hecta<\/li>\n<\/ul>\n<p>[\/fancy-ul][fancy-ul icon_type=&#8221;standard_dash&#8221; color=&#8221;Extra-Color-1&#8243; alignment=&#8221;left&#8221; enable_animation=&#8221;true&#8221;]<\/p>\n<h2 class=\"custom-h2\"><span style=\"color: #f26522\">Kh\u1edfi \u0111\u1ea7u s\u1edbm v\u1ec1\u2026 K\u1ef9 n\u0103ng giao ti\u1ebfp Anh ng\u1eef<\/span><\/h2>\n<ul>\n<li>C\u00e1c kh\u00f3a ti\u1ebfng Anh t\u0103ng c\u01b0\u1eddng \u0111\u1ea3m b\u1ea3o cho h\u1ecdc sinh \u0111\u1ea1t tr\u00ecnh \u0111\u1ed9 th\u00edch h\u1ee3p tr\u01b0\u1edbc khi c\u00e1c em b\u01b0\u1edbc<br \/>\nv\u00e0o n\u0103m h\u1ecdc<\/li>\n<li>C\u00e1c kh\u00f3a ti\u1ebfng Anh v\u00e0 V\u0103n h\u1ecdc \u00e1p d\u1ee5ng k\u1ef9 n\u0103ng m\u1edbi \u0111\u1ed1i v\u1edbi t\u1eebng ho\u00e0n c\u1ea3nh trong qu\u00e1 tr\u00ecnh h\u1ecdc t\u1eadp.<\/li>\n<li>Th\u1eddi gian h\u1ecdc ti\u1ebfng Anh thi\u1ebft k\u1ebf ph\u00f9 h\u1ee3p t\u1ea1i nh\u00e0 ho\u1eb7c gia s\u01b0 ri\u00eang thu\u1eadn l\u1ee3i cho h\u1ecdc sinh c\u1ea7n thi\u1ebft<\/li>\n<\/ul>\n<p>[\/fancy-ul][fancy-ul icon_type=&#8221;standard_dash&#8221; color=&#8221;Extra-Color-1&#8243; alignment=&#8221;left&#8221; enable_animation=&#8221;true&#8221;]<\/p>\n<h2 class=\"custom-h2\"><span style=\"color: #f26522\">Kh\u1edfi \u0111\u1ea7u s\u1edbm v\u1ec1\u2026 Ph\u00e1t tri\u1ec3n nh\u00e2n c\u00e1ch v\u00e0 K\u1ef9 n\u0103ng s\u1ed1ng<\/span><\/h2>\n<ul>\n<li>L\u1edbp h\u1ecdc v\u00e0 m\u00f4i tr\u01b0\u1eddng s\u1ed1ng khuy\u1ebfn kh\u00edch k\u1ef9 n\u0103ng x\u00e3 h\u1ed9i v\u00e0 gia t\u0103ng s\u1ef1 t\u1ef1 tin<\/li>\n<li>Nh\u1eefng ho\u1ea1t \u0111\u1ed9ng ngo\u1ea1i kh\u00f3a tr\u00ean m\u1ea1ng v\u00e0 th\u1ef1c t\u1ebf gi\u00fap cho h\u1ecdc sinh b\u1ed9c l\u1ed9 s\u1edf th\u00edch, c\u01a1 h\u1ed9i t\u1ef1 gi\u00e1c, th\u1ec3 thao v\u00e0 \u0111am m\u00ea<\/li>\n<li>M\u1ea1ng l\u01b0\u1edbi h\u1ed7 tr\u1ee3 t\u0103ng c\u01b0\u1eddng bao g\u1ed3m c\u1ea3 gi\u00e1o vi\u00ean, gia \u0111\u00ecnh b\u1ea3n x\u1ee9 v\u00e0 h\u01b0\u1edbng d\u1eabn vi\u00ean- khuy\u1ebfn<br \/>\nkh\u00edch t\u00ednh \u0111\u1ed9c l\u1eadp, t\u01b0 duy s\u1eafc b\u00e9n, k\u1ef9 n\u0103ng ra quy\u1ebft \u0111\u1ecbnh<\/li>\n<\/ul>\n<p>[\/fancy-ul][\/vc_column][vc_column column_padding=&#8221;no-extra-padding&#8221; column_padding_position=&#8221;all&#8221; background_color_opacity=&#8221;1&#8243; background_hover_color_opacity=&#8221;1&#8243; column_shadow=&#8221;none&#8221; width=&#8221;2\/6&#8243; tablet_text_alignment=&#8221;default&#8221; phone_text_alignment=&#8221;default&#8221; column_border_width=&#8221;none&#8221; column_border_style=&#8221;solid&#8221;][vc_row_inner column_margin=&#8221;default&#8221; text_align=&#8221;left&#8221; class=&#8221;tces-bg&#8221; css=&#8221;.vc_custom_1518547804619{padding-top: 25px !important;padding-right: 20px !important;padding-bottom: 20px !important;padding-left: 20px !important;}&#8221;][vc_column_inner column_padding=&#8221;no-extra-padding&#8221; column_padding_position=&#8221;all&#8221; background_color_opacity=&#8221;1&#8243; width=&#8221;1\/1&#8243; column_border_width=&#8221;none&#8221; column_border_style=&#8221;solid&#8221;][vc_column_text]<\/p>\n<h2 class=\"custom-h2\">Kh\u00eda c\u1ea1nh CIC<\/h2>\n<ul>\n<li>Total Care Education System\u00ae \u0111\u1ea3m b\u1ea3o h\u1ecdc sinh \u0111\u1ea1t \u0111\u01b0\u1ee3c ti\u1ebfn b\u1ed9 trong t\u1ea5t c\u1ea3 c\u00e1c nhu c\u1ea7u ASEP c\u1ee7a m\u00ecnh<\/li>\n<li>S\u1ef1 an to\u00e0n t\u1ea1i tr\u01b0\u1eddng, m\u00f4i tr\u01b0\u1eddng h\u1ecdc t\u1eadp t\u00edch h\u1ee3p v\u00e0 s\u1ef1 ch\u0103m s\u00f3c t\u1eeb to\u00e0n b\u1ed9 nh\u00e2n vi\u00ean &#8211; c\u00f3 ngh\u0129a l\u00e0 ch\u0103m s\u00f3c to\u00e0n b\u1ed9 t\u1ea5t c\u1ea3 c\u00e1c h\u1ecdc sinh m\u00e0 kh\u00f4ng s\u00f3t ai<\/li>\n<li>C\u1ed9ng \u0111\u1ed3ng tr\u01b0\u1eddng ph\u00e1t huy gi\u00e1 tr\u1ecb c\u1ee7a s\u1ef1 t\u00f4n tr\u1ecdng \u0111\u1ed1i v\u1edbi h\u1ecdc sinh t\u1eeb t\u1ea5t c\u1ea3 c\u00e1c ch\u00e2u l\u1ee5c<\/li>\n<\/ul>\n<p>[\/vc_column_text][\/vc_column_inner][\/vc_row_inner][image_with_animation image_url=&#8221;11119&#8243; alignment=&#8221;right&#8221; animation=&#8221;Fade In&#8221; box_shadow=&#8221;none&#8221; max_width=&#8221;100%&#8221; el_class=&#8221;asep-image&#8221;][\/vc_column][\/vc_row][vc_row type=&#8221;in_container&#8221; full_screen_row_position=&#8221;middle&#8221; scene_position=&#8221;center&#8221; text_color=&#8221;dark&#8221; text_align=&#8221;left&#8221; overlay_strength=&#8221;0.3&#8243;][vc_column column_padding=&#8221;no-extra-padding&#8221; column_padding_position=&#8221;all&#8221; background_color_opacity=&#8221;1&#8243; background_hover_color_opacity=&#8221;1&#8243; column_shadow=&#8221;none&#8221; width=&#8221;1\/1&#8243; tablet_text_alignment=&#8221;default&#8221; phone_text_alignment=&#8221;default&#8221; column_border_width=&#8221;none&#8221; column_border_style=&#8221;solid&#8221;][divider line_type=&#8221;Full Width Line&#8221; line_thickness=&#8221;1&#8243; divider_color=&#8221;default&#8221; custom_height=&#8221;100&#8243;][vc_custom_heading text=&#8221;\u0110i\u1ec1u ki\u1ec7n nh\u1eadp h\u1ecdc&#8221; font_container=&#8221;tag:h2|text_align:center|color:%23f26522&#8243; use_theme_fonts=&#8221;yes&#8221; el_class=&#8221;custom-h2&#8243; css=&#8221;.vc_custom_1518629638050{margin-top: 10px !important;margin-bottom: 50px !important;}&#8221;][vc_row_inner column_margin=&#8221;default&#8221; text_align=&#8221;left&#8221;][vc_column_inner column_padding=&#8221;no-extra-padding&#8221; column_padding_position=&#8221;all&#8221; background_color_opacity=&#8221;1&#8243; width=&#8221;1\/4&#8243; column_border_width=&#8221;none&#8221; column_border_style=&#8221;solid&#8221;][text-with-icon icon_type=&#8221;font_icon&#8221; icon=&#8221;fa fa-check-square-o&#8221; color=&#8221;Extra-Color-1&#8243;]T\u1ea5t c\u1ea3 \u1ee9ng vi\u00ean ph\u1ea3i \u0111i\u1ec1n v\u00e0o \u0111\u01a1n xin h\u1ecdc tr\u1ef1c tuy\u1ebfn[\/text-with-icon][\/vc_column_inner][vc_column_inner column_padding=&#8221;no-extra-padding&#8221; column_padding_position=&#8221;all&#8221; background_color_opacity=&#8221;1&#8243; width=&#8221;1\/4&#8243; column_border_width=&#8221;none&#8221; column_border_style=&#8221;solid&#8221;][text-with-icon icon_type=&#8221;font_icon&#8221; icon=&#8221;fa fa-check-square-o&#8221; color=&#8221;Extra-Color-1&#8243;]T\u1ea5t c\u1ea3 \u1ee9ng vi\u00ean ph\u1ea3i cung c\u1ea5p h\u1ecdc b\u1ea1 b\u1eadc ti\u1ec3u h\u1ecdc (t\u1eeb l\u1edbp 1 \u0111\u1ebfn l\u1edbp 6) v\u00e0 Trung h\u1ecdc c\u01a1 s\u1edf t\u1ea1i n\u01a1i m\u00ecnh<br \/>\n\u0111\u00e3 h\u1ecdc. H\u1ecdc b\u1ea1 \u0111\u01b0\u1ee3c d\u1ecbch ra ti\u1ebfng Anh khi c\u00f3 y\u00eau c\u1ea7u c\u1ea7n thi\u1ebft[\/text-with-icon][\/vc_column_inner][vc_column_inner column_padding=&#8221;no-extra-padding&#8221; column_padding_position=&#8221;all&#8221; background_color_opacity=&#8221;1&#8243; width=&#8221;1\/4&#8243; column_border_width=&#8221;none&#8221; column_border_style=&#8221;solid&#8221;][text-with-icon icon_type=&#8221;font_icon&#8221; icon=&#8221;fa fa-star&#8221; color=&#8221;Extra-Color-1&#8243;]Kh\u00f4ng b\u1eaft bu\u1ed9c ch\u1ee9ng ch\u1ec9 TOEFL ho\u1eb7c IELTS khi tuy\u1ec3n sinh. H\u1ecdc sinh c\u00f3 h\u1ecdc l\u1ef1c ti\u1ebfng Anh th\u1ea5p s\u1ebd \u0111\u01b0\u1ee3c<br \/>\nx\u1ebfp v\u00e0o l\u1edbp Ti\u1ebfng Anh ESL.[\/text-with-icon][\/vc_column_inner][vc_column_inner column_padding=&#8221;no-extra-padding&#8221; column_padding_position=&#8221;all&#8221; background_color_opacity=&#8221;1&#8243; width=&#8221;1\/4&#8243; column_border_width=&#8221;none&#8221; column_border_style=&#8221;solid&#8221;][text-with-icon icon_type=&#8221;font_icon&#8221; icon=&#8221;fa fa-star&#8221; color=&#8221;Extra-Color-1&#8243;]T\u1ea5t c\u1ea3 ch\u1ee9ng ch\u1ec9, gi\u1ea5y khen th\u01b0\u1edfng&#8230; ph\u1ea3i \u0111\u01b0\u1ee3c n\u1ed9p c\u00f9ng khi tuy\u1ec3n sinh[\/text-with-icon][\/vc_column_inner][\/vc_row_inner][\/vc_column][\/vc_row]<\/p>\n","protected":false},"excerpt":{"rendered":"<p>[vc_row type=&#8221;in_container&#8221; full_screen_row_position=&#8221;middle&#8221; scene_position=&#8221;center&#8221; text_color=&#8221;dark&#8221; text_align=&#8221;left&#8221; bottom_padding=&#8221;50&#8243; overlay_strength=&#8221;0.3&#8243;][vc_column column_padding=&#8221;no-extra-padding&#8221; column_padding_position=&#8221;all&#8221; background_color_opacity=&#8221;1&#8243; background_hover_color_opacity=&#8221;1&#8243; column_shadow=&#8221;none&#8221; width=&#8221;1\/1&#8243; tablet_text_alignment=&#8221;default&#8221; phone_text_alignment=&#8221;default&#8221; column_border_width=&#8221;none&#8221; column_border_style=&#8221;solid&#8221;][vc_row_inner column_margin=&#8221;default&#8221; top_padding=&#8221;0&#8243; text_align=&#8221;left&#8221;][vc_column_inner column_padding=&#8221;no-extra-padding&#8221; column_padding_position=&#8221;all&#8221; background_color_opacity=&#8221;1&#8243; width=&#8221;2\/6&#8243; column_border_width=&#8221;none&#8221; column_border_style=&#8221;solid&#8221;][vc_custom_heading text=&#8221;M\u1ed9t n\u0103m c\u00f3 2 k\u1ef3 nh\u1eadp h\u1ecdc (Xem K\u1ef3 nh\u1eadp h\u1ecdc J1 &amp; J2)&#8221; font_container=&#8221;tag:h2|font_size:20|text_align:left|color:%23f26522|line_height:23px&#8221; use_theme_fonts=&#8221;yes&#8221; el_class=&#8221;custom-h2&#8243;][vc_column_text] H\u1ecdc sinh d\u01b0\u1edbi 16 tu\u1ed5i t\u00ednh \u0111\u1ebfn 31\/ 07 h\u00e0ng n\u0103m [&hellip;]<\/p>\n","protected":false},"author":22,"featured_media":0,"parent":15275,"menu_order":0,"comment_status":"closed","ping_status":"closed","template":"","meta":{"footnotes":""},"_links":{"self":[{"href":"https:\/\/rewrite.cic-totalcare.com\/vi\/wp-json\/wp\/v2\/pages\/15314"}],"collection":[{"href":"https:\/\/rewrite.cic-totalcare.com\/vi\/wp-json\/wp\/v2\/pages"}],"about":[{"href":"https:\/\/rewrite.cic-totalcare.com\/vi\/wp-json\/wp\/v2\/types\/page"}],"author":[{"embeddable":true,"href":"https:\/\/rewrite.cic-totalcare.com\/vi\/wp-json\/wp\/v2\/users\/22"}],"replies":[{"embeddable":true,"href":"https:\/\/rewrite.cic-totalcare.com\/vi\/wp-json\/wp\/v2\/comments?post=15314"}],"version-history":[{"count":16,"href":"https:\/\/rewrite.cic-totalcare.com\/vi\/wp-json\/wp\/v2\/pages\/15314\/revisions"}],"predecessor-version":[{"id":15330,"href":"https:\/\/rewrite.cic-totalcare.com\/vi\/wp-json\/wp\/v2\/pages\/15314\/revisions\/15330"}],"up":[{"embeddable":true,"href":"https:\/\/rewrite.cic-totalcare.com\/vi\/wp-json\/wp\/v2\/pages\/15275"}],"wp:attachment":[{"href":"https:\/\/rewrite.cic-totalcare.com\/vi\/wp-json\/wp\/v2\/media?parent=15314"}],"curies":[{"name":"wp","href":"https:\/\/api.w.org\/{rel}","templated":true}]}}