{"id":15541,"date":"2019-11-26T19:44:33","date_gmt":"2019-11-26T19:44:33","guid":{"rendered":"https:\/\/www.cic-totalcare.com\/programs\/chuong-trinh-luyen-ky-nang-tieng-anh\/"},"modified":"2024-06-17T13:47:18","modified_gmt":"2024-06-17T17:47:18","slug":"english-testing","status":"publish","type":"page","link":"https:\/\/rewrite.cic-totalcare.com\/vi\/programs-2\/english-testing\/","title":{"rendered":"Ch\u01b0\u01a1ng Tr\u00ecnh Tr\u00ecnh \u0110\u1ed9 Ti\u1ebfng Anh"},"content":{"rendered":"<p>[vc_row type=&#8221;in_container&#8221; full_screen_row_position=&#8221;middle&#8221; column_margin=&#8221;default&#8221; column_direction=&#8221;default&#8221; column_direction_tablet=&#8221;default&#8221; column_direction_phone=&#8221;default&#8221; scene_position=&#8221;center&#8221; text_color=&#8221;dark&#8221; text_align=&#8221;left&#8221; row_border_radius=&#8221;none&#8221; row_border_radius_applies=&#8221;bg&#8221; overlay_strength=&#8221;0.3&#8243; gradient_direction=&#8221;left_to_right&#8221; shape_divider_position=&#8221;bottom&#8221; bg_image_animation=&#8221;none&#8221;][vc_column column_padding=&#8221;no-extra-padding&#8221; column_padding_tablet=&#8221;inherit&#8221; column_padding_phone=&#8221;inherit&#8221; column_padding_position=&#8221;all&#8221; column_element_spacing=&#8221;default&#8221; background_color_opacity=&#8221;1&#8243; background_hover_color_opacity=&#8221;1&#8243; column_shadow=&#8221;none&#8221; column_border_radius=&#8221;none&#8221; column_link_target=&#8221;_self&#8221; gradient_direction=&#8221;left_to_right&#8221; overlay_strength=&#8221;0.3&#8243; width=&#8221;1\/2&#8243; tablet_width_inherit=&#8221;default&#8221; tablet_text_alignment=&#8221;default&#8221; phone_text_alignment=&#8221;default&#8221; bg_image_animation=&#8221;none&#8221; border_type=&#8221;simple&#8221; column_border_width=&#8221;none&#8221; column_border_style=&#8221;solid&#8221;][image_with_animation image_url=&#8221;11099&#8243; animation=&#8221;Fade In&#8221; hover_animation=&#8221;none&#8221; alignment=&#8221;&#8221; border_radius=&#8221;none&#8221; box_shadow=&#8221;none&#8221; image_loading=&#8221;default&#8221; max_width=&#8221;100%&#8221; max_width_mobile=&#8221;default&#8221; el_class=&#8221;asep-image&#8221;][\/vc_column][vc_column column_padding=&#8221;no-extra-padding&#8221; column_padding_tablet=&#8221;inherit&#8221; column_padding_phone=&#8221;inherit&#8221; column_padding_position=&#8221;all&#8221; column_element_spacing=&#8221;default&#8221; background_color_opacity=&#8221;1&#8243; background_hover_color_opacity=&#8221;1&#8243; column_shadow=&#8221;none&#8221; column_border_radius=&#8221;none&#8221; column_link_target=&#8221;_self&#8221; gradient_direction=&#8221;left_to_right&#8221; overlay_strength=&#8221;0.3&#8243; width=&#8221;1\/2&#8243; tablet_width_inherit=&#8221;default&#8221; tablet_text_alignment=&#8221;default&#8221; phone_text_alignment=&#8221;default&#8221; bg_image_animation=&#8221;none&#8221; border_type=&#8221;simple&#8221; column_border_width=&#8221;none&#8221; column_border_style=&#8221;solid&#8221;][vc_column_inner column_padding=&#8221;no-extra-padding&#8221; column_padding_tablet=&#8221;inherit&#8221; column_padding_phone=&#8221;inherit&#8221; column_padding_position=&#8221;all&#8221; column_element_spacing=&#8221;default&#8221; background_color_opacity=&#8221;1&#8243; background_hover_color_opacity=&#8221;1&#8243; column_shadow=&#8221;none&#8221; column_border_radius=&#8221;none&#8221; column_link_target=&#8221;_self&#8221; gradient_direction=&#8221;left_to_right&#8221; overlay_strength=&#8221;0.3&#8243; width=&#8221;1\/1&#8243; tablet_width_inherit=&#8221;default&#8221; bg_image_animation=&#8221;none&#8221; border_type=&#8221;simple&#8221; column_border_width=&#8221;none&#8221; column_border_style=&#8221;solid&#8221;][vc_custom_heading text=&#8221;Ch\u00fang t\u00f4i l\u00e0 trung t\u00e2m kh\u1ea3o th\u00ed ch\u00ednh th\u1ee9c cho:&#8221; font_container=&#8221;tag:h2|text_align:left|color:%23f26522&#8243; use_theme_fonts=&#8221;yes&#8221; el_class=&#8221;custom-h2&#8243;][vc_gallery type=&#8221;image_grid&#8221; images=&#8221;37509&#8243; image_grid_loading=&#8221;default&#8221; layout=&#8221;4&#8243; item_spacing=&#8221;default&#8221; gallery_style=&#8221;1&#8243; load_in_animation=&#8221;none&#8221; css=&#8221;.vc_custom_1675367852049{margin-bottom: -20px !important;}&#8221;][vc_custom_heading text=&#8221;C\u00e1c ch\u01b0\u01a1ng tr\u00ecnh \u00f4n luy\u1ec7n k\u1ef9 n\u0103ng thi ti\u1ebfng Anh&#8221; font_container=&#8221;tag:h2|text_align:left|color:%23f26522&#8243; use_theme_fonts=&#8221;yes&#8221; el_class=&#8221;custom-h2&#8243;][vc_column_text]<\/p>\n<ul>\n<li>H\u1ed7 tr\u1ee3 v\u00e0 \u00f4n luy\u1ec7n cho h\u1ecdc sinh \u0111\u1ea1t \u0111i\u1ec3m cao h\u01a1n \u0111\u1ec3 v\u00e0o \u0111\u01b0\u1ee3c tr\u01b0\u1eddng \u0111\u1ea1i h\u1ecdc m\u00e0 c\u00e1c em l\u1ef1a ch\u1ecdn:\n<p style=\"padding-left: 12px;\">&#8211; Ch\u1ee9ng ch\u1ec9 SAT<br \/>\n\u2013 Ch\u1ee9ng ch\u1ec9 IELTS<\/p>\n<\/li>\n<li>\n<p style=\"padding-left: 12px;\">Trung t\u00e2m kh\u1ea3o th\u00ed IELTS ch\u00ednh th\u1ee9c \u2013 h\u1ecdc sinh kh\u00f4ng c\u1ea7n ph\u1ea3i \u0111i ra kh\u1ecfi tr\u01b0\u1eddng \u0111\u1ec3 thi<\/p>\n<\/li>\n<li>Ng\u00e0y thi do tr\u01b0\u1eddng \u1ea5n \u0111\u1ecbnh v\u00e0 h\u1ecdc sinh s\u1eafp t\u1ed1t nghi\u1ec7p c\u1ee7a tr\u01b0\u1eddng s\u1ebd \u0111\u01b0\u1ee3c \u01b0u ti\u00ean<\/li>\n<\/ul>\n<p>[\/vc_column_text][divider line_type=&#8221;No Line&#8221; custom_height=&#8221;25&#8243;][\/vc_column_inner][\/vc_column][\/vc_row][vc_row type=&#8221;full_width_background&#8221; full_screen_row_position=&#8221;middle&#8221; column_margin=&#8221;default&#8221; column_direction=&#8221;default&#8221; column_direction_tablet=&#8221;default&#8221; column_direction_phone=&#8221;default&#8221; bg_color=&#8221;#333333&#8243; scene_position=&#8221;center&#8221; top_padding=&#8221;100&#8243; bottom_padding=&#8221;100&#8243; text_color=&#8221;light&#8221; text_align=&#8221;center&#8221; row_border_radius=&#8221;none&#8221; row_border_radius_applies=&#8221;bg&#8221; overlay_strength=&#8221;0.3&#8243; gradient_direction=&#8221;left_to_right&#8221; shape_divider_position=&#8221;bottom&#8221; bg_image_animation=&#8221;none&#8221;][vc_column column_padding=&#8221;no-extra-padding&#8221; column_padding_tablet=&#8221;inherit&#8221; column_padding_phone=&#8221;inherit&#8221; column_padding_position=&#8221;all&#8221; column_element_spacing=&#8221;default&#8221; background_color_opacity=&#8221;1&#8243; background_hover_color_opacity=&#8221;1&#8243; column_shadow=&#8221;none&#8221; column_border_radius=&#8221;none&#8221; column_link_target=&#8221;_self&#8221; gradient_direction=&#8221;left_to_right&#8221; overlay_strength=&#8221;0.3&#8243; width=&#8221;1\/1&#8243; tablet_width_inherit=&#8221;default&#8221; tablet_text_alignment=&#8221;default&#8221; phone_text_alignment=&#8221;default&#8221; bg_image_animation=&#8221;none&#8221; border_type=&#8221;simple&#8221; column_border_width=&#8221;none&#8221; column_border_style=&#8221;solid&#8221;][vc_custom_heading text=&#8221;V\u0103n ph\u00f2ng kh\u1ea3o th\u00ed trong tr\u01b0\u1eddng gi\u00fap h\u1ecdc sinh chu\u1ea9n b\u1ecb t\u1ed1t v\u1edbi c\u00e1c bu\u1ed5i \u00f4n luy\u1ec7n \u0111\u1ec3 \u0111\u1ea1t k\u1ebft qu\u1ea3 cao trong c\u00e1c k\u00ec ki\u1ec3m tra ti\u1ebfng Anh.&#8221; font_container=&#8221;tag:h2|text_align:center&#8221; use_theme_fonts=&#8221;yes&#8221; el_class=&#8221;custom-h2 title-main&#8221;][vc_column_text]C\u00e1c kh\u00f3a h\u1ecdc luy\u1ec7n thi IELTS v\u00e0 TOEFL bao g\u1ed3m b\u00e0i h\u01b0\u1edbng d\u1eabn chi\u1ebfn l\u01b0\u1ee3c l\u00e0m b\u00e0i thi ti\u1ebfng Anh v\u1edbi c\u00e1c m\u1eb9o luy\u1ec7n thi. C\u00e1c l\u1edbp huy\u1ebfn luy\u1ec7n n\u00e0y d\u00e0nh cho h\u1ecdc sinh mu\u1ed1n t\u1eadp trung v\u00e0o c\u00e1c k\u1ef9 n\u0103ng c\u1ea7n thi\u1ebft \u0111\u1ec3 \u0111\u1ea1t k\u1ebft qu\u1ea3 cao trong c\u00e1c k\u1ef3 thi ti\u1ebfng Anh ch\u00ednh th\u1ee9c. C\u00e1c b\u00e0i ki\u1ec3m tra tr\u00ecnh \u0111\u1ed9 ti\u1ebfng Anh n\u00e0y r\u1ea5t c\u1ea7n thi\u1ebft \u0111\u1ec3 x\u00e1c nh\u1eadn tr\u00ecnh \u0111\u1ed9 ti\u1ebfng Anh c\u1ee7a b\u1ea1n n\u1ebfu b\u1ea1n chu\u1ea9n b\u1ecb h\u1ecdc ti\u1ebfp \u1edf tr\u01b0\u1eddng cao \u0111\u1eb3ng ho\u1eb7c \u0111\u1ea1i h\u1ecdc, hay \u0111i xin vi\u1ec7c l\u00e0m v\u1edbi ti\u1ebfng Anh l\u00e0 ng\u00f4n ng\u1eef ch\u00ednh trong giao ti\u1ebfp, ho\u1eb7c c\u00f3 d\u1ef1 \u0111\u1ecbnh n\u1ed9p \u0111\u01a1n xin nh\u1eadp t\u1ecbch Canada ho\u1eb7c l\u1ea5y th\u01b0\u1eddng tr\u00fa nh\u00e2n. C\u1ea3i thi\u1ec7n \u0111i\u1ec3m ki\u1ec3m tra c\u1ee7a b\u1ea1n b\u1eb1ng c\u00e1ch \u0111\u0103ng k\u00fd kh\u00f3a h\u1ecdc ngay h\u00f4m nay![\/vc_column_text][\/vc_column][\/vc_row][vc_row type=&#8221;in_container&#8221; full_screen_row_position=&#8221;middle&#8221; column_margin=&#8221;default&#8221; column_direction=&#8221;default&#8221; column_direction_tablet=&#8221;default&#8221; column_direction_phone=&#8221;default&#8221; scene_position=&#8221;center&#8221; top_padding=&#8221;100&#8243; bottom_padding=&#8221;100&#8243; text_color=&#8221;dark&#8221; text_align=&#8221;left&#8221; row_border_radius=&#8221;none&#8221; row_border_radius_applies=&#8221;bg&#8221; overlay_strength=&#8221;0.3&#8243; gradient_direction=&#8221;left_to_right&#8221; shape_divider_position=&#8221;bottom&#8221; bg_image_animation=&#8221;none&#8221;][vc_column column_padding=&#8221;no-extra-padding&#8221; column_padding_tablet=&#8221;inherit&#8221; column_padding_phone=&#8221;inherit&#8221; column_padding_position=&#8221;all&#8221; column_element_spacing=&#8221;default&#8221; background_color_opacity=&#8221;1&#8243; background_hover_color_opacity=&#8221;1&#8243; column_shadow=&#8221;none&#8221; column_border_radius=&#8221;none&#8221; column_link_target=&#8221;_self&#8221; gradient_direction=&#8221;left_to_right&#8221; overlay_strength=&#8221;0.3&#8243; width=&#8221;1\/1&#8243; tablet_width_inherit=&#8221;default&#8221; tablet_text_alignment=&#8221;default&#8221; phone_text_alignment=&#8221;default&#8221; bg_image_animation=&#8221;none&#8221; border_type=&#8221;simple&#8221; column_border_width=&#8221;none&#8221; column_border_style=&#8221;solid&#8221;][vc_column_text]<\/p>\n<table class=\"skills-table\">\n<tbody>\n<tr>\n<th><\/th>\n<th class=\"skills-heading\">Ch\u01b0\u01a1ng tr\u00ecnh h\u1ecdc<\/th>\n<th>TH\u1edcI GIAN H\u1eccC<\/th>\n<th>S\u1ed0 L\u01af\u1ee2NG H\u1eccC VI\u00caN T\u1ed0I THI\u1ec2U<\/th>\n<th>S\u1ed0 L\u01af\u1ee2NG H\u1eccC VI\u00caN T\u1ed0I \u0110A<\/th>\n<\/tr>\n<tr>\n<td><\/td>\n<td><b>L\u1edbp \u00f4n thi ng\u00e0y th\u01b0\u1eddng + Thi th\u1eed<\/b><br \/>\nKh\u00f3a h\u1ecdc n\u00e0y t\u1eadp trung v\u00e0o t\u1ea5t c\u1ea3 c\u00e1c k\u1ef9 n\u0103ng c\u1ee7a b\u00e0i thi (nghe, n\u00f3i \u0111\u1ecdc, vi\u1ebft). B\u00e0i h\u1ecdc h\u00e0ng ng\u00e0y t\u1eadp trung v\u00e0o m\u1ed9t k\u1ef9 n\u0103ng c\u1ee5 th\u1ec3 gi\u00fap cho h\u1ecdc sinh ti\u1ebfn b\u1ed9 v\u00e0 l\u00e0m c\u00e1c b\u00e0i ki\u1ec3m tra th\u1ef1c h\u00e0nh cu\u1ed1i tu\u1ea7n \u0111\u1ea1t k\u1ebft qu\u1ea3 cao. Th\u00ed sinh \u0111\u01b0\u1ee3c h\u1ecdc c\u00e1c m\u1eb9o v\u00e0 chi\u1ebfn l\u01b0\u1ee3c l\u00e0m b\u00e0i c\u1ee5 th\u1ec3 \u0111\u1ec3 c\u1ea3i thi\u1ec7n hi\u1ec7u qu\u1ea3 l\u00e0m b\u00e0i c\u1ee7a m\u00ecnh v\u1edbi c\u1ea3 b\u1ed1n k\u1ef9 n\u0103ng c\u0169ng nh\u01b0 th\u1ef1c h\u00e0nh vi\u1ec7c luy\u1ec7n t\u1eadp li\u00ean t\u1ee5c v\u00e0 l\u00e0m th\u1eed c\u00e1c b\u00e0i thi th\u1eed<\/td>\n<td class=\"skills-center\"><b>20 gi\u1edd<\/b><br \/>\nTh\u1ee9 Hai &#8211; Th\u1ee9 N\u0103m; 4:00 chi\u1ec1u &#8211; 6:00 chi\u1ec1u x 2<br \/>\nTh\u1ee9 b\u1ea3y; 9:00 s\u00e1ng &#8211; 1:00 chi\u1ec1u<\/td>\n<td class=\"skills-center\">5<\/td>\n<td class=\"skills-center\">12<\/td>\n<\/tr>\n<tr>\n<td><\/td>\n<td><b>L\u1edbp \u00f4n thi ng\u00e0y l\u1ec5<\/b><br \/>\nKh\u00f3a h\u1ecdc n\u00e0y t\u1eadp trung v\u00e0o t\u1ea5t c\u1ea3 c\u00e1c k\u1ef9 n\u0103ng c\u1ee7a b\u00e0i thi. Th\u00ed sinh \u0111\u01b0\u1ee3c h\u1ecdc c\u00e1c m\u1eb9o v\u00e0 chi\u1ebfn l\u01b0\u1ee3c l\u00e0m b\u00e0i c\u1ee5 th\u1ec3 \u0111\u1ec3 c\u1ea3i thi\u1ec7n hi\u1ec7u qu\u1ea3 l\u00e0m b\u00e0i c\u1ee7a m\u00ecnh v\u1edbi c\u1ea3 b\u1ed1n k\u1ef9 n\u0103ng c\u0169ng nh\u01b0 th\u1ef1c h\u00e0nh vi\u1ec7c luy\u1ec7n t\u1eadp li\u00ean t\u1ee5c v\u00e0 l\u00e0m th\u1eed c\u00e1c b\u00e0i thi th\u1eed.<br \/>\nC\u00e1c l\u1edbp h\u1ecdc v\u00e0o c\u00e1c ng\u00e0y cu\u1ed1i tu\u1ea7n: Ng\u00e0y Lao \u0111\u1ed9ng, L\u1ec5 T\u1ea1 \u01a0n, Gi\u00e1ng Sinh, Ng\u00e0y Gia \u0110\u00ecnh, K\u1ef3 ngh\u1ec9 th\u00e1ng 3, L\u1ec5 Ph\u1ee5c Sinh, L\u1ec5 Victoria<\/td>\n<td class=\"skills-center\"><b>20 gi\u1edd<\/b><br \/>\n4 ng\u00e0y<br \/>\n(5 ti\u1ebfng m\u1ed7i ng\u00e0y)<\/td>\n<td class=\"skills-center\">5<\/td>\n<td class=\"skills-center\">12<\/td>\n<\/tr>\n<\/tbody>\n<\/table>\n<p style=\"text-align: center;\"><strong>D\u1ee4NG C\u1ee4 H\u1eccC T\u1eacP C\u1ea6N C\u00d3:<\/strong> B\u00eca h\u1ed3 s\u01a1, B\u00fat ch\u00ec HB #2 (x2), t\u1ea9y, 3 B\u00fat highlight (c\u00f3 m\u00e0u kh\u00e1c nhau), 1 B\u00fat \u0111\u1ecf, 1 B\u00fat bi xanh\/\u0111en<\/p>\n<p>[\/vc_column_text][\/vc_column][\/vc_row]<\/p>\n","protected":false},"excerpt":{"rendered":"<p>[vc_row type=&#8221;in_container&#8221; full_screen_row_position=&#8221;middle&#8221; column_margin=&#8221;default&#8221; column_direction=&#8221;default&#8221; column_direction_tablet=&#8221;default&#8221; column_direction_phone=&#8221;default&#8221; scene_position=&#8221;center&#8221; text_color=&#8221;dark&#8221; text_align=&#8221;left&#8221; row_border_radius=&#8221;none&#8221; row_border_radius_applies=&#8221;bg&#8221; overlay_strength=&#8221;0.3&#8243; gradient_direction=&#8221;left_to_right&#8221; shape_divider_position=&#8221;bottom&#8221; bg_image_animation=&#8221;none&#8221;][vc_column column_padding=&#8221;no-extra-padding&#8221; column_padding_tablet=&#8221;inherit&#8221; column_padding_phone=&#8221;inherit&#8221; column_padding_position=&#8221;all&#8221; column_element_spacing=&#8221;default&#8221; background_color_opacity=&#8221;1&#8243; background_hover_color_opacity=&#8221;1&#8243; column_shadow=&#8221;none&#8221; column_border_radius=&#8221;none&#8221; column_link_target=&#8221;_self&#8221; gradient_direction=&#8221;left_to_right&#8221; overlay_strength=&#8221;0.3&#8243; width=&#8221;1\/2&#8243; tablet_width_inherit=&#8221;default&#8221; tablet_text_alignment=&#8221;default&#8221; phone_text_alignment=&#8221;default&#8221; bg_image_animation=&#8221;none&#8221; border_type=&#8221;simple&#8221; column_border_width=&#8221;none&#8221; column_border_style=&#8221;solid&#8221;][image_with_animation image_url=&#8221;11099&#8243; animation=&#8221;Fade In&#8221; hover_animation=&#8221;none&#8221; alignment=&#8221;&#8221; border_radius=&#8221;none&#8221; box_shadow=&#8221;none&#8221; image_loading=&#8221;default&#8221; max_width=&#8221;100%&#8221; max_width_mobile=&#8221;default&#8221; el_class=&#8221;asep-image&#8221;][\/vc_column][vc_column column_padding=&#8221;no-extra-padding&#8221; column_padding_tablet=&#8221;inherit&#8221; column_padding_phone=&#8221;inherit&#8221; column_padding_position=&#8221;all&#8221; column_element_spacing=&#8221;default&#8221; background_color_opacity=&#8221;1&#8243; background_hover_color_opacity=&#8221;1&#8243; column_shadow=&#8221;none&#8221; [&hellip;]<\/p>\n","protected":false},"author":22,"featured_media":0,"parent":15275,"menu_order":0,"comment_status":"closed","ping_status":"closed","template":"","meta":{"footnotes":""},"_links":{"self":[{"href":"https:\/\/rewrite.cic-totalcare.com\/vi\/wp-json\/wp\/v2\/pages\/15541"}],"collection":[{"href":"https:\/\/rewrite.cic-totalcare.com\/vi\/wp-json\/wp\/v2\/pages"}],"about":[{"href":"https:\/\/rewrite.cic-totalcare.com\/vi\/wp-json\/wp\/v2\/types\/page"}],"author":[{"embeddable":true,"href":"https:\/\/rewrite.cic-totalcare.com\/vi\/wp-json\/wp\/v2\/users\/22"}],"replies":[{"embeddable":true,"href":"https:\/\/rewrite.cic-totalcare.com\/vi\/wp-json\/wp\/v2\/comments?post=15541"}],"version-history":[{"count":26,"href":"https:\/\/rewrite.cic-totalcare.com\/vi\/wp-json\/wp\/v2\/pages\/15541\/revisions"}],"predecessor-version":[{"id":133334,"href":"https:\/\/rewrite.cic-totalcare.com\/vi\/wp-json\/wp\/v2\/pages\/15541\/revisions\/133334"}],"up":[{"embeddable":true,"href":"https:\/\/rewrite.cic-totalcare.com\/vi\/wp-json\/wp\/v2\/pages\/15275"}],"wp:attachment":[{"href":"https:\/\/rewrite.cic-totalcare.com\/vi\/wp-json\/wp\/v2\/media?parent=15541"}],"curies":[{"name":"wp","href":"https:\/\/api.w.org\/{rel}","templated":true}]}}