{"id":15582,"date":"2019-11-26T21:03:18","date_gmt":"2019-11-26T21:03:18","guid":{"rendered":"https:\/\/www.cic-totalcare.com\/total-care-education\/cham-soc-toan-dien-lien-lac\/"},"modified":"2019-12-03T21:29:29","modified_gmt":"2019-12-03T21:29:29","slug":"total-care-communication","status":"publish","type":"page","link":"https:\/\/rewrite.cic-totalcare.com\/vi\/total-care-education\/total-care-communication\/","title":{"rendered":"Ch\u0103m S\u00f3c To\u00e0n Di\u1ec7n Li\u00ean L\u1ea1c"},"content":{"rendered":"<p>[vc_row type=&#8221;in_container&#8221; full_screen_row_position=&#8221;middle&#8221; scene_position=&#8221;center&#8221; text_color=&#8221;dark&#8221; text_align=&#8221;left&#8221; overlay_strength=&#8221;0.3&#8243;][vc_column column_padding=&#8221;no-extra-padding&#8221; column_padding_position=&#8221;all&#8221; background_color_opacity=&#8221;1&#8243; background_hover_color_opacity=&#8221;1&#8243; column_shadow=&#8221;none&#8221; width=&#8221;1\/1&#8243; tablet_text_alignment=&#8221;default&#8221; phone_text_alignment=&#8221;default&#8221; column_border_width=&#8221;none&#8221; column_border_style=&#8221;solid&#8221;][nectar_slider location=&#8221;Total Care Communication\u00ae&#8221; full_width=&#8221;true&#8221; overall_style=&#8221;classic&#8221; slider_transition=&#8221;slide&#8221; button_sizing=&#8221;regular&#8221; slider_height=&#8221;450&#8243;][\/vc_column][\/vc_row][vc_row type=&#8221;full_width_background&#8221; full_screen_row_position=&#8221;middle&#8221; scene_position=&#8221;center&#8221; text_color=&#8221;dark&#8221; text_align=&#8221;left&#8221; top_padding=&#8221;100&#8243; bottom_padding=&#8221;50&#8243; overlay_strength=&#8221;0.3&#8243;][vc_column enable_animation=&#8221;true&#8221; animation=&#8221;fade-in-from-left&#8221; column_padding=&#8221;no-extra-padding&#8221; column_padding_position=&#8221;all&#8221; background_color_opacity=&#8221;1&#8243; background_hover_color_opacity=&#8221;1&#8243; column_shadow=&#8221;none&#8221; width=&#8221;1\/2&#8243; tablet_text_alignment=&#8221;default&#8221; phone_text_alignment=&#8221;default&#8221; column_border_width=&#8221;none&#8221; column_border_style=&#8221;solid&#8221; delay=&#8221;2s&#8221;][vc_custom_heading text=&#8221;B\u1eafc c\u1ea7u kho\u1ea3ng c\u00e1ch&#8221; font_container=&#8221;tag:h2|font_size:42|text_align:left&#8221; use_theme_fonts=&#8221;yes&#8221; el_class=&#8221;custom-h2&#8243; css=&#8221;.vc_custom_1518148515498{margin-bottom: 30px !important;}&#8221;][vc_column_text]H\u1ecdc sinh qu\u1ed1c t\u1ebf, theo \u0111\u1ecbnh ngh\u0129a, l\u00e0 xa c\u00e1ch gia \u0111\u00ecnh.<br \/>\n\u0110\u00f3 c\u00f3 th\u1ec3 l\u00e0 m\u1ed9t tr\u1ea3i nghi\u1ec7m nhi\u1ec1u lo l\u1eafng \u0111\u1ed1i v\u1edbi h\u1ecdc<br \/>\nsinh c\u0169ng nh\u01b0 v\u1edbi ph\u1ee5 huynh. H\u1ecdc sinh th\u00ec lo kh\u00f4ng bi\u1ebft<br \/>\n\u1edf nh\u00e0 ra sao. Ph\u1ee5 huynh th\u00ec lo kh\u00f4ng bi\u1ebft con c\u00e1i h\u1ecdc<br \/>\nh\u00e0nh nh\u01b0 th\u1ebf n\u00e0o, nh\u1ea5t l\u00e0 sau khi tan l\u1edbp v\u00e0 v\u00e0o nh\u1eefng<br \/>\nng\u00e0y cu\u1ed1i tu\u1ea7n.<\/p>\n<p>Ch\u0103m S\u00f3c To\u00e0n Di\u1ec7n Li\u00ean L\u1ea1c<sup>\u00ae<\/sup> t\u1ea1i CIC, v\u1edbi c\u00f4ng ngh\u1ec7 ti\u00ean<br \/>\nti\u1ebfn \u0111\u01b0\u1ee3c thi\u1ebft k\u1ebf \u0111\u1ec3 t\u1ed1i \u01b0u ho\u00e1 vi\u1ec7c k\u1ebft n\u1ed1i gia \u0111\u00ecnh v\u00e0 \u0111em h\u1ecdc sinh v\u00e0 ph\u1ee5 huynh \u0111\u1ebfn g\u1ea7n nhau h\u01a1n, v\u01b0\u1ee3t qua c\u1ea3m gi\u00e1c xa c\u00e1ch. V\u1edbi Ch\u0103m S\u00f3c To\u00e0n Di\u1ec7n Li\u00ean L\u1ea1c ph\u1ee5 huynh c\u00f3 th\u1ec3 an t\u00e2m v\u00e0 h\u1ecdc sinh s\u1ebd \u0111\u01b0\u1ee3c c\u1ea3i thi\u1ec7n t\u00ecnh tr\u1ea1ng an vui v\u1ec1 m\u1eb7t x\u00e3 h\u1ed9i-x\u00fac c\u1ea3m, cho ph\u00e9p h\u1ecdc sinh t\u1eadp trung v\u00e0o vi\u1ec7c h\u1ecdc v\u00e0 vui h\u01b0\u1edfng \u0111\u1eddi s\u1ed1ng m\u1edbi trong khi \u1edf Canada.[\/vc_column_text][nectar_btn size=&#8221;large&#8221; open_new_tab=&#8221;true&#8221; button_style=&#8221;regular&#8221; button_color_2=&#8221;Accent-Color&#8221; color_override=&#8221;#988152&#8243; icon_family=&#8221;none&#8221; url=&#8221;https:\/\/www.cic-totalcare.com\/total-care-education\/total-care-communication\/ez-report-cards\/&#8221; text=&#8221;T\u00ecm hi\u1ec3u v\u1ec1 Phi\u1ebfu b\u00e1o c\u00e1o EZ ReportCard tr\u1ef1c tuy\u1ebfn&#8221; margin_top=&#8221;20&#8243;][\/vc_column][vc_column enable_animation=&#8221;true&#8221; animation=&#8221;fade-in-from-left&#8221; centered_text=&#8221;true&#8221; column_padding=&#8221;no-extra-padding&#8221; column_padding_position=&#8221;all&#8221; background_color_opacity=&#8221;1&#8243; background_hover_color_opacity=&#8221;1&#8243; column_shadow=&#8221;none&#8221; width=&#8221;1\/2&#8243; tablet_text_alignment=&#8221;default&#8221; phone_text_alignment=&#8221;default&#8221; column_border_width=&#8221;none&#8221; column_border_style=&#8221;solid&#8221; delay=&#8221;2s&#8221;][vc_column_text][sc name=&#8221;video_total_communication&#8221;][\/vc_column_text][nectar_btn size=&#8221;large&#8221; open_new_tab=&#8221;true&#8221; button_style=&#8221;regular&#8221; button_color_2=&#8221;Extra-Color-1&#8243; icon_family=&#8221;none&#8221; url=&#8221;https:\/\/qr.cic-totalcare.com\/Viewer\/PDF\/5abced69ca23e&#8221; text=&#8221;T\u1ea3i t\u00e0i li\u1ec7u tr\u01b0\u1eddng &#8220;][\/vc_column][\/vc_row][vc_row type=&#8221;full_width_background&#8221; full_screen_row_position=&#8221;middle&#8221; bg_color=&#8221;#988152&#8243; scene_position=&#8221;center&#8221; text_color=&#8221;light&#8221; text_align=&#8221;center&#8221; top_padding=&#8221;50&#8243; bottom_padding=&#8221;50&#8243; overlay_strength=&#8221;0.3&#8243;][vc_column column_padding=&#8221;no-extra-padding&#8221; column_padding_position=&#8221;all&#8221; background_color_opacity=&#8221;1&#8243; background_hover_color_opacity=&#8221;1&#8243; column_shadow=&#8221;none&#8221; width=&#8221;1\/1&#8243; tablet_text_alignment=&#8221;default&#8221; phone_text_alignment=&#8221;default&#8221; column_border_width=&#8221;none&#8221; column_border_style=&#8221;solid&#8221;][vc_custom_heading text=&#8221;Ch\u0103m S\u00f3c To\u00e0n Di\u1ec7n Li\u00ean L\u1ea1c\u00ae m\u1ed9t \u0111i\u1ec3m li\u00ean l\u1ea1c nh\u1ea5t qu\u00e1n c\u1ee7a ph\u1ee5 huynh, h\u1ecdc sinh, c\u00e1c b\u1ed9 ph\u1eadn c\u1ee7a tr\u01b0\u1eddng, d\u1ecbch v\u1ee5 d\u1ecbch thu\u1eadt v\u00e0 h\u01b0\u1edbng d\u1eabn.&#8221; font_container=&#8221;tag:h2|text_align:center&#8221; use_theme_fonts=&#8221;yes&#8221; el_class=&#8221;custom-h2 &#8220;][\/vc_column][\/vc_row][vc_row type=&#8221;in_container&#8221; full_screen_row_position=&#8221;middle&#8221; scene_position=&#8221;center&#8221; text_color=&#8221;dark&#8221; text_align=&#8221;left&#8221; top_padding=&#8221;100&#8243; overlay_strength=&#8221;0.3&#8243;][vc_column column_padding=&#8221;no-extra-padding&#8221; column_padding_position=&#8221;all&#8221; background_color_opacity=&#8221;1&#8243; background_hover_color_opacity=&#8221;1&#8243; column_shadow=&#8221;none&#8221; width=&#8221;1\/1&#8243; tablet_text_alignment=&#8221;default&#8221; phone_text_alignment=&#8221;default&#8221; column_border_width=&#8221;none&#8221; column_border_style=&#8221;solid&#8221;][vc_custom_heading text=&#8221;Ch\u0103m S\u00f3c To\u00e0n Di\u1ec7n Li\u00ean L\u1ea1c\u00ae n\u1ed1i g\u1ea7n gia \u0111\u00ecnh v\u1edbi nhau&#8221; font_container=&#8221;tag:h2|text_align:center&#8221; use_theme_fonts=&#8221;yes&#8221; el_class=&#8221;title-main&#8221; css=&#8221;.vc_custom_1518148403103{margin-bottom: 15px !important;}&#8221;][\/vc_column][\/vc_row][vc_row type=&#8221;in_container&#8221; full_screen_row_position=&#8221;middle&#8221; scene_position=&#8221;center&#8221; text_color=&#8221;dark&#8221; text_align=&#8221;left&#8221; top_padding=&#8221;0&#8243; bottom_padding=&#8221;100&#8243; overlay_strength=&#8221;0.3&#8243;][vc_column column_padding=&#8221;no-extra-padding&#8221; column_padding_position=&#8221;all&#8221; background_color_opacity=&#8221;1&#8243; background_hover_color_opacity=&#8221;1&#8243; column_shadow=&#8221;none&#8221; width=&#8221;2\/6&#8243; tablet_text_alignment=&#8221;default&#8221; phone_text_alignment=&#8221;default&#8221; column_border_width=&#8221;none&#8221; column_border_style=&#8221;solid&#8221;][vc_row_inner column_margin=&#8221;default&#8221; text_align=&#8221;left&#8221; css=&#8221;.vc_custom_1520012620740{border-top-width: 2px !important;border-top-color: #988152 !important;border-top-style: solid !important;}&#8221;][vc_column_inner column_padding=&#8221;no-extra-padding&#8221; column_padding_position=&#8221;all&#8221; background_color_opacity=&#8221;1&#8243; width=&#8221;1\/1&#8243; column_border_width=&#8221;none&#8221; column_border_style=&#8221;solid&#8221;][divider line_type=&#8221;No Line&#8221; custom_height=&#8221;15&#8243;][text-with-icon icon_type=&#8221;image_icon&#8221; icon_image=&#8221;11370&#8243;]<\/p>\n<h3 style=\"color: #988152\">C\u00e1n b\u1ed9 li\u00ean l\u1ea1c \u0111\u1ea1i di\u1ec7n cho khu v\u1ef1c<br \/>\nn\u01b0\u1edbc nh\u00e0 k\u1ebft n\u1ed1i v\u1edbi m\u1ed7i gia \u0111\u00ecnh<\/h3>\n<p>[\/text-with-icon][\/vc_column_inner][\/vc_row_inner][vc_column_text css=&#8221;.vc_custom_1520864167134{margin-top: -25px !important;}&#8221;]<\/p>\n<ul class=\"total-lists\">\n<li>Nh\u00e2n vi\u00ean li\u00ean l\u1ea1c l\u00e0 ng\u01b0\u1eddi \u0111\u1ea1i di\u1ec7n trung gian \u0111\u1ec3 ti\u1ec7n li\u00ean l\u1ea1c<\/li>\n<li>H\u1ed7 tr\u1ee3 b\u1eb1ng ng\u00f4n ng\u1eef n\u01b0\u1edbc nh\u00e0, gi\u00fap ph\u1ee5 huynh li\u00ean l\u1ea1c v\u1edbi c\u00e1c d\u1ecbch v\u1ee5 ch\u0103m s\u00f3c c\u1ee7a tr\u01b0\u1eddng d\u1ec5 d\u00e0ng h\u01a1n<\/li>\n<li>H\u01b0\u1edbng d\u1eabn v\u1ec1 c\u00e1c ch\u00ednh s\u00e1ch v\u00e0 n\u1ed9i quy c\u1ee7a tr\u01b0\u1eddng<\/li>\n<\/ul>\n<p>[\/vc_column_text][divider line_type=&#8221;No Line&#8221; custom_height=&#8221;15&#8243;][vc_row_inner column_margin=&#8221;default&#8221; text_align=&#8221;left&#8221; css=&#8221;.vc_custom_1520012628727{border-top-width: 2px !important;padding-top: 15px !important;border-top-color: #988152 !important;border-top-style: solid !important;}&#8221;][vc_column_inner column_padding=&#8221;no-extra-padding&#8221; column_padding_position=&#8221;all&#8221; background_color_opacity=&#8221;1&#8243; width=&#8221;1\/1&#8243; column_border_width=&#8221;none&#8221; column_border_style=&#8221;solid&#8221;][text-with-icon icon_type=&#8221;image_icon&#8221; icon_image=&#8221;11369&#8243;]<\/p>\n<h3 style=\"color: #988152\">Phi\u1ebfu b\u00e1o c\u00e1o k\u1ebft qu\u1ea3 \u0111i\u1ec7n t\u1eed<br \/>\ntruy c\u1eadp tr\u1ef1c tuy\u1ebfn m\u1ecdi l\u00fac m\u1ecdi n\u01a1i<\/h3>\n<p>[\/text-with-icon][vc_column_text css=&#8221;.vc_custom_1520864173715{margin-top: -25px !important;}&#8221;]<\/p>\n<ul class=\"total-lists\">\n<li>B\u00e1o c\u00e1o k\u1ebft qu\u1ea3 h\u1ecdc t\u1eadp \u0111\u01b0\u1ee3c c\u1eadp nh\u1eadt m\u1ed7i ng\u00e0y<\/li>\n<li>Giao di\u1ec7n s\u1eed d\u1ee5ng \u0111a ng\u00f4n ng\u1eef s\u1eb5n s\u00e0ng m\u1ecdi l\u00fac<\/li>\n<\/ul>\n<p>[\/vc_column_text][divider line_type=&#8221;No Line&#8221; custom_height=&#8221;15&#8243;][\/vc_column_inner][\/vc_row_inner][vc_row_inner column_margin=&#8221;default&#8221; text_align=&#8221;left&#8221; css=&#8221;.vc_custom_1520012636974{border-top-width: 2px !important;padding-top: 15px !important;border-top-color: #988152 !important;border-top-style: solid !important;}&#8221;][vc_column_inner column_padding=&#8221;no-extra-padding&#8221; column_padding_position=&#8221;all&#8221; background_color_opacity=&#8221;1&#8243; width=&#8221;1\/1&#8243; column_border_width=&#8221;none&#8221; column_border_style=&#8221;solid&#8221;][text-with-icon icon_type=&#8221;image_icon&#8221; icon_image=&#8221;11368&#8243;]<\/p>\n<h3 style=\"color: #988152\">B\u1ea3o \u0111\u1ea3m cho h\u1ecdc sinh c\u00f3 th\u1ec3 gi\u1eef<br \/>\nli\u00ean l\u1ea1c v\u1edbi gia \u0111\u00ecnh v\u00e0 b\u1ea1n b\u00e8<\/h3>\n<p>[\/text-with-icon][vc_column_text css=&#8221;.vc_custom_1520864190163{margin-top: -25px !important;}&#8221;]<\/p>\n<ul class=\"total-lists\">\n<li>\u0110i\u1ec7n tho\u1ea1i ri\u00eang trong ph\u00f2ng \u1edf k\u00ed t\u00fac x\u00e1<\/li>\n<li>M\u1ea1ng wi-fi mi\u1ec5n ph\u00ed \u1edf k\u00fd t\u00fac x\u00e1 v\u00e0 tr\u01b0\u1eddng h\u1ecdc<\/li>\n<li>K\u1ebft n\u1ed1i d\u00e2y m\u1ea1ng \u1edf c\u00e1c ph\u00f2ng k\u00ed t\u00fac x\u00e1<\/li>\n<\/ul>\n<p>[\/vc_column_text][\/vc_column_inner][\/vc_row_inner][\/vc_column][vc_column column_padding=&#8221;no-extra-padding&#8221; column_padding_position=&#8221;all&#8221; background_color_opacity=&#8221;1&#8243; background_hover_color_opacity=&#8221;1&#8243; column_shadow=&#8221;none&#8221; width=&#8221;4\/6&#8243; tablet_text_alignment=&#8221;default&#8221; phone_text_alignment=&#8221;default&#8221; column_border_width=&#8221;none&#8221; column_border_style=&#8221;solid&#8221;][vc_gallery type=&#8221;nectarslider_style&#8221; images=&#8221;2271,2272,11512,11514&#8243; flexible_slider_height=&#8221;true&#8221; bullet_navigation=&#8221;true&#8221; bullet_navigation_style=&#8221;see_through&#8221; onclick=&#8221;link_no&#8221; img_size=&#8221;700&#215;485&#8243;][\/vc_column][\/vc_row][vc_row type=&#8221;in_container&#8221; full_screen_row_position=&#8221;middle&#8221; scene_position=&#8221;center&#8221; text_color=&#8221;dark&#8221; text_align=&#8221;left&#8221; overlay_strength=&#8221;0.3&#8243;][vc_column column_padding=&#8221;no-extra-padding&#8221; column_padding_position=&#8221;all&#8221; background_color_opacity=&#8221;1&#8243; background_hover_color_opacity=&#8221;1&#8243; column_shadow=&#8221;none&#8221; width=&#8221;1\/1&#8243; tablet_text_alignment=&#8221;default&#8221; phone_text_alignment=&#8221;default&#8221; column_border_width=&#8221;none&#8221; column_border_style=&#8221;solid&#8221;][vc_custom_heading text=&#8221;H\u1ec7 th\u1ed1ng B\u00e1o c\u00e1o ti\u1ebfn \u0111\u1ed9 \u0111em l\u1ea1i s\u1ef1 an t\u00e2m cho ph\u1ee5 huynh&#8221; font_container=&#8221;tag:h2|text_align:center&#8221; use_theme_fonts=&#8221;yes&#8221; el_class=&#8221;title-main custom-h2&#8243; css=&#8221;.vc_custom_1524082216831{margin-bottom: 50px !important;}&#8221;][vc_row_inner column_margin=&#8221;default&#8221; text_align=&#8221;left&#8221; css=&#8221;.vc_custom_1524076805212{padding-top: 10px !important;padding-right: 10px !important;padding-bottom: 10px !important;padding-left: 10px !important;background-color: #e8e8e8 !important;}&#8221;][vc_column_inner column_padding=&#8221;padding-2-percent&#8221; column_padding_position=&#8221;all&#8221; background_color_opacity=&#8221;1&#8243; width=&#8221;1\/6&#8243; column_border_width=&#8221;none&#8221; column_border_style=&#8221;solid&#8221;][vc_custom_heading text=&#8221;Quan s\u00e1t&#8221; font_container=&#8221;tag:h2|text_align:left|color:%239c814a&#8221; use_theme_fonts=&#8221;yes&#8221; el_class=&#8221;custom-h2&#8243;][\/vc_column_inner][vc_column_inner column_padding=&#8221;no-extra-padding&#8221; column_padding_position=&#8221;all&#8221; background_color_opacity=&#8221;1&#8243; width=&#8221;1\/2&#8243; column_border_width=&#8221;none&#8221; column_border_style=&#8221;solid&#8221;][vc_column_text]<\/p>\n<div class=\"vc-row\">\n<div class=\"comm-bg vc_col-sm-6\">\n<h2 class=\"custom-h2\">TR\u01af\u1edcNG H\u1eccC<\/h2>\n<p><small>Theo d\u00f5i \u0110i\u1ec3m danh h\u1eb1ng ng\u00e0y (Attendance), Th\u00e1i \u0111\u1ed9 h\u1ecdc t\u1eadp (Attitude)<br \/>\n&amp; K\u1ebft qu\u1ea3 h\u1ecdc t\u1eadp (Academic result) (3A\u2019s) <\/small><\/p>\n<\/div>\n<div class=\"comm-bg vc_col-sm-6\">\n<h2 class=\"custom-h2\">K\u00dd T\u00daC X\u00c1<\/h2>\n<p>H\u1ea1nh ki\u1ec3m, Ho\u00e0 nh\u1eadp x\u00e3 h\u1ed9i<br \/>\n&amp; S\u1ee9c kho\u1ebb<\/p>\n<\/div>\n<\/div>\n<p>[\/vc_column_text][vc_column_text]<\/p>\n<div class=\"arrow-5\"><\/div>\n<p>[\/vc_column_text][divider line_type=&#8221;No Line&#8221; custom_height=&#8221;157&#8243;][vc_column_text]<\/p>\n<h2 class=\"custom-h2 comm-h2\"><strong><sup>H\u1ec6 TH\u1ed0NG B\u00c1O C\u00c1O TI\u1ebeN \u0110\u1ed8 C\u1ee6A H\u1eccC SINH\u00ae<\/sup><\/strong><\/h2>\n<p>[\/vc_column_text][\/vc_column_inner][vc_column_inner column_padding=&#8221;padding-2-percent&#8221; column_padding_position=&#8221;all&#8221; background_color_opacity=&#8221;1&#8243; width=&#8221;1\/3&#8243; column_border_width=&#8221;none&#8221; column_border_style=&#8221;solid&#8221;][vc_column_text]H\u1ec7 th\u1ed1ng B\u00e1o cao Ti\u1ebfn \u0111\u1ed9 c\u1ee7a h\u1ecdc sinh<sup>\u00ae<\/sup> l\u00e0 m\u1ed9t h\u1ec7<br \/>\nth\u1ed1ng th\u00f4ng tin tr\u1ef1c tuy\u1ebfn \u0111\u1ed9c nh\u1ea5t c\u1ee7a CIC. \u0110\u00e2y l\u00e0<br \/>\nc\u00e1c c\u0103n c\u1ee9 d\u1ef1a tr\u00ean nh\u1eefng quan s\u00e1t theo d\u00f5i c\u1ee7a gi\u00e1o<br \/>\nvi\u00ean, gi\u00e1m th\u1ecb k\u00fd t\u00fac x\u00e1 v\u00e0 c\u00e1c nh\u00e2n vi\u00ean kh\u00e1c t\u01b0\u01a1ng<br \/>\nt\u00e1c v\u1edbi h\u1ecdc sinh.<br \/>\nH\u1ec7 th\u1ed1ng ghi nh\u1eadn chi ti\u1ebft c\u00e1c h\u00e0nh vi c\u1ee7a h\u1ecdc sinh,<br \/>\nl\u00e0 ch\u00eca kho\u00e1 th\u00e0nh c\u00f4ng trong l\u1edbp h\u1ecdc c\u0169ng nh\u01b0 s\u1ee9c<br \/>\nkho\u1ebb v\u00e0 sinh ho\u1ea1t \u1edf k\u00fd t\u00fac x\u00e1 c\u1ee7a h\u1ecdc sinh.<br \/>\nPh\u1ee5 huynh, nh\u00e2n s\u1ef1 c\u00f3 li\u00ean quan v\u00e0 h\u1ecdc sinh \u0111\u01b0\u1ee3c<br \/>\nth\u01b0\u1eddng xuy\u00ean truy c\u1eadp th\u00f4ng tin h\u1eb1ng ng\u00e0y.[\/vc_column_text][\/vc_column_inner][\/vc_row_inner][vc_row_inner column_margin=&#8221;default&#8221; text_align=&#8221;left&#8221; css=&#8221;.vc_custom_1524078021305{padding-top: 10px !important;padding-right: 10px !important;padding-bottom: 10px !important;padding-left: 10px !important;background-color: #efefef !important;}&#8221;][vc_column_inner column_padding=&#8221;padding-2-percent&#8221; column_padding_position=&#8221;all&#8221; background_color_opacity=&#8221;1&#8243; width=&#8221;1\/6&#8243; column_border_width=&#8221;none&#8221; column_border_style=&#8221;solid&#8221;][vc_custom_heading text=&#8221;H\u00e0nh \u0111\u1ed9ng&#8221; font_container=&#8221;tag:h2|text_align:left|color:%239c814a&#8221; use_theme_fonts=&#8221;yes&#8221; el_class=&#8221;custom-h2&#8243;][\/vc_column_inner][vc_column_inner column_padding=&#8221;no-extra-padding&#8221; column_padding_position=&#8221;all&#8221; background_color_opacity=&#8221;1&#8243; width=&#8221;1\/2&#8243; column_border_width=&#8221;none&#8221; column_border_style=&#8221;solid&#8221;][vc_column_text]<\/p>\n<div class=\"arrow-5\"><\/div>\n<p>[\/vc_column_text][vc_column_text]<\/p>\n<h2 class=\"comm-h2 custom-h2\"><strong>V\u00d2NG TR\u00d2N CH\u0102M S\u00d3C<\/strong><\/h2>\n<p>[\/vc_column_text][vc_column_text]<\/p>\n<p>Hi\u1ec7u tr\u01b0\u1edfng | Hi\u1ec7u ph\u00f3 | C\u1ed1 v\u1ea5n h\u1ecdc t\u1eadp | Gi\u00e1o vi\u00ean<br \/>\nGi\u00e1m th\u1ecb | B\u1ed9 ph\u1eadn ph\u00e1t tri\u1ec3n h\u1ecdc sinh | C\u1ed1 v\u1ea5n v\u1ec1 \u0110\u1ea1i h\u1ecdc<br \/>\nBan qu\u1ea3n l\u00fd h\u1ecdc sinh | \u0110\u1ed9i ng\u0169 y t\u1ebf | Nh\u00e2n vi\u00ean c\u00f4ng t\u00e1c x\u00e3 h\u1ed9i<br \/>\nChuy\u00ean gia t\u00e2m l\u00fd | Chuy\u00ean gia dinh d\u01b0\u1ee1ng | Nh\u00e2n vi\u00ean an ninh[\/vc_column_text][\/vc_column_inner][vc_column_inner column_padding=&#8221;padding-2-percent&#8221; column_padding_position=&#8221;all&#8221; background_color_opacity=&#8221;1&#8243; width=&#8221;1\/3&#8243; column_border_width=&#8221;none&#8221; column_border_style=&#8221;solid&#8221;][vc_column_text]V\u00f2ng tr\u00f2n Ch\u0103m s\u00f3c bao g\u1ed3m c\u00e1c nh\u00e2n vi\u00ean chuy\u00ean nghi\u1ec7p v\u00e0 \u0111a ch\u1ee9c n\u0103ng.<\/p>\n<p>Qua nh\u1eefng quan s\u00e1t h\u00e0ng tu\u1ea7n c\u1ee7a H\u1ec7 th\u1ed1ng b\u00e1o c\u00e1o ti\u1ebfn \u0111\u1ed9 c\u1ee7a h\u1ecdc sinh\u00ae, c\u0169ng nh\u01b0 t\u01b0\u01a1ng t\u00e1c tr\u1ef1c ti\u1ebfp v\u1edbi h\u1ecdc sinh, V\u00f2ng tr\u00f2n ch\u0103m s\u00f3c x\u00e1c \u0111\u1ecbnh \u0111\u01b0\u1ee3c c\u00e1c \u0111i\u1ec3m m\u1ea1nh v\u00e0 khuy\u1ebft \u0111i\u1ec3m c\u1ee7a h\u1ecdc sinh \u0111\u1ec3 h\u1ed7 tr\u1ee3 th\u00eam cho h\u1ecdc sinh ph\u00e1t tri\u1ec3n t\u1ed1t h\u01a1n.<br \/>\n[\/vc_column_text][\/vc_column_inner][\/vc_row_inner][vc_row_inner column_margin=&#8221;default&#8221; text_align=&#8221;left&#8221; class=&#8221;comm-sec&#8221; css=&#8221;.vc_custom_1524079205041{padding-top: 10px !important;padding-right: 10px !important;padding-bottom: 10px !important;padding-left: 10px !important;background-color: #f9f9f9 !important;}&#8221;][vc_column_inner column_padding=&#8221;padding-2-percent&#8221; column_padding_position=&#8221;all&#8221; background_color_opacity=&#8221;1&#8243; width=&#8221;1\/6&#8243; column_border_width=&#8221;none&#8221; column_border_style=&#8221;solid&#8221;][vc_custom_heading text=&#8221;B\u00e1o c\u00e1o&#8221; font_container=&#8221;tag:h2|text_align:left|color:%239c814a&#8221; use_theme_fonts=&#8221;yes&#8221; el_class=&#8221;custom-h2&#8243;][\/vc_column_inner][vc_column_inner column_padding=&#8221;no-extra-padding&#8221; column_padding_position=&#8221;all&#8221; centered_text=&#8221;true&#8221; background_color_opacity=&#8221;1&#8243; width=&#8221;1\/2&#8243; column_border_width=&#8221;none&#8221; column_border_style=&#8221;solid&#8221;][vc_column_text]<\/p>\n<div class=\"arrow-5\"><\/div>\n<p>[\/vc_column_text][vc_column_text el_class=&#8221;comm-bg&#8221; css=&#8221;.vc_custom_1524079307793{padding-top: 20px !important;padding-right: 20px !important;padding-bottom: 20px !important;padding-left: 20px !important;}&#8221;]<\/p>\n<h2 class=\"custom-h2\">TH\u00d4NG B\u00c1O CHO PH\u1ee4 HUYNH<\/h2>\n<p>[\/vc_column_text][\/vc_column_inner][vc_column_inner column_padding=&#8221;padding-2-percent&#8221; column_padding_position=&#8221;all&#8221; background_color_opacity=&#8221;1&#8243; width=&#8221;1\/3&#8243; column_border_width=&#8221;none&#8221; column_border_style=&#8221;solid&#8221;][vc_column_text]Ph\u1ee5 huynh c\u00f3 th\u1ec3 an t\u00e2m r\u1eb1ng ch\u00fang t\u00f4i lu\u00f4n lu\u00f4n ch\u00fa \u00fd \u0111\u1ebfn c\u00e1c nhu c\u1ea7u h\u1ecdc thu\u1eadt, x\u00e3 h\u1ed9i, x\u00fac c\u1ea3m v\u00e0 th\u1ec3 ch\u1ea5t c\u1ee7a h\u1ecdc sinh v\u00e0 b\u00e1o c\u00e1o c\u00e1c ti\u1ebfn b\u1ed9.[\/vc_column_text][\/vc_column_inner][\/vc_row_inner][\/vc_column][\/vc_row]<\/p>\n","protected":false},"excerpt":{"rendered":"<p>[vc_row type=&#8221;in_container&#8221; full_screen_row_position=&#8221;middle&#8221; scene_position=&#8221;center&#8221; text_color=&#8221;dark&#8221; text_align=&#8221;left&#8221; overlay_strength=&#8221;0.3&#8243;][vc_column column_padding=&#8221;no-extra-padding&#8221; column_padding_position=&#8221;all&#8221; background_color_opacity=&#8221;1&#8243; background_hover_color_opacity=&#8221;1&#8243; column_shadow=&#8221;none&#8221; width=&#8221;1\/1&#8243; tablet_text_alignment=&#8221;default&#8221; phone_text_alignment=&#8221;default&#8221; column_border_width=&#8221;none&#8221; column_border_style=&#8221;solid&#8221;][nectar_slider location=&#8221;Total Care Communication\u00ae&#8221; full_width=&#8221;true&#8221; overall_style=&#8221;classic&#8221; slider_transition=&#8221;slide&#8221; button_sizing=&#8221;regular&#8221; slider_height=&#8221;450&#8243;][\/vc_column][\/vc_row][vc_row type=&#8221;full_width_background&#8221; full_screen_row_position=&#8221;middle&#8221; scene_position=&#8221;center&#8221; text_color=&#8221;dark&#8221; text_align=&#8221;left&#8221; top_padding=&#8221;100&#8243; bottom_padding=&#8221;50&#8243; overlay_strength=&#8221;0.3&#8243;][vc_column enable_animation=&#8221;true&#8221; animation=&#8221;fade-in-from-left&#8221; column_padding=&#8221;no-extra-padding&#8221; column_padding_position=&#8221;all&#8221; background_color_opacity=&#8221;1&#8243; background_hover_color_opacity=&#8221;1&#8243; column_shadow=&#8221;none&#8221; width=&#8221;1\/2&#8243; tablet_text_alignment=&#8221;default&#8221; phone_text_alignment=&#8221;default&#8221; column_border_width=&#8221;none&#8221; column_border_style=&#8221;solid&#8221; delay=&#8221;2s&#8221;][vc_custom_heading text=&#8221;B\u1eafc c\u1ea7u kho\u1ea3ng c\u00e1ch&#8221; font_container=&#8221;tag:h2|font_size:42|text_align:left&#8221; use_theme_fonts=&#8221;yes&#8221; el_class=&#8221;custom-h2&#8243; css=&#8221;.vc_custom_1518148515498{margin-bottom: 30px [&hellip;]<\/p>\n","protected":false},"author":1,"featured_media":0,"parent":15243,"menu_order":46,"comment_status":"open","ping_status":"open","template":"","meta":{"footnotes":""},"_links":{"self":[{"href":"https:\/\/rewrite.cic-totalcare.com\/vi\/wp-json\/wp\/v2\/pages\/15582"}],"collection":[{"href":"https:\/\/rewrite.cic-totalcare.com\/vi\/wp-json\/wp\/v2\/pages"}],"about":[{"href":"https:\/\/rewrite.cic-totalcare.com\/vi\/wp-json\/wp\/v2\/types\/page"}],"author":[{"embeddable":true,"href":"https:\/\/rewrite.cic-totalcare.com\/vi\/wp-json\/wp\/v2\/users\/1"}],"replies":[{"embeddable":true,"href":"https:\/\/rewrite.cic-totalcare.com\/vi\/wp-json\/wp\/v2\/comments?post=15582"}],"version-history":[{"count":31,"href":"https:\/\/rewrite.cic-totalcare.com\/vi\/wp-json\/wp\/v2\/pages\/15582\/revisions"}],"predecessor-version":[{"id":16321,"href":"https:\/\/rewrite.cic-totalcare.com\/vi\/wp-json\/wp\/v2\/pages\/15582\/revisions\/16321"}],"up":[{"embeddable":true,"href":"https:\/\/rewrite.cic-totalcare.com\/vi\/wp-json\/wp\/v2\/pages\/15243"}],"wp:attachment":[{"href":"https:\/\/rewrite.cic-totalcare.com\/vi\/wp-json\/wp\/v2\/media?parent=15582"}],"curies":[{"name":"wp","href":"https:\/\/api.w.org\/{rel}","templated":true}]}}