{"id":15742,"date":"2019-11-28T19:17:15","date_gmt":"2019-11-28T19:17:15","guid":{"rendered":"https:\/\/www.cic-totalcare.com\/chuong-trinh-tieng-anh-esl\/"},"modified":"2019-12-03T21:36:05","modified_gmt":"2019-12-03T21:36:05","slug":"esl-courses","status":"publish","type":"page","link":"https:\/\/rewrite.cic-totalcare.com\/vi\/total-care-education\/total-care-learning\/esl\/esl-courses\/","title":{"rendered":"Ch\u01b0\u01a1ng tr\u00ecnh Ti\u1ebfng Anh ESL"},"content":{"rendered":"<p>[vc_row type=&#8221;full_width_background&#8221; bg_position=&#8221;left top&#8221; bg_repeat=&#8221;no-repeat&#8221; scene_position=&#8221;center&#8221; text_color=&#8221;dark&#8221; text_align=&#8221;left&#8221; top_padding=&#8221;50&#8243; bottom_padding=&#8221;100&#8243;][vc_column width=&#8221;1\/1&#8243; enable_animation=&#8221;true&#8221; animation=&#8221;fade-in-from-left&#8221; delay=&#8221;2s&#8221; column_padding=&#8221;no-extra-padding&#8221; background_color_opacity=&#8221;1&#8243;][vc_column_text]<\/p>\n<h2 class=\"title-main\" style=\"text-align: center\">Ch\u01b0\u01a1ng tr\u00ecnh Ti\u1ebfng Anh ESL<\/h2>\n<p>[\/vc_column_text][vc_column_text]<\/p>\n<p style=\"text-align: center\"><span class=\"jumptxt\">H\u1ecdc sinh h\u1ecdc ti\u1ebfng Anh ESL s\u1ebd nh\u1eadn \u0111\u01b0\u1ee3c t\u00edn ch\u1ec9 m\u00f4n h\u1ecdc \u0111\u1ec3 \u0111\u1ea1t B\u1eb1ng T\u1ed1t nghi\u1ec7p Trung h\u1ecdc Ontario (OSSD) sau khi ho\u00e0n th\u00e0nh b\u1ea5t k\u1ef3 kh\u00f3a h\u1ecdc n\u00e0o sau \u0111\u00e2y:<\/span><\/p>\n<p>[\/vc_column_text][divider line_type=&#8221;No Line&#8221; custom_height=&#8221;50&#8243;][vc_row_inner][vc_column_inner width=&#8221;1\/2&#8243;][vc_column_text]<\/p>\n<h3>ESLAO \u2013 t\u0103ng c\u01b0\u1eddng Ti\u1ebfng Anh c\u1ea5p \u0111\u1ed9 1:<\/h3>\n<p>Kh\u00f3a h\u1ecdc ti\u1ebfng Anh n\u00e0y \u0111\u01b0\u1ee3c x\u00e2y d\u1ef1ng d\u1ef1a tr\u00ean ki\u1ebfn th\u1ee9c ng\u00f4n ng\u1eef v\u00e0 k\u0129 n\u0103ng ti\u1ebfng Anh tr\u01b0\u1edbc \u0111\u00e2y c\u1ee7a h\u1ecdc sinh \u0111\u1ec3 gi\u1edbi thi\u1ec7u cho cho c\u00e1c em ng\u00f4n ng\u1eef m\u1edbi v\u00e0 gi\u00fap c\u00e1c em l\u00e0m quen v\u1edbi s\u1ef1 \u0111a d\u1ea1ng trong m\u00f4i tr\u01b0\u1eddng m\u1edbi. H\u1ecdc sinh s\u1ebd s\u1eed d\u1ee5ng c\u00e1c k\u1ef9 n\u0103ng ti\u1ebfng Anh b\u1eaft \u0111\u1ea7u trong vi\u1ec7c nghe, n\u00f3i, \u0111\u1ecdc v\u00e0 vi\u1ebft cho c\u00e1c m\u1ee5c \u0111\u00edch h\u1ecdc t\u1eadp thi\u1ebft y\u1ebfu h\u00e0ng ng\u00e0y. H\u1ecdc sinh s\u1ebd tham gia v\u00e0o c\u00e1c cu\u1ed9c h\u1ed9i tho\u1ea1i ng\u1eafn b\u1eb1ng c\u00e1ch s\u1eed d\u1ee5ng c\u00e1c c\u1ea5u tr\u00fac ng\u00f4n ng\u1eef ti\u1ebfng Anh c\u01a1 b\u1ea3n v\u00e0 c\u00e1c m\u1eabu c\u00e2u \u0111\u01a1n gi\u1ea3n; \u0111\u1ecdc c\u00e1c v\u0103n b\u1ea3n ng\u1eafn; v\u00e0 vi\u1ebft c\u00e1c c\u1ee5m t\u1eeb v\u00e0 c\u00e2u ng\u1eafn. Kh\u00f3a h\u1ecdc c\u0169ng cung c\u1ea5p cho h\u1ecdc sinh ki\u1ebfn th\u1ee9c v\u00e0 k\u1ef9 n\u0103ng c\u1ea7n thi\u1ebft \u0111\u1ec3 b\u1eaft \u0111\u1ea7u th\u00edch nghi v\u1edbi cu\u1ed9c s\u1ed1ng m\u1edbi \u1edf Canada.<\/p>\n<p><strong>\u0110i\u1ec1u ki\u1ec7n<\/strong>: Kh\u00f4ng c\u00f3<\/p>\n<p>&nbsp;[\/vc_column_text][vc_column_text]<\/p>\n<h3>ESLCO \u2013 t\u0103ng c\u01b0\u1eddng Ti\u1ebfng Anh c\u1ea5p \u0111\u1ed9 3:<\/h3>\n<p>Kh\u00f3a h\u1ecdc ti\u1ebfng Anh n\u00e0y ti\u1ebfp t\u1ee5c m\u1edf r\u1ed9ng cho h\u1ecdc sinh c\u00e1c k\u1ef9 n\u0103ng v\u1ec1 nghe, n\u00f3i, \u0111\u1ecdc v\u00e0 vi\u1ebft b\u1eb1ng ti\u1ebfng Anh cho nhi\u1ec1u m\u1ee5c \u0111\u00edch h\u1ecdc t\u1eadp v\u00e0 h\u00e0ng ng\u00e0y. H\u1ecdc sinh s\u1ebd l\u00e0m b\u00e0i thuy\u1ebft tr\u00ecnh ng\u1eafn trong l\u1edbp; \u0111\u1ecdc nhi\u1ec1u d\u1ea1ng v\u0103n b\u1ea3n b\u1eb1ng ti\u1ebfng Anh v\u00e0 vi\u1ebft b\u1eb1ng nhi\u1ec1u d\u1ea1ng v\u0103n b\u1ea3n kh\u00e1c nhau. \u0110\u1ed3ng th\u1eddi, h\u1ecdc sinh s\u1ebd m\u1edf r\u1ed9ng v\u1ed1n t\u1eeb v\u1ef1ng h\u1ecdc thu\u1eadt v\u00e0 k\u1ef9 n\u0103ng h\u1ecdc t\u1eadp \u0111\u1ec3 t\u1ea1o \u0111i\u1ec1u ki\u1ec7n chuy\u1ec3n ti\u1ebfp sang ch\u01b0\u01a1ng tr\u00ecnh h\u1ecdc ch\u00ednh. Kh\u00f3a h\u1ecdc n\u00e0y gi\u1edbi thi\u1ec7u cho h\u1ecdc sinh c\u00e1c quy\u1ec1n v\u00e0 tr\u00e1ch nhi\u1ec7m v\u1ed1n c\u00f3 \u0111\u1ec3 tr\u1edf th\u00e0nh ng\u01b0\u1eddi mang qu\u1ed1c t\u1ecbch Canada v\u00e0 nhi\u1ec1u v\u1ea5n \u0111\u1ec1 hi\u1ec7n t\u1ea1i \u1edf Canada.<\/p>\n<p><strong>\u0110i\u1ec1u ki\u1ec7n<\/strong>: ho\u00e0n t\u1ea5t ESLBO ho\u1eb7c t\u01b0\u01a1ng \u0111\u01b0\u01a1ng<\/p>\n<p>&nbsp;[\/vc_column_text][vc_column_text]<\/p>\n<h3>ESLEO \u2013 t\u0103ng c\u01b0\u1eddng Ti\u1ebfng Anh c\u1ea5p \u0111\u1ed9 5:<\/h3>\n<p>Kh\u00f3a h\u1ecdc ti\u1ebfng Anh n\u00e0y cung c\u1ea5p cho h\u1ecdc sinh c\u00e1c k\u1ef9 n\u0103ng v\u00e0 chi\u1ebfn l\u01b0\u1ee3c\u00a0 c\u1ea7n thi\u1ebft \u0111\u1ec3 chuy\u1ec3n sang c\u00e1c kh\u00f3a h\u1ecdc d\u1ef1 b\u1ecb \u0111\u1ea1i h\u1ecdc v\u00e0 m\u1ee5c ti\u00eau h\u1ecdc t\u1eadp cao h\u01a1n. H\u1ecdc sinh s\u1ebd \u0111\u01b0\u1ee3c khuy\u1ebfn kh\u00edch ph\u00e1t tri\u1ec3n t\u00ednh \u0111\u1ed9c l\u1eadp trong c\u00e1c nhi\u1ec7m v\u1ee5 h\u1ecdc t\u1eadp. H\u1ecdc sinh s\u1ebd tham gia v\u00e0o c\u00e1c cu\u1ed9c tranh lu\u1eadn v\u00e0 l\u00e3nh \u0111\u1ea1o c\u00e1c l\u1edbp h\u1ecdc; \u0111\u1ecdc v\u00e0 gi\u1ea3i th\u00edch c\u00e1c t\u00e1c ph\u1ea9m v\u0103n h\u1ecdc v\u00e0 v\u0103n b\u1ea3n h\u1ecdc thu\u1eadt; vi\u1ebft ti\u1ec3u lu\u1eadn, t\u01b0\u1eddng thu\u1eadt v\u00e0 b\u00e1o c\u00e1o; v\u00e0 \u00e1p d\u1ee5ng m\u1ed9t lo\u1ea1t c\u00e1c chi\u1ebfn l\u01b0\u1ee3c h\u1ecdc t\u1eadp v\u00e0 k\u1ef9 n\u0103ng nghi\u00ean c\u1ee9u m\u1ed9t c\u00e1ch hi\u1ec7u qu\u1ea3. H\u1ecdc sinh s\u1ebd ph\u00e1t tri\u1ec3n h\u01a1n n\u1eefa kh\u1ea3 n\u0103ng \u0111\u00e1p \u1ee9ng ph\u00ea b\u00ecnh \u0111\u1ed1i v\u1edbi c\u00e1c v\u0103n b\u1ea3n in v\u00e0 ph\u01b0\u01a1ng ti\u1ec7n truy\u1ec1n th\u00f4ng.<\/p>\n<p><strong>\u0110i\u1ec1u ki\u1ec7n<\/strong>: ho\u00e0n t\u1ea5t ESLDO ho\u1eb7c t\u01b0\u01a1ng \u0111\u01b0\u01a1ng<\/p>\n<p>&nbsp;[\/vc_column_text][\/vc_column_inner][vc_column_inner width=&#8221;1\/2&#8243;][vc_column_text]<\/p>\n<h3>ESLBO \u2013 t\u0103ng c\u01b0\u1eddng Ti\u1ebfng Anh c\u1ea5p \u0111\u1ed9 2:<\/h3>\n<p>Kh\u00f3a h\u1ecdc n\u00e0y m\u1edf r\u1ed9ng v\u1ec1 c\u00e1c k\u1ef9 n\u0103ng nghe, n\u00f3i, \u0111\u1ecdc v\u00e0 vi\u1ebft cho c\u00e1c m\u1ee5c \u0111\u00edch h\u1ecdc t\u1eadp v\u00e0 h\u00e0ng ng\u00e0y. H\u1ecdc sinh s\u1ebd tham gia v\u00e0o c\u00e1c cu\u1ed9c h\u1ed9i tho\u1ea1i, trong c\u00e1c t\u00ecnh hu\u1ed1ng c\u00f3 c\u1ea5u tr\u00fac, v\u1ec1 nhi\u1ec1u ch\u1ee7 \u0111\u1ec1 quen thu\u1ed9c v\u00e0 m\u1edbi; \u0111\u1ecdc nhi\u1ec1u lo\u1ea1i v\u0103n b\u1ea3n \u0111\u01b0\u1ee3c thi\u1ebft k\u1ebf ho\u1eb7c \u0111i\u1ec1u ch\u1ec9nh cho ng\u01b0\u1eddi h\u1ecdc ESL; m\u1edf r\u1ed9ng ki\u1ebfn th\u1ee9c v\u1ec1 c\u1ea5u tr\u00fac ng\u1eef ph\u00e1p ti\u1ebfng Anh v\u00e0 m\u1eabu c\u00e2u; v\u00e0 li\u00ean k\u1ebft c\u00e1c c\u00e2u ti\u1ebfng Anh \u0111\u1ec3 so\u1ea1n c\u00e1c \u0111o\u1ea1n v\u0103n. Kh\u00f3a h\u1ecdc c\u0169ng h\u1ed7 tr\u1ee3 h\u1ecdc sinh ti\u1ebfp t\u1ee5c th\u00edch nghi v\u1edbi h\u1ec7 th\u1ed1ng tr\u01b0\u1eddng h\u1ecdc Ontario b\u1eb1ng c\u00e1ch m\u1edf r\u1ed9ng ki\u1ebfn th\u1ee9c v\u1ec1 s\u1ef1 \u0111a d\u1ea1ng \u1edf t\u1ec9nh v\u00e0 qu\u1ed1c gia m\u1edbi.<\/p>\n<p><strong>\u0110i\u1ec1u ki\u1ec7n<\/strong>: ho\u00e0n t\u1ea5t ESLAO ho\u1eb7c t\u01b0\u01a1ng \u0111\u01b0\u01a1ng<\/p>\n<p>&nbsp;[\/vc_column_text][vc_column_text]<\/p>\n<h3>ESLDO \u2013 t\u0103ng c\u01b0\u1eddng Ti\u1ebfng Anh c\u1ea5p \u0111\u1ed9 4:<\/h3>\n<p>Kh\u00f3a h\u1ecdc ti\u1ebfng Anh n\u00e0y chu\u1ea9n b\u1ecb cho h\u1ecdc sinh vi\u1ec7c s\u1eed d\u1ee5ng ti\u1ebfng Anh v\u1edbi s\u1ef1 l\u01b0u lo\u00e1t v\u00e0 ch\u00ednh x\u00e1c ng\u00e0y c\u00e0ng t\u0103ng trong c\u00e1c t\u00ecnh hu\u1ed1ng trong l\u1edbp h\u1ecdc v\u00e0 x\u00e3 h\u1ed9i. H\u1ecdc sinh s\u1ebd ph\u00e1t tri\u1ec3n k\u1ef9 n\u0103ng thuy\u1ebft tr\u00ecnh, \u0111\u1ecdc, vi\u1ebft c\u1ea7n thi\u1ebft \u0111\u1ec3 th\u00e0nh c\u00f4ng trong t\u1ea5t c\u1ea3 c\u00e1c m\u00f4n h\u1ecdc. H\u1ecdc sinh s\u1ebd m\u1edf r\u1ed9ng k\u1ef9 n\u0103ng nghe v\u00e0 n\u00f3i th\u00f4ng qua vi\u1ec7c tham gia c\u00e1c cu\u1ed9c th\u1ea3o lu\u1eadn v\u00e0 h\u1ed9i th\u1ea3o; nghi\u00ean c\u1ee9u v\u00e0 gi\u1ea3i th\u00edch m\u1ed9t lo\u1ea1t c\u00e1c b\u00e0i ki\u1ec3m tra c\u1ea5p l\u1edbp; vi\u1ebft t\u01b0\u1eddng thu\u1eadt, b\u00e0i b\u00e1o v\u00e0 t\u00f3m t\u1eaft b\u1eb1ng ti\u1ebfng Anh; v\u00e0 ph\u1ea3n h\u1ed3i ph\u00ea ph\u00e1n c\u00e1c v\u0103n b\u1ea3n in \u1ea5n v\u00e0 ph\u01b0\u01a1ng ti\u1ec7n truy\u1ec1n th\u00f4ng kh\u00e1c nhau.<\/p>\n<p><strong>\u0110i\u1ec1u ki\u1ec7n<\/strong>: ho\u00e0n t\u1ea5t ESLCO ho\u1eb7c t\u01b0\u01a1ng \u0111\u01b0\u01a1ng<\/p>\n<p>&nbsp;[\/vc_column_text][\/vc_column_inner][\/vc_row_inner][\/vc_column][\/vc_row]<\/p>\n","protected":false},"excerpt":{"rendered":"<p>[vc_row type=&#8221;full_width_background&#8221; bg_position=&#8221;left top&#8221; bg_repeat=&#8221;no-repeat&#8221; scene_position=&#8221;center&#8221; text_color=&#8221;dark&#8221; text_align=&#8221;left&#8221; top_padding=&#8221;50&#8243; bottom_padding=&#8221;100&#8243;][vc_column width=&#8221;1\/1&#8243; enable_animation=&#8221;true&#8221; animation=&#8221;fade-in-from-left&#8221; delay=&#8221;2s&#8221; column_padding=&#8221;no-extra-padding&#8221; background_color_opacity=&#8221;1&#8243;][vc_column_text] Ch\u01b0\u01a1ng tr\u00ecnh Ti\u1ebfng Anh ESL [\/vc_column_text][vc_column_text] H\u1ecdc sinh h\u1ecdc ti\u1ebfng Anh ESL s\u1ebd nh\u1eadn \u0111\u01b0\u1ee3c t\u00edn ch\u1ec9 m\u00f4n h\u1ecdc \u0111\u1ec3 \u0111\u1ea1t B\u1eb1ng T\u1ed1t nghi\u1ec7p Trung h\u1ecdc Ontario (OSSD) sau khi ho\u00e0n th\u00e0nh b\u1ea5t k\u1ef3 kh\u00f3a h\u1ecdc n\u00e0o sau \u0111\u00e2y: [&hellip;]<\/p>\n","protected":false},"author":1,"featured_media":0,"parent":67754,"menu_order":33,"comment_status":"open","ping_status":"open","template":"","meta":{"footnotes":""},"_links":{"self":[{"href":"https:\/\/rewrite.cic-totalcare.com\/vi\/wp-json\/wp\/v2\/pages\/15742"}],"collection":[{"href":"https:\/\/rewrite.cic-totalcare.com\/vi\/wp-json\/wp\/v2\/pages"}],"about":[{"href":"https:\/\/rewrite.cic-totalcare.com\/vi\/wp-json\/wp\/v2\/types\/page"}],"author":[{"embeddable":true,"href":"https:\/\/rewrite.cic-totalcare.com\/vi\/wp-json\/wp\/v2\/users\/1"}],"replies":[{"embeddable":true,"href":"https:\/\/rewrite.cic-totalcare.com\/vi\/wp-json\/wp\/v2\/comments?post=15742"}],"version-history":[{"count":14,"href":"https:\/\/rewrite.cic-totalcare.com\/vi\/wp-json\/wp\/v2\/pages\/15742\/revisions"}],"predecessor-version":[{"id":16339,"href":"https:\/\/rewrite.cic-totalcare.com\/vi\/wp-json\/wp\/v2\/pages\/15742\/revisions\/16339"}],"up":[{"embeddable":true,"href":"https:\/\/rewrite.cic-totalcare.com\/vi\/wp-json\/wp\/v2\/pages\/67754"}],"wp:attachment":[{"href":"https:\/\/rewrite.cic-totalcare.com\/vi\/wp-json\/wp\/v2\/media?parent=15742"}],"curies":[{"name":"wp","href":"https:\/\/api.w.org\/{rel}","templated":true}]}}