{"id":15750,"date":"2019-11-28T19:50:42","date_gmt":"2019-11-28T19:50:42","guid":{"rendered":"https:\/\/www.cic-totalcare.com\/total-care-education\/total-care-learning\/chuong-trinh-du-bi-dai-hoc\/"},"modified":"2019-11-28T19:50:46","modified_gmt":"2019-11-28T19:50:46","slug":"university-preparatory","status":"publish","type":"page","link":"https:\/\/rewrite.cic-totalcare.com\/vi\/total-care-education\/total-care-learning\/university-preparatory\/","title":{"rendered":"Ch\u01b0\u01a1ng tr\u00ecnh D\u1ef1 b\u1ecb \u0110\u1ea1i h\u1ecdc"},"content":{"rendered":"<p>[vc_row type=&#8221;in_container&#8221; full_screen_row_position=&#8221;middle&#8221; scene_position=&#8221;center&#8221; text_color=&#8221;dark&#8221; text_align=&#8221;left&#8221; top_padding=&#8221;50&#8243; bottom_padding=&#8221;50&#8243; overlay_strength=&#8221;0.3&#8243;][vc_column column_padding=&#8221;no-extra-padding&#8221; column_padding_position=&#8221;all&#8221; background_color_opacity=&#8221;1&#8243; background_hover_color_opacity=&#8221;1&#8243; column_shadow=&#8221;none&#8221; width=&#8221;1\/1&#8243; tablet_text_alignment=&#8221;default&#8221; phone_text_alignment=&#8221;default&#8221; column_border_width=&#8221;none&#8221; column_border_style=&#8221;solid&#8221;][vc_row_inner column_margin=&#8221;default&#8221; text_align=&#8221;left&#8221;][vc_column_inner column_padding=&#8221;no-extra-padding&#8221; column_padding_position=&#8221;all&#8221; background_color_opacity=&#8221;1&#8243; width=&#8221;2\/3&#8243; column_border_width=&#8221;none&#8221; column_border_style=&#8221;solid&#8221;][vc_column_text]<\/p>\n<h2>Chu\u1ea9n b\u1ecb cho h\u1ecdc sinh m\u1ed9t t\u01b0\u01a1ng lai t\u01b0\u01a1i s\u00e1ng nh\u1ea5t<\/h2>\n<p>[\/vc_column_text][vc_column_text]Ch\u01b0\u01a1ng tr\u00ecnh d\u1ef1 b\u1ecb \u0111\u1ea1i h\u1ecdc (L\u1edbp 12) c\u1ee7a Columbia chu\u1ea9n b\u1ecb cho h\u1ecdc sinh nh\u1eadp h\u1ecdc v\u00e0o c\u00e1c tr\u01b0\u1eddng \u0110\u1ea1i h\u1ecdc \u1edf Canada, Hoa K\u1ef3, New Zealand, \u00dac v\u00e0 V\u01b0\u01a1ng qu\u1ed1c Anh.<\/p>\n<p>H\u1ecdc sinh hi\u1ec7n \u0111ang h\u1ecdc \u1edf M\u1eabu 5, C\u1ea5p 4, ho\u1eb7c &#8216;O level&#8217; \u0111\u1ee7 \u0111i\u1ec1u ki\u1ec7n \u0111\u1ec3 \u0111\u0103ng k\u00fd ch\u01b0\u01a1ng tr\u00ecnh 6 th\u00e1ng (\u0111\u1ee3t nh\u1eadp h\u1ecdc Th\u00e1ng 1 ho\u1eb7c gi\u1eefa Th\u00e1ng 5) v\u00e0 s\u1ebd ho\u00e0n th\u00e0nh 6 m\u00f4n h\u1ecdc c\u1ea7n thi\u1ebft \u0111\u1ec3 v\u00e0o \u0110\u1ea1i h\u1ecdc. H\u1ecdc sinh trung h\u1ecdc ph\u1ed5 th\u00f4ng \u0111\u1ee7 \u0111i\u1ec1u ki\u1ec7n \u0111\u1ec3 \u0111\u0103ng k\u00fd ch\u01b0\u01a1ng tr\u00ecnh t\u1ed1i thi\u1ec3u 10 th\u00e1ng (nh\u1eadp h\u1ecdc v\u00e0o Th\u00e1ng 8). \u0110i\u1ec1u n\u00e0y cho ph\u00e9p h\u1ecdc sinh ho\u00e0n th\u00e0nh 8 t\u00edn ch\u1ec9 v\u00e0 t\u1ed1t nghi\u1ec7p v\u1edbi b\u1eb1ng t\u1ed1t nghi\u1ec7p trung h\u1ecdc t\u1ea1i Ontario (OSSD).[\/vc_column_text][divider line_type=&#8221;No Line&#8221;][divider line_type=&#8221;No Line&#8221;][vc_column_text]<\/p>\n<p>[button color=&#8221;accent-color&#8221; hover_text_color_override=&#8221;#fff&#8221; size=&#8221;medium&#8221; url=&#8221;www.cic-totalcare.com\/apply-online\/&#8221; text=&#8221;Click here to apply online&#8221; color_override=&#8221;&#8221;]<\/p>\n<p>[\/vc_column_text][\/vc_column_inner][vc_column_inner boxed=&#8221;true&#8221; column_padding=&#8221;no-extra-padding&#8221; column_padding_position=&#8221;all&#8221; background_color_opacity=&#8221;1&#8243; width=&#8221;1\/3&#8243; column_border_width=&#8221;none&#8221; column_border_style=&#8221;solid&#8221;][vc_column_text]<strong><span style=\"float: right\">[icon color=&#8221;Accent-Color&#8221; size=&#8221;small-circle&#8221; image=&#8221;icon-info&#8221;]<\/span> University Placement Office<br \/>\n<\/strong>Columbia&#8217;s university placement team helps students with university applications, career planning and securing opportunities at world-class universities. Dedicated staff are always willing to answer questions, offer advice and advocate for students, helping them secure the best future possible.<\/p>\n<p><a href=\"https:\/\/www.cic-totalcare.com\/total-care-education-old\/total-care-learning\/university-preparatory\/university-placement-office\/\">Learn more about Columbia&#8217;s University Placement Office<\/a>[\/vc_column_text][\/vc_column_inner][\/vc_row_inner][\/vc_column][\/vc_row][vc_row type=&#8221;in_container&#8221; full_screen_row_position=&#8221;middle&#8221; scene_position=&#8221;center&#8221; text_color=&#8221;dark&#8221; text_align=&#8221;left&#8221; overlay_strength=&#8221;0.3&#8243;][vc_column enable_animation=&#8221;true&#8221; animation=&#8221;fade-in-from-left&#8221; column_padding=&#8221;no-extra-padding&#8221; column_padding_position=&#8221;all&#8221; background_color_opacity=&#8221;1&#8243; background_hover_color_opacity=&#8221;1&#8243; column_shadow=&#8221;none&#8221; width=&#8221;1\/1&#8243; tablet_text_alignment=&#8221;default&#8221; phone_text_alignment=&#8221;default&#8221; column_border_width=&#8221;none&#8221; column_border_style=&#8221;solid&#8221; delay=&#8221;2s&#8221;][vc_column_text]<\/p>\n<div class=\"table-wrap\">\n<table class=\"confluenceTable uniprep\">\n<tbody>\n<tr>\n<th class=\"confluenceTh\" scope=\"col\">NGH\u00c0NH H\u1eccC<\/th>\n<th class=\"confluenceTh\" scope=\"col\">M\u00d4N H\u1eccC B\u1eaeT BU\u1ed8C<\/th>\n<th class=\"confluenceTh\" scope=\"col\">M\u00d4N H\u1eccC T\u1ef0 CH\u1eccN<\/th>\n<\/tr>\n<tr>\n<td class=\"confluenceTd\">Ki\u1ebfn Tr\u00fac<\/td>\n<td class=\"confluenceTd\">1. V\u0103n h\u1ecdc\u00a0 \u00a02. To\u00e1n Advanced Functions \u00a0 3. To\u00e1n Calculus &amp; Vectors \u00a0 4. V\u1eadt L\u00fd<\/td>\n<td class=\"confluenceTd\">+ 2 m\u00f4n h\u1ecdc kh\u00e1c (c\u00f3 th\u1ec3 y\u00eau c\u1ea7u Portfolio or Graphic Work)<\/td>\n<\/tr>\n<tr>\n<td class=\"confluenceTd\">Ngh\u1ec7 Thu\u1eadt ho\u1eb7c Khoa H\u1ecdc Nh\u00e2n V\u0103n<\/td>\n<td class=\"confluenceTd\">1. V\u0103n h\u1ecdc<\/td>\n<td class=\"confluenceTd\">+ 5 m\u00f4n h\u1ecdc kh\u00e1c<\/td>\n<\/tr>\n<tr>\n<td class=\"confluenceTd\">Business\/Th\u01b0\u01a1ng M\u1ea1i<\/td>\n<td class=\"confluenceTd\">1. V\u0103n h\u1ecdc\u00a0 \u00a02. To\u00e1n Advanced Functions \u00a0 3. To\u00e1n Calculus \u00a0 Vectors<\/td>\n<td class=\"confluenceTd\">+ 3 m\u00f4n h\u1ecdc kh\u00e1c<\/td>\n<\/tr>\n<tr>\n<td class=\"confluenceTd\">Khoa H\u1ecdc \u0110i\u1ec7n To\u00e1n\/ Tin h\u1ecdc<\/td>\n<td class=\"confluenceTd\">1. V\u0103n h\u1ecdc\u00a0 \u00a02. To\u00e1n Advanced Functions \u00a0 3. To\u00e1n Calculus \u00a0 Vectors<\/td>\n<td class=\"confluenceTd\">+ 3 m\u00f4n h\u1ecdc kh\u00e1c (b\u1eaft bu\u1ed9c c\u00f3 1 m\u00f4n Khoa H\u1ecdc)<\/td>\n<\/tr>\n<tr>\n<td class=\"confluenceTd\">K\u1ef9 S\u01b0<\/td>\n<td class=\"confluenceTd\">1. English \u00a0 2. To\u00e1n Advanced Functions \u00a0 3. To\u00e1n Calculus \u00a0 Vectors; 4. V\u1eadt L\u00fd 5. H\u00f3a h\u1ecdc<\/td>\n<td class=\"confluenceTd\">+ 1 m\u00f4n h\u1ecdc kh\u00e1c<\/td>\n<\/tr>\n<tr>\n<td class=\"confluenceTd\">Qu\u1ea3n l\u00fd Nh\u00e0 H\u00e0ng, Kh\u00e1ch S\u1ea1n<\/td>\n<td class=\"confluenceTd\">1. V\u0103n h\u1ecdc 2. To\u00e1n Advanced Functions ho\u1eb7c To\u00e1n Calculus<\/td>\n<td class=\"confluenceTd\">+ 4 m\u00f4n h\u1ecdc kh\u00e1c<\/td>\n<\/tr>\n<tr>\n<td class=\"confluenceTd\">Khoa H\u1ecdc<\/td>\n<td class=\"confluenceTd\">1. V\u0103n h\u1ecdc\u00a0 \u00a02. To\u00e1n Advanced Functions\u00a0\u00a0 3. To\u00e1n Calculus and Vectors<\/td>\n<td class=\"confluenceTd\">+ 3 m\u00f4n h\u1ecdc kh\u00e1c (b\u1eaft bu\u1ed9c c\u00f3 1 m\u00f4n Khoa H\u1ecdc)<\/td>\n<\/tr>\n<tr>\n<td class=\"confluenceTd\">Khoa H\u1ecdc X\u00e3 H\u1ed9i<\/td>\n<td class=\"confluenceTd\">1. V\u0103n h\u1ecdc<\/td>\n<td class=\"confluenceTd\">+ 5 m\u00f4n h\u1ecdc kh\u00e1c (M\u1ed9t s\u1ed1 ng\u00e0nh y\u00eau c\u1ea7u 1 &#8211; 2 m\u00f4n To\u00e1n d\u1ef1 b\u1ecb \u0110\u1ea1i H\u1ecdc)<\/td>\n<\/tr>\n<tr>\n<td class=\"confluenceTd\">Thi\u1ebft K\u1ebf \u0110\u1ed3 H\u1ecda<\/td>\n<td class=\"confluenceTd\">1. V\u0103n h\u1ecdc<\/td>\n<td class=\"confluenceTd\">+ 5 m\u00f4n h\u1ecdc kh\u00e1c (c\u00f3 th\u1ec3 y\u00eau c\u1ea7u c\u00f3 Portfolio ho\u1eb7c Graphic Work)<\/td>\n<\/tr>\n<\/tbody>\n<\/table>\n<\/div>\n<p>[\/vc_column_text][\/vc_column][\/vc_row][vc_row type=&#8221;in_container&#8221; full_screen_row_position=&#8221;middle&#8221; scene_position=&#8221;center&#8221; text_color=&#8221;dark&#8221; text_align=&#8221;left&#8221; overlay_strength=&#8221;0.3&#8243;][vc_column centered_text=&#8221;true&#8221; column_padding=&#8221;no-extra-padding&#8221; column_padding_position=&#8221;all&#8221; background_color_opacity=&#8221;1&#8243; background_hover_color_opacity=&#8221;1&#8243; column_shadow=&#8221;none&#8221; width=&#8221;1\/1&#8243; tablet_text_alignment=&#8221;default&#8221; phone_text_alignment=&#8221;default&#8221; column_border_width=&#8221;none&#8221; column_border_style=&#8221;solid&#8221;][vc_column_text]<br \/>\n[\/vc_column_text][\/vc_column][\/vc_row][vc_row type=&#8221;full_width_background&#8221; full_screen_row_position=&#8221;middle&#8221; bg_color=&#8221;#666666&#8243; scene_position=&#8221;center&#8221; text_color=&#8221;light&#8221; text_align=&#8221;left&#8221; top_padding=&#8221;50&#8243; bottom_padding=&#8221;50&#8243; overlay_strength=&#8221;0.3&#8243;][vc_column column_padding=&#8221;no-extra-padding&#8221; column_padding_position=&#8221;all&#8221; background_color_opacity=&#8221;1&#8243; background_hover_color_opacity=&#8221;1&#8243; column_shadow=&#8221;none&#8221; width=&#8221;1\/1&#8243; tablet_text_alignment=&#8221;default&#8221; phone_text_alignment=&#8221;default&#8221; column_border_width=&#8221;none&#8221; column_border_style=&#8221;solid&#8221;][testimonial_slider style=&#8221;default&#8221; star_rating_color=&#8221;accent-color&#8221;][testimonial star_rating=&#8221;none&#8221; title=&#8221;Testimonial&#8221; id=&#8221;1424198188-1-10&#8243; name=&#8221;C\u00f4 Annie Rong, Qu\u1ea3n l\u00fd ban t\u01b0 v\u1ea5n \u0110\u1ea1i H\u1ecdc&#8221; quote=&#8221;Th\u00f4ng qua nh\u1eefng n\u1ed7 l\u1ef1c ph\u1ed1i h\u1ee3p, ch\u00fang t\u00f4i \u0111\u00e3 th\u00e0nh c\u00f4ng trong vi\u1ec7c \u0111\u01b0a h\u1ecdc sinh t\u1ed1t nghi\u1ec7p d\u1ef1 b\u1ecb \u0111\u1ea1i h\u1ecdc v\u00e0o c\u00e1c tr\u01b0\u1eddng \u0110\u1ea1i h\u1ecdc danh ti\u1ebfng, nhi\u1ec1u h\u1ecdc sinh c\u00f3 h\u1ecdc b\u1ed5ng v\u00e0 gi\u1ea3i th\u01b0\u1edfng.&#8221; tab_id=&#8221;1515088243940-10&#8243;]<\/p>\n<p>Nh\u1ea5n chu\u1ed9t v\u00e0o n\u00fat ch\u1ec9nh s\u1eeda \u0111\u1ec3 th\u00eam l\u1eddi ch\u1ee9ng th\u1ef1c c\u1ee7a b\u1ea1n.<\/p>\n<p>[\/testimonial][\/testimonial_slider][\/vc_column][\/vc_row][vc_row type=&#8221;in_container&#8221; full_screen_row_position=&#8221;middle&#8221; scene_position=&#8221;center&#8221; text_color=&#8221;dark&#8221; text_align=&#8221;left&#8221; overlay_strength=&#8221;0.3&#8243;][vc_column column_padding=&#8221;no-extra-padding&#8221; column_padding_position=&#8221;all&#8221; background_color_opacity=&#8221;1&#8243; background_hover_color_opacity=&#8221;1&#8243; column_shadow=&#8221;none&#8221; width=&#8221;1\/1&#8243; tablet_text_alignment=&#8221;default&#8221; phone_text_alignment=&#8221;default&#8221; column_border_width=&#8221;none&#8221; column_border_style=&#8221;solid&#8221;][vc_column_text]<\/p>\n<p>&nbsp;<\/p>\n<p>[\/vc_column_text][\/vc_column][\/vc_row][vc_row type=&#8221;in_container&#8221; full_screen_row_position=&#8221;middle&#8221; scene_position=&#8221;center&#8221; text_color=&#8221;dark&#8221; text_align=&#8221;left&#8221; class=&#8221;temp temp-learn&#8221; overlay_strength=&#8221;0.3&#8243;][vc_column column_padding=&#8221;no-extra-padding&#8221; column_padding_position=&#8221;all&#8221; background_color_opacity=&#8221;1&#8243; background_hover_color_opacity=&#8221;1&#8243; column_shadow=&#8221;none&#8221; width=&#8221;1\/1&#8243; tablet_text_alignment=&#8221;default&#8221; phone_text_alignment=&#8221;default&#8221; column_border_width=&#8221;none&#8221; column_border_style=&#8221;solid&#8221;][vc_column_text css_animation=&#8221;fadeIn&#8221; el_class=&#8221;use-links&#8221; css=&#8221;.vc_custom_1518639171642{margin-bottom: 50px !important;}&#8221;]<\/p>\n<h2 class=\"pinline\"><b>C\u00e1c \u0111\u01b0\u1eddng link v\u1ec1 CH\u0102M S\u00d3C TO\u00c0N DI\u1ec6N H\u1eccC T\u1eacP\u00a0<\/b><\/h2>\n<p>[\/vc_column_text][fancy-ul icon_type=&#8221;none&#8221; alignment=&#8221;left&#8221;]<\/p>\n<ul class=\"total-links\">\n<li><a href=\"http:\/\/www.cic-totalcare.com\/total-care-education\/total-care-learning\/overview\/\">Th\u00f4ng tin chung<\/a><\/li>\n<li><a href=\"http:\/\/www.cic-totalcare.com\/total-care-education\/total-care-learning\/courses\/\">C\u00e1c m\u00f4n h\u1ecdc<\/a><\/li>\n<li><a href=\"http:\/\/www.cic-totalcare.com\/total-care-education\/total-care-learning\/ontario-education-system\/\">H\u1ec7 Th\u1ed1ng Gi\u00e1o D\u1ee5c bang Ontario<\/a><\/li>\n<li><a href=\"https:\/\/www.cic-totalcare.com\/total-care-education-old\/total-care-learning\/junior-middle-school\/\">Trung h\u1ecdc c\u01a1 s\u1edf<\/a><\/li>\n<li><a href=\"https:\/\/www.cic-totalcare.com\/total-care-education-old\/total-care-learning\/high-school\/\">Trung H\u1ecdc Ph\u1ed5 Th\u00f4ng<\/a><\/li>\n<li><a class=\"sf-with-ul\" href=\"http:\/\/www.cic-totalcare.com\/ielts\/\">IELTS<\/a><\/li>\n<li><a href=\"https:\/\/www.cic-totalcare.com\/vi\/programs\/elite-pathway\/\">Ch\u01b0\u01a1ng tr\u00ecnh L\u1ed9 tr\u00ecnh Elite \u01afu T\u00fa<\/a><\/li>\n<li><a class=\"sf-with-ul\" href=\"http:\/\/www.cic-totalcare.com\/total-care-education\/total-care-learning\/esl\/\">Ch\u01b0\u01a1ng tr\u00ecnh Ti\u1ebfng Anh ESL<\/a><\/li>\n<li><a class=\"nectar-button large regular accent-color has-icon regular-button\" href=\"https:\/\/cic-totalcare.com\" target=\"_blank\" rel=\"noopener\">Quay l\u1ea1i Trang ch\u1ee7<\/a><\/li>\n<\/ul>\n<p>[\/fancy-ul][\/vc_column][\/vc_row]<\/p>\n","protected":false},"excerpt":{"rendered":"<p>[vc_row type=&#8221;in_container&#8221; full_screen_row_position=&#8221;middle&#8221; scene_position=&#8221;center&#8221; text_color=&#8221;dark&#8221; text_align=&#8221;left&#8221; top_padding=&#8221;50&#8243; bottom_padding=&#8221;50&#8243; overlay_strength=&#8221;0.3&#8243;][vc_column column_padding=&#8221;no-extra-padding&#8221; column_padding_position=&#8221;all&#8221; background_color_opacity=&#8221;1&#8243; background_hover_color_opacity=&#8221;1&#8243; column_shadow=&#8221;none&#8221; width=&#8221;1\/1&#8243; tablet_text_alignment=&#8221;default&#8221; phone_text_alignment=&#8221;default&#8221; column_border_width=&#8221;none&#8221; column_border_style=&#8221;solid&#8221;][vc_row_inner column_margin=&#8221;default&#8221; text_align=&#8221;left&#8221;][vc_column_inner column_padding=&#8221;no-extra-padding&#8221; column_padding_position=&#8221;all&#8221; background_color_opacity=&#8221;1&#8243; width=&#8221;2\/3&#8243; column_border_width=&#8221;none&#8221; column_border_style=&#8221;solid&#8221;][vc_column_text] Chu\u1ea9n b\u1ecb cho h\u1ecdc sinh m\u1ed9t t\u01b0\u01a1ng lai t\u01b0\u01a1i s\u00e1ng nh\u1ea5t [\/vc_column_text][vc_column_text]Ch\u01b0\u01a1ng tr\u00ecnh d\u1ef1 b\u1ecb \u0111\u1ea1i h\u1ecdc (L\u1edbp 12) c\u1ee7a Columbia chu\u1ea9n b\u1ecb cho h\u1ecdc sinh nh\u1eadp h\u1ecdc [&hellip;]<\/p>\n","protected":false},"author":1,"featured_media":0,"parent":15550,"menu_order":23,"comment_status":"open","ping_status":"open","template":"","meta":{"footnotes":""},"_links":{"self":[{"href":"https:\/\/rewrite.cic-totalcare.com\/vi\/wp-json\/wp\/v2\/pages\/15750"}],"collection":[{"href":"https:\/\/rewrite.cic-totalcare.com\/vi\/wp-json\/wp\/v2\/pages"}],"about":[{"href":"https:\/\/rewrite.cic-totalcare.com\/vi\/wp-json\/wp\/v2\/types\/page"}],"author":[{"embeddable":true,"href":"https:\/\/rewrite.cic-totalcare.com\/vi\/wp-json\/wp\/v2\/users\/1"}],"replies":[{"embeddable":true,"href":"https:\/\/rewrite.cic-totalcare.com\/vi\/wp-json\/wp\/v2\/comments?post=15750"}],"version-history":[{"count":9,"href":"https:\/\/rewrite.cic-totalcare.com\/vi\/wp-json\/wp\/v2\/pages\/15750\/revisions"}],"predecessor-version":[{"id":15759,"href":"https:\/\/rewrite.cic-totalcare.com\/vi\/wp-json\/wp\/v2\/pages\/15750\/revisions\/15759"}],"up":[{"embeddable":true,"href":"https:\/\/rewrite.cic-totalcare.com\/vi\/wp-json\/wp\/v2\/pages\/15550"}],"wp:attachment":[{"href":"https:\/\/rewrite.cic-totalcare.com\/vi\/wp-json\/wp\/v2\/media?parent=15750"}],"curies":[{"name":"wp","href":"https:\/\/api.w.org\/{rel}","templated":true}]}}