{"id":15946,"date":"2019-12-02T16:55:07","date_gmt":"2019-12-02T16:55:07","guid":{"rendered":"https:\/\/www.cic-totalcare.com\/tam-nhin-nghia-vu\/"},"modified":"2019-12-02T16:58:43","modified_gmt":"2019-12-02T16:58:43","slug":"vision-mission","status":"publish","type":"page","link":"https:\/\/rewrite.cic-totalcare.com\/vi\/discover-columbia\/vision-mission\/","title":{"rendered":"T\u1ea7m nh\u00ecn &amp; S\u1ee9 m\u1ec7nh"},"content":{"rendered":"<p>[vc_row type=&#8221;full_width_background&#8221; full_screen_row_position=&#8221;middle&#8221; bg_color=&#8221;#ffffff&#8221; scene_position=&#8221;center&#8221; text_color=&#8221;dark&#8221; text_align=&#8221;center&#8221; top_padding=&#8221;15&#8243; bottom_padding=&#8221;50&#8243; class=&#8221;cbg&#8221; overlay_strength=&#8221;0.3&#8243;][vc_column enable_animation=&#8221;true&#8221; animation=&#8221;fade-in-from-left&#8221; column_padding=&#8221;no-extra-padding&#8221; column_padding_position=&#8221;all&#8221; background_color_opacity=&#8221;1&#8243; background_hover_color_opacity=&#8221;1&#8243; column_shadow=&#8221;none&#8221; width=&#8221;1\/1&#8243; tablet_text_alignment=&#8221;default&#8221; phone_text_alignment=&#8221;default&#8221; column_border_width=&#8221;none&#8221; column_border_style=&#8221;solid&#8221; delay=&#8221;2s&#8221;][vc_column_text]<\/p>\n<h2 class=\"title-main\">T\u1ea7m Nh\u00ecn<\/h2>\n<p>[\/vc_column_text][vc_column_text]<br \/>\nTr\u1edf th\u00e0nh ng\u00f4i tr\u01b0\u1eddng chu \u0111\u00e1o nh\u1ea5t th\u1ebf gi\u1edbi.<br \/>\n[\/vc_column_text][\/vc_column][\/vc_row][vc_row type=&#8221;full_width_background&#8221; full_screen_row_position=&#8221;middle&#8221; bg_color=&#8221;#676767&#8243; scene_position=&#8221;center&#8221; text_color=&#8221;light&#8221; text_align=&#8221;center&#8221; top_padding=&#8221;100&#8243; bottom_padding=&#8221;100&#8243; overlay_strength=&#8221;0.3&#8243;][vc_column enable_animation=&#8221;true&#8221; animation=&#8221;fade-in-from-left&#8221; column_padding=&#8221;no-extra-padding&#8221; column_padding_position=&#8221;all&#8221; background_color_opacity=&#8221;1&#8243; background_hover_color_opacity=&#8221;1&#8243; column_shadow=&#8221;none&#8221; width=&#8221;1\/1&#8243; tablet_text_alignment=&#8221;default&#8221; phone_text_alignment=&#8221;default&#8221; column_border_width=&#8221;none&#8221; column_border_style=&#8221;solid&#8221; delay=&#8221;2s&#8221;][vc_column_text]<\/p>\n<h2 class=\"title-main\">S\u1ee9 m\u1ec7nh<\/h2>\n<p>[\/vc_column_text][vc_column_text]<br \/>\nMang \u0111\u1ebfn s\u1ef1 an t\u00e2m cho cha m\u1eb9 v\u00e0 s\u1ef1 th\u00e0nh c\u00f4ng cho h\u1ecdc sinh.<br \/>\n[\/vc_column_text][divider line_type=&#8221;No Line&#8221; custom_height=&#8221;15px&#8221;][\/vc_column][\/vc_row][vc_row type=&#8221;full_width_background&#8221; full_screen_row_position=&#8221;middle&#8221; bg_color=&#8221;#676767&#8243; scene_position=&#8221;center&#8221; text_color=&#8221;light&#8221; text_align=&#8221;left&#8221; bottom_padding=&#8221;100&#8243; disable_element=&#8221;yes&#8221; overlay_strength=&#8221;0.3&#8243;][vc_column enable_animation=&#8221;true&#8221; animation=&#8221;fade-in-from-left&#8221; column_padding=&#8221;no-extra-padding&#8221; column_padding_position=&#8221;all&#8221; background_color_opacity=&#8221;1&#8243; background_hover_color_opacity=&#8221;1&#8243; column_shadow=&#8221;none&#8221; width=&#8221;1\/2&#8243; tablet_text_alignment=&#8221;default&#8221; phone_text_alignment=&#8221;default&#8221; column_border_width=&#8221;none&#8221; column_border_style=&#8221;solid&#8221; delay=&#8221;2s&#8221;][fancy-ul icon_type=&#8221;none&#8221; alignment=&#8221;left&#8221;]<\/p>\n<ul>\n<li>\u2022 \u0110\u1ed1i x\u1eed v\u1edbi h\u1ecdc sinh, ph\u1ee5 huynh v\u00e0 m\u1ecdi ng\u01b0\u1eddi v\u1edbi s\u1ef1 t\u00f4n tr\u1ecdng v\u00e0 b\u00ecnh \u0111\u1eb3ng<\/li>\n<\/ul>\n<p>[\/fancy-ul][fancy-ul icon_type=&#8221;none&#8221; alignment=&#8221;left&#8221;]<\/p>\n<ul>\n<li>\u2022 Giao ti\u1ebfp v\u1edbi s\u1ef1 c\u1edfi m\u1edf v\u00e0 trung th\u1ef1c<\/li>\n<\/ul>\n<p>[\/fancy-ul][\/vc_column][vc_column column_padding=&#8221;no-extra-padding&#8221; column_padding_position=&#8221;all&#8221; background_color_opacity=&#8221;1&#8243; background_hover_color_opacity=&#8221;1&#8243; column_shadow=&#8221;none&#8221; width=&#8221;1\/2&#8243; tablet_text_alignment=&#8221;default&#8221; phone_text_alignment=&#8221;default&#8221; column_border_width=&#8221;none&#8221; column_border_style=&#8221;solid&#8221;][fancy-ul icon_type=&#8221;none&#8221; alignment=&#8221;left&#8221;]<\/p>\n<ul>\n<li>\u2022 T\u00f4n vinh s\u1ef1 \u0111a d\u1ea1ng trong c\u00e1c n\u1ec1n v\u0103n h\u00f3a<\/li>\n<\/ul>\n<p>[\/fancy-ul][fancy-ul icon_type=&#8221;none&#8221; alignment=&#8221;left&#8221;]<\/p>\n<ul>\n<li>\u2022 D\u00f9ng s\u1ef1 s\u00e1ng t\u1ea1o \u0111\u1ec3 c\u1ea3i thi\u1ec7n H\u1ec7 Th\u1ed1ng Gi\u00e1o D\u1ee5c Ch\u0103m S\u00f3c To\u00e0n Di\u1ec7n\u00ae, c\u00e1c d\u1ecbch v\u1ee5 v\u00e0 m\u00f4i tr\u01b0\u1eddng h\u1ecdc t\u1eadp, sinh s\u1ed1ng c\u1ee7a tr\u01b0\u1eddng.<\/li>\n<\/ul>\n<p>[\/fancy-ul][\/vc_column][\/vc_row][vc_row type=&#8221;full_width_background&#8221; full_screen_row_position=&#8221;middle&#8221; bg_color=&#8221;#ffffff&#8221; scene_position=&#8221;center&#8221; text_color=&#8221;dark&#8221; text_align=&#8221;left&#8221; top_padding=&#8221;100&#8243; bottom_padding=&#8221;100&#8243; overlay_strength=&#8221;0.3&#8243;][vc_column enable_animation=&#8221;true&#8221; animation=&#8221;fade-in-from-left&#8221; centered_text=&#8221;true&#8221; column_padding=&#8221;no-extra-padding&#8221; column_padding_position=&#8221;all&#8221; background_color_opacity=&#8221;1&#8243; background_hover_color_opacity=&#8221;1&#8243; column_shadow=&#8221;none&#8221; el_class=&#8221;largerText&#8221; width=&#8221;1\/1&#8243; tablet_text_alignment=&#8221;default&#8221; phone_text_alignment=&#8221;default&#8221; column_border_width=&#8221;none&#8221; column_border_style=&#8221;solid&#8221; delay=&#8221;2s&#8221;][vc_column_text]<\/p>\n<p>Columbia International College l\u00e0 ng\u00f4i tr\u01b0\u1eddng t\u01b0 th\u1ee5c n\u1ed9i tr\u00fa v\u00e0 tr\u01b0\u1eddng d\u1ef1 b\u1ecb \u0111\u1ea1i h\u1ecdc h\u00e0ng \u0111\u1ea7u c\u1ee7a Canada.<\/p>\n<p>[\/vc_column_text][vc_column_text]\u0110\u1ed9i ng\u0169 nh\u00e2n vi\u00ean v\u00e0 gi\u00e1o vi\u00ean c\u1ee7a tr\u01b0\u1eddng Columbia l\u00e0m vi\u1ec7c h\u1ebft m\u00ecnh \u0111\u1ec3 cung c\u1ea5p n\u1ec1n gi\u00e1o d\u1ee5c \u0111\u1eb3ng c\u1ea5p th\u1ebf gi\u1edbi<br \/>\nv\u00e0 truy\u1ec1n \u0111\u1ea1t kinh nghi\u1ec7m s\u1ed1ng cho h\u1ecdc sinh.[\/vc_column_text][\/vc_column][\/vc_row][vc_row type=&#8221;full_width_background&#8221; full_screen_row_position=&#8221;middle&#8221; bg_color=&#8221;#676767&#8243; scene_position=&#8221;center&#8221; text_color=&#8221;light&#8221; text_align=&#8221;center&#8221; top_padding=&#8221;100&#8243; class=&#8221;cbg&#8221; overlay_strength=&#8221;0.3&#8243;][vc_column enable_animation=&#8221;true&#8221; animation=&#8221;fade-in-from-left&#8221; column_padding=&#8221;no-extra-padding&#8221; column_padding_position=&#8221;all&#8221; background_color_opacity=&#8221;1&#8243; background_hover_color_opacity=&#8221;1&#8243; column_shadow=&#8221;none&#8221; width=&#8221;1\/1&#8243; tablet_text_alignment=&#8221;default&#8221; phone_text_alignment=&#8221;default&#8221; column_border_width=&#8221;none&#8221; column_border_style=&#8221;solid&#8221; delay=&#8221;2s&#8221;][vc_column_text]<\/p>\n<h2 class=\"title-main\">S\u1ef1 cam k\u1ebft h\u00f2a nh\u1eadp<\/h2>\n<p>[\/vc_column_text][\/vc_column][\/vc_row][vc_row type=&#8221;full_width_background&#8221; full_screen_row_position=&#8221;middle&#8221; bg_color=&#8221;#676767&#8243; scene_position=&#8221;center&#8221; text_color=&#8221;light&#8221; text_align=&#8221;left&#8221; top_padding=&#8221;25&#8243; bottom_padding=&#8221;100&#8243; class=&#8221;cbg&#8221; overlay_strength=&#8221;0.3&#8243;][vc_column enable_animation=&#8221;true&#8221; animation=&#8221;fade-in-from-left&#8221; column_padding=&#8221;no-extra-padding&#8221; column_padding_position=&#8221;all&#8221; background_color_opacity=&#8221;1&#8243; background_hover_color_opacity=&#8221;1&#8243; column_shadow=&#8221;none&#8221; width=&#8221;1\/3&#8243; tablet_text_alignment=&#8221;default&#8221; phone_text_alignment=&#8221;default&#8221; column_border_width=&#8221;none&#8221; column_border_style=&#8221;solid&#8221; delay=&#8221;2s&#8221;][vc_column_text]<\/p>\n<p>Columbia International College cam k\u1ebft cung c\u1ea5p c\u00e1c d\u1ecbch v\u1ee5 ch\u0103m s\u00f3c cho h\u1ecdc sinh. Ch\u00fang t\u00f4i bi\u1ebft r\u1eb1ng s\u1ef1 t\u1eadp trung v\u00e0o vi\u1ec7c \u0111\u00e1p \u1ee9ng nhu c\u1ea7u c\u1ee7a t\u1ea5t c\u1ea3 c\u00e1c h\u1ecdc sinh s\u1ebd gi\u00fap ch\u00fang t\u00f4i x\u00e2y d\u1ef1ng s\u1ef1 tin t\u01b0\u1edfng v\u00e0 s\u1ef1 t\u1ef1 tin trong c\u1ed9ng \u0111\u1ed3ng nh\u00e0 tr\u01b0\u1eddng.<\/p>\n<p>[\/vc_column_text][\/vc_column][vc_column enable_animation=&#8221;true&#8221; animation=&#8221;fade-in-from-left&#8221; column_padding=&#8221;no-extra-padding&#8221; column_padding_position=&#8221;all&#8221; background_color_opacity=&#8221;1&#8243; background_hover_color_opacity=&#8221;1&#8243; column_shadow=&#8221;none&#8221; width=&#8221;1\/3&#8243; tablet_text_alignment=&#8221;default&#8221; phone_text_alignment=&#8221;default&#8221; column_border_width=&#8221;none&#8221; column_border_style=&#8221;solid&#8221; delay=&#8221;2s&#8221;][vc_column_text]<\/p>\n<p>C\u00e1c gi\u00e1 tr\u1ecb doanh nghi\u1ec7p c\u1ee7a ch\u00fang t\u00f4i t\u01b0\u01a1ng th\u00edch v\u1edbi Lu\u1eadt l\u1ec7 v\u1ec1 S\u1ef1 ti\u1ebfp c\u1eadn v\u1edbi c\u00e1c lo\u1ea1i h\u00ecnh khuy\u1ebft t\u1eadt c\u1ee7a Ontario v\u00e0 ch\u00fang t\u00f4i cam k\u1ebft tu\u00e2n th\u1ee7 c\u00e1c ti\u00eau chu\u1ea9n c\u1ee7a Ontario \u0111\u1ec3 cung c\u1ea5p d\u1ecbch v\u1ee5 ph\u00f9 h\u1ee3p cho t\u1ea5t c\u1ea3 h\u1ecdc sinh, ph\u1ee5 huynh v\u00e0 kh\u00e1ch k\u1ec3 c\u1ea3 nh\u1eefng ng\u01b0\u1eddi khuy\u1ebft t\u1eadt.<\/p>\n<p>[\/vc_column_text][\/vc_column][vc_column enable_animation=&#8221;true&#8221; animation=&#8221;fade-in-from-left&#8221; column_padding=&#8221;no-extra-padding&#8221; column_padding_position=&#8221;all&#8221; background_color_opacity=&#8221;1&#8243; background_hover_color_opacity=&#8221;1&#8243; column_shadow=&#8221;none&#8221; width=&#8221;1\/3&#8243; tablet_text_alignment=&#8221;default&#8221; phone_text_alignment=&#8221;default&#8221; column_border_width=&#8221;none&#8221; column_border_style=&#8221;solid&#8221; delay=&#8221;2s&#8221;][vc_column_text]Xem th\u00eam th\u00f4ng tin\u00a0<strong><a title=\"Columbia's Accessibility for Ontarians with Disabilities Act policy\" href=\"http:\/\/www.cic-totalcare.com\/home\/accessibility\/\" target=\"_blank\" rel=\"noopener\">Columbia&#8217;s Accessibility for Ontarians with Disabilities Act policies and Multi-Year Plan<\/a><\/strong>\u00a0tr\u1ef1c tuy\u1ebfn. N\u1ebfu b\u1ea1n c\u00f3 b\u1ea5t k\u1ef3 c\u00e2u h\u1ecfi v\u1ec1 ch\u00ednh s\u00e1ch n\u00e0y ho\u1eb7c mu\u1ed1n cung c\u1ea5p cho ch\u00fang t\u00f4i th\u00f4ng tin ph\u1ea3n h\u1ed3i,\u00a0<a href=\"mailto:hr.assistant@cic-totalcare.com\" rel=\"nofollow\"><strong>vui l\u00f2ng g\u1eedi email<\/strong><\/a>\u00a0ho\u1eb7c li\u00ean h\u1ec7 v\u0103n ph\u00f2ng Human Resources t\u1ea1i (905) 572-7883.[\/vc_column_text][\/vc_column][\/vc_row]<\/p>\n","protected":false},"excerpt":{"rendered":"<p>[vc_row type=&#8221;full_width_background&#8221; full_screen_row_position=&#8221;middle&#8221; bg_color=&#8221;#ffffff&#8221; scene_position=&#8221;center&#8221; text_color=&#8221;dark&#8221; text_align=&#8221;center&#8221; top_padding=&#8221;15&#8243; bottom_padding=&#8221;50&#8243; class=&#8221;cbg&#8221; overlay_strength=&#8221;0.3&#8243;][vc_column enable_animation=&#8221;true&#8221; animation=&#8221;fade-in-from-left&#8221; column_padding=&#8221;no-extra-padding&#8221; column_padding_position=&#8221;all&#8221; background_color_opacity=&#8221;1&#8243; background_hover_color_opacity=&#8221;1&#8243; column_shadow=&#8221;none&#8221; width=&#8221;1\/1&#8243; tablet_text_alignment=&#8221;default&#8221; phone_text_alignment=&#8221;default&#8221; column_border_width=&#8221;none&#8221; column_border_style=&#8221;solid&#8221; delay=&#8221;2s&#8221;][vc_column_text] T\u1ea7m Nh\u00ecn [\/vc_column_text][vc_column_text] Tr\u1edf th\u00e0nh ng\u00f4i tr\u01b0\u1eddng chu \u0111\u00e1o nh\u1ea5t th\u1ebf gi\u1edbi. [\/vc_column_text][\/vc_column][\/vc_row][vc_row type=&#8221;full_width_background&#8221; full_screen_row_position=&#8221;middle&#8221; bg_color=&#8221;#676767&#8243; scene_position=&#8221;center&#8221; text_color=&#8221;light&#8221; text_align=&#8221;center&#8221; top_padding=&#8221;100&#8243; bottom_padding=&#8221;100&#8243; overlay_strength=&#8221;0.3&#8243;][vc_column enable_animation=&#8221;true&#8221; animation=&#8221;fade-in-from-left&#8221; column_padding=&#8221;no-extra-padding&#8221; column_padding_position=&#8221;all&#8221; background_color_opacity=&#8221;1&#8243; background_hover_color_opacity=&#8221;1&#8243; column_shadow=&#8221;none&#8221; width=&#8221;1\/1&#8243; tablet_text_alignment=&#8221;default&#8221; [&hellip;]<\/p>\n","protected":false},"author":22,"featured_media":0,"parent":16048,"menu_order":11,"comment_status":"open","ping_status":"open","template":"","meta":{"footnotes":""},"_links":{"self":[{"href":"https:\/\/rewrite.cic-totalcare.com\/vi\/wp-json\/wp\/v2\/pages\/15946"}],"collection":[{"href":"https:\/\/rewrite.cic-totalcare.com\/vi\/wp-json\/wp\/v2\/pages"}],"about":[{"href":"https:\/\/rewrite.cic-totalcare.com\/vi\/wp-json\/wp\/v2\/types\/page"}],"author":[{"embeddable":true,"href":"https:\/\/rewrite.cic-totalcare.com\/vi\/wp-json\/wp\/v2\/users\/22"}],"replies":[{"embeddable":true,"href":"https:\/\/rewrite.cic-totalcare.com\/vi\/wp-json\/wp\/v2\/comments?post=15946"}],"version-history":[{"count":17,"href":"https:\/\/rewrite.cic-totalcare.com\/vi\/wp-json\/wp\/v2\/pages\/15946\/revisions"}],"predecessor-version":[{"id":15963,"href":"https:\/\/rewrite.cic-totalcare.com\/vi\/wp-json\/wp\/v2\/pages\/15946\/revisions\/15963"}],"up":[{"embeddable":true,"href":"https:\/\/rewrite.cic-totalcare.com\/vi\/wp-json\/wp\/v2\/pages\/16048"}],"wp:attachment":[{"href":"https:\/\/rewrite.cic-totalcare.com\/vi\/wp-json\/wp\/v2\/media?parent=15946"}],"curies":[{"name":"wp","href":"https:\/\/api.w.org\/{rel}","templated":true}]}}