{"id":57504,"date":"2021-11-15T15:28:44","date_gmt":"2021-11-15T20:28:44","guid":{"rendered":"https:\/\/www.cic-totalcare.com\/dat-lich-tham-quan-truong-truc-tuyen\/"},"modified":"2024-06-12T15:45:48","modified_gmt":"2024-06-12T19:45:48","slug":"book-your-tour-2","status":"publish","type":"page","link":"https:\/\/rewrite.cic-totalcare.com\/vi\/book-your-tour-2\/","title":{"rendered":"\u0110\u1eb7t Tour Tham Quan Tr\u01b0\u1eddng"},"content":{"rendered":"<p>[vc_row type=&#8221;full_width_background&#8221; full_screen_row_position=&#8221;middle&#8221; column_margin=&#8221;default&#8221; column_direction=&#8221;default&#8221; column_direction_tablet=&#8221;default&#8221; column_direction_phone=&#8221;default&#8221; bg_image=&#8221;52542&#8243; bg_position=&#8221;left top&#8221; background_image_loading=&#8221;default&#8221; bg_repeat=&#8221;no-repeat&#8221; scene_position=&#8221;center&#8221; text_color=&#8221;dark&#8221; text_align=&#8221;left&#8221; row_border_radius=&#8221;none&#8221; row_border_radius_applies=&#8221;bg&#8221; class=&#8221;o__inner-page-header-no-colour&#8221; overlay_strength=&#8221;0.3&#8243; gradient_direction=&#8221;left_to_right&#8221; shape_divider_position=&#8221;bottom&#8221; bg_image_animation=&#8221;none&#8221; shape_type=&#8221;&#8221;][vc_column column_padding=&#8221;no-extra-padding&#8221; column_padding_tablet=&#8221;inherit&#8221; column_padding_phone=&#8221;inherit&#8221; column_padding_position=&#8221;all&#8221; column_element_spacing=&#8221;default&#8221; background_color_opacity=&#8221;1&#8243; background_hover_color_opacity=&#8221;1&#8243; column_shadow=&#8221;none&#8221; column_border_radius=&#8221;none&#8221; column_link_target=&#8221;_self&#8221; gradient_direction=&#8221;left_to_right&#8221; overlay_strength=&#8221;0.3&#8243; width=&#8221;1\/1&#8243; tablet_width_inherit=&#8221;default&#8221; tablet_text_alignment=&#8221;default&#8221; phone_text_alignment=&#8221;default&#8221; bg_image_animation=&#8221;none&#8221; border_type=&#8221;simple&#8221; column_border_width=&#8221;none&#8221; column_border_style=&#8221;solid&#8221;][nectar_slider location=&#8221;Booking&#8221; full_width=&#8221;true&#8221; fullscreen=&#8221;true&#8221; overall_style=&#8221;classic&#8221; bg_animation=&#8221;none&#8221; slider_transition=&#8221;slide&#8221; caption_transition=&#8221;none&#8221; image_loading=&#8221;default&#8221; heading_tag=&#8221;default&#8221; button_sizing=&#8221;regular&#8221; slider_height=&#8221;400&#8243;][\/vc_column][\/vc_row][vc_row type=&#8221;full_width_background&#8221; full_screen_row_position=&#8221;middle&#8221; column_margin=&#8221;default&#8221; column_direction=&#8221;default&#8221; column_direction_tablet=&#8221;default&#8221; column_direction_phone=&#8221;default&#8221; bg_color=&#8221;#f4f4f4&#8243; scene_position=&#8221;center&#8221; text_color=&#8221;dark&#8221; text_align=&#8221;left&#8221; row_border_radius=&#8221;none&#8221; row_border_radius_applies=&#8221;bg&#8221; class=&#8221;booking-embed-container&#8221; overlay_strength=&#8221;0.3&#8243; gradient_direction=&#8221;left_to_right&#8221; shape_divider_position=&#8221;bottom&#8221; bg_image_animation=&#8221;none&#8221; shape_type=&#8221;&#8221;][vc_column column_padding=&#8221;no-extra-padding&#8221; column_padding_tablet=&#8221;inherit&#8221; column_padding_phone=&#8221;inherit&#8221; column_padding_position=&#8221;all&#8221; column_element_spacing=&#8221;default&#8221; background_color_opacity=&#8221;1&#8243; background_hover_color_opacity=&#8221;1&#8243; column_shadow=&#8221;none&#8221; column_border_radius=&#8221;none&#8221; column_link_target=&#8221;_self&#8221; gradient_direction=&#8221;left_to_right&#8221; overlay_strength=&#8221;0.3&#8243; width=&#8221;1\/1&#8243; tablet_width_inherit=&#8221;default&#8221; tablet_text_alignment=&#8221;default&#8221; phone_text_alignment=&#8221;default&#8221; bg_image_animation=&#8221;none&#8221; border_type=&#8221;advanced&#8221; column_border_style=&#8221;solid&#8221;][divider line_type=&#8221;No Line&#8221;][vc_column_text]<\/p>\n<h4 style=\"text-align: left;\">Tr\u1ea3i nghi\u1ec7m nh\u1eefng g\u00ec tr\u01b0\u1eddng n\u1ed9i tr\u00fa l\u1edbn nh\u1ea5t Canada c\u00f3 th\u1ec3 mang l\u1ea1i! Nh\u00e2n vi\u00ean tuy\u1ec3n sinh \u0111a ng\u00f4n ng\u1eef c\u1ee7a tr\u01b0\u1eddng r\u1ea5t vui m\u1eebng \u0111\u01b0\u1ee3c ch\u00e0o \u0111\u00f3n b\u1ea1n \u0111\u1ebfn tham quan khu\u00f4n vi\u00ean tr\u01b0\u1eddng.<\/h4>\n<p>[\/vc_column_text][vc_row_inner column_margin=&#8221;default&#8221; column_direction=&#8221;default&#8221; column_direction_tablet=&#8221;default&#8221; column_direction_phone=&#8221;default&#8221; text_align=&#8221;left&#8221;][vc_column_inner column_padding=&#8221;no-extra-padding&#8221; column_padding_tablet=&#8221;inherit&#8221; column_padding_phone=&#8221;inherit&#8221; column_padding_position=&#8221;all&#8221; column_element_spacing=&#8221;default&#8221; background_color_opacity=&#8221;1&#8243; background_hover_color_opacity=&#8221;1&#8243; column_shadow=&#8221;none&#8221; column_border_radius=&#8221;none&#8221; column_link_target=&#8221;_self&#8221; gradient_direction=&#8221;left_to_right&#8221; overlay_strength=&#8221;0.3&#8243; width=&#8221;1\/6&#8243; tablet_width_inherit=&#8221;default&#8221; bg_image_animation=&#8221;none&#8221; border_type=&#8221;simple&#8221; column_border_width=&#8221;none&#8221; column_border_style=&#8221;solid&#8221;][\/vc_column_inner][vc_column_inner column_padding=&#8221;no-extra-padding&#8221; column_padding_tablet=&#8221;inherit&#8221; column_padding_phone=&#8221;inherit&#8221; column_padding_position=&#8221;all&#8221; column_element_spacing=&#8221;default&#8221; background_color_opacity=&#8221;1&#8243; background_hover_color_opacity=&#8221;1&#8243; column_shadow=&#8221;none&#8221; column_border_radius=&#8221;none&#8221; column_link_target=&#8221;_self&#8221; gradient_direction=&#8221;left_to_right&#8221; overlay_strength=&#8221;0.3&#8243; width=&#8221;2\/6&#8243; tablet_width_inherit=&#8221;default&#8221; bg_image_animation=&#8221;none&#8221; border_type=&#8221;simple&#8221; column_border_width=&#8221;none&#8221; column_border_style=&#8221;solid&#8221;][vc_custom_heading text=&#8221;Tour tham quan online&#8221; font_container=&#8221;tag:h2|text_align:center|color:%23ffffff|line_height:80px&#8221; google_fonts=&#8221;font_family:Montserrat%3Aregular%2C700|font_style:700%20bold%20regular%3A700%3Anormal&#8221; css_animation=&#8221;fadeIn&#8221; css=&#8221;.vc_custom_1674770432852{background-color: #a01010 !important;border-radius: 15px !important;}&#8221;][divider line_type=&#8221;No Line&#8221;][vc_column_text]Kh\u00e1m ph\u00e1 khu\u00f4n vi\u00ean c\u1ee7a tr\u01b0\u1eddng qua m\u1ea1ng v\u1edbi Microsoft Teams. Tham gia chuy\u1ebfn tham quan tr\u01b0\u1eddng <strong>TR\u1ef0C TI\u1ebeP<\/strong> 1:1 t\u1ea1i nh\u00e0, c\u00f9ng kh\u00e1m ph\u00e1 c\u01a1 s\u1edf v\u1eadt ch\u1ea5t v\u00e0 cu\u1ed9c s\u1ed1ng c\u1ee7a h\u1ecdc sinh t\u1ea1i CIC![\/vc_column_text][\/vc_column_inner][vc_column_inner column_padding=&#8221;no-extra-padding&#8221; column_padding_tablet=&#8221;inherit&#8221; column_padding_phone=&#8221;inherit&#8221; column_padding_position=&#8221;all&#8221; column_element_spacing=&#8221;default&#8221; background_color_opacity=&#8221;1&#8243; background_hover_color_opacity=&#8221;1&#8243; column_shadow=&#8221;none&#8221; column_border_radius=&#8221;none&#8221; column_link_target=&#8221;_self&#8221; gradient_direction=&#8221;left_to_right&#8221; overlay_strength=&#8221;0.3&#8243; width=&#8221;2\/6&#8243; tablet_width_inherit=&#8221;default&#8221; bg_image_animation=&#8221;none&#8221; border_type=&#8221;simple&#8221; column_border_width=&#8221;none&#8221; column_border_style=&#8221;solid&#8221;][vc_custom_heading text=&#8221;Tour tham quan t\u1ea1i tr\u01b0\u1eddng&#8221; font_container=&#8221;tag:h2|text_align:center|color:%23ffffff|line_height:80px&#8221; google_fonts=&#8221;font_family:Montserrat%3Aregular%2C700|font_style:700%20bold%20regular%3A700%3Anormal&#8221; css_animation=&#8221;fadeIn&#8221; css=&#8221;.vc_custom_1674770439403{background-color: #a01010 !important;border-radius: 15px !important;}&#8221;][divider line_type=&#8221;No Line&#8221;][vc_column_text]H\u00e3y \u0111\u1ebfn tr\u1ea3i nghi\u1ec7m <strong>C\u01a1 s\u1edf ch\u00ednh<\/strong> c\u1ee7a tr\u01b0\u1eddng t\u1ecda l\u1ea1c t\u1ea1i Hamilton, Ontario v\u00e0 c\u00f9ng t\u00ecm hi\u1ec3u l\u00fd do t\u1ea1i sao ph\u1ee5 huynh t\u1eeb h\u01a1n 100 qu\u1ed1c gia l\u1ea1i ch\u1ecdn CIC.[\/vc_column_text][\/vc_column_inner][vc_column_inner column_padding=&#8221;no-extra-padding&#8221; column_padding_tablet=&#8221;inherit&#8221; column_padding_phone=&#8221;inherit&#8221; column_padding_position=&#8221;all&#8221; column_element_spacing=&#8221;default&#8221; background_color_opacity=&#8221;1&#8243; background_hover_color_opacity=&#8221;1&#8243; column_shadow=&#8221;none&#8221; column_border_radius=&#8221;none&#8221; column_link_target=&#8221;_self&#8221; gradient_direction=&#8221;left_to_right&#8221; overlay_strength=&#8221;0.3&#8243; width=&#8221;1\/6&#8243; tablet_width_inherit=&#8221;default&#8221; bg_image_animation=&#8221;none&#8221; border_type=&#8221;simple&#8221; column_border_width=&#8221;none&#8221; column_border_style=&#8221;solid&#8221;][\/vc_column_inner][\/vc_row_inner][divider line_type=&#8221;No Line&#8221;][divider line_type=&#8221;Small Line&#8221; line_alignment=&#8221;center&#8221; line_thickness=&#8221;3&#8243; divider_color=&#8221;accent-color&#8221;][divider line_type=&#8221;No Line&#8221;][vc_column_text]<\/p>\n<h2 class=\"vc_custom_heading vc_custom_1634237984050\" style=\"text-align: center;\">\u0110\u1eb7t tour tham quan v\u1edbi 4 b\u01b0\u1edbc<\/h2>\n<div class=\"nectar-hor-list-item \" style=\"text-align: center;\" data-hover-effect=\"none\" data-br=\"0px\" data-font-family=\"p\" data-color=\"accent-color\" data-columns=\"2\" data-column-layout=\"xsmall_first\">\n<div class=\"nectar-list-item\" data-text-align=\"left\">\n<h5>1) T\u00f9y ch\u1ecdn ng\u00f4n ng\u1eef theo y\u00eau c\u1ea7u<\/h5>\n<h5>2) Ch\u1ecdn ng\u00e0y v\u00e0 gi\u1edd tham quan (Gi\u1edd Toronto)<\/h5>\n<h5>3) \u0110i\u1ec1n th\u00f4ng tin c\u00e1 nh\u00e2n<\/h5>\n<h5>4) Ch\u1ecdn tham quan online ho\u1eb7c tr\u1ef1c ti\u1ebfp t\u1ea1i tr\u01b0\u1eddng<\/h5>\n<\/div>\n<\/div>\n<p>[\/vc_column_text][vc_raw_html el_id=&#8221;bookingsContainerWrapper&#8221; el_class=&#8221;bookings-container-wrapper&#8221;]PGlmcmFtZSBzcmM9Imh0dHBzOi8vb3V0bG9vay5vZmZpY2UzNjUuY29tL293YS9jYWxlbmRhci9UZXN0VG91ckJvb2tpbmdAY2ljdG90YWxjYXJlMC5vbm1pY3Jvc29mdC5jb20vYm9va2luZ3MvIiB3aWR0aD0iMTAwJSIgaGVpZ2h0PSIxMDAlIiBzY3JvbGxpbmc9InllcyIgc3R5bGU9ImJvcmRlcjowIj48L2lmcmFtZT4=[\/vc_raw_html][\/vc_column][\/vc_row][vc_row type=&#8221;full_width_background&#8221; full_screen_row_position=&#8221;middle&#8221; column_margin=&#8221;default&#8221; column_direction=&#8221;default&#8221; column_direction_tablet=&#8221;default&#8221; column_direction_phone=&#8221;default&#8221; bg_color=&#8221;#8e7048&#8243; scene_position=&#8221;center&#8221; top_padding=&#8221;86&#8243; bottom_padding=&#8221;86&#8243; text_color=&#8221;light&#8221; text_align=&#8221;center&#8221; row_border_radius=&#8221;none&#8221; row_border_radius_applies=&#8221;bg&#8221; class=&#8221;o__discover-columbia&#8221; overlay_strength=&#8221;0.3&#8243; gradient_direction=&#8221;left_to_right&#8221; shape_divider_position=&#8221;bottom&#8221; bg_image_animation=&#8221;none&#8221; shape_type=&#8221;&#8221;][vc_column column_padding=&#8221;no-extra-padding&#8221; column_padding_tablet=&#8221;inherit&#8221; column_padding_phone=&#8221;inherit&#8221; column_padding_position=&#8221;all&#8221; column_element_spacing=&#8221;default&#8221; background_color_opacity=&#8221;1&#8243; background_hover_color_opacity=&#8221;1&#8243; column_shadow=&#8221;none&#8221; column_border_radius=&#8221;none&#8221; column_link_target=&#8221;_self&#8221; gradient_direction=&#8221;left_to_right&#8221; overlay_strength=&#8221;0.3&#8243; width=&#8221;1\/1&#8243; tablet_width_inherit=&#8221;default&#8221; tablet_text_alignment=&#8221;default&#8221; phone_text_alignment=&#8221;default&#8221; bg_image_animation=&#8221;none&#8221; border_type=&#8221;simple&#8221; column_border_width=&#8221;none&#8221; column_border_style=&#8221;solid&#8221;][vc_custom_heading text=&#8221;Kh\u00e1m ph\u00e1 Columbia&#8221; font_container=&#8221;tag:h2|font_size:36|text_align:center|color:%23ffffff|line_height:1.4&#8243; google_fonts=&#8221;font_family:Montserrat%3Aregular%2C700|font_style:400%20regular%3A400%3Anormal&#8221; css=&#8221;.vc_custom_1622054319347{margin-bottom: 48px !important;}&#8221;][vc_column_text]<\/p>\n<p style=\"text-align: center;\">Tr\u01b0\u1eddng Trung H\u1ecdc Qu\u1ed1c T\u1ebf Columbia l\u00e0 tr\u01b0\u1eddng n\u1ed9i tr\u00fa l\u1edbn nh\u1ea5t v\u00e0 \u0111a v\u0103n h\u00f3a nh\u1ea5t \u1edf Canada.<\/p>\n<p style=\"text-align: center;\">Nh\u01b0ng l\u1edbn h\u01a1n kh\u00f4ng c\u00f3 ngh\u0129a c\u00f3 ngh\u0129a l\u00e0 t\u1ed1t h\u01a1n \u2014tr\u01b0\u1eddng ph\u1ea3i \u0111\u01b0\u1ee3c k\u1ebft h\u1ee3p v\u1edbi l\u00f2ng cam k\u1ebft \u0111\u1ec3 tr\u1edf th\u00e0nh ng\u00f4i tr\u01b0\u1eddng tr\u01b0\u1eddng t\u1ed1t nh\u1ea5t.<\/p>\n<p style=\"text-align: center;\">\u0110\u00f3 l\u00e0 l\u00fd do t\u1ea1i sao s\u1ee9 m\u1ec7nh c\u1ee7a CIC l\u00e0 mang \u0111\u1ebfn tr\u1ea3i nghi\u1ec7m s\u1ed1ng v\u00e0 h\u1ecdc t\u1eadp \u0111\u1eb3ng c\u1ea5p th\u1ebf gi\u1edbi cho m\u1ecdi h\u1ecdc sinh b\u01b0\u1edbc v\u00e0o c\u1ed5ng tr\u01b0\u1eddng.<\/p>\n<p>[\/vc_column_text][nectar_btn size=&#8221;large&#8221; open_new_tab=&#8221;true&#8221; button_style=&#8221;regular&#8221; button_color_2=&#8221;Extra-Color-3&#8243; color_override=&#8221;#ffffff&#8221; solid_text_color_override=&#8221;#8e7048&#8243; icon_family=&#8221;none&#8221; el_class=&#8221;o__white-button&#8221; text=&#8221;Xem video v\u00e0 th\u00f4ng tin v\u1ec1 tr\u01b0\u1eddng&#8221; url=&#8221;https:\/\/www.cic-totalcare.com\/vi\/multimedia\/&#8221;][\/vc_column][\/vc_row]<\/p>\n","protected":false},"excerpt":{"rendered":"<p>[vc_row type=&#8221;full_width_background&#8221; full_screen_row_position=&#8221;middle&#8221; column_margin=&#8221;default&#8221; column_direction=&#8221;default&#8221; column_direction_tablet=&#8221;default&#8221; column_direction_phone=&#8221;default&#8221; bg_image=&#8221;52542&#8243; bg_position=&#8221;left top&#8221; background_image_loading=&#8221;default&#8221; bg_repeat=&#8221;no-repeat&#8221; scene_position=&#8221;center&#8221; text_color=&#8221;dark&#8221; text_align=&#8221;left&#8221; row_border_radius=&#8221;none&#8221; row_border_radius_applies=&#8221;bg&#8221; class=&#8221;o__inner-page-header-no-colour&#8221; overlay_strength=&#8221;0.3&#8243; gradient_direction=&#8221;left_to_right&#8221; shape_divider_position=&#8221;bottom&#8221; bg_image_animation=&#8221;none&#8221; shape_type=&#8221;&#8221;][vc_column column_padding=&#8221;no-extra-padding&#8221; column_padding_tablet=&#8221;inherit&#8221; column_padding_phone=&#8221;inherit&#8221; column_padding_position=&#8221;all&#8221; column_element_spacing=&#8221;default&#8221; background_color_opacity=&#8221;1&#8243; background_hover_color_opacity=&#8221;1&#8243; column_shadow=&#8221;none&#8221; column_border_radius=&#8221;none&#8221; column_link_target=&#8221;_self&#8221; gradient_direction=&#8221;left_to_right&#8221; overlay_strength=&#8221;0.3&#8243; width=&#8221;1\/1&#8243; tablet_width_inherit=&#8221;default&#8221; tablet_text_alignment=&#8221;default&#8221; phone_text_alignment=&#8221;default&#8221; bg_image_animation=&#8221;none&#8221; border_type=&#8221;simple&#8221; column_border_width=&#8221;none&#8221; column_border_style=&#8221;solid&#8221;][nectar_slider location=&#8221;Booking&#8221; full_width=&#8221;true&#8221; fullscreen=&#8221;true&#8221; overall_style=&#8221;classic&#8221; bg_animation=&#8221;none&#8221; slider_transition=&#8221;slide&#8221; caption_transition=&#8221;none&#8221; image_loading=&#8221;default&#8221; heading_tag=&#8221;default&#8221; button_sizing=&#8221;regular&#8221; slider_height=&#8221;400&#8243;][\/vc_column][\/vc_row][vc_row type=&#8221;full_width_background&#8221; [&hellip;]<\/p>\n","protected":false},"author":4,"featured_media":0,"parent":0,"menu_order":0,"comment_status":"closed","ping_status":"closed","template":"","meta":{"footnotes":""},"_links":{"self":[{"href":"https:\/\/rewrite.cic-totalcare.com\/vi\/wp-json\/wp\/v2\/pages\/57504"}],"collection":[{"href":"https:\/\/rewrite.cic-totalcare.com\/vi\/wp-json\/wp\/v2\/pages"}],"about":[{"href":"https:\/\/rewrite.cic-totalcare.com\/vi\/wp-json\/wp\/v2\/types\/page"}],"author":[{"embeddable":true,"href":"https:\/\/rewrite.cic-totalcare.com\/vi\/wp-json\/wp\/v2\/users\/4"}],"replies":[{"embeddable":true,"href":"https:\/\/rewrite.cic-totalcare.com\/vi\/wp-json\/wp\/v2\/comments?post=57504"}],"version-history":[{"count":13,"href":"https:\/\/rewrite.cic-totalcare.com\/vi\/wp-json\/wp\/v2\/pages\/57504\/revisions"}],"predecessor-version":[{"id":133162,"href":"https:\/\/rewrite.cic-totalcare.com\/vi\/wp-json\/wp\/v2\/pages\/57504\/revisions\/133162"}],"wp:attachment":[{"href":"https:\/\/rewrite.cic-totalcare.com\/vi\/wp-json\/wp\/v2\/media?parent=57504"}],"curies":[{"name":"wp","href":"https:\/\/api.w.org\/{rel}","templated":true}]}}