{"id":59645,"date":"2022-01-20T10:59:21","date_gmt":"2022-01-20T15:59:21","guid":{"rendered":"https:\/\/www.cic-totalcare.com\/chinh-sach-ielts\/"},"modified":"2024-06-07T10:09:45","modified_gmt":"2024-06-07T14:09:45","slug":"policies","status":"publish","type":"page","link":"https:\/\/rewrite.cic-totalcare.com\/vi\/ielts\/policies\/","title":{"rendered":"Ch\u00ednh s\u00e1ch thi IELTS"},"content":{"rendered":"<p>[vc_row type=&#8221;in_container&#8221; full_screen_row_position=&#8221;middle&#8221; column_margin=&#8221;default&#8221; column_direction=&#8221;default&#8221; column_direction_tablet=&#8221;default&#8221; column_direction_phone=&#8221;default&#8221; scene_position=&#8221;center&#8221; top_padding=&#8221;50&#8243; bottom_padding=&#8221;25&#8243; text_color=&#8221;dark&#8221; text_align=&#8221;left&#8221; row_border_radius=&#8221;none&#8221; row_border_radius_applies=&#8221;bg&#8221; overlay_strength=&#8221;0.3&#8243; gradient_direction=&#8221;left_to_right&#8221; shape_divider_position=&#8221;bottom&#8221; bg_image_animation=&#8221;none&#8221;][vc_column column_padding=&#8221;no-extra-padding&#8221; column_padding_tablet=&#8221;inherit&#8221; column_padding_phone=&#8221;inherit&#8221; column_padding_position=&#8221;all&#8221; column_element_spacing=&#8221;default&#8221; background_color_opacity=&#8221;1&#8243; background_hover_color_opacity=&#8221;1&#8243; column_shadow=&#8221;none&#8221; column_border_radius=&#8221;none&#8221; column_link_target=&#8221;_self&#8221; gradient_direction=&#8221;left_to_right&#8221; overlay_strength=&#8221;0.3&#8243; width=&#8221;1\/2&#8243; tablet_width_inherit=&#8221;default&#8221; tablet_text_alignment=&#8221;default&#8221; phone_text_alignment=&#8221;default&#8221; bg_image_animation=&#8221;none&#8221; enable_animation=&#8221;true&#8221; animation=&#8221;fade-in-from-left&#8221; border_type=&#8221;simple&#8221; column_border_width=&#8221;none&#8221; column_border_style=&#8221;solid&#8221; delay=&#8221;2s&#8221;][vc_column_text]<\/p>\n<h2>THAY \u0110\u1ed4I NG\u00c0Y THI C\u1ee6A B\u1ea0N<\/h2>\n<p>\u0110\u1ec3 chuy\u1ec3n sang m\u1ed9t ng\u00e0y thi kh\u00e1c, b\u1ea1n ph\u1ea3i ho\u00e0n th\u00e0nh m\u1ed9t b\u1ea3n sao c\u1ee7a bi\u1ec3u m\u1eabu chuy\u1ec3n ng\u00e0y thi c\u1ee7a tr\u01b0\u1eddng v\u00e0 tr\u1ea3 ph\u00ed qu\u1ea3n l\u00fd $80.00. B\u1ea1n c\u00f3 th\u1ec3 g\u1eedi h\u1ed3 s\u01a1 gi\u1ea5y t\u1edd c\u1ee7a m\u00ecnh \u0111\u1ebfn Tr\u01b0\u1eddng Trung H\u1ecdc Qu\u1ed1c T\u1ebf Columbia c\u01a1 s\u1edf Ainsliewood ho\u1eb7c g\u1eedi email cho tr\u01b0\u1eddng v\u00e0 tr\u01b0\u1eddng s\u1ebd chuy\u1ec3n ti\u1ebfp c\u00e1c m\u1eabu \u0111\u01a1n m\u00e0 b\u1ea1n y\u00eau c\u1ea7u. Y\u00eau c\u1ea7u c\u1ee7a b\u1ea1n ph\u1ea3i \u0111\u01b0\u1ee3c g\u1eedi trong v\u00f2ng n\u0103m tu\u1ea7n k\u1ec3 t\u1eeb ng\u00e0y thi.[\/vc_column_text][divider line_type=&#8221;No Line&#8221;][nectar_btn size=&#8221;medium&#8221; open_new_tab=&#8221;true&#8221; button_style=&#8221;regular&#8221; button_color_2=&#8221;Accent-Color&#8221; icon_family=&#8221;none&#8221; url=&#8221;https:\/\/www.cic-totalcare.com\/wp-content\/uploads\/2018\/10\/IELTS_Request_Refund_Test_Date_Transfer_Form_FINAL_A4_13-July-18.pdf&#8221; text=&#8221;Phi\u1ebfu \u0110\u1ed5i Ng\u00e0y Thi&#8221;][nectar_btn size=&#8221;medium&#8221; open_new_tab=&#8221;true&#8221; button_style=&#8221;regular&#8221; button_color_2=&#8221;Accent-Color&#8221; icon_family=&#8221;none&#8221; url=&#8221;https:\/\/www.cic-totalcare.com\/wp-content\/uploads\/2023\/11\/Requesting-a-Refund-or-Date-Change.pdf&#8221; text=&#8221;Y\u00eau C\u1ea7u Ho\u00e0n Ti\u1ec1n Ho\u1eb7c \u0110\u1ed5i Ng\u00e0y&#8221;][\/vc_column][\/vc_row][vc_row type=&#8221;full_width_background&#8221; full_screen_row_position=&#8221;middle&#8221; column_margin=&#8221;default&#8221; column_direction=&#8221;default&#8221; column_direction_tablet=&#8221;default&#8221; column_direction_phone=&#8221;default&#8221; scene_position=&#8221;center&#8221; top_padding=&#8221;50&#8243; bottom_padding=&#8221;50&#8243; text_color=&#8221;light&#8221; text_align=&#8221;left&#8221; row_border_radius=&#8221;none&#8221; row_border_radius_applies=&#8221;bg&#8221; class=&#8221;cbg&#8221; overlay_strength=&#8221;0.3&#8243; gradient_direction=&#8221;left_to_right&#8221; shape_divider_position=&#8221;bottom&#8221; bg_image_animation=&#8221;none&#8221;][vc_column column_padding=&#8221;padding-2-percent&#8221; column_padding_tablet=&#8221;inherit&#8221; column_padding_phone=&#8221;inherit&#8221; column_padding_position=&#8221;left&#8221; column_element_spacing=&#8221;default&#8221; background_color_opacity=&#8221;1&#8243; background_hover_color_opacity=&#8221;1&#8243; column_shadow=&#8221;none&#8221; column_border_radius=&#8221;none&#8221; column_link_target=&#8221;_self&#8221; gradient_direction=&#8221;left_to_right&#8221; overlay_strength=&#8221;0.3&#8243; width=&#8221;1\/2&#8243; tablet_width_inherit=&#8221;default&#8221; tablet_text_alignment=&#8221;default&#8221; phone_text_alignment=&#8221;default&#8221; bg_image_animation=&#8221;none&#8221; enable_animation=&#8221;true&#8221; animation=&#8221;fade-in-from-left&#8221; border_type=&#8221;simple&#8221; column_border_width=&#8221;none&#8221; column_border_style=&#8221;solid&#8221; delay=&#8221;2s&#8221;][vc_column_text]<\/p>\n<h2>Y\u00caU C\u1ea6U PH\u00daC KH\u1ea2O K\u1ebeT QU\u1ea2<\/h2>\n<p>\u0110\u1ec3 y\u00eau c\u1ea7u ph\u00fac kh\u1ea3o k\u1ebft qu\u1ea3 c\u1ee7a t\u1eebng k\u1ef9 n\u0103ng\/ho\u1eb7c t\u1ed5ng \u0111i\u1ec3m m\u00e0 b\u1ea1n nh\u1eadn \u0111\u01b0\u1ee3c trong phi\u1ebfu b\u00e1o k\u1ebft qu\u1ea3, b\u1ea1n ph\u1ea3i \u0111i\u1ec1n \u0111\u01a1n khi\u1ebfu n\u1ea1i c\u1ee7a tr\u01b0\u1eddng v\u00e0 tr\u1ea3 ph\u00ed ph\u00fac kh\u1ea3o $225. B\u1ea1n c\u00f3 th\u1ec3 tr\u1ef1c ti\u1ebfp n\u1ed9p h\u1ed3 s\u01a1 t\u1ea1i c\u01a1 s\u1edf Ainslewood c\u1ee7a Tr\u01b0\u1eddng Trung H\u1ecdc Qu\u1ed1c T\u1ebf Columbia v\u00e0 n\u1ed9p ph\u00ed x\u00e9t duy\u1ec7t t\u1ea1i v\u0103n ph\u00f2ng kh\u1ea3o th\u00ed b\u00ean ngo\u00e0i c\u1ee7a Columbia. B\u1ea1n c\u0169ng c\u00f3 th\u1ec3 g\u1eedi gi\u1ea5y t\u1edd v\u00e0 chuy\u1ec3n ti\u1ec1n ho\u1eb7c cheque c\u00f3 ch\u1ee9ng nh\u1eadn $225 CAD (tr\u1ea3 cho Tr\u01b0\u1eddng Trung H\u1ecdc Qu\u1ed1c T\u1ebf Columbia) qua mail. Y\u00eau c\u1ea7u c\u1ee7a b\u1ea1n ph\u1ea3i \u0111\u01b0\u1ee3c g\u1eedi trong v\u00f2ng s\u00e1u tu\u1ea7n k\u1ec3 t\u1eeb ng\u00e0y ki\u1ec3m tra.<\/p>\n<p>T\u1ea5t c\u1ea3 th\u00f4ng tin li\u00ean quan \u0111\u1ebfn y\u00eau c\u1ea7u ph\u00fac kh\u1ea3o c\u1ee7a b\u1ea1n s\u1ebd \u0111\u01b0\u1ee3c g\u1eedi t\u1eeb Trung T\u00e2m Kh\u1ea3o Th\u00ed c\u1ee7a Columbia \u0111\u1ebfn IELTS Australia trong v\u00f2ng m\u1ed9t tu\u1ea7n. K\u1ebft qu\u1ea3 ph\u00fac kh\u1ea3o \u0111\u01b0\u1ee3c th\u1ef1c hi\u1ec7n b\u1edfi gi\u00e1m kh\u1ea3o IELTS c\u1ea5p cao. N\u1ebfu gi\u00e1m kh\u1ea3o x\u00e1c \u0111\u1ecbnh r\u1eb1ng \u0111i\u1ec3m c\u1ee7a b\u1ea1n s\u1ebd gi\u1eef nguy\u00ean, tr\u01b0\u1eddng s\u1ebd kh\u00f4ng ho\u00e0n tr\u1ea3 l\u1ec7 ph\u00ed ph\u00fac kh\u1ea3o. N\u1ebfu k\u1ebft qu\u1ea3 ph\u00fac kh\u1ea3o t\u0103ng \u0111i\u1ec3m, l\u1ec7 ph\u00ed ph\u00fac kh\u1ea3o s\u1ebd \u0111\u01b0\u1ee3c ho\u00e0n l\u1ea1i v\u00e0 phi\u1ebfu b\u00e1o k\u1ebft qu\u1ea3 m\u1edbi s\u1ebd \u0111\u01b0\u1ee3c g\u1eedi cho b\u1ea1n v\u00e0 t\u1ea5t c\u1ea3 c\u00e1c t\u1ed5 ch\u1ee9c t\u1eebng nh\u1eadn \u0111\u01b0\u1ee3c phi\u1ebfu k\u1ebft qu\u1ea3 g\u1ed1c c\u1ee7a b\u1ea1n.<\/p>\n<p>Qu\u00e1 tr\u00ecnh ph\u00fac kh\u1ea3o c\u00f3 th\u1ec3 m\u1ea5t t\u1eeb hai \u0111\u1ebfn ba tu\u1ea7n k\u1ec3 t\u1eeb khi nh\u1eadn \u0111\u01b0\u1ee3c y\u00eau c\u1ea7u.<\/p>\n<p>[button color=&#8221;accent-color&#8221; hover_text_color_override=&#8221;#fff&#8221; size=&#8221;medium&#8221; url=&#8221;https:\/\/www.cic-totalcare.com\/wp-content\/uploads\/2018\/10\/EOR-Request-Form-2018-A4-050718.pdf&#8221; text=&#8221;\u0110\u01a1n Ph\u00fac Kh\u1ea3o&#8221; color_override=&#8221;&#8221;][\/vc_column_text][\/vc_column][vc_column column_padding=&#8221;padding-2-percent&#8221; column_padding_tablet=&#8221;inherit&#8221; column_padding_phone=&#8221;inherit&#8221; column_padding_position=&#8221;right&#8221; column_element_spacing=&#8221;default&#8221; background_color_opacity=&#8221;1&#8243; background_hover_color_opacity=&#8221;1&#8243; column_shadow=&#8221;none&#8221; column_border_radius=&#8221;none&#8221; column_link_target=&#8221;_self&#8221; gradient_direction=&#8221;left_to_right&#8221; overlay_strength=&#8221;0.3&#8243; width=&#8221;1\/2&#8243; tablet_width_inherit=&#8221;default&#8221; tablet_text_alignment=&#8221;default&#8221; phone_text_alignment=&#8221;default&#8221; bg_image_animation=&#8221;none&#8221; border_type=&#8221;simple&#8221; column_border_width=&#8221;none&#8221; column_border_style=&#8221;solid&#8221;][vc_column_text]<\/p>\n<h2>Y\u00caU C\u1ea6U B\u1ed4 SUNG B\u1ea2N SAO PHI\u1ebeU K\u1ebeT QU\u1ea2<\/h2>\n<p>B\u1ea1n c\u00f3 th\u1ec3 nh\u1eadn \u0111\u01b0\u1ee3c t\u1ed1i \u0111a n\u0103m b\u1ea3n sao mi\u1ec5n ph\u00ed, k\u1ebft qu\u1ea3 n\u00e0y s\u1ebd \u0111\u01b0\u1ee3c g\u1eedi \u0111\u1ebfn c\u00e1c t\u1ed5 ch\u1ee9c gi\u00e1o d\u1ee5c t\u1ea1i Canada v\u00e0 qu\u1ed1c t\u1ebf m\u00e0 b\u1ea1n \u0111i\u1ec1n trong \u0111\u01a1n \u0111\u0103ng k\u00fd c\u1ee7a m\u00ecnh. B\u1ea1n c\u00f3 th\u1ec3 y\u00eau c\u1ea7u th\u00eam b\u1ea3n sao v\u1edbi gi\u00e1 $25,00 m\u1ed7i b\u1ea3n. B\u1ea1n c\u00f3 th\u1ec3 g\u1eedi y\u00eau c\u1ea7u c\u1ee7a m\u00ecnh qua email (<a href=\"mailto:ca058.administrator@cic-totalcare.com\">ca058.administrator@cic-totalcare.com<\/a>) ho\u1eb7c qua b\u01b0u \u0111i\u1ec7n. N\u1ebfu b\u1ea1n n\u1ed9p h\u1ed3 s\u01a1 qua b\u01b0u \u0111i\u1ec7n, h\u00e3y g\u1eedi \u0111\u01a1n y\u00eau c\u1ea7u c\u00f9ng v\u1edbi cheque \u0111\u00e3 \u0111\u01b0\u1ee3c x\u00e1c nh\u1eadn ho\u1eb7c chuy\u1ec3n ti\u1ec1n (b\u1eb1ng \u0111\u00f4 Canada) tr\u1ea3 cho Tr\u01b0\u1eddng Trung H\u1ecdc Qu\u1ed1c T\u1ebf Columbia. Y\u00eau c\u1ea7u th\u00eam phi\u1ebfu k\u1ebft qu\u1ea3 thi ph\u1ea3i \u0111\u01b0\u1ee3c n\u1ed9p trong v\u00f2ng hai n\u0103m k\u1ec3 t\u1eeb ng\u00e0y l\u00e0m b\u00e0i thi. B\u1ea1n kh\u00f4ng th\u1ec3 y\u00eau c\u1ea7u th\u00eam b\u1ea5t k\u1ef3 b\u1ea3n sao k\u1ebft qu\u1ea3 \u0111\u1ec3 s\u1eed d\u1ee5ng cho m\u1ee5c \u0111\u00edch c\u00e1 nh\u00e2n.[\/vc_column_text][nectar_btn size=&#8221;medium&#8221; open_new_tab=&#8221;true&#8221; button_style=&#8221;regular&#8221; button_color_2=&#8221;Accent-Color&#8221; icon_family=&#8221;none&#8221; text=&#8221;\u0110\u01a1n Y\u00eau C\u1ea7u K\u1ebft Qu\u1ea3 Thi&#8221; url=&#8221;https:\/\/www.cic-totalcare.com\/wp-content\/uploads\/2018\/06\/Application-for-the-Issue-of-Additional-TRFs.pdf&#8221;][divider line_type=&#8221;No Line&#8221;][vc_column_text]<strong>N\u1ebfu b\u1ea1n mu\u1ed1n li\u00ean h\u1ec7 v\u1edbi tr\u01b0\u1eddng qua \u0111\u01b0\u1eddng b\u01b0u \u0111i\u1ec7n:<\/strong>[\/vc_column_text][vc_column_text]1003 Main Street West, Hamilton, Ontario L8S 4P3[\/vc_column_text][divider line_type=&#8221;No Line&#8221; custom_height=&#8221;25&#8243;][vc_column_text]<strong>N\u1ebfu b\u1ea1n mu\u1ed1n li\u00ean h\u1ec7 v\u1edbi tr\u01b0\u1eddng qua email:<\/strong>[\/vc_column_text][vc_column_text]<a href=\"mailto:%20ca058.administrator@cic-totalcare.com\" rel=\"nofollow\">ca058.administrator@cic-totalcare.com<\/a>[\/vc_column_text][\/vc_column][\/vc_row][vc_row type=&#8221;full_width_background&#8221; full_screen_row_position=&#8221;middle&#8221; column_margin=&#8221;default&#8221; column_direction=&#8221;default&#8221; column_direction_tablet=&#8221;default&#8221; column_direction_phone=&#8221;default&#8221; scene_position=&#8221;center&#8221; top_padding=&#8221;50&#8243; bottom_padding=&#8221;50&#8243; text_color=&#8221;dark&#8221; text_align=&#8221;left&#8221; row_border_radius=&#8221;none&#8221; row_border_radius_applies=&#8221;bg&#8221; overlay_strength=&#8221;0.3&#8243; gradient_direction=&#8221;left_to_right&#8221; shape_divider_position=&#8221;bottom&#8221; bg_image_animation=&#8221;none&#8221;][vc_column column_padding=&#8221;no-extra-padding&#8221; column_padding_tablet=&#8221;inherit&#8221; column_padding_phone=&#8221;inherit&#8221; column_padding_position=&#8221;all&#8221; column_element_spacing=&#8221;default&#8221; background_color_opacity=&#8221;1&#8243; background_hover_color_opacity=&#8221;1&#8243; column_shadow=&#8221;none&#8221; column_border_radius=&#8221;none&#8221; column_link_target=&#8221;_self&#8221; gradient_direction=&#8221;left_to_right&#8221; overlay_strength=&#8221;0.3&#8243; width=&#8221;1\/1&#8243; tablet_width_inherit=&#8221;default&#8221; tablet_text_alignment=&#8221;default&#8221; phone_text_alignment=&#8221;default&#8221; bg_image_animation=&#8221;none&#8221; border_type=&#8221;simple&#8221; column_border_width=&#8221;none&#8221; column_border_style=&#8221;solid&#8221;][vc_column_text]<\/p>\n<h2 dir=\"auto\">CH\u00cdNH S\u00c1CH CH\u1ed0NG GIAN L\u1eacN IELTS<\/h2>\n<p dir=\"auto\">Ch\u00ednh s\u00e1ch ch\u1ed1ng gian l\u1eadn c\u1ee7a IELTS nh\u1eb1m khuy\u1ebfn kh\u00edch v\u00e0 th\u00fac \u0111\u1ea9y t\u00ednh trung th\u1ef1c v\u00e0 \u0111\u1ea1o \u0111\u1ee9c b\u1eb1ng c\u00e1ch t\u1ea1o ra khu\u00f4n m\u1eabu cho ng\u01b0\u1eddi d\u1ef1 thi v\u00e0 c\u00e1c b\u00ean li\u00ean quan \u0111\u1ec3 gi\u1ea3m b\u1edbt lo ng\u1ea1i nghi ng\u1edd ho\u1eb7c d\u1ef1 \u0111o\u00e1n (s\u01a1 su\u1ea5t) v\u1ec1 h\u00e0nh vi gian l\u1eadn, trong c\u00e1c \u0111\u1ed1i t\u00e1c kh\u1ea3o th\u00ed IELTS (H\u1ed9i \u0111\u1ed3ng Anh, IDP: IELTS Australia, Cambridge Assessment English) v\u00e0 IELTS USA.<\/p>\n<p dir=\"auto\">Theo ch\u00ednh s\u00e1ch n\u00e0y, ng\u01b0\u1eddi d\u1ef1 thi v\u00e0 c\u00e1c b\u00ean li\u00ean quan c\u00f3 th\u1ec3 b\u00e1o c\u00e1o c\u00e1c tr\u01b0\u1eddng h\u1ee3p ho\u1eb7c nghi ng\u1edd v\u1ec1 c\u00e1c h\u00e0nh vi phi \u0111\u1ea1o \u0111\u1ee9c, kh\u00f4ng \u0111\u00fang \u0111\u1eafn, tr\u00e1i ph\u00e1p lu\u1eadt ho\u1eb7c kh\u00f4ng mong mu\u1ed1n m\u00e0 kh\u00f4ng s\u1ee3 b\u1ecb \u0111e d\u1ecda ho\u1eb7c tr\u1ea3 th\u00f9.<br \/>\nCh\u00ednh s\u00e1ch n\u00e0y \u00e1p d\u1ee5ng cho t\u1ea5t c\u1ea3 c\u00e1c th\u00ed sinh thi IELTS v\u00e0 c\u00e1c b\u00ean li\u00ean quan. Ch\u00fang t\u00f4i h\u00e0nh \u0111\u1ed9ng v\u00ec l\u1ee3i \u00edch chung t\u1ed1t nh\u1ea5t cho b\u1ea5t k\u1ef3 ai b\u00e1o c\u00e1o nghi ng\u1edd c\u00f3 h\u00e0nh vi sai tr\u00e1i theo ch\u00ednh s\u00e1ch n\u00e0y s\u1ebd \u0111\u01b0\u1ee3c b\u1ea3o v\u1ec7 kh\u1ecfi ph\u1ea3n \u1ee9ng b\u1ea5t l\u1ee3i v\u00e0 ti\u1ebft l\u1ed9 danh t\u00ednh b\u1ea3n th\u00e2n.<\/p>\n<p dir=\"auto\">N\u1ebfu b\u1ea1n c\u00f3 \u0111\u1ee7 c\u01a1 s\u1edf \u0111\u1ec3 tin r\u1eb1ng h\u00e0nh vi sai tr\u00e1i \u0111\u00e3 x\u1ea3y ra ho\u1eb7c c\u00f3 kh\u1ea3 n\u0103ng x\u1ea3y ra, trong c\u00e1c \u0111\u1ed1i t\u00e1c kh\u1ea3o th\u00ed IELTS (H\u1ed9i \u0111\u1ed3ng Anh, IDP: IELTS Australia, Cambridge Assessment English) ho\u1eb7c trong IELTS USA, vui l\u00f2ng b\u00e1o c\u00e1o b\u1eb1ng c\u00e1ch s\u1eed d\u1ee5ng bi\u1ec3u m\u1eabu b\u00e1o c\u00e1o tr\u1ef1c tuy\u1ebfn t\u1ea1i <a href=\"https:\/\/www.ielts.org\/about-the-test\/whistle-blower-report-form\" target=\"_blank\" rel=\"noreferrer nofollow noopener\">https:\/\/www.ielts.org\/about-the-test\/whistle-blower-report-form<\/a><\/p>\n<p>[\/vc_column_text][\/vc_column][\/vc_row]<\/p>\n","protected":false},"excerpt":{"rendered":"<p>[vc_row type=&#8221;in_container&#8221; full_screen_row_position=&#8221;middle&#8221; column_margin=&#8221;default&#8221; column_direction=&#8221;default&#8221; column_direction_tablet=&#8221;default&#8221; column_direction_phone=&#8221;default&#8221; scene_position=&#8221;center&#8221; top_padding=&#8221;50&#8243; bottom_padding=&#8221;25&#8243; text_color=&#8221;dark&#8221; text_align=&#8221;left&#8221; row_border_radius=&#8221;none&#8221; row_border_radius_applies=&#8221;bg&#8221; overlay_strength=&#8221;0.3&#8243; gradient_direction=&#8221;left_to_right&#8221; shape_divider_position=&#8221;bottom&#8221; bg_image_animation=&#8221;none&#8221;][vc_column column_padding=&#8221;no-extra-padding&#8221; column_padding_tablet=&#8221;inherit&#8221; column_padding_phone=&#8221;inherit&#8221; column_padding_position=&#8221;all&#8221; column_element_spacing=&#8221;default&#8221; background_color_opacity=&#8221;1&#8243; background_hover_color_opacity=&#8221;1&#8243; column_shadow=&#8221;none&#8221; column_border_radius=&#8221;none&#8221; column_link_target=&#8221;_self&#8221; gradient_direction=&#8221;left_to_right&#8221; overlay_strength=&#8221;0.3&#8243; width=&#8221;1\/2&#8243; tablet_width_inherit=&#8221;default&#8221; tablet_text_alignment=&#8221;default&#8221; phone_text_alignment=&#8221;default&#8221; bg_image_animation=&#8221;none&#8221; enable_animation=&#8221;true&#8221; animation=&#8221;fade-in-from-left&#8221; border_type=&#8221;simple&#8221; column_border_width=&#8221;none&#8221; column_border_style=&#8221;solid&#8221; delay=&#8221;2s&#8221;][vc_column_text] THAY \u0110\u1ed4I NG\u00c0Y THI C\u1ee6A B\u1ea0N \u0110\u1ec3 chuy\u1ec3n sang m\u1ed9t ng\u00e0y thi kh\u00e1c, b\u1ea1n [&hellip;]<\/p>\n","protected":false},"author":1,"featured_media":0,"parent":68145,"menu_order":30,"comment_status":"open","ping_status":"open","template":"","meta":{"footnotes":""},"_links":{"self":[{"href":"https:\/\/rewrite.cic-totalcare.com\/vi\/wp-json\/wp\/v2\/pages\/59645"}],"collection":[{"href":"https:\/\/rewrite.cic-totalcare.com\/vi\/wp-json\/wp\/v2\/pages"}],"about":[{"href":"https:\/\/rewrite.cic-totalcare.com\/vi\/wp-json\/wp\/v2\/types\/page"}],"author":[{"embeddable":true,"href":"https:\/\/rewrite.cic-totalcare.com\/vi\/wp-json\/wp\/v2\/users\/1"}],"replies":[{"embeddable":true,"href":"https:\/\/rewrite.cic-totalcare.com\/vi\/wp-json\/wp\/v2\/comments?post=59645"}],"version-history":[{"count":33,"href":"https:\/\/rewrite.cic-totalcare.com\/vi\/wp-json\/wp\/v2\/pages\/59645\/revisions"}],"predecessor-version":[{"id":132779,"href":"https:\/\/rewrite.cic-totalcare.com\/vi\/wp-json\/wp\/v2\/pages\/59645\/revisions\/132779"}],"up":[{"embeddable":true,"href":"https:\/\/rewrite.cic-totalcare.com\/vi\/wp-json\/wp\/v2\/pages\/68145"}],"wp:attachment":[{"href":"https:\/\/rewrite.cic-totalcare.com\/vi\/wp-json\/wp\/v2\/media?parent=59645"}],"curies":[{"name":"wp","href":"https:\/\/api.w.org\/{rel}","templated":true}]}}