{"id":65688,"date":"2022-01-27T08:58:51","date_gmt":"2022-01-27T13:58:51","guid":{"rendered":"https:\/\/www.cic-totalcare.com\/tuyen-sinh\/"},"modified":"2024-05-30T10:35:31","modified_gmt":"2024-05-30T14:35:31","slug":"admissions","status":"publish","type":"page","link":"https:\/\/rewrite.cic-totalcare.com\/vi\/admissions\/","title":{"rendered":"Tuy\u1ec3n Sinh"},"content":{"rendered":"<p>[vc_row type=&#8221;full_width_background&#8221; full_screen_row_position=&#8221;middle&#8221; scene_position=&#8221;center&#8221; text_color=&#8221;dark&#8221; text_align=&#8221;left&#8221; top_padding=&#8221;50&#8243; bottom_padding=&#8221;100&#8243; overlay_strength=&#8221;0.3&#8243;][vc_column enable_animation=&#8221;true&#8221; animation=&#8221;fade-in-from-left&#8221; column_padding=&#8221;no-extra-padding&#8221; column_padding_position=&#8221;all&#8221; background_color_opacity=&#8221;1&#8243; background_hover_color_opacity=&#8221;1&#8243; column_shadow=&#8221;none&#8221; width=&#8221;1\/1&#8243; tablet_text_alignment=&#8221;default&#8221; phone_text_alignment=&#8221;default&#8221; column_border_width=&#8221;none&#8221; column_border_style=&#8221;solid&#8221; delay=&#8221;2s&#8221;][vc_row_inner column_margin=&#8221;default&#8221; text_align=&#8221;left&#8221;][vc_column_inner column_padding=&#8221;no-extra-padding&#8221; column_padding_position=&#8221;all&#8221; background_color_opacity=&#8221;1&#8243; width=&#8221;1\/2&#8243; column_border_width=&#8221;none&#8221; column_border_style=&#8221;solid&#8221;][vc_column_text]<\/p>\n<h2 style=\"text-align: left;\">QUY TR\u00ccNH N\u1ed8P \u0110\u01a0N<\/h2>\n<p>[\/vc_column_text][vc_column_text]<\/p>\n<p style=\"text-align: left;\">Tr\u01b0\u1eddng Trung H\u1ecdc Qu\u1ed1c T\u1ebf Columbia cung c\u1ea5p c\u00e1c ch\u01b0\u01a1ng tr\u00ecnh \u0111\u00e0o t\u1ea1o sau:<\/p>\n<ul>\n<li>Trung H\u1ecdc Ph\u1ed5 Th\u00f4ng (L\u1edbp 9-12)<\/li>\n<li>Ch\u01b0\u01a1ng Tr\u00ecnh ESL<\/li>\n<li>Ch\u01b0\u01a1ng Tr\u00ecnh Tr\u1ea1i H\u00e8 ESL, vui l\u00f2ng li\u00ean h\u1ec7 qua email summer.camp@cic-totalcare.com **<\/li>\n<\/ul>\n<p style=\"text-align: left;\"><strong>H\u1ecdc sinh s\u1ebd \u0111\u01b0\u1ee3c nh\u1eafc nh\u1edf trong vi\u1ec7c ph\u1ea3i n\u1ed9p \u0111\u01a1n xin gi\u1ea5y ph\u00e9p du h\u1ecdc (Student Authorization Permit) t\u1ea1i \u0110\u1ea1i S\u1ee9 Qu\u00e1n ho\u1eb7c L\u00e3nh s\u1ef1 qu\u00e1n Canada \u1edf qu\u00ea nh\u00e0 ho\u1eb7c c\u00e1c qu\u1ed1c gia b\u00ean ngo\u00e0i Canada tr\u01b0\u1edbc khi \u0111\u1ebfn Canada.<\/strong><\/p>\n<p>[\/vc_column_text][\/vc_column_inner][vc_column_inner column_padding=&#8221;no-extra-padding&#8221; column_padding_position=&#8221;all&#8221; background_color_opacity=&#8221;1&#8243; width=&#8221;1\/2&#8243; column_border_width=&#8221;none&#8221; column_border_style=&#8221;solid&#8221;][vc_column_text]<\/p>\n<h2 style=\"text-align: left;\">6 \u0110\u1ee2T TUY\u1ec2N SINH M\u1ed8T N\u0102M<\/h2>\n<p>[\/vc_column_text][vc_column_text]<\/p>\n<h3>\u0110\u1ec3 ph\u00f9 h\u1ee3p v\u1edbi th\u1eddi gian c\u1ee7a h\u1ecdc sinh<\/h3>\n<p>Tr\u01b0\u1eddng Trung H\u1ecdc Qu\u1ed1c T\u1ebf Columbia c\u00e1 nh\u00e2n h\u00f3a tr\u1ea3i nghi\u1ec7m gi\u00e1o d\u1ee5c c\u1ee7a h\u1ecdc sinh \u0111\u1ec3 ph\u00f9 h\u1ee3p v\u1edbi nhu c\u1ea7u c\u1ee7a t\u1eebng h\u1ecdc sinh. Tr\u01b0\u1eddng c\u00f3 \u0111\u1ebfn 6 \u0111\u1ee3t tuy\u1ec3n sinh trong n\u0103m \u0111\u1ec3 thu\u1eadn ti\u1ec7n cho h\u1ecdc sinh nh\u1eadp h\u1ecdc. V\u1edbi l\u1ecbch tuy\u1ec3n sinh linh ho\u1ea1t c\u1ee7a nh\u00e0 tr\u01b0\u1eddng, h\u1ecdc sinh c\u00f3 th\u1ec3 b\u1eaft \u0111\u1ea7u theo h\u1ecdc t\u1ea1i Columbia ngay sau khi k\u1ebft th\u00fac m\u1ed9t h\u1ecdc k\u1ef3 ho\u1eb7c n\u0103m h\u1ecdc t\u1ea1i qu\u1ed1c gia c\u1ee7a m\u00ecnh. Do \u0111\u00f3 h\u1ecdc sinh c\u00f3 th\u1ec3:<\/p>\n<ul>\n<li>Kh\u00f4ng c\u1ea7n ch\u1edd \u0111\u1ee3i \u1edf nh\u00e0 m\u1ed9t th\u1eddi gian \u0111\u1ec3 ti\u1ebfp t\u1ee5c h\u1ecdc t\u1eadp v\u1edbi Columbia<\/li>\n<li>C\u00f3 th\u1ec3 ho\u00e0n t\u1ea5t ch\u01b0\u01a1ng tr\u00ecnh h\u1ecdc t\u1ea1i Columbia nhanh h\u01a1n v\u00e0 theo h\u1ecdc t\u1ea1i c\u00e1c tr\u01b0\u1eddng \u0111\u1ea1i h\u1ecdc m\u00e0 c\u00e1c em mong mu\u1ed1n trong th\u1eddi gian ng\u1eafn h\u01a1n<\/li>\n<\/ul>\n<p>[\/vc_column_text][\/vc_column_inner][\/vc_row_inner][divider line_type=&#8221;No Line&#8221; custom_height=&#8221;50&#8243;][vc_row_inner column_margin=&#8221;default&#8221; text_align=&#8221;left&#8221;][vc_column_inner column_padding=&#8221;no-extra-padding&#8221; column_padding_position=&#8221;all&#8221; background_color_opacity=&#8221;1&#8243; width=&#8221;1\/4&#8243; column_border_width=&#8221;none&#8221; column_border_style=&#8221;solid&#8221;][vc_column_text]<\/p>\n<p style=\"text-align: center;\">[icon color=&#8221;Accent-Color&#8221; size=&#8221;large&#8221; image=&#8221;fa fa-tag&#8221;]<\/p>\n<p>[\/vc_column_text][vc_column_text]<\/p>\n<h3 style=\"text-align: center;\">L\u1ec7 ph\u00ed<\/h3>\n<p>Nh\u00e0 tr\u01b0\u1eddng cung c\u1ea5p b\u1ea3ng chi ti\u1ebft h\u1ecdc ph\u00ed cho du h\u1ecdc sinh v\u00e0 h\u1ecdc sinh trong n\u01b0\u1edbc.<\/p>\n<p style=\"text-align: center;\"><a href=\"https:\/\/www.cic-totalcare.com\/vi\/admissions\/fees\/\">H\u1ecdc Ph\u00ed<\/a><\/p>\n<p>[\/vc_column_text][\/vc_column_inner][vc_column_inner column_padding=&#8221;no-extra-padding&#8221; column_padding_position=&#8221;all&#8221; background_color_opacity=&#8221;1&#8243; width=&#8221;1\/4&#8243; column_border_width=&#8221;none&#8221; column_border_style=&#8221;solid&#8221;][vc_column_text]<\/p>\n<p style=\"text-align: center;\">[icon color=&#8221;Accent-Color&#8221; size=&#8221;large&#8221; image=&#8221;fa fa-file-o&#8221;]<\/p>\n<p>[\/vc_column_text][vc_column_text]<\/p>\n<h3 style=\"text-align: center;\">N\u1ed9p \u0111\u01a1n tr\u1ef1c tuy\u1ebfn<\/h3>\n<p>Tr\u01b0\u1eddng c\u00f3 \u0111\u1ebfn 6 \u0111\u1ee3t tuy\u1ec3n sinh trong n\u0103m \u0111\u1ec3 thu\u1eadn ti\u1ec7n cho h\u1ecdc sinh nh\u1eadp h\u1ecdc. N\u1ed9p \u0111\u01a1n ngay h\u00f4m nay!<\/p>\n<p style=\"text-align: center;\"><a href=\"https:\/\/www.cic-totalcare.com\/vi\/apply-online\/\">N\u1ed9p \u0111\u01a1n tr\u1ef1c tuy\u1ebfn<\/a><\/p>\n<p>[\/vc_column_text][\/vc_column_inner][vc_column_inner column_padding=&#8221;no-extra-padding&#8221; column_padding_position=&#8221;all&#8221; background_color_opacity=&#8221;1&#8243; width=&#8221;1\/4&#8243; column_border_width=&#8221;none&#8221; column_border_style=&#8221;solid&#8221;][vc_column_text]<\/p>\n<p style=\"text-align: center;\">[icon color=&#8221;Accent-Color&#8221; size=&#8221;large&#8221; image=&#8221;steadysets-icon-pencil&#8221;]<\/p>\n<p>[\/vc_column_text][vc_column_text]<\/p>\n<h3 style=\"text-align: center;\">Thi \u0110\u00e1nh Gi\u00e1 N\u0103ng L\u1ef1c<\/h3>\n<p>\u0110\u1ec3 \u0111\u00e1nh gi\u00e1 n\u0103ng l\u1ef1c c\u1ee7a h\u1ecdc sinh, t\u1ea5t c\u1ea3 h\u1ecdc sinh m\u1edbi s\u1ebd \u0111\u01b0\u1ee3c y\u00eau c\u1ea7u l\u00e0m c\u00e1c b\u00e0i ki\u1ec3m tra \u0111\u00e1nh gi\u00e1 n\u0103ng l\u1ef1c tr\u01b0\u1edbc khi \u0111\u0103ng k\u00fd c\u00e1c m\u00f4n h\u1ecdc cho m\u00ecnh.<\/p>\n<p style=\"text-align: center;\"><a href=\"https:\/\/www.cic-totalcare.com\/vi\/?page_id=105277\">Thi \u0110\u00e1nh Gi\u00e1 N\u0103ng L\u1ef1c<\/a><\/p>\n<p>[\/vc_column_text][\/vc_column_inner][vc_column_inner column_padding=&#8221;no-extra-padding&#8221; column_padding_position=&#8221;all&#8221; background_color_opacity=&#8221;1&#8243; width=&#8221;1\/4&#8243; column_border_width=&#8221;none&#8221; column_border_style=&#8221;solid&#8221;][vc_column_text]<\/p>\n<p style=\"text-align: center;\">[icon color=&#8221;Accent-Color&#8221; size=&#8221;large&#8221; image=&#8221;fa fa-trophy&#8221;]<\/p>\n<p>[\/vc_column_text][vc_column_text]<\/p>\n<h3 style=\"text-align: center;\">Gi\u1ea3i Th\u01b0\u1edfng &amp; H\u1ecdc b\u1ed5ng<\/h3>\n<p>\u0110\u1ec3 \u0111\u1ee7 \u0111i\u1ec1u ki\u1ec7n nh\u1eadn gi\u1ea3i th\u01b0\u1edfng v\u00e0 h\u1ecdc b\u1ed5ng, t\u1ea5t c\u1ea3 c\u00e1c t\u00edn ch\u1ec9 ph\u1ea3i \u0111\u01b0\u1ee3c th\u1ef1c hi\u1ec7n trong v\u00f2ng 12 th\u00e1ng li\u00ean ti\u1ebfp.<\/p>\n<p style=\"text-align: center;\"><a href=\"https:\/\/www.cic-totalcare.com\/vi\/admissions\/awards-scholarships\/\">Gi\u1ea3i Th\u01b0\u1edfng &amp; H\u1ecdc b\u1ed5ng<\/a><\/p>\n<p>[\/vc_column_text][\/vc_column_inner][\/vc_row_inner][divider line_type=&#8221;No Line&#8221; custom_height=&#8221;50&#8243;][vc_column_text]<\/p>\n<h2 class=\"title-main\" style=\"text-align: center;\">H\u1eccC T\u1ea0I COLUMBIA M\u1ed8T K\u00cc CHO \u0110\u1ebeN M\u1ed8T N\u0102M<\/h2>\n<p>[\/vc_column_text][vc_column_text]<\/p>\n<h3><strong>Ch\u01b0\u01a1ng tr\u00ecnh h\u1ecdc 6 th\u00e1ng<\/strong><\/h3>\n<table width=\"100%\">\n<thead>\n<tr>\n<th class=\"confluenceTh\" scope=\"col\">Th\u00e1ng 1<\/th>\n<th class=\"confluenceTh\" scope=\"col\">Th\u00e1ng 2<\/th>\n<th class=\"confluenceTh\" scope=\"col\">Th\u00e1ng 3<\/th>\n<th class=\"confluenceTh\" scope=\"col\">Th\u00e1ng 4<\/th>\n<th class=\"confluenceTh\" scope=\"col\">Gi\u1eefa th\u00e1ng 5<\/th>\n<th class=\"confluenceTh\" scope=\"col\">Gi\u1eefa th\u00e1ng 5<\/th>\n<th class=\"confluenceTh\" scope=\"col\">Th\u00e1ng 6<\/th>\n<th class=\"confluenceTh\" scope=\"col\">Th\u00e1ng 7<\/th>\n<th class=\"confluenceTh\" scope=\"col\">Gi\u1eefa th\u00e1ng 8<\/th>\n<th class=\"confluenceTh\" scope=\"col\">Gi\u1eefa th\u00e1ng 8<\/th>\n<th class=\"confluenceTh\" scope=\"col\">Th\u00e1ng 9<\/th>\n<th class=\"confluenceTh\" scope=\"col\">Th\u00e1ng 10<\/th>\n<th class=\"confluenceTh\" scope=\"col\">Th\u00e1ng 11<\/th>\n<th class=\"confluenceTh\" scope=\"col\">Th\u00e1ng 12<\/th>\n<\/tr>\n<\/thead>\n<tbody>\n<tr>\n<td class=\"confluenceTd\" colspan=\"5\">4 t\u00edn ch\u1ec9<\/td>\n<td class=\"confluenceTd\" colspan=\"2\">2 t\u00edn ch\u1ec9<\/td>\n<td class=\"confluenceTd\" colspan=\"2\">Ngh\u1ec9 l\u1ec5<\/td>\n<td class=\"confluenceTd\" colspan=\"5\"><\/td>\n<\/tr>\n<tr>\n<td class=\"confluenceTd\" colspan=\"5\"><\/td>\n<td class=\"confluenceTd\" colspan=\"2\">2 t\u00edn ch\u1ec9<\/td>\n<td class=\"confluenceTd\" colspan=\"2\">Ngh\u1ec9 l\u1ec5<\/td>\n<td class=\"confluenceTd\" colspan=\"5\">4 t\u00edn ch\u1ec9<\/td>\n<\/tr>\n<tr>\n<td class=\"confluenceTd\" colspan=\"14\">H\u1ecdc sinh vi\u00ean c\u00f3 th\u1ec3 h\u1ecdc \u0111\u1ebfn 6 t\u00edn ch\u1ec9<\/td>\n<\/tr>\n<\/tbody>\n<\/table>\n<h3><strong>Ch\u01b0\u01a1ng tr\u00ecnh h\u1ecdc 10 th\u00e1ng<\/strong><\/h3>\n<table width=\"100%\">\n<thead>\n<tr>\n<th class=\"confluenceTh\" scope=\"col\">Th\u00e1ng 8<\/th>\n<th class=\"confluenceTh\" scope=\"col\">Th\u00e1ng 9<\/th>\n<th class=\"confluenceTh\" scope=\"col\">Th\u00e1ng 10<\/th>\n<th class=\"confluenceTh\" scope=\"col\">Th\u00e1ng 11<\/th>\n<th class=\"confluenceTh\" scope=\"col\">Th\u00e1ng 12<\/th>\n<th class=\"confluenceTh\" scope=\"col\">Th\u00e1ng 1<\/th>\n<th class=\"confluenceTh\" scope=\"col\">Th\u00e1ng 2<\/th>\n<th class=\"confluenceTh\" scope=\"col\">Th\u00e1ng 3<\/th>\n<th class=\"confluenceTh\" scope=\"col\">Th\u00e1ng 4<\/th>\n<th class=\"confluenceTh\" scope=\"col\">Th\u00e1ng 5<\/th>\n<th class=\"confluenceTh\" scope=\"col\">Th\u00e1ng 6<\/th>\n<th class=\"confluenceTh\" scope=\"col\">Th\u00e1ng 7<\/th>\n<\/tr>\n<\/thead>\n<tbody>\n<tr>\n<td class=\"confluenceTd\" colspan=\"5\">3 ho\u1eb7c 4 t\u00edn ch\u1ec9<\/td>\n<td class=\"confluenceTd\" colspan=\"5\">3 ho\u1eb7c 4 t\u00edn ch\u1ec9<\/td>\n<td class=\"confluenceTd\" colspan=\"2\">Ngh\u1ec9 l\u1ec5<\/td>\n<\/tr>\n<tr>\n<td class=\"confluenceTd\" colspan=\"14\">H\u1ecdc sinh vi\u00ean c\u00f3 th\u1ec3 h\u1ecdc \u0111\u1ebfn 8 t\u00edn ch\u1ec9 m\u1ed7i n\u0103m<\/td>\n<\/tr>\n<tr>\n<td class=\"confluenceTd\" colspan=\"5\">3 ho\u1eb7c 4 t\u00edn ch\u1ec9<\/td>\n<td class=\"confluenceTd\" colspan=\"5\">3 ho\u1eb7c 4 t\u00edn ch\u1ec9<\/td>\n<td class=\"confluenceTd\">2 t\u00edn ch\u1ec9<\/td>\n<td class=\"confluenceTd\">Ngh\u1ec9 l\u1ec5<\/td>\n<\/tr>\n<tr>\n<td class=\"confluenceTd\" colspan=\"14\">H\u1ecdc sinh vi\u00ean c\u00f3 th\u1ec3 h\u1ecdc \u0111\u1ebfn 10 t\u00edn ch\u1ec9 m\u1ed7i n\u0103m<\/td>\n<\/tr>\n<\/tbody>\n<\/table>\n<p>[\/vc_column_text][divider line_type=&#8221;No Line&#8221; custom_height=&#8221;50&#8243;][vc_column_text]<\/p>\n<h2 class=\"title-main\" style=\"text-align: center;\">TH\u1edcI GIAN H\u1eccC T\u1eacP<\/h2>\n<p>[\/vc_column_text][vc_column_text]<\/p>\n<h3><strong>Ch\u01b0\u01a1ng tr\u00ecnh h\u1ecdc 12 th\u00e1ng<\/strong><\/h3>\n<table>\n<thead>\n<tr>\n<th class=\"confluenceTh\" scope=\"col\"><strong>Ch\u01b0\u01a1ng Tr\u00ecnh Gi\u00e1o D\u1ee5c<\/strong><\/th>\n<th class=\"confluenceTh\" scope=\"col\"><strong>T\u00edn ch\u1ec9 \u0111\u01b0\u1ee3c c\u00f4ng nh\u1eadn t\u1ed1i \u0111a<\/strong><\/th>\n<th class=\"confluenceTh\" scope=\"col\"><strong>C\u1ea7n ho\u00e0n th\u00e0nh<\/strong><\/th>\n<th class=\"confluenceTh\" scope=\"col\"><strong>Th\u00e1ng 8 &#8211; 12 <\/strong><\/th>\n<th class=\"confluenceTh\" scope=\"col\"><strong>Th\u00e1ng 1 &#8211; 5<\/strong><\/th>\n<th class=\"confluenceTh\" scope=\"col\"><strong>Th\u00e1ng 6 &#8211; 7 <\/strong><\/th>\n<th class=\"confluenceTh\" scope=\"col\"><strong>Th\u00e1ng 8 &#8211; 12 <\/strong><\/th>\n<th class=\"confluenceTh\" scope=\"col\"><strong>Th\u00e1ng 1 &#8211; 5 <\/strong><\/th>\n<th class=\"confluenceTh\" scope=\"col\"><strong>Th\u00e1ng 6 &#8211; 7 <\/strong><\/th>\n<th class=\"confluenceTh\" scope=\"col\"><strong>Th\u00e1ng 8 &#8211; 12 <\/strong><\/th>\n<th class=\"confluenceTh\" scope=\"col\"><strong>Th\u00e1ng 1<\/strong><\/th>\n<\/tr>\n<\/thead>\n<tbody>\n<tr>\n<th class=\"confluenceTh\" scope=\"row\">T\u1ed1t nghi\u1ec7p THPT v\u1edbi b\u1eb1ng t\u1ed1t nghi\u1ec7p<\/th>\n<td class=\"confluenceTd\">24 t\u00edn ch\u1ec9<\/td>\n<td class=\"confluenceTd\">6 t\u00edn ch\u1ec9<\/td>\n<td class=\"confluenceTd\">3 t\u00edn ch\u1ec9<\/td>\n<td class=\"confluenceTd\">3 t\u00edn ch\u1ec9<\/td>\n<td class=\"confluenceTd\">V\u00e0o \u0110\u1ea1i H\u1ecdc<\/td>\n<td colspan=\"5\"><\/td>\n<\/tr>\n<tr>\n<th class=\"confluenceTh\" scope=\"row\">Ho\u00e0n th\u00e0nh l\u1edbp 11<\/th>\n<td class=\"confluenceTd\">22 t\u00edn ch\u1ec9<\/td>\n<td class=\"confluenceTd\">8 t\u00edn ch\u1ec9<\/td>\n<td class=\"confluenceTd\">4 t\u00edn ch\u1ec9<\/td>\n<td class=\"confluenceTd\">4 t\u00edn ch\u1ec9<\/td>\n<td class=\"confluenceTd\">V\u00e0o \u0110\u1ea1i H\u1ecdc<\/td>\n<td colspan=\"5\"><\/td>\n<\/tr>\n<tr>\n<th class=\"confluenceTh\" scope=\"row\">Ho\u00e0n th\u00e0nh l\u1edbp 10<\/th>\n<td class=\"confluenceTd\">16 t\u00edn ch\u1ec9<\/td>\n<td class=\"confluenceTd\">14 t\u00edn ch\u1ec9<\/td>\n<td class=\"confluenceTd\">4 t\u00edn ch\u1ec9<\/td>\n<td class=\"confluenceTd\">4 t\u00edn ch\u1ec9<\/td>\n<td class=\"confluenceTd\">2 t\u00edn ch\u1ec9<\/td>\n<td class=\"confluenceTd\">4 t\u00edn ch\u1ec9<\/td>\n<td class=\"confluenceTd\">V\u00e0o \u0110\u1ea1i H\u1ecdc<\/td>\n<td colspan=\"3\"><\/td>\n<\/tr>\n<tr>\n<th class=\"confluenceTh\" scope=\"row\">Ho\u00e0n th\u00e0nh l\u1edbp 9<\/th>\n<td class=\"confluenceTd\">8 t\u00edn ch\u1ec9<\/td>\n<td class=\"confluenceTd\">22 t\u00edn ch\u1ec9<\/td>\n<td class=\"confluenceTd\">4 t\u00edn ch\u1ec9<\/td>\n<td class=\"confluenceTd\">4 t\u00edn ch\u1ec9<\/td>\n<td class=\"confluenceTd\">2 t\u00edn ch\u1ec9<\/td>\n<td class=\"confluenceTd\">4 t\u00edn ch\u1ec9<\/td>\n<td class=\"confluenceTd\">4 t\u00edn ch\u1ec9<\/td>\n<td class=\"confluenceTd\">K\u00ec ngh\u1ec9 h\u00e8<\/td>\n<td class=\"confluenceTd\">4 t\u00edn ch\u1ec9<\/td>\n<td class=\"confluenceTd\">V\u00e0o \u0110\u1ea1i H\u1ecdc<\/td>\n<\/tr>\n<tr>\n<th class=\"confluenceTh\" scope=\"row\">Ho\u00e0n th\u00e0nh l\u1edbp 8<\/th>\n<td class=\"confluenceTd\">0 t\u00edn ch\u1ec9<\/td>\n<td class=\"confluenceTd\">30 t\u00edn ch\u1ec9<\/td>\n<td class=\"confluenceTd\" colspan=\"9\"><strong>C\u00f3 th\u1ec3 ho\u00e0n th\u00e0nh trong 36 th\u00e1ng<\/strong><\/td>\n<\/tr>\n<\/tbody>\n<\/table>\n<p>[\/vc_column_text][\/vc_column][\/vc_row]<\/p>\n","protected":false},"excerpt":{"rendered":"<p>[vc_row type=&#8221;full_width_background&#8221; full_screen_row_position=&#8221;middle&#8221; scene_position=&#8221;center&#8221; text_color=&#8221;dark&#8221; text_align=&#8221;left&#8221; top_padding=&#8221;50&#8243; bottom_padding=&#8221;100&#8243; overlay_strength=&#8221;0.3&#8243;][vc_column enable_animation=&#8221;true&#8221; animation=&#8221;fade-in-from-left&#8221; column_padding=&#8221;no-extra-padding&#8221; column_padding_position=&#8221;all&#8221; background_color_opacity=&#8221;1&#8243; background_hover_color_opacity=&#8221;1&#8243; column_shadow=&#8221;none&#8221; width=&#8221;1\/1&#8243; tablet_text_alignment=&#8221;default&#8221; phone_text_alignment=&#8221;default&#8221; column_border_width=&#8221;none&#8221; column_border_style=&#8221;solid&#8221; delay=&#8221;2s&#8221;][vc_row_inner column_margin=&#8221;default&#8221; text_align=&#8221;left&#8221;][vc_column_inner column_padding=&#8221;no-extra-padding&#8221; column_padding_position=&#8221;all&#8221; background_color_opacity=&#8221;1&#8243; width=&#8221;1\/2&#8243; column_border_width=&#8221;none&#8221; column_border_style=&#8221;solid&#8221;][vc_column_text] QUY TR\u00ccNH N\u1ed8P \u0110\u01a0N [\/vc_column_text][vc_column_text] Tr\u01b0\u1eddng Trung H\u1ecdc Qu\u1ed1c T\u1ebf Columbia cung c\u1ea5p c\u00e1c ch\u01b0\u01a1ng tr\u00ecnh \u0111\u00e0o t\u1ea1o sau: Trung H\u1ecdc Ph\u1ed5 Th\u00f4ng (L\u1edbp 9-12) [&hellip;]<\/p>\n","protected":false},"author":1,"featured_media":0,"parent":0,"menu_order":69,"comment_status":"open","ping_status":"open","template":"","meta":{"footnotes":""},"_links":{"self":[{"href":"https:\/\/rewrite.cic-totalcare.com\/vi\/wp-json\/wp\/v2\/pages\/65688"}],"collection":[{"href":"https:\/\/rewrite.cic-totalcare.com\/vi\/wp-json\/wp\/v2\/pages"}],"about":[{"href":"https:\/\/rewrite.cic-totalcare.com\/vi\/wp-json\/wp\/v2\/types\/page"}],"author":[{"embeddable":true,"href":"https:\/\/rewrite.cic-totalcare.com\/vi\/wp-json\/wp\/v2\/users\/1"}],"replies":[{"embeddable":true,"href":"https:\/\/rewrite.cic-totalcare.com\/vi\/wp-json\/wp\/v2\/comments?post=65688"}],"version-history":[{"count":9,"href":"https:\/\/rewrite.cic-totalcare.com\/vi\/wp-json\/wp\/v2\/pages\/65688\/revisions"}],"predecessor-version":[{"id":132377,"href":"https:\/\/rewrite.cic-totalcare.com\/vi\/wp-json\/wp\/v2\/pages\/65688\/revisions\/132377"}],"wp:attachment":[{"href":"https:\/\/rewrite.cic-totalcare.com\/vi\/wp-json\/wp\/v2\/media?parent=65688"}],"curies":[{"name":"wp","href":"https:\/\/api.w.org\/{rel}","templated":true}]}}