{"id":67754,"date":"2022-05-10T10:31:14","date_gmt":"2022-05-10T14:31:14","guid":{"rendered":"https:\/\/www.cic-totalcare.com\/total-care-education\/total-care-learning\/chuong-trinh-esl\/"},"modified":"2024-06-17T13:47:17","modified_gmt":"2024-06-17T17:47:17","slug":"esl","status":"publish","type":"page","link":"https:\/\/rewrite.cic-totalcare.com\/vi\/total-care-education\/total-care-learning\/esl\/","title":{"rendered":"Ch\u01b0\u01a1ng Tr\u00ecnh ESL"},"content":{"rendered":"<p>[vc_row type=&#8221;in_container&#8221; full_screen_row_position=&#8221;middle&#8221; column_margin=&#8221;default&#8221; column_direction=&#8221;default&#8221; column_direction_tablet=&#8221;default&#8221; column_direction_phone=&#8221;default&#8221; scene_position=&#8221;center&#8221; top_padding=&#8221;50&#8243; bottom_padding=&#8221;50&#8243; text_color=&#8221;dark&#8221; text_align=&#8221;left&#8221; row_border_radius=&#8221;none&#8221; row_border_radius_applies=&#8221;bg&#8221; overlay_strength=&#8221;0.3&#8243; gradient_direction=&#8221;left_to_right&#8221; shape_divider_position=&#8221;bottom&#8221; bg_image_animation=&#8221;none&#8221;][vc_column column_padding=&#8221;no-extra-padding&#8221; column_padding_tablet=&#8221;inherit&#8221; column_padding_phone=&#8221;inherit&#8221; column_padding_position=&#8221;all&#8221; column_element_spacing=&#8221;default&#8221; background_color_opacity=&#8221;1&#8243; background_hover_color_opacity=&#8221;1&#8243; column_shadow=&#8221;none&#8221; column_border_radius=&#8221;none&#8221; column_link_target=&#8221;_self&#8221; gradient_direction=&#8221;left_to_right&#8221; overlay_strength=&#8221;0.3&#8243; width=&#8221;1\/4&#8243; tablet_width_inherit=&#8221;default&#8221; tablet_text_alignment=&#8221;default&#8221; phone_text_alignment=&#8221;default&#8221; bg_image_animation=&#8221;none&#8221; enable_animation=&#8221;true&#8221; animation=&#8221;fade-in-from-left&#8221; border_type=&#8221;simple&#8221; column_border_width=&#8221;none&#8221; column_border_style=&#8221;solid&#8221; delay=&#8221;2s&#8221;][vc_column_text]<\/p>\n<p style=\"text-align: left;\">Tr\u01b0\u1eddng Trung H\u1ecdc Qu\u1ed1c T\u1ebf Columbia cung c\u1ea5p ch\u01b0\u01a1ng tr\u00ecnh Ti\u1ebfng Anh ESL to\u00e0n di\u1ec7n cho h\u1ecdc sinh t\u1ea1i Canada v\u00e0 qu\u1ed1c t\u1ebf v\u1edbi c\u00e1c tr\u00ecnh \u0111\u1ed9 ESL kh\u00e1c nhau. Ch\u01b0\u01a1ng tr\u00ecnh ESL cung c\u1ea5p 5 c\u1ea5p \u0111\u1ed9 gi\u1ea3ng d\u1ea1y t\u1eeb S\u01a1 c\u1ea5p (ESLAO) \u0111\u1ebfn N\u00e2ng cao (ESLEO).<\/p>\n<p>[\/vc_column_text][\/vc_column][vc_column column_padding=&#8221;no-extra-padding&#8221; column_padding_tablet=&#8221;inherit&#8221; column_padding_phone=&#8221;inherit&#8221; column_padding_position=&#8221;all&#8221; column_element_spacing=&#8221;default&#8221; background_color_opacity=&#8221;1&#8243; background_hover_color_opacity=&#8221;1&#8243; column_shadow=&#8221;none&#8221; column_border_radius=&#8221;none&#8221; column_link_target=&#8221;_self&#8221; gradient_direction=&#8221;left_to_right&#8221; overlay_strength=&#8221;0.3&#8243; width=&#8221;3\/4&#8243; tablet_width_inherit=&#8221;default&#8221; tablet_text_alignment=&#8221;default&#8221; phone_text_alignment=&#8221;default&#8221; bg_image_animation=&#8221;none&#8221; border_type=&#8221;simple&#8221; column_border_width=&#8221;none&#8221; column_border_style=&#8221;solid&#8221;][vc_row_inner column_margin=&#8221;default&#8221; column_direction=&#8221;default&#8221; column_direction_tablet=&#8221;default&#8221; column_direction_phone=&#8221;default&#8221; text_align=&#8221;left&#8221;][vc_column_inner column_padding=&#8221;no-extra-padding&#8221; column_padding_tablet=&#8221;inherit&#8221; column_padding_phone=&#8221;inherit&#8221; column_padding_position=&#8221;all&#8221; column_element_spacing=&#8221;default&#8221; background_color_opacity=&#8221;1&#8243; background_hover_color_opacity=&#8221;1&#8243; column_shadow=&#8221;none&#8221; column_border_radius=&#8221;none&#8221; column_link_target=&#8221;_self&#8221; gradient_direction=&#8221;left_to_right&#8221; overlay_strength=&#8221;0.3&#8243; width=&#8221;1\/1&#8243; tablet_width_inherit=&#8221;default&#8221; bg_image_animation=&#8221;none&#8221; border_type=&#8221;simple&#8221; column_border_width=&#8221;none&#8221; column_border_style=&#8221;solid&#8221;][vc_column_text]<strong>Th\u00f4ng qua c\u00e1c b\u00e0i h\u1ecdc trong ch\u01b0\u01a1ng tr\u00ecnh ESL, h\u1ecdc sinh s\u1ebd:<\/strong>[\/vc_column_text][\/vc_column_inner][\/vc_row_inner][vc_row_inner column_margin=&#8221;default&#8221; column_direction=&#8221;default&#8221; column_direction_tablet=&#8221;default&#8221; column_direction_phone=&#8221;default&#8221; text_align=&#8221;left&#8221;][vc_column_inner column_padding=&#8221;no-extra-padding&#8221; column_padding_tablet=&#8221;inherit&#8221; column_padding_phone=&#8221;inherit&#8221; column_padding_position=&#8221;all&#8221; column_element_spacing=&#8221;default&#8221; background_color_opacity=&#8221;1&#8243; background_hover_color_opacity=&#8221;1&#8243; column_shadow=&#8221;none&#8221; column_border_radius=&#8221;none&#8221; column_link_target=&#8221;_self&#8221; gradient_direction=&#8221;left_to_right&#8221; overlay_strength=&#8221;0.3&#8243; width=&#8221;1\/2&#8243; tablet_width_inherit=&#8221;default&#8221; bg_image_animation=&#8221;none&#8221; border_type=&#8221;simple&#8221; column_border_width=&#8221;none&#8221; column_border_style=&#8221;solid&#8221;][fancy-ul icon_type=&#8221;standard_dash&#8221; color=&#8221;Accent-Color&#8221; alignment=&#8221;left&#8221; spacing=&#8221;default&#8221;]<\/p>\n<ul>\n<li>H\u1ecdc c\u00e1ch giao ti\u1ebfp r\u00f5 r\u00e0ng v\u00e0 hi\u1ec7u qu\u1ea3.<\/li>\n<li>Ph\u00e1t tri\u1ec3n t\u1ed1t c\u00e1c k\u1ef9 n\u0103ng ti\u1ebfng anh v\u1edbi nghe, n\u00f3i, \u0111\u1ecdc v\u00e0 vi\u1ebft.<\/li>\n<li>C\u1ea3i thi\u1ec7n v\u00e0 m\u1edf r\u1ed9ng v\u1ed1n t\u1eeb v\u1ef1ng, kh\u1ea3 n\u0103ng \u0111\u1ecdc hi\u1ec3u, giao ti\u1ebfp v\u00e0 ph\u00e1t \u00e2m c\u1ee7a h\u1ecdc sinh.<\/li>\n<\/ul>\n<p>[\/fancy-ul][\/vc_column_inner][vc_column_inner column_padding=&#8221;no-extra-padding&#8221; column_padding_tablet=&#8221;inherit&#8221; column_padding_phone=&#8221;inherit&#8221; column_padding_position=&#8221;all&#8221; column_element_spacing=&#8221;default&#8221; background_color_opacity=&#8221;1&#8243; background_hover_color_opacity=&#8221;1&#8243; column_shadow=&#8221;none&#8221; column_border_radius=&#8221;none&#8221; column_link_target=&#8221;_self&#8221; gradient_direction=&#8221;left_to_right&#8221; overlay_strength=&#8221;0.3&#8243; width=&#8221;1\/2&#8243; tablet_width_inherit=&#8221;default&#8221; bg_image_animation=&#8221;none&#8221; border_type=&#8221;simple&#8221; column_border_width=&#8221;none&#8221; column_border_style=&#8221;solid&#8221;][fancy-ul icon_type=&#8221;standard_dash&#8221; color=&#8221;Accent-Color&#8221; alignment=&#8221;left&#8221; spacing=&#8221;default&#8221;]<\/p>\n<ul>\n<li> C\u00f3 c\u01a1 h\u1ed9i th\u1ef1c h\u00e0nh v\u00e0 ho\u00e0n thi\u1ec7n ti\u1ebfng Anh c\u1ea3 trong v\u00e0 ngo\u00e0i l\u1edbp h\u1ecdc.<\/li>\n<li>C\u00e1c em s\u1ebd \u0111\u01b0\u1ee3c chu\u1ea9n b\u1ecb v\u1eefng v\u00e0ng v\u1edbi ch\u01b0\u01a1ng tr\u00ecnh Ti\u1ebfng Anh H\u1ecdc Thu\u1eadt nh\u1eb1m gi\u00fap c\u00e1c em h\u1ecdc \u0111\u1ea1i h\u1ecdc d\u1ec5 d\u00e0ng h\u01a1n.<\/li>\n<li>H\u1ecdc sinh ESL h\u1ecdc ti\u1ebfng Anh trong m\u00f4i tr\u01b0\u1eddng l\u1edbp h\u1ecdc c\u1ee7a Canada<\/li>\n<\/ul>\n<p>[\/fancy-ul][\/vc_column_inner][\/vc_row_inner][\/vc_column][\/vc_row][vc_row type=&#8221;full_width_background&#8221; full_screen_row_position=&#8221;middle&#8221; column_margin=&#8221;default&#8221; column_direction=&#8221;default&#8221; column_direction_tablet=&#8221;default&#8221; column_direction_phone=&#8221;default&#8221; bg_color=&#8221;#333333&#8243; scene_position=&#8221;center&#8221; top_padding=&#8221;50&#8243; bottom_padding=&#8221;50&#8243; text_color=&#8221;light&#8221; text_align=&#8221;left&#8221; row_border_radius=&#8221;none&#8221; row_border_radius_applies=&#8221;bg&#8221; class=&#8221;cbg&#8221; overlay_strength=&#8221;0.3&#8243; gradient_direction=&#8221;left_to_right&#8221; shape_divider_position=&#8221;bottom&#8221; bg_image_animation=&#8221;none&#8221;][vc_column column_padding=&#8221;no-extra-padding&#8221; column_padding_tablet=&#8221;inherit&#8221; column_padding_phone=&#8221;inherit&#8221; column_padding_position=&#8221;all&#8221; column_element_spacing=&#8221;default&#8221; background_color_opacity=&#8221;1&#8243; background_hover_color_opacity=&#8221;1&#8243; column_shadow=&#8221;none&#8221; column_border_radius=&#8221;none&#8221; column_link_target=&#8221;_self&#8221; gradient_direction=&#8221;left_to_right&#8221; overlay_strength=&#8221;0.3&#8243; width=&#8221;1\/2&#8243; tablet_width_inherit=&#8221;default&#8221; tablet_text_alignment=&#8221;default&#8221; phone_text_alignment=&#8221;default&#8221; bg_image_animation=&#8221;none&#8221; enable_animation=&#8221;true&#8221; animation=&#8221;fade-in-from-left&#8221; border_type=&#8221;simple&#8221; column_border_width=&#8221;none&#8221; column_border_style=&#8221;solid&#8221; delay=&#8221;2s&#8221;][fancy-ul icon_type=&#8221;standard_dash&#8221; color=&#8221;Accent-Color&#8221; alignment=&#8221;left&#8221; spacing=&#8221;default&#8221;]<\/p>\n<h2>T\u1ed1i \u01b0u k\u1ef9 n\u0103ng ti\u1ebfng Anh c\u1ee7a h\u1ecdc sinh<\/h2>\n<ul>\n<li>L\u00ean \u0111\u1ebfn 33 gi\u1edd h\u1ecdc l\u1edbp ESL m\u1ed7i tu\u1ea7n (5-6 gi\u1edd m\u1ed9t ng\u00e0y, t\u1eeb th\u1ee9 Hai \u0111\u1ebfn th\u1ee9 S\u00e1u), h\u1ed7 tr\u1ee3 h\u1ecdc sinh n\u00e2ng cao tr\u00ecnh \u0111\u1ed9 ti\u1ebfng Anh c\u1ee7a m\u00ecnh.<\/li>\n<li>Gi\u00e1o vi\u00ean gi\u1ea3ng d\u1ea1y c\u00e1c l\u1edbp ESL \u0111\u1ec1u c\u00f3 b\u1eb1ng c\u1ea5p, \u00e1p d\u1ee5ng c\u00e1c ph\u01b0\u01a1ng ph\u00e1p gi\u1ea3ng d\u1ea1y v\u00e0 luy\u1ec7n t\u1eadp to\u00e0n di\u1ec7n gi\u00fap h\u1ecdc sinh t\u1ed1i \u01b0u k\u1ef9 n\u0103ng ti\u1ebfng Anh c\u1ee7a m\u00ecnh .<\/li>\n<li>C\u00e1c l\u1edbp ESL c\u00f3 t\u00ednh t\u01b0\u01a1ng t\u00e1c v\u1edbi quy m\u00f4 nh\u1ecf ch\u1ec9 t\u1eeb 15 \u0111\u1ebfn 20 h\u1ecdc sinh cho ph\u00e9p h\u1ecdc sinh c\u00f3 \u0111\u01b0\u1ee3c s\u1ef1 quan t\u00e2m v\u00e0 tr\u1ee3 gi\u00fap c\u00e1 nh\u00e2n t\u1eeb gi\u00e1o vi\u00ean.<\/li>\n<li>Gi\u00e1o vi\u00ean s\u1eed d\u1ee5ng c\u00e1c c\u00f4ng c\u1ee5 h\u1ed7 tr\u1ee3 h\u1ecdc t\u1eadp trong c\u00e1c l\u1edbp ESL nh\u01b0 l\u00e0 ph\u00f2ng th\u1ef1c h\u00e0nh ng\u00f4n ng\u1eef v\u00e0 m\u00e1y t\u00ednh, \u0111a ph\u01b0\u01a1ng ti\u1ec7n, video, h\u1ed9i th\u1ea3o v\u00e0 di\u1ec5n gi\u1ea3 kh\u00e1ch m\u1eddi; Cung c\u1ea5p cho h\u1ecdc sinh nhi\u1ec1u c\u00e1ch h\u1ecdc t\u1eadp kh\u00e1c nhau \u0111\u1ec3 th\u1ef1c h\u00e0nh v\u00e0 n\u00e2ng cao k\u1ef9 n\u0103ng ti\u1ebfng Anh c\u1ee7a m\u00ecnh.<\/li>\n<li>Kh\u00f3a \u0111\u00e0o t\u1ea1o TOEFL\n<ul>\n<li>Kh\u00f3a \u0111\u00e0o t\u1ea1o n\u00e0y gi\u00fap h\u1ecdc sinh n\u1eafm \u0111\u01b0\u1ee3c c\u00e1c k\u1ef9 n\u0103ng l\u00e0m b\u00e0i v\u00e0 l\u00e0m c\u00e1c b\u00e0i thi th\u1eed TOEFL \u0111\u1ec3 \u0111\u1ea1t k\u1ebft qu\u1ea3 TOEFL cao h\u01a1n.<\/li>\n<li>Kh\u00f3a h\u1ecdc \u0111\u01b0\u1ee3c m\u1edf v\u00e0o duy nh\u1ea5t m\u1ed7i s\u00e1ng th\u1ee9 B\u1ea3y.<\/li>\n<\/ul>\n<\/li>\n<\/ul>\n<p>[\/fancy-ul][\/vc_column][vc_column column_padding=&#8221;no-extra-padding&#8221; column_padding_tablet=&#8221;inherit&#8221; column_padding_phone=&#8221;inherit&#8221; column_padding_position=&#8221;all&#8221; column_element_spacing=&#8221;default&#8221; background_color_opacity=&#8221;1&#8243; background_hover_color_opacity=&#8221;1&#8243; column_shadow=&#8221;none&#8221; column_border_radius=&#8221;none&#8221; column_link_target=&#8221;_self&#8221; gradient_direction=&#8221;left_to_right&#8221; overlay_strength=&#8221;0.3&#8243; width=&#8221;1\/2&#8243; tablet_width_inherit=&#8221;default&#8221; tablet_text_alignment=&#8221;default&#8221; phone_text_alignment=&#8221;default&#8221; bg_image_animation=&#8221;none&#8221; border_type=&#8221;simple&#8221; column_border_width=&#8221;none&#8221; column_border_style=&#8221;solid&#8221;][vc_column_text]<\/p>\n<h2>Trung t\u00e2m kh\u1ea3o th\u00ed TOEFL ch\u00ednh th\u1ee9c, MELAB<\/h2>\n<ul>\n<li>Trung H\u1ecdc Qu\u1ed1c T\u1ebf Columbia l\u00e0 trung t\u00e2m kh\u1ea3o th\u00ed TOEFL iBT ch\u00ednh th\u1ee9c \u0111\u01b0\u1ee3c ETS \u1ee7y quy\u1ec1n.<\/li>\n<li>Tr\u01b0\u1eddng c\u00f2n l\u00e0 trung t\u00e2m kh\u1ea3o th\u00ed ch\u00ednh th\u1ee9c c\u1ee7a MELAB.<\/li>\n<li>H\u1ecdc sinh c\u00f3 th\u1ec3 l\u00e0m c\u00e1c b\u00e0i thi b\u00ean trong m\u1ed9t kh\u00f4ng gian thu\u1eadn ti\u1ec7n, quen thu\u1ed9c v\u00e0 tho\u1ea3i m\u00e1i h\u01a1n, t\u1eeb \u0111\u00f3 \u00e1p l\u1ef1c khi l\u00e0m b\u00e0i s\u1ebd gi\u1ea3m \u0111i.<\/li>\n<li>H\u1ecdc sinh ti\u1ebft ki\u1ec7m \u0111\u01b0\u1ee3c th\u1eddi gian v\u00e0 ti\u1ec1n b\u1ea1c b\u1eb1ng c\u00e1ch thi c\u00e1c ch\u1ee9ng ch\u1ec9 n\u00e0y t\u1ea1i Tr\u01b0\u1eddng Trung H\u1ecdc Qu\u1ed1c t\u1ebf Columbia.<\/li>\n<\/ul>\n<p>[\/vc_column_text][\/vc_column][\/vc_row][vc_row type=&#8221;in_container&#8221; full_screen_row_position=&#8221;middle&#8221; column_margin=&#8221;default&#8221; column_direction=&#8221;default&#8221; column_direction_tablet=&#8221;default&#8221; column_direction_phone=&#8221;default&#8221; scene_position=&#8221;center&#8221; top_padding=&#8221;50&#8243; bottom_padding=&#8221;50&#8243; text_color=&#8221;dark&#8221; text_align=&#8221;left&#8221; row_border_radius=&#8221;none&#8221; row_border_radius_applies=&#8221;bg&#8221; overlay_strength=&#8221;0.3&#8243; gradient_direction=&#8221;left_to_right&#8221; shape_divider_position=&#8221;bottom&#8221; bg_image_animation=&#8221;none&#8221;][vc_column column_padding=&#8221;no-extra-padding&#8221; column_padding_tablet=&#8221;inherit&#8221; column_padding_phone=&#8221;inherit&#8221; column_padding_position=&#8221;all&#8221; column_element_spacing=&#8221;default&#8221; background_color_opacity=&#8221;1&#8243; background_hover_color_opacity=&#8221;1&#8243; column_shadow=&#8221;none&#8221; column_border_radius=&#8221;none&#8221; column_link_target=&#8221;_self&#8221; gradient_direction=&#8221;left_to_right&#8221; overlay_strength=&#8221;0.3&#8243; width=&#8221;1\/2&#8243; tablet_width_inherit=&#8221;default&#8221; tablet_text_alignment=&#8221;default&#8221; phone_text_alignment=&#8221;default&#8221; bg_image_animation=&#8221;none&#8221; border_type=&#8221;simple&#8221; column_border_width=&#8221;none&#8221; column_border_style=&#8221;solid&#8221;][vc_column_text]<\/p>\n<h2>Thi x\u1ebfp l\u1edbp ti\u1ebfng Anh<\/h2>\n<ul>\n<li>Trong th\u1eddi gian \u0111\u1ecbnh h\u01b0\u1edbng, h\u1ecdc sinh \u0111\u01b0\u1ee3c l\u00e0m m\u1ed9t b\u00e0i ki\u1ec3m tra \u0111\u1ec3 x\u00e1c \u0111\u1ecbnh tr\u00ecnh \u0111\u1ed9 ti\u1ebfng Anh c\u1ee7a m\u00ecnh.<\/li>\n<li>D\u1ef1a v\u00e0o k\u1ebft qu\u1ea3 ki\u1ec3m tra, h\u1ecdc sinh \u0111\u01b0\u1ee3c x\u1ebfp v\u00e0o m\u1ed9t l\u1edbp h\u1ecdc th\u00edch h\u1ee3p \u0111\u1ec3 n\u00e2ng cao tr\u00ecnh \u0111\u1ed9 ti\u1ebfng Anh c\u1ee7a m\u00ecnh.<\/li>\n<\/ul>\n<p>[\/vc_column_text][\/vc_column][vc_column column_padding=&#8221;no-extra-padding&#8221; column_padding_tablet=&#8221;inherit&#8221; column_padding_phone=&#8221;inherit&#8221; column_padding_position=&#8221;all&#8221; column_element_spacing=&#8221;default&#8221; background_color_opacity=&#8221;1&#8243; background_hover_color_opacity=&#8221;1&#8243; column_shadow=&#8221;none&#8221; column_border_radius=&#8221;none&#8221; column_link_target=&#8221;_self&#8221; gradient_direction=&#8221;left_to_right&#8221; overlay_strength=&#8221;0.3&#8243; width=&#8221;1\/2&#8243; tablet_width_inherit=&#8221;default&#8221; tablet_text_alignment=&#8221;default&#8221; phone_text_alignment=&#8221;default&#8221; bg_image_animation=&#8221;none&#8221; border_type=&#8221;simple&#8221; column_border_width=&#8221;none&#8221; column_border_style=&#8221;solid&#8221;][vc_column_text]<\/p>\n<h2>Ghi danh thu\u1eadn ti\u1ec7n<\/h2>\n<ul>\n<li>Nh\u00e0 tr\u01b0\u1eddng cung c\u1ea5p 6 k\u1ef3 khai gi\u1ea3ng (th\u00e1ng M\u1ed9t, th\u00e1ng Ba, th\u00e1ng S\u00e1u, th\u00e1ng B\u1ea3y, th\u00e1ng T\u00e1m v\u00e0 th\u00e1ng M\u01b0\u1eddi) \u0111\u1ec3 thu\u1eadn ti\u1ec7n cho h\u1ecdc sinh.<\/li>\n<li>H\u1ecdc sinh c\u00f3 th\u1ec3 ch\u1ecdn h\u1ecdc t\u1eeb m\u1ed9t h\u1ecdc k\u1ef3 \u0111\u1ebfn m\u1ed9t n\u0103m.<\/li>\n<li>\u0110\u1ec3 thu\u1eadn ti\u1ec7n cho h\u1ecdc sinh, c\u00e1c kh\u00f3a h\u1ecdc ESL c\u1ee7a tr\u01b0\u1eddng \u0111\u01b0\u1ee3c thi\u1ebft k\u1ebf tr\u00ean c\u01a1 s\u1edf 4 tu\u1ea7n ho\u1eb7c 8 tu\u1ea7n<\/li>\n<\/ul>\n<p>[\/vc_column_text][\/vc_column][\/vc_row][vc_row type=&#8221;in_container&#8221; full_screen_row_position=&#8221;middle&#8221; column_margin=&#8221;default&#8221; column_direction=&#8221;default&#8221; column_direction_tablet=&#8221;default&#8221; column_direction_phone=&#8221;default&#8221; scene_position=&#8221;center&#8221; text_color=&#8221;dark&#8221; text_align=&#8221;left&#8221; row_border_radius=&#8221;none&#8221; row_border_radius_applies=&#8221;bg&#8221; class=&#8221;temp temp-dev&#8221; overlay_strength=&#8221;0.3&#8243; gradient_direction=&#8221;left_to_right&#8221; shape_divider_position=&#8221;bottom&#8221; bg_image_animation=&#8221;none&#8221; shape_type=&#8221;&#8221;][vc_column column_padding=&#8221;no-extra-padding&#8221; column_padding_tablet=&#8221;inherit&#8221; column_padding_phone=&#8221;inherit&#8221; column_padding_position=&#8221;all&#8221; column_element_spacing=&#8221;default&#8221; background_color_opacity=&#8221;1&#8243; background_hover_color_opacity=&#8221;1&#8243; column_shadow=&#8221;none&#8221; column_border_radius=&#8221;none&#8221; column_link_target=&#8221;_self&#8221; gradient_direction=&#8221;left_to_right&#8221; overlay_strength=&#8221;0.3&#8243; width=&#8221;1\/1&#8243; tablet_width_inherit=&#8221;default&#8221; tablet_text_alignment=&#8221;default&#8221; phone_text_alignment=&#8221;default&#8221; bg_image_animation=&#8221;none&#8221; border_type=&#8221;simple&#8221; column_border_width=&#8221;none&#8221; column_border_style=&#8221;solid&#8221;][vc_column_text css_animation=&#8221;fadeIn&#8221; el_class=&#8221;use-links&#8221;]<\/p>\n<h2 class=\"pinline\"><b>Ch\u0103m S\u00f3c To\u00e0n Di\u1ec7n Ph\u00e1t Tri\u1ec3n<sup>\u00ae<\/sup> Li\u00ean K\u1ebft<\/b><\/h2>\n<p>[\/vc_column_text][fancy-ul icon_type=&#8221;none&#8221; alignment=&#8221;left&#8221; spacing=&#8221;default&#8221;]<\/p>\n<ul>\n<li><a href=\"http:\/\/www.cic-totalcare.com\/total-care-education\/total-care-learning\/overview\/\">T\u1ed5ng quan<\/a><\/li>\n<li><a href=\"http:\/\/www.cic-totalcare.com\/total-care-education\/total-care-learning\/courses\/\">C\u00e1c kh\u00f3a h\u1ecdc<\/a><\/li>\n<li><a href=\"http:\/\/www.cic-totalcare.com\/total-care-education\/total-care-learning\/ontario-education-system\/\">H\u1ec7 th\u1ed1ng gi\u00e1o d\u1ee5c t\u00ecnh bang Ontario<\/a><\/li>\n<li><a href=\"http:\/\/www.cic-totalcare.com\/total-care-education\/total-care-learning\/junior-middle-school\/\">Trung H\u1ecdc C\u01a1 S\u1edf<\/a><\/li>\n<li><a href=\"http:\/\/www.cic-totalcare.com\/total-care-education\/total-care-learning\/high-school\/\">Trung H\u1ecdc Ph\u1ed5 Th\u00f4ng<\/a><\/li>\n<li><a class=\"sf-with-ul\" href=\"http:\/\/www.cic-totalcare.com\/total-care-education\/total-care-learning\/university-preparatory\/\">D\u1ef1 B\u1ecb \u0110\u1ea1i H\u1ecdc<\/a><\/li>\n<li><a class=\"sf-with-ul\" href=\"http:\/\/www.cic-totalcare.com\/ielts\/\">IELTS<\/a><\/li>\n<li><a href=\"http:\/\/www.cic-totalcare.com\/total-care-education\/total-care-learning\/academic-support\/\">H\u1ed7 tr\u1ee3 h\u1ecdc t\u1eadp<\/a><\/li>\n<li><a class=\"nectar-button large regular accent-color has-icon regular-button\" href=\"https:\/\/www.cic-totalcare.com\/vi\/\" target=\"_blank\" rel=\"noopener noreferrer\">Tr\u1edf v\u1ec1 trang ch\u1ee7<\/a><\/li>\n<\/ul>\n<p>[\/fancy-ul][\/vc_column][\/vc_row]<\/p>\n","protected":false},"excerpt":{"rendered":"<p>[vc_row type=&#8221;in_container&#8221; full_screen_row_position=&#8221;middle&#8221; column_margin=&#8221;default&#8221; column_direction=&#8221;default&#8221; column_direction_tablet=&#8221;default&#8221; column_direction_phone=&#8221;default&#8221; scene_position=&#8221;center&#8221; top_padding=&#8221;50&#8243; bottom_padding=&#8221;50&#8243; text_color=&#8221;dark&#8221; text_align=&#8221;left&#8221; row_border_radius=&#8221;none&#8221; row_border_radius_applies=&#8221;bg&#8221; overlay_strength=&#8221;0.3&#8243; gradient_direction=&#8221;left_to_right&#8221; shape_divider_position=&#8221;bottom&#8221; bg_image_animation=&#8221;none&#8221;][vc_column column_padding=&#8221;no-extra-padding&#8221; column_padding_tablet=&#8221;inherit&#8221; column_padding_phone=&#8221;inherit&#8221; column_padding_position=&#8221;all&#8221; column_element_spacing=&#8221;default&#8221; background_color_opacity=&#8221;1&#8243; background_hover_color_opacity=&#8221;1&#8243; column_shadow=&#8221;none&#8221; column_border_radius=&#8221;none&#8221; column_link_target=&#8221;_self&#8221; gradient_direction=&#8221;left_to_right&#8221; overlay_strength=&#8221;0.3&#8243; width=&#8221;1\/4&#8243; tablet_width_inherit=&#8221;default&#8221; tablet_text_alignment=&#8221;default&#8221; phone_text_alignment=&#8221;default&#8221; bg_image_animation=&#8221;none&#8221; enable_animation=&#8221;true&#8221; animation=&#8221;fade-in-from-left&#8221; border_type=&#8221;simple&#8221; column_border_width=&#8221;none&#8221; column_border_style=&#8221;solid&#8221; delay=&#8221;2s&#8221;][vc_column_text] Tr\u01b0\u1eddng Trung H\u1ecdc Qu\u1ed1c T\u1ebf Columbia cung c\u1ea5p ch\u01b0\u01a1ng tr\u00ecnh Ti\u1ebfng Anh ESL to\u00e0n [&hellip;]<\/p>\n","protected":false},"author":1,"featured_media":0,"parent":15550,"menu_order":25,"comment_status":"open","ping_status":"open","template":"","meta":{"footnotes":""},"_links":{"self":[{"href":"https:\/\/rewrite.cic-totalcare.com\/vi\/wp-json\/wp\/v2\/pages\/67754"}],"collection":[{"href":"https:\/\/rewrite.cic-totalcare.com\/vi\/wp-json\/wp\/v2\/pages"}],"about":[{"href":"https:\/\/rewrite.cic-totalcare.com\/vi\/wp-json\/wp\/v2\/types\/page"}],"author":[{"embeddable":true,"href":"https:\/\/rewrite.cic-totalcare.com\/vi\/wp-json\/wp\/v2\/users\/1"}],"replies":[{"embeddable":true,"href":"https:\/\/rewrite.cic-totalcare.com\/vi\/wp-json\/wp\/v2\/comments?post=67754"}],"version-history":[{"count":23,"href":"https:\/\/rewrite.cic-totalcare.com\/vi\/wp-json\/wp\/v2\/pages\/67754\/revisions"}],"predecessor-version":[{"id":133331,"href":"https:\/\/rewrite.cic-totalcare.com\/vi\/wp-json\/wp\/v2\/pages\/67754\/revisions\/133331"}],"up":[{"embeddable":true,"href":"https:\/\/rewrite.cic-totalcare.com\/vi\/wp-json\/wp\/v2\/pages\/15550"}],"wp:attachment":[{"href":"https:\/\/rewrite.cic-totalcare.com\/vi\/wp-json\/wp\/v2\/media?parent=67754"}],"curies":[{"name":"wp","href":"https:\/\/api.w.org\/{rel}","templated":true}]}}