{"id":67778,"date":"2022-05-27T08:41:26","date_gmt":"2022-05-27T12:41:26","guid":{"rendered":"https:\/\/www.cic-totalcare.com\/yeu-cau-ban-ghi\/"},"modified":"2026-01-02T15:21:47","modified_gmt":"2026-01-02T20:21:47","slug":"transcript","status":"publish","type":"page","link":"https:\/\/rewrite.cic-totalcare.com\/vi\/transcript\/","title":{"rendered":"Xin b\u1ea3ng \u0111i\u1ec3m"},"content":{"rendered":"<p>[vc_row type=&#8221;in_container&#8221; full_screen_row_position=&#8221;middle&#8221; column_margin=&#8221;default&#8221; column_direction=&#8221;default&#8221; column_direction_tablet=&#8221;default&#8221; column_direction_phone=&#8221;default&#8221; scene_position=&#8221;center&#8221; text_color=&#8221;dark&#8221; text_align=&#8221;left&#8221; row_border_radius=&#8221;none&#8221; row_border_radius_applies=&#8221;bg&#8221; overflow=&#8221;visible&#8221; overlay_strength=&#8221;0.3&#8243; gradient_direction=&#8221;left_to_right&#8221; shape_divider_position=&#8221;bottom&#8221; bg_image_animation=&#8221;none&#8221;][vc_column column_padding=&#8221;no-extra-padding&#8221; column_padding_tablet=&#8221;inherit&#8221; column_padding_phone=&#8221;inherit&#8221; column_padding_position=&#8221;all&#8221; column_element_direction_desktop=&#8221;default&#8221; column_element_spacing=&#8221;default&#8221; desktop_text_alignment=&#8221;default&#8221; tablet_text_alignment=&#8221;default&#8221; phone_text_alignment=&#8221;default&#8221; background_color_opacity=&#8221;1&#8243; background_hover_color_opacity=&#8221;1&#8243; column_backdrop_filter=&#8221;none&#8221; column_shadow=&#8221;none&#8221; column_border_radius=&#8221;none&#8221; column_link_target=&#8221;_self&#8221; column_position=&#8221;default&#8221; gradient_direction=&#8221;left_to_right&#8221; overlay_strength=&#8221;0.3&#8243; width=&#8221;1\/1&#8243; tablet_width_inherit=&#8221;default&#8221; animation_type=&#8221;default&#8221; bg_image_animation=&#8221;none&#8221; border_type=&#8221;simple&#8221; column_border_width=&#8221;none&#8221; column_border_style=&#8221;solid&#8221;][divider line_type=&#8221;No Line&#8221; custom_height=&#8221;24&#8243;][\/vc_column][\/vc_row][vc_row type=&#8221;in_container&#8221; full_screen_row_position=&#8221;middle&#8221; column_margin=&#8221;default&#8221; column_direction=&#8221;default&#8221; column_direction_tablet=&#8221;default&#8221; column_direction_phone=&#8221;default&#8221; scene_position=&#8221;center&#8221; text_color=&#8221;dark&#8221; text_align=&#8221;left&#8221; row_border_radius=&#8221;none&#8221; row_border_radius_applies=&#8221;bg&#8221; overflow=&#8221;visible&#8221; overlay_strength=&#8221;0.3&#8243; gradient_direction=&#8221;left_to_right&#8221; shape_divider_position=&#8221;bottom&#8221; bg_image_animation=&#8221;none&#8221;][vc_column column_padding=&#8221;padding-4-percent&#8221; column_padding_tablet=&#8221;inherit&#8221; column_padding_phone=&#8221;inherit&#8221; column_padding_position=&#8221;all&#8221; column_element_direction_desktop=&#8221;default&#8221; column_element_spacing=&#8221;default&#8221; desktop_text_alignment=&#8221;default&#8221; tablet_text_alignment=&#8221;default&#8221; phone_text_alignment=&#8221;default&#8221; background_color_opacity=&#8221;1&#8243; background_hover_color_opacity=&#8221;1&#8243; column_backdrop_filter=&#8221;none&#8221; column_shadow=&#8221;none&#8221; column_border_radius=&#8221;none&#8221; column_link_target=&#8221;_self&#8221; column_position=&#8221;default&#8221; gradient_direction=&#8221;left_to_right&#8221; overlay_strength=&#8221;0.3&#8243; width=&#8221;2\/3&#8243; tablet_width_inherit=&#8221;default&#8221; animation_type=&#8221;default&#8221; bg_image_animation=&#8221;none&#8221; border_type=&#8221;simple&#8221; column_border_width=&#8221;none&#8221; column_border_style=&#8221;solid&#8221;][vc_column_text]<\/p>\n<h2><span style=\"color: #891a1c;\">H\u1ecdc sinh \u0111ang theo h\u1ecdc<\/span><\/h2>\n<p>[\/vc_column_text][vc_column_text]<\/p>\n<ul>\n<li>\n<p class=\"p1\"><span class=\"s1\">H\u1ecdc sinh CIC \u0111ang theo h\u1ecdc ph\u1ea3i ho\u00e0n th\u00e0nh c\u00e1c m\u1eabu b\u1ea3ng \u0111i\u1ec3m t\u1eeb c\u1eeda h\u00e0ng c\u1ee7a tr\u01b0\u1eddng, t\u1ea1i Ph\u00f2ng N159 Ainsliewood. \u0110\u01a1n thanh to\u00e1n s\u1ebd \u0111\u01b0\u1ee3c x\u1eed l\u00fd khi bi\u1ec3u m\u1eabu \u0111\u01b0\u1ee3c g\u1eedi.<\/span><\/p>\n<\/li>\n<\/ul>\n<div class=\"page\" title=\"Page 1\">\n<div class=\"layoutArea\">\n<div class=\"column\">\n<div class=\"page\" title=\"Trang 1\">\n<div class=\"layoutArea\">\n<div class=\"column\">\n<h3>\u0110\u0103ng k\u00fd v\u00e0o c\u00e1c tr\u01b0\u1eddng \u0110\u1ea1i H\u1ecdc \u1edf Ontario<\/h3>\n<p>H\u1ecdc sinh CIC n\u1ed9p \u0111\u01a1n v\u00e0o c\u00e1c tr\u01b0\u1eddng \u0111\u1ea1i h\u1ecdc \u1edf Ontario kh\u00f4ng b\u1eaft bu\u1ed9c ph\u1ea3i xin b\u1ea3ng \u0111i\u1ec3m. V\u0103n ph\u00f2ng T\u01b0 V\u1ea5n Tuy\u1ec3n Sinh \u0110\u1ea1i H\u1ecdc s\u1ebd n\u1ed9p h\u1ed3 s\u01a1 h\u1ecdc t\u1eadp thay cho h\u1ecdc sinh khi \u0111\u0103ng k\u00fd v\u00e0o tr\u01b0\u1eddng \u0111\u1ea1i h\u1ecdc.<\/p><\/div>\n<\/div>\n<\/div>\n<\/div>\n<\/div>\n<\/div>\n<p>[\/vc_column_text][divider line_type=&#8221;Full Width Line&#8221; line_thickness=&#8221;1&#8243; divider_color=&#8221;default&#8221; custom_height=&#8221;60&#8243;][vc_column_text]<\/p>\n<h2><span style=\"color: #891a1c;\">H\u1ecdc sinh \u0111\u00e3 t\u1ed1t nghi\u1ec7p &amp; C\u1ef1u h\u1ecdc sinh<\/span><\/h2>\n<p>[\/vc_column_text][vc_column_text]<\/p>\n<ol>\n<li style=\"text-align: left;\">T\u1ea3i xu\u1ed1ng m\u1eabu \u0111\u01a1n CIC Alumni Transcript Request Forms.<\/li>\n<li style=\"text-align: left;\">Ho\u00e0n th\u00e0nh hai bi\u1ec3u m\u1eabu.<\/li>\n<li style=\"text-align: left;\">Scan v\u00e0 g\u1eedi c\u00e1c bi\u1ec3u m\u1eabu \u0111\u00e3 ho\u00e0n th\u00e0nh qua email t\u1edbi <a href=\"mailto:transcripts@cic-totalcare.com\">transcripts@cic-totalcare.com<\/a> \u0111\u1ec3 x\u1eed l\u00fd.<\/li>\n<\/ol>\n<p>[\/vc_column_text][divider line_type=&#8221;No Line&#8221; custom_height=&#8221;20&#8243;][vc_column_text text_direction=&#8221;default&#8221;]<span style=\"line-height: 1.5;\">[button color=&#8221;accent-color&#8221; hover_text_color_override=&#8221;#fff&#8221; size=&#8221;large&#8221; target=&#8221;_blank&#8221; url=&#8221;https:\/\/www.cic-totalcare.com\/wp-content\/uploads\/2026\/01\/Transcript-Request.zip&#8221; text=&#8221;M\u1eabu \u0111\u01a1n CIC Alumni &#8211; Transcript Request Forms&#8221; color_override=&#8221;#2c9fac&#8221;]<\/span>[\/vc_column_text][divider line_type=&#8221;Full Width Line&#8221; line_thickness=&#8221;1&#8243; divider_color=&#8221;default&#8221; custom_height=&#8221;60&#8243;][vc_column_text]<\/p>\n<h2><span style=\"color: #891a1c;\">Xin l\u01b0u \u00fd<\/span><\/h2>\n<ul>\n<li>B\u1ea1n s\u1ebd ch\u1ecbu tr\u00e1ch nhi\u1ec7m v\u1ec1 t\u1ea5t c\u1ea3 th\u00f4ng tin \u0111\u01b0\u1ee3c \u0111i\u1ec1n trong bi\u1ec3u m\u1eabu.<\/li>\n<li>N\u1ebfu b\u1ea1n ch\u1ecdn &#8220;Y\u00eau c\u1ea7u b\u1ea3ng \u0111i\u1ec3m trong ng\u00e0y&#8221;, vui l\u00f2ng mang bi\u1ec3u m\u1eabu v\u00e0 bi\u00ean lai thanh to\u00e1n c\u1ee7a b\u1ea1n \u0111\u1ebfn V\u0103n Ph\u00f2ng H\u1ecdc V\u1ee5 (Academic Office) tr\u01b0\u1edbc 3 gi\u1edd chi\u1ec1u.<\/li>\n<li>N\u1ebfu b\u1ea1n \u0111ang xin b\u1ea3ng \u0111i\u1ec3m cho m\u1ed9t c\u01a1 s\u1edf gi\u00e1o d\u1ee5c n\u1eb1m ngo\u00e0i Canada, vui l\u00f2ng \u0111i\u1ec1n th\u00f4ng tin \u0111\u1ecba ch\u1ec9 c\u1ee7a tr\u01b0\u1eddng \u0111\u00f3 v\u00e0o \u0111\u01a1n.<\/li>\n<li>N\u1ebfu b\u1ea1n c\u00f3 b\u1ea5t k\u1ef3 c\u00e2u h\u1ecfi ho\u1eb7c c\u1ea7n h\u1ed7 tr\u1ee3 n\u1ed9p b\u1ea3ng \u0111i\u1ec3m c\u1ee7a b\u1ea1n cho c\u00e1c tr\u01b0\u1eddng kh\u00e1c, vui l\u00f2ng g\u1eb7p ng\u01b0\u1eddi t\u01b0 v\u1ea5n tuy\u1ec3n sinh \u0111\u1ea1i h\u1ecdc c\u1ee7a b\u1ea1n.<\/li>\n<li>N\u1ebfu b\u1ea1n c\u00f3 b\u1ea5t k\u1ef3 c\u00e2u h\u1ecfi n\u00e0o li\u00ean quan \u0111\u1ebfn <strong>v\u0103n b\u1eb1ng <\/strong>c\u1ee7a m\u00ecnh, vui l\u00f2ng li\u00ean h\u1ec7 <a href=\"mailto:sthompson@cic-totalcare.com\">sthompson@cic-totalcare.com<\/a><a href=\"mailto:enagy@cic-totalcare.com\"> <\/a>.<\/li>\n<\/ul>\n<p>[\/vc_column_text][divider line_type=&#8221;Full Width Line&#8221; line_thickness=&#8221;1&#8243; divider_color=&#8221;default&#8221; custom_height=&#8221;60&#8243;][\/vc_column][vc_column column_padding=&#8221;padding-2-percent&#8221; column_padding_tablet=&#8221;inherit&#8221; column_padding_phone=&#8221;inherit&#8221; column_padding_position=&#8221;all&#8221; column_element_direction_desktop=&#8221;default&#8221; column_element_spacing=&#8221;default&#8221; desktop_text_alignment=&#8221;default&#8221; tablet_text_alignment=&#8221;default&#8221; phone_text_alignment=&#8221;default&#8221; background_color=&#8221;#f0f0f0&#8243; background_color_opacity=&#8221;1&#8243; background_hover_color_opacity=&#8221;1&#8243; column_backdrop_filter=&#8221;none&#8221; column_shadow=&#8221;none&#8221; column_border_radius=&#8221;none&#8221; column_link_target=&#8221;_self&#8221; column_position=&#8221;default&#8221; gradient_direction=&#8221;left_to_right&#8221; overlay_strength=&#8221;0.3&#8243; width=&#8221;1\/3&#8243; tablet_width_inherit=&#8221;default&#8221; animation_type=&#8221;default&#8221; bg_image_animation=&#8221;none&#8221; border_type=&#8221;simple&#8221; column_border_width=&#8221;none&#8221; column_border_style=&#8221;solid&#8221;][vc_column_text]<\/p>\n<h2><span style=\"color: #333333;\">Th\u00f4ng tin chi ti\u1ebft<\/span><\/h2>\n<p>[\/vc_column_text][divider line_type=&#8221;No Line&#8221; custom_height=&#8221;20&#8243;][vc_column_text]<\/p>\n<h3>Th\u1eddi gian x\u1eed l\u00fd<\/h3>\n<p>Y\u00eau c\u1ea7u \u0111\u00e3 ho\u00e0n th\u00e0nh s\u1ebd \u0111\u01b0\u1ee3c x\u1eed l\u00fd trong v\u00f2ng n\u0103m ng\u00e0y l\u00e0m vi\u1ec7c k\u1ec3 t\u1eeb ng\u00e0y nh\u1eadn \u0111\u01a1n. L\u01b0u \u00fd r\u1eb1ng th\u1eddi gian n\u00e0y kh\u00f4ng bao g\u1ed3m th\u1eddi gian chuy\u1ec3n ph\u00e1t.<\/p>\n<h3>\u01afu ti\u00ean x\u1eed l\u00fd<\/h3>\n<p><span class=\"s1\">N\u1ebfu b\u1ea1n y\u00eau c\u1ea7u<\/span> <span class=\"s2\"><i>x\u1eed l\u00fd b\u1ea3ng \u0111i\u1ec3m c\u1ee7a m\u00ecnh trong ng\u00e0y<\/i><\/span><span class=\"s1\">, ch\u1ecdn &#8220;Ph\u00ed \u01b0u ti\u00ean&#8221; (Priority Fee) tr\u00ean bi\u1ec3u m\u1eabu y\u00eau c\u1ea7u. Chi ph\u00ed \u01b0u ti\u00ean x\u1eed l\u00fd l\u00e0<\/span> $25 c\u1ed9ng v\u1edbi ph\u00ed chuy\u1ec3n ph\u00e1t v\u00e0 b\u1ea3ng \u0111i\u1ec3m t\u01b0\u01a1ng \u1ee9ng.<\/p>\n<h3>C\u00e1c lo\u1ea1i chuy\u1ec3n ph\u00e1t v\u00e0 chi ph\u00ed<\/h3>\n<ul class=\"ul1\">\n<li class=\"li1\"><strong><span class=\"s2\">Chuy\u1ec3n qua b\u01b0u \u0111i\u1ec7n<\/span> <span class=\"s1\">&#8211; $ 5 cho m\u1ed7i b\u1ea3ng \u0111i\u1ec3m.<\/span> <\/strong>\n<ul>\n<li class=\"li1\"><span class=\"s1\">B\u1ea3ng \u0111i\u1ec3m chuy\u1ec3n qua b\u01b0u \u0111i\u1ec7n c\u00f3 th\u1ec3 kh\u00f4ng tra c\u1ee9u b\u01b0u ph\u1ea9m \u0111\u01b0\u1ee3c . Th\u1eddi gian chuy\u1ec3n ph\u00e1t c\u00f3 th\u1ec3 m\u1ea5t 10-15 ng\u00e0y l\u00e0m vi\u1ec7c.<\/span><\/li>\n<\/ul>\n<\/li>\n<li class=\"li1\"><strong><span class=\"s2\">D\u1ecbch v\u1ee5 chuy\u1ec3n ph\u00e1t nhanh t\u1eeb $25 &#8211; $60<\/span><\/strong>\n<ul>\n<li class=\"li1\"><span class=\"s1\">D\u1ecbch v\u1ee5 chuy\u1ec3n ph\u00e1t c\u00f3 s\u1eb5n cho h\u1ecdc sinh v\u1edbi kho\u1ea3n ph\u00ed b\u1ed5 sung $25 (\u0111\u1ecba ch\u1ec9 Canada) v\u00e0 $60 (\u0111\u1ecba ch\u1ec9 qu\u1ed1c t\u1ebf). <\/span><\/li>\n<li class=\"li1\"><span class=\"s1\">B\u1ea1n c\u00f3 th\u1ec3 y\u00eau c\u1ea7u m\u00e3 tra c\u1ee9u \u0111\u01a1n h\u00e0ng c\u1ee7a m\u00ecnh b\u1eb1ng c\u00e1ch li\u00ean h\u1ec7 v\u1edbi <a href=\"mailto:farain@cic-totalcare.com\">farain@cic-totalcare.com<\/a><span class=\"s3\">.<\/span><\/span><\/li>\n<li class=\"li1\">B\u1ea1n ph\u1ea3i cung c\u1ea5p s\u1ed1 \u0111i\u1ec7n tho\u1ea1i cho d\u1ecbch v\u1ee5 chuy\u1ec3n ph\u00e1t nhanh \u0111\u1ec3 li\u00ean h\u1ec7 v\u1edbi ng\u01b0\u1eddi nh\u1eadn. N\u1ebfu kh\u00f4ng cung c\u1ea5p s\u1ed1 \u0111i\u1ec7n tho\u1ea1i c\u00f3 th\u1ec3 l\u00e0m ch\u1eadm qu\u00e1 tr\u00ecnh chuy\u1ec3n ph\u00e1t.<\/li>\n<li class=\"li1\">D\u1ecbch v\u1ee5 chuy\u1ec3n ph\u00e1t nhanh kh\u00f4ng ch\u1ea5p nh\u1eadn s\u1ed1 h\u1ed9p th\u01b0 PO.<\/li>\n<\/ul>\n<\/li>\n<\/ul>\n<h3>Th\u00f4ng tin thanh to\u00e1n<\/h3>\n<ul class=\"ul1\">\n<li class=\"li1\"><span class=\"s1\">Ki\u1ec3m tra ch\u1eafc ch\u1eafn t\u1ed5ng chi ph\u00ed tr\u00ean c\u1ea3 hai bi\u1ec3u m\u1eabu gi\u1ed1ng nhau.<\/span><\/li>\n<li class=\"li1\"><span class=\"s1\">Vui l\u00f2ng cung c\u1ea5p s\u1ed1 \u0111i\u1ec7n tho\u1ea1i v\u00e0 \u0111\u1ecba ch\u1ec9 email trong bi\u1ec3u m\u1eabu.<\/span><\/li>\n<li class=\"li1\"><span class=\"s1\">\u0110\u01a1n thanh to\u00e1n ph\u1ea3i c\u00f3 ch\u1eef k\u00fd c\u1ee7a ch\u1ee7 th\u1ebb.<\/span><\/li>\n<li class=\"li1\"><b><\/b><span class=\"s1\">H\u1ea1n ch\u1ebf thanh to\u00e1n ch\u1eadm b\u1eb1ng c\u00e1ch \u0111\u1ea3m b\u1ea3o th\u1ebb t\u00edn d\u1ee5ng c\u1ee7a b\u1ea1n c\u00f3 \u0111\u1ee7 ti\u1ec1n thanh to\u00e1n.<\/span><\/li>\n<\/ul>\n<p>[\/vc_column_text][\/vc_column][\/vc_row]<\/p>\n","protected":false},"excerpt":{"rendered":"<p>[vc_row type=&#8221;in_container&#8221; full_screen_row_position=&#8221;middle&#8221; column_margin=&#8221;default&#8221; column_direction=&#8221;default&#8221; column_direction_tablet=&#8221;default&#8221; column_direction_phone=&#8221;default&#8221; scene_position=&#8221;center&#8221; text_color=&#8221;dark&#8221; text_align=&#8221;left&#8221; row_border_radius=&#8221;none&#8221; row_border_radius_applies=&#8221;bg&#8221; overflow=&#8221;visible&#8221; overlay_strength=&#8221;0.3&#8243; gradient_direction=&#8221;left_to_right&#8221; shape_divider_position=&#8221;bottom&#8221; bg_image_animation=&#8221;none&#8221;][vc_column column_padding=&#8221;no-extra-padding&#8221; column_padding_tablet=&#8221;inherit&#8221; column_padding_phone=&#8221;inherit&#8221; column_padding_position=&#8221;all&#8221; column_element_direction_desktop=&#8221;default&#8221; column_element_spacing=&#8221;default&#8221; desktop_text_alignment=&#8221;default&#8221; tablet_text_alignment=&#8221;default&#8221; phone_text_alignment=&#8221;default&#8221; background_color_opacity=&#8221;1&#8243; background_hover_color_opacity=&#8221;1&#8243; column_backdrop_filter=&#8221;none&#8221; column_shadow=&#8221;none&#8221; column_border_radius=&#8221;none&#8221; column_link_target=&#8221;_self&#8221; column_position=&#8221;default&#8221; gradient_direction=&#8221;left_to_right&#8221; overlay_strength=&#8221;0.3&#8243; width=&#8221;1\/1&#8243; tablet_width_inherit=&#8221;default&#8221; animation_type=&#8221;default&#8221; bg_image_animation=&#8221;none&#8221; border_type=&#8221;simple&#8221; column_border_width=&#8221;none&#8221; column_border_style=&#8221;solid&#8221;][divider line_type=&#8221;No Line&#8221; custom_height=&#8221;24&#8243;][\/vc_column][\/vc_row][vc_row type=&#8221;in_container&#8221; full_screen_row_position=&#8221;middle&#8221; column_margin=&#8221;default&#8221; column_direction=&#8221;default&#8221; column_direction_tablet=&#8221;default&#8221; column_direction_phone=&#8221;default&#8221; scene_position=&#8221;center&#8221; text_color=&#8221;dark&#8221; text_align=&#8221;left&#8221; row_border_radius=&#8221;none&#8221; [&hellip;]<\/p>\n","protected":false},"author":13,"featured_media":0,"parent":0,"menu_order":0,"comment_status":"closed","ping_status":"closed","template":"","meta":{"footnotes":""},"_links":{"self":[{"href":"https:\/\/rewrite.cic-totalcare.com\/vi\/wp-json\/wp\/v2\/pages\/67778"}],"collection":[{"href":"https:\/\/rewrite.cic-totalcare.com\/vi\/wp-json\/wp\/v2\/pages"}],"about":[{"href":"https:\/\/rewrite.cic-totalcare.com\/vi\/wp-json\/wp\/v2\/types\/page"}],"author":[{"embeddable":true,"href":"https:\/\/rewrite.cic-totalcare.com\/vi\/wp-json\/wp\/v2\/users\/13"}],"replies":[{"embeddable":true,"href":"https:\/\/rewrite.cic-totalcare.com\/vi\/wp-json\/wp\/v2\/comments?post=67778"}],"version-history":[{"count":13,"href":"https:\/\/rewrite.cic-totalcare.com\/vi\/wp-json\/wp\/v2\/pages\/67778\/revisions"}],"predecessor-version":[{"id":156602,"href":"https:\/\/rewrite.cic-totalcare.com\/vi\/wp-json\/wp\/v2\/pages\/67778\/revisions\/156602"}],"wp:attachment":[{"href":"https:\/\/rewrite.cic-totalcare.com\/vi\/wp-json\/wp\/v2\/media?parent=67778"}],"curies":[{"name":"wp","href":"https:\/\/api.w.org\/{rel}","templated":true}]}}