{"id":7612,"date":"2016-05-29T02:42:29","date_gmt":"2016-05-29T02:42:29","guid":{"rendered":"http:\/\/www.cic-totalcare.com\/vi\/cac-dich-vu-ho-tro-noi-tru\/"},"modified":"2019-11-27T21:24:36","modified_gmt":"2019-11-27T21:24:36","slug":"residence-support-services","status":"publish","type":"page","link":"https:\/\/rewrite.cic-totalcare.com\/vi\/total-care-education\/total-care-living\/residence-support-services\/","title":{"rendered":"C\u00e1c d\u1ecbch v\u1ee5 h\u1ed7 tr\u1ee3 n\u1ed9i tr\u00fa"},"content":{"rendered":"<p>[vc_row type=&#8221;full_width_background&#8221; full_screen_row_position=&#8221;middle&#8221; scene_position=&#8221;center&#8221; text_color=&#8221;light&#8221; text_align=&#8221;center&#8221; overlay_strength=&#8221;0.3&#8243;][vc_column column_padding=&#8221;no-extra-padding&#8221; column_padding_position=&#8221;all&#8221; background_color_opacity=&#8221;1&#8243; background_hover_color_opacity=&#8221;1&#8243; column_shadow=&#8221;none&#8221; width=&#8221;1\/1&#8243; tablet_text_alignment=&#8221;default&#8221; phone_text_alignment=&#8221;default&#8221; column_border_width=&#8221;none&#8221; column_border_style=&#8221;solid&#8221;][nectar_slider location=&#8221;Residence Support Services&#8221; full_width=&#8221;true&#8221; overall_style=&#8221;classic&#8221; slider_transition=&#8221;slide&#8221; button_sizing=&#8221;regular&#8221; slider_height=&#8221;450&#8243;][vc_column_text]<\/p>\n<h1 class=\"sr-only\">C\u00e1c d\u1ecbch v\u0169 h\u1ed7 tr\u1ee3 n\u1ed9i tr\u00fa<\/h1>\n<p>[\/vc_column_text][\/vc_column][\/vc_row][vc_row type=&#8221;full_width_background&#8221; full_screen_row_position=&#8221;middle&#8221; scene_position=&#8221;center&#8221; text_color=&#8221;dark&#8221; text_align=&#8221;left&#8221; top_padding=&#8221;50&#8243; overlay_strength=&#8221;0.3&#8243;][vc_column enable_animation=&#8221;true&#8221; animation=&#8221;fade-in-from-left&#8221; column_padding=&#8221;no-extra-padding&#8221; column_padding_position=&#8221;all&#8221; background_color_opacity=&#8221;1&#8243; background_hover_color_opacity=&#8221;1&#8243; column_shadow=&#8221;none&#8221; width=&#8221;1\/3&#8243; tablet_text_alignment=&#8221;default&#8221; phone_text_alignment=&#8221;default&#8221; column_border_width=&#8221;none&#8221; column_border_style=&#8221;solid&#8221; delay=&#8221;2s&#8221;][vc_column_text]<\/p>\n<p style=\"text-align: center\">[icon color=&#8221;Accent-Color&#8221;\u00a0size=&#8221;large&#8221; image=&#8221;icon-group&#8221;]<\/p>\n<p>[\/vc_column_text][vc_column_text]<\/p>\n<h2 style=\"text-align: center\">H\u1ed7 tr\u1ee3 t\u1eeb ng\u00e0y \u0111\u1ea7u ti\u00ean<\/h2>\n<p style=\"text-align: center\">Ch\u00fang t\u00f4i gi\u00fap h\u1ecdc sinh t\u1eadn d\u1ee5ng t\u1ed1i \u0111a nh\u1eefng ng\u00e0y \u0111\u1ea7u ti\u00ean m\u1ed9t c\u00e1ch th\u00fa v\u1ecb v\u00e0 \u0111\u00f4i khi l\u00e0 th\u1eed th\u00e1ch \u1edf n\u01a1i c\u01b0 tr\u00fa. Nh\u00e2n vi\u00ean t\u1eeb nhi\u1ec1u n\u01b0\u1edbc kh\u00e1c nhau h\u1ed7 tr\u1ee3 h\u1ecdc sinh\u00a0 l\u00e0m quen v\u1edbi ng\u00f4n ng\u1eef v\u00e0 v\u0103n h\u00f3a m\u1edbi. C\u00e1c b\u1ea1n h\u1ecdc \u0111\u1ebfn tr\u01b0\u1edbc s\u1ebd gi\u00fap h\u1ecdc sinh m\u1edbi l\u00e0m quen v\u1edbi m\u00f4i tr\u01b0\u1eddng s\u1ed1ng m\u1edbi v\u00e0 c\u1ef1u sinh vi\u00ean chia s\u1ebb kinh nghi\u1ec7m c\u1ee7a h\u1ecd. H\u1ecdc sinh c\u00f3 th\u1ec3 tham d\u1ef1 c\u00e1c bu\u1ed5i \u0111\u1ecbnh h\u01b0\u1edbng v\u00e0 h\u01b0\u1edbng d\u1eabn v\u1ec1 c\u00e1c ch\u1ee7 \u0111\u1ec1 nh\u01b0: s\u1ed1ng v\u1edbi b\u1ea1n c\u00f9ng ph\u00f2ng v\u00e0 c\u00e1ch qu\u1ea3n l\u00fd th\u1eddi gian. Nh\u00e2n vi\u00ean tr\u01b0\u1eddng s\u1ebd gi\u00fap h\u1ecdc sinh v\u1edbi c\u00e1c vi\u1ec7c nh\u01b0 m\u1edf t\u00e0i kho\u1ea3n ng\u00e2n h\u00e0ng v\u00e0 \u0111\u1ea3m b\u1ea3o h\u1ecdc sinh nh\u1eadn th\u1ebb b\u1ea3o hi\u1ec3m y t\u1ebf \u0111\u1ea7y \u0111\u1ee7. Tr\u01b0\u1eddng c\u00f2n t\u1ed5 ch\u1ee9c tour tham quan mi\u1ec5n ph\u00ed t\u1ea1i th\u00e0nh ph\u1ed1 Hamilton, Toronto v\u00e0 Th\u00e1c Niagara \u0111\u1ec3 t\u0103ng c\u01a1 h\u1ed9i cho h\u1ecdc sinh m\u1edbi l\u00e0m quen b\u1ea1n b\u00e8 v\u00e0 gi\u00fap h\u1ecdc sinh th\u1ea5y \u0111\u01b0\u1ee3c ch\u00e0o \u0111\u00f3n v\u00e0 k\u1ebft n\u1ed1i v\u1edbi ng\u00f4i nh\u00e0 m\u1edbi c\u1ee7a m\u00ecnh h\u01a1n.<\/p>\n<p>[\/vc_column_text][\/vc_column][vc_column enable_animation=&#8221;true&#8221; animation=&#8221;fade-in-from-left&#8221; column_padding=&#8221;no-extra-padding&#8221; column_padding_position=&#8221;all&#8221; background_color_opacity=&#8221;1&#8243; background_hover_color_opacity=&#8221;1&#8243; column_shadow=&#8221;none&#8221; width=&#8221;1\/3&#8243; tablet_text_alignment=&#8221;default&#8221; phone_text_alignment=&#8221;default&#8221; column_border_width=&#8221;none&#8221; column_border_style=&#8221;solid&#8221; delay=&#8221;2s&#8221;][vc_column_text]<\/p>\n<p style=\"text-align: center\">[icon color=&#8221;Accent-Color&#8221; size=&#8221;large&#8221; image=&#8221;icon-user&#8221;]<\/p>\n<p>[\/vc_column_text][vc_column_text]<\/p>\n<h2 style=\"text-align: center\">S\u1ef1 ch\u0103m s\u00f3c \u0111\u1eb7c bi\u1ec7t cho m\u1ed7i m\u1ed7i h\u1ecdc sinh<\/h2>\n<p style=\"text-align: center\">Ch\u0103m s\u00f3c to\u00e0n di\u1ec7n Cu\u1ed9c s\u1ed1ng\u00ae c\u1ee7a Columbia \u0111\u1ea3m b\u1ea3o r\u1eb1ng cu\u1ed9c s\u1ed1ng n\u1ed9i tr\u00fa c\u1ee7a h\u1ecdc sinh \u0111\u01b0\u1ee3c \u0111\u00e1p \u1ee9ng c\u00e1c nhu c\u1ea7u ri\u00eang bi\u1ec7t c\u1ee7a m\u1ed7i h\u1ecdc sinh. D\u1ef1a tr\u00ean b\u1ea3n kh\u1ea3o s\u00e1t ASEP x\u00e1c \u0111\u1ecbnh c\u00e1c l\u0129nh v\u1ef1c h\u1ecdc t\u1eadp, x\u00e3 h\u1ed9i, t\u00ecnh c\u1ea3m v\u00e0 th\u1ec3 ch\u1ea5t, nh\u00e2n vi\u00ean c\u00f3 th\u1ec3 \u0111i\u1ec1u ch\u1ec9nh ch\u01b0\u01a1ng tr\u00ecnh cu\u1ed9c s\u1ed1ng c\u01b0 tr\u00fa sao cho ph\u00f9 h\u1ee3p nh\u1ea5t v\u1edbi t\u1eebng h\u1ecdc sinh. Vi\u1ec7c s\u1eafp x\u1ebfp ph\u00f2ng, b\u1eefa \u0103n, ch\u01b0\u01a1ng tr\u00ecnh ngo\u1ea1i kh\u00f3a v\u00e0 d\u1ecbch v\u1ee5 c\u01b0 tr\u00fa \u0111\u1ec1u \u0111\u01b0\u1ee3c \u0111i\u1ec1u ch\u1ec9nh d\u1ef1a tr\u00ean tu\u1ed5i , s\u1edf th\u00edch v\u00e0 nhu c\u1ea7u. \u0110i\u1ec1u n\u00e0y gi\u00fap c\u00e1c em th\u00edch \u1ee9ng t\u1ed1t h\u01a1n v\u1edbi cu\u1ed9c s\u1ed1ng xa nh\u00e0 v\u00e0 tr\u1ea3i nghi\u1ec7m th\u00e0nh c\u00f4ng trong c\u00e1c l\u0129nh v\u1ef1c h\u1ecdc t\u1eadp, x\u00e3 h\u1ed9i v\u00e0 x\u00fac c\u1ea3m.<\/p>\n<p>[\/vc_column_text][\/vc_column][vc_column enable_animation=&#8221;true&#8221; animation=&#8221;fade-in-from-left&#8221; column_padding=&#8221;no-extra-padding&#8221; column_padding_position=&#8221;all&#8221; background_color_opacity=&#8221;1&#8243; background_hover_color_opacity=&#8221;1&#8243; column_shadow=&#8221;none&#8221; width=&#8221;1\/3&#8243; tablet_text_alignment=&#8221;default&#8221; phone_text_alignment=&#8221;default&#8221; column_border_width=&#8221;none&#8221; column_border_style=&#8221;solid&#8221; delay=&#8221;2s&#8221;][vc_column_text]<\/p>\n<p style=\"text-align: center\">[icon color=&#8221;Accent-Color&#8221;\u00a0size=&#8221;large&#8221; image=&#8221;icon-camera-retro&#8221;]<\/p>\n<p>[\/vc_column_text][vc_column_text]<\/p>\n<h2 style=\"text-align: center\">Ch\u01b0\u01a1ng tr\u00ecnh ch\u1ea5t l\u01b0\u1ee3ng cao<\/h2>\n<p style=\"text-align: center\">T\u1ea1i tr\u01b0\u1eddng Columbia, ch\u00fang t\u00f4i ngh\u0129 r\u1eb1ng h\u1ecdc sinh c\u00f3 th\u1ec3 h\u1ecdc h\u1ecfi nhi\u1ec1u th\u1ee9 qua vi\u1ec7c gi\u1ea3i tr\u00ed, \u0111\u00f3 l\u00e0 l\u00fd do t\u1ea1i sao nh\u00e2n vi\u00ean t\u1ea1o ra m\u1ed9t m\u00f4i tr\u01b0\u1eddng s\u1ed1ng th\u00fa v\u1ecb v\u00e0 gi\u00e1o d\u1ee5c l\u00e0nh m\u1ea1nh v\u1edbi ch\u01b0\u01a1ng tr\u00ecnh ngo\u1ea1i kh\u00f3a sau gi\u1edd h\u1ecdc v\u00e0 v\u00e0o cu\u1ed1i tu\u1ea7n. H\u1ecdc sinh ngh\u1ec9 h\u1ecdc v\u00e0 g\u1eafn k\u1ebft v\u1edbi b\u1ea1n b\u00e8 trong c\u00e1c chuy\u1ebfn \u0111i trong ng\u00e0y \u0111\u1ebfn c\u00e1c \u0111\u1ecba \u0111i\u1ec3m l\u1ecbch s\u1eed v\u00e0 v\u0103n h\u00f3a \u0111\u1ecba ph\u01b0\u01a1ng. C\u00e1c ho\u1ea1t \u0111\u1ed9ng l\u00e3nh \u0111\u1ea1o \u0111\u1eb7t n\u1ec1n t\u1ea3ng cho t\u00ednh c\u00e1ch m\u1ea1nh m\u1ebd. C\u00e1c ho\u1ea1t \u0111\u1ed9ng ngh\u1ec7 thu\u1eadt, c\u00f4ng ngh\u1ec7 v\u00e0 th\u1ec3 thao gi\u00fap sinh vi\u00ean tr\u1edf th\u00e0nh nh\u1eefng c\u00e1 nh\u00e2n to\u00e0n di\u1ec7n v\u00e0 kh\u00e1m ph\u00e1 nh\u1eefng t\u00e0i n\u0103ng m\u1edbi. C\u00e1c s\u1ef1 ki\u1ec7n x\u00e2y d\u1ef1ng \u0111\u1ed9i nh\u00f3m t\u1ea1o ra m\u1ed9t c\u1ed9ng \u0111\u1ed3ng tr\u01b0\u1eddng h\u1ecdc \u0111\u01b0\u1ee3c k\u1ebft n\u1ed1i t\u1ed1t v\u00e0 v\u0103n h\u00f3a t\u00edch c\u1ef1c. C\u00e1c bu\u1ed5i workshop d\u1ea1y k\u1ef9 n\u0103ng s\u1ed1ng quan tr\u1ecdng nh\u01b0 th\u00f3i quen h\u1ecdc t\u1eadp t\u1ed1t, ch\u0103m s\u00f3c b\u1ea3n th\u00e2n v\u00e0 c\u00e1ch qu\u1ea3n l\u00fd th\u1eddi gian.<\/p>\n<p>[\/vc_column_text][\/vc_column][\/vc_row][vc_row type=&#8221;full_width_background&#8221; full_screen_row_position=&#8221;middle&#8221; scene_position=&#8221;center&#8221; text_color=&#8221;dark&#8221; text_align=&#8221;left&#8221; top_padding=&#8221;50&#8243; bottom_padding=&#8221;100&#8243; overlay_strength=&#8221;0.3&#8243;][vc_column enable_animation=&#8221;true&#8221; animation=&#8221;fade-in-from-left&#8221; column_padding=&#8221;no-extra-padding&#8221; column_padding_position=&#8221;all&#8221; background_color_opacity=&#8221;1&#8243; background_hover_color_opacity=&#8221;1&#8243; column_shadow=&#8221;none&#8221; width=&#8221;1\/3&#8243; tablet_text_alignment=&#8221;default&#8221; phone_text_alignment=&#8221;default&#8221; column_border_width=&#8221;none&#8221; column_border_style=&#8221;solid&#8221; delay=&#8221;2s&#8221;][vc_column_text]<\/p>\n<p style=\"text-align: center\">[icon color=&#8221;Accent-Color&#8221;\u00a0size=&#8221;large&#8221; image=&#8221;icon-user-md&#8221;]<\/p>\n<p>[\/vc_column_text][vc_column_text]<\/p>\n<h2 style=\"text-align: center\">Ch\u0103m s\u00f3c s\u1ee9c kh\u1ecfe t\u1ea1i tr\u01b0\u1eddng<\/h2>\n<p style=\"text-align: center\">Ch\u00fang t\u00f4i gi\u00fap \u0111\u00f5 c\u00e1c h\u1ecdc sinh khi c\u00e1c em b\u1ecb b\u1ec7nh hay c\u00f3 m\u1ed1i lo \u00e2u v\u1ec1 s\u1ee9c kh\u1ecfe. M\u1ed7i n\u01a1i c\u01b0 tr\u00fa c\u00f3 m\u1ed9t ph\u00f2ng ch\u0103m s\u00f3c s\u1ee9c kh\u1ecfe n\u01a1i h\u1ecdc sinh c\u00f3 th\u1ec3 ngh\u1ec9 ng\u01a1i v\u00e0 theo d\u00f5i t\u00ecnh tr\u1ea1ng s\u1ee9c kh\u1ecfe b\u1edfi c\u00e1c y t\u00e1 c\u1ee7a tr\u01b0\u1eddng khi h\u1ecd \u0111\u1ebfn th\u0103m n\u01a1i c\u01b0 tr\u00fa m\u1ed7i ng\u00e0y. B\u1edfi v\u00ec b\u1ec7nh t\u1eadt th\u01b0\u1eddng \u1ea3nh h\u01b0\u1edfng kh\u1ea9u v\u1ecb, c\u00e1c sinh vi\u00ean b\u1ecb b\u1ec7nh \u0111\u01b0\u1ee3c cung c\u1ea5p c\u00e1c b\u1eefa \u0103n \u0111\u1eb7c bi\u1ec7t t\u1eeb nh\u00e0 \u0103n gi\u00fap c\u00e1c em t\u0103ng c\u01b0\u1eddng dinh d\u01b0\u1ee1ng. Columbia c\u0169ng c\u00f3 m\u1ed9t ph\u00f2ng kh\u00e1m y t\u1ebf trong khu\u00f4n vi\u00ean tr\u01b0\u1eddng, c\u00e1c y t\u00e1 c\u1ee7a tr\u01b0\u1eddng lu\u00f4n s\u1eb5n s\u00e0ng tr\u1ea3 l\u1eddi c\u00e1c c\u00e2u h\u1ecfi, \u0111\u1eb7t l\u1ecbch h\u1eb9n v\u1edbi b\u00e1c s\u0129 v\u00e0 h\u1ed7 tr\u1ee3 c\u00e1c th\u1ee7 t\u1ee5c gi\u1ea5y t\u1edd li\u00ean quan \u0111\u1ebfn b\u1ea3o hi\u1ec3m y t\u1ebf.<\/p>\n<p>[\/vc_column_text][\/vc_column][vc_column enable_animation=&#8221;true&#8221; animation=&#8221;fade-in-from-left&#8221; column_padding=&#8221;no-extra-padding&#8221; column_padding_position=&#8221;all&#8221; background_color_opacity=&#8221;1&#8243; background_hover_color_opacity=&#8221;1&#8243; column_shadow=&#8221;none&#8221; width=&#8221;1\/3&#8243; tablet_text_alignment=&#8221;default&#8221; phone_text_alignment=&#8221;default&#8221; column_border_width=&#8221;none&#8221; column_border_style=&#8221;solid&#8221; delay=&#8221;2s&#8221;][vc_column_text]<\/p>\n<p style=\"text-align: center\">[icon color=&#8221;Accent-Color&#8221;\u00a0size=&#8221;large&#8221; image=&#8221;icon-time&#8221;]<\/p>\n<p>[\/vc_column_text][vc_column_text]<\/p>\n<h2 style=\"text-align: center\">Gi\u00fap \u0111\u1ee1 t\u1eebng ng\u00e0y<\/h2>\n<p style=\"text-align: center\">S\u1ed1ng xa nh\u00e0 l\u00e0 m\u1ed9t c\u01a1 h\u1ed9i tuy\u1ec7t v\u1eddi \u0111\u1ec3 h\u1ecdc sinh ph\u00e1t tri\u1ec3n c\u00e1c k\u1ef9 n\u0103ng s\u1ed1ng \u0111\u1ed9c l\u1eadp ph\u00f9 h\u1ee3p v\u1edbi \u0111\u1ed9 tu\u1ed5i v\u00e0 kh\u1ea3 n\u0103ng c\u1ee7a m\u00ecnh. Columbia cung c\u1ea5p h\u1ed7 tr\u1ee3 h\u1ecdc sinh qu\u1ea3n l\u00fd c\u00e1c c\u00f4ng vi\u1ec7c h\u00e0ng ng\u00e0y \u0111\u1ec3 c\u00e1c em c\u1ea3m th\u1ea5y c\u00f3 kh\u1ea3 n\u0103ng, kh\u00f4ng b\u1ecb qu\u00e1 t\u1ea3i. Ch\u00fang t\u00f4i cung c\u1ea5p tr\u1ee3 gi\u00fap v\u1edbi th\u1ecb th\u1ef1c, h\u1ed9 chi\u1ebfu v\u00e0 c\u00e1c chuy\u1ebfn bay bao g\u1ed3m gia h\u1ea1n visa v\u00e0 h\u1ed9 chi\u1ebfu v\u00e0 \u0111\u1eb7t v\u00e9 m\u00e1y bay. Ph\u1ee5 huynh c\u00f3 th\u1ec3 c\u1ea3m th\u1ea5y t\u1ef1 tin r\u1eb1ng ti\u1ec1n ti\u00eau v\u1eb7t \u0111ang \u0111\u01b0\u1ee3c qu\u1ea3n l\u00fd c\u1ea9n th\u1eadn d\u01b0\u1edbi con m\u1eaft th\u1eadn tr\u1ecdng c\u1ee7a ch\u00fang t\u00f4i, bao g\u1ed3m c\u1ea3 chi ph\u00ed \u0111i\u1ec7n tho\u1ea1i \u0111\u01b0\u1eddng d\u00e0i. Ch\u00fang t\u00f4i gi\u00fap c\u00e1c h\u1ecdc sinh v\u00e9 xe bu\u00fdt, th\u1ebb \u0111i\u1ec7n tho\u1ea1i, s\u00e1ch gi\u00e1o khoa v\u00e0 \u0111\u1ed3ng ph\u1ee5c m\u1ed9t c\u00e1ch d\u1ec5 d\u00e0ng nh\u1ea5t v\u00e0 \u0111\u1ea3m b\u1ea3o r\u1eb1ng th\u01b0 v\u00e0 b\u01b0u ki\u1ec7n g\u1eedi t\u1eeb gia \u0111\u00ecnh s\u1ebd \u0111\u1ebfn \u0111\u01b0\u1ee3c tay c\u1ee7a c\u00e1c em.<\/p>\n<p>[\/vc_column_text][\/vc_column][vc_column enable_animation=&#8221;true&#8221; animation=&#8221;fade-in-from-left&#8221; column_padding=&#8221;no-extra-padding&#8221; column_padding_position=&#8221;all&#8221; background_color_opacity=&#8221;1&#8243; background_hover_color_opacity=&#8221;1&#8243; column_shadow=&#8221;none&#8221; width=&#8221;1\/3&#8243; tablet_text_alignment=&#8221;default&#8221; phone_text_alignment=&#8221;default&#8221; column_border_width=&#8221;none&#8221; column_border_style=&#8221;solid&#8221; delay=&#8221;2s&#8221;][vc_column_text]<\/p>\n<p style=\"text-align: center\">[icon color=&#8221;Accent-Color&#8221;\u00a0size=&#8221;large&#8221; image=&#8221;icon-smile&#8221;]<\/p>\n<p>[\/vc_column_text][vc_column_text]<\/p>\n<h2 style=\"text-align: center\">Ch\u0103m s\u00f3c \u0111\u1eb7c bi\u1ec7t cho h\u1ecdc sinh nh\u1ecf tu\u1ed5i<\/h2>\n<p style=\"text-align: center\">H\u1ecdc sinh t\u1eeb 16 tu\u1ed5i tr\u1edf xu\u1ed1ng c\u1ea7n \u0111\u01b0\u1ee3c ch\u0103m s\u00f3c v\u00e0 quan t\u00e2m \u0111\u1eb7c bi\u1ec7t. V\u00ec th\u1ebf nh\u00e2n vi\u00ean tr\u01b0\u1eddng n\u1ed9i tr\u00fa Columbia cung c\u1ea5p s\u1ef1 gi\u00e1m s\u00e1t h\u1eb1ng ng\u00e0y \u0111\u1ec3 t\u1ea1o cho c\u00e1c h\u1ecdc sinh nh\u1eefng th\u00f3i quen v\u00e0 s\u1ef1 ch\u00fa \u00fd ri\u00eang. Nh\u00e2n vi\u00ean tr\u1ef1c t\u1ea1i k\u00ed t\u00fac x\u00e1 lu\u00f4n th\u1ec3 hi\u1ec7n s\u1ef1 y\u00eau th\u01b0\u01a1ng h\u1ecdc sinh v\u00e0 lu\u00f4n s\u1eb5n s\u00e0ng theo d\u00f5i ho\u1ea1t \u0111\u1ed9ng c\u1ee7a h\u1ecdc sinh v\u00e0 \u0111\u00e1p \u1ee9ng nhu c\u1ea7u c\u1ee7a c\u00e1c em. Nh\u1eefng &#8220;b\u1ea3o m\u1eabu&#8221; chu \u0111\u00e1o n\u00e0y c\u0169ng tr\u1ee3 gi\u00fap h\u01b0\u1edbng d\u1eabn c\u00e1c b\u00e0i t\u1eadp v\u1ec1 nh\u00e0 trong gi\u1edd h\u1ecdc bu\u1ed5i t\u1ed1i t\u1ea1i k\u00ed t\u00fac x\u00e1. D\u1ecbch v\u1ee5 t\u01b0 v\u1ea5n cho h\u1ecdc sinh nh\u1ecf tu\u1ed5i nh\u1eb1m gi\u00fap c\u00e1c em ph\u00e1t tri\u1ec3n m\u1ea1nh v\u1ec1 m\u1eb7t h\u1ecdc thu\u1eadt v\u00e0 x\u00e3 h\u1ed9i. Ch\u00fang t\u00f4i lu\u00f4n k\u1ebft n\u1ed1i v\u1edbi ph\u1ee5 huynh, nh\u1eefng ng\u01b0\u1eddi lu\u00f4n c\u00f3 th\u1ec3 li\u00ean h\u1ec7 v\u1edbi nh\u00e2n vi\u00ean \u0111\u1ec3 c\u1eadp nh\u1eadt v\u00e0 tr\u1ea3 l\u1eddi c\u00e1c c\u00e2u h\u1ecfi v\u1ec1 ti\u1ebfn tr\u00ecnh c\u1ee7a con.<\/p>\n<p>[\/vc_column_text][\/vc_column][\/vc_row][vc_row type=&#8221;in_container&#8221; full_screen_row_position=&#8221;middle&#8221; scene_position=&#8221;center&#8221; text_color=&#8221;dark&#8221; text_align=&#8221;left&#8221; overlay_strength=&#8221;0.3&#8243;][vc_column column_padding=&#8221;no-extra-padding&#8221; column_padding_position=&#8221;all&#8221; background_color_opacity=&#8221;1&#8243; background_hover_color_opacity=&#8221;1&#8243; column_shadow=&#8221;none&#8221; width=&#8221;1\/1&#8243; tablet_text_alignment=&#8221;default&#8221; phone_text_alignment=&#8221;default&#8221; column_border_width=&#8221;none&#8221; column_border_style=&#8221;solid&#8221;][vc_column_text css_animation=&#8221;fadeIn&#8221; el_class=&#8221;use-links&#8221;]<\/p>\n<h2>\u0110\u01b0\u1eddng link v\u1ec1 Ch\u0103m s\u00f3c to\u00e0n di\u1ec7n \u0110\u1eddi s\u1ed1ng<sup>\u00ae<\/sup><\/h2>\n<p>&nbsp;<\/p>\n<p>[\/vc_column_text][fancy-ul icon_type=&#8221;font_icon&#8221; icon=&#8221;fa fa-link&#8221; color=&#8221;Accent-Color&#8221; alignment=&#8221;left&#8221;]<\/p>\n<ul>\n<li><a href=\"http:\/\/www.cic-totalcare.com\/total-care-education\/total-care-living\/residence-facilities\/\">C\u01a1 s\u1edf v\u1eadt ch\u1ea5t c\u1ee7a k\u00ed t\u00fac x\u00e1<\/a><\/li>\n<li><a href=\"http:\/\/www.cic-totalcare.com\/total-care-education\/total-care-living\/meals\/\">C\u00e1c b\u1eefa \u0103n<\/a><\/li>\n<\/ul>\n<p>[\/fancy-ul][nectar_btn size=&#8221;large&#8221; open_new_tab=&#8221;true&#8221; button_style=&#8221;regular&#8221; button_color_2=&#8221;Accent-Color&#8221; icon_family=&#8221;fontawesome&#8221; url=&#8221;http:\/\/cic-totalcare.com&#8221; text=&#8221;Quay l\u1ea1i trang ch\u1ee7&#8221; icon_fontawesome=&#8221;fa fa-home&#8221; margin_top=&#8221;30&#8243;][\/vc_column][\/vc_row]<\/p>\n","protected":false},"excerpt":{"rendered":"<p>[vc_row type=&#8221;full_width_background&#8221; full_screen_row_position=&#8221;middle&#8221; scene_position=&#8221;center&#8221; text_color=&#8221;light&#8221; text_align=&#8221;center&#8221; overlay_strength=&#8221;0.3&#8243;][vc_column column_padding=&#8221;no-extra-padding&#8221; column_padding_position=&#8221;all&#8221; background_color_opacity=&#8221;1&#8243; background_hover_color_opacity=&#8221;1&#8243; column_shadow=&#8221;none&#8221; width=&#8221;1\/1&#8243; tablet_text_alignment=&#8221;default&#8221; phone_text_alignment=&#8221;default&#8221; column_border_width=&#8221;none&#8221; column_border_style=&#8221;solid&#8221;][nectar_slider location=&#8221;Residence Support Services&#8221; full_width=&#8221;true&#8221; overall_style=&#8221;classic&#8221; slider_transition=&#8221;slide&#8221; button_sizing=&#8221;regular&#8221; slider_height=&#8221;450&#8243;][vc_column_text] C\u00e1c d\u1ecbch v\u0169 h\u1ed7 tr\u1ee3 n\u1ed9i tr\u00fa [\/vc_column_text][\/vc_column][\/vc_row][vc_row type=&#8221;full_width_background&#8221; full_screen_row_position=&#8221;middle&#8221; scene_position=&#8221;center&#8221; text_color=&#8221;dark&#8221; text_align=&#8221;left&#8221; top_padding=&#8221;50&#8243; overlay_strength=&#8221;0.3&#8243;][vc_column enable_animation=&#8221;true&#8221; animation=&#8221;fade-in-from-left&#8221; column_padding=&#8221;no-extra-padding&#8221; column_padding_position=&#8221;all&#8221; background_color_opacity=&#8221;1&#8243; background_hover_color_opacity=&#8221;1&#8243; column_shadow=&#8221;none&#8221; width=&#8221;1\/3&#8243; tablet_text_alignment=&#8221;default&#8221; phone_text_alignment=&#8221;default&#8221; column_border_width=&#8221;none&#8221; column_border_style=&#8221;solid&#8221; delay=&#8221;2s&#8221;][vc_column_text] [icon color=&#8221;Accent-Color&#8221;\u00a0size=&#8221;large&#8221; [&hellip;]<\/p>\n","protected":false},"author":1,"featured_media":0,"parent":15400,"menu_order":36,"comment_status":"open","ping_status":"closed","template":"","meta":{"footnotes":""},"_links":{"self":[{"href":"https:\/\/rewrite.cic-totalcare.com\/vi\/wp-json\/wp\/v2\/pages\/7612"}],"collection":[{"href":"https:\/\/rewrite.cic-totalcare.com\/vi\/wp-json\/wp\/v2\/pages"}],"about":[{"href":"https:\/\/rewrite.cic-totalcare.com\/vi\/wp-json\/wp\/v2\/types\/page"}],"author":[{"embeddable":true,"href":"https:\/\/rewrite.cic-totalcare.com\/vi\/wp-json\/wp\/v2\/users\/1"}],"replies":[{"embeddable":true,"href":"https:\/\/rewrite.cic-totalcare.com\/vi\/wp-json\/wp\/v2\/comments?post=7612"}],"version-history":[{"count":11,"href":"https:\/\/rewrite.cic-totalcare.com\/vi\/wp-json\/wp\/v2\/pages\/7612\/revisions"}],"predecessor-version":[{"id":15706,"href":"https:\/\/rewrite.cic-totalcare.com\/vi\/wp-json\/wp\/v2\/pages\/7612\/revisions\/15706"}],"up":[{"embeddable":true,"href":"https:\/\/rewrite.cic-totalcare.com\/vi\/wp-json\/wp\/v2\/pages\/15400"}],"wp:attachment":[{"href":"https:\/\/rewrite.cic-totalcare.com\/vi\/wp-json\/wp\/v2\/media?parent=7612"}],"curies":[{"name":"wp","href":"https:\/\/api.w.org\/{rel}","templated":true}]}}